{"id":1013022,"date":"2024-06-17T14:26:57","date_gmt":"2024-06-17T06:26:57","guid":{"rendered":"https:\/\/vimaterial.de\/product\/monoxyde-de-titane\/"},"modified":"2025-04-18T15:41:25","modified_gmt":"2025-04-18T07:41:25","slug":"monoxyde-de-titane","status":"publish","type":"product","link":"https:\/\/vimaterial.de\/fr\/product\/monoxyde-de-titane\/","title":{"rendered":"Monoxyde de titane"},"content":{"rendered":"<p>La cible de <span style=\"font-size: 14pt;\">pulv\u00e9risation de<\/span> <span style=\"color: #0000ff;\"><a style=\"color: #0000ff;\" href=\"https:\/\/vimaterial.de\/en\/product\/titanium-monoxide\/\">monoxyde de titane<\/a><\/span> est une cible compos\u00e9e principalement compos\u00e9e de titane et d\u2019oxyg\u00e8ne, qui est utilis\u00e9e dans le d\u00e9p\u00f4t physique en phase vapeur et d\u2019autres processus, par pulv\u00e9risation cathodique peut d\u00e9poser un film TiO \u00e0 la surface du substrat, ce qui a des applications potentielles dans les domaines de la photocatalyse, de l\u2019\u00e9lectronique et de l\u2019optique, tels que la pr\u00e9paration de mat\u00e9riaux photocatalytiques ou de rev\u00eatements pour les appareils \u00e9lectriques.<\/p>\n<p>Nous fournissons des cibles de pulv\u00e9risation de monoxyde de titane, VIMATERIAL peut \u00e9galement fournir un service de liaison de cibles, nos produits sont soumis \u00e0 la personnalisation et \u00e0 l\u2019exp\u00e9rimentation, veuillez <span style=\"color: #0000ff;\"><a style=\"color: #0000ff;\" href=\"https:\/\/vimaterial.de\/en\/contact-us\/\">nous contacter<\/a><\/span> si vous en avez besoin.<\/p>\n<h2><span style=\"font-size: 14pt;\">Caract\u00e9ristiques<\/span><\/h2>\n<p>Formule mol\u00e9culaire : TiO<\/p>\n<p>Poids mol\u00e9culaire : 63,87<\/p>\n<p>Apparence&nbsp;: G\u00e9n\u00e9ralement noir ou gris fonc\u00e9 solide, la surface peut avoir un \u00e9clat m\u00e9tallique.<\/p>\n<p>Densit\u00e9 : environ 4,93 g\/cm\u00b3.<\/p>\n<p>Point de fusion : environ 1750\u00b0C<\/p>\n<p>Structure cristalline : Il a une structure cristalline cubique typique de type sel gemme (NaCl), dans laquelle les atomes de titane (Ti) et les atomes d\u2019oxyg\u00e8ne (O) occupent respectivement l\u2019apex et le centre de la face de la cellule cubique, et cette structure est utile pour comprendre ses propri\u00e9t\u00e9s physiques et chimiques.<\/p>\n<h2><span style=\"font-size: 14pt;\">Applications<\/span><\/h2>\n<p>Photocatalyse : Les cibles de pulv\u00e9risation de monoxyde de titane peuvent \u00eatre utilis\u00e9es pour d\u00e9poser des films de TiO sur une vari\u00e9t\u00e9 de substrats, capables de g\u00e9n\u00e9rer des paires \u00e9lectron-cavit\u00e9 sous irradiation lumineuse pour la d\u00e9gradation photocatalytique des polluants organiques, la d\u00e9composition de l\u2019eau pour produire de l\u2019hydrog\u00e8ne, et d\u2019autres applications.<\/p>\n<p>\u00c9lectronique : Les films TiO d\u00e9pos\u00e9s \u00e0 la surface des composants \u00e9lectroniques peuvent am\u00e9liorer les propri\u00e9t\u00e9s \u00e9lectriques des composants, par exemple en agissant comme une couche isolante ou semi-conductrice, ce qui contribue \u00e0 la fabrication de transistors, de condensateurs et d\u2019autres dispositifs \u00e9lectroniques haute performance.<\/p>\n<p>Champ optique : Les films TiO form\u00e9s par pulv\u00e9risation cathodique peuvent \u00eatre utilis\u00e9s pour les rev\u00eatements optiques, en ajustant l\u2019indice de r\u00e9fraction des \u00e9l\u00e9ments optiques pour obtenir l\u2019effet de r\u00e9duction de la transmittance ou de la r\u00e9flexion, et peuvent \u00e9galement \u00eatre utilis\u00e9s pour la fabrication de dispositifs optiques \u00e0 couche mince, tels que des filtres.<\/p>\n<p>Champ de protection de surface du mat\u00e9riau&nbsp;: Utilis\u00e9 dans le rev\u00eatement de surface du mat\u00e9riau, en raison de sa stabilit\u00e9 chimique, il peut am\u00e9liorer la r\u00e9sistance \u00e0 la corrosion du mat\u00e9riau et prot\u00e9ger le mat\u00e9riau des substances chimiques, de l\u2019humidit\u00e9 et d\u2019autres facteurs de l\u2019environnement.<\/p>\n<p>Cellules solaires : Des films TiO sont d\u00e9pos\u00e9s \u00e0 la surface des \u00e9lectrodes ou des couches actives des cellules solaires pour augmenter l\u2019efficacit\u00e9 de la conversion photovolta\u00efque et optimiser les performances de la cellule, ainsi que pour am\u00e9liorer la stabilit\u00e9 et la durabilit\u00e9 de la cellule.<\/p>\n<h2><span style=\"font-size: 14pt;\">Contr\u00f4le de la qualit\u00e9<\/span><\/h2>\n<p><span style=\"color: #0000ff;\"><a style=\"color: #0000ff;\" href=\"https:\/\/vimaterial.de\/en\/quality-control\/\">Nos produits<\/a><\/span> sont soumis \u00e0 un syst\u00e8me strict de gestion de la qualit\u00e9. Il existe des normes d\u2019inspection strictes pour les mat\u00e9riaux entrants, le traitement, l\u2019inspection finale et l\u2019inspection d\u2019usine. Des mesures d\u2019isolement strictes sont prises pour le traitement non qualifi\u00e9 afin d\u2019\u00e9viter que les produits non qualifi\u00e9s ne passent au processus suivant. Des \u00e9chantillons sont fournis pour une r\u00e9inspection par le client selon les exigences du client.   <\/p>\n<h2><span style=\"font-size: 14pt;\">Emballage et stockage<\/span><\/h2>\n<p>Les cibles de pulv\u00e9risation de monoxyde de titane sont emball\u00e9es dans des sacs sous vide \u00e0 double couche, puis emball\u00e9es et emball\u00e9es dans des cartons.<\/p>\n<p>Les cibles de pulv\u00e9risation de monoxyde de titane doivent \u00eatre stock\u00e9es dans un environnement sec, frais et bien ventil\u00e9, en \u00e9vitant l\u2019humidit\u00e9, le contact avec des oxydants et des acides forts, et en \u00e9vitant les collisions violentes et les frottements pour s\u2019assurer que ses propri\u00e9t\u00e9s physiques et chimiques ne sont pas endommag\u00e9es.<\/p>\n","protected":false},"excerpt":{"rendered":"<p>La cible de pulv\u00e9risation de <span style=\"color: #0000ff;\"><a style=\"color: #0000ff;\" href=\"https:\/\/vimaterial.de\/en\/product\/titanium-monoxide\/\">monoxyde de titane<\/a><\/span> est une cible compos\u00e9e principalement compos\u00e9e de titane et d\u2019oxyg\u00e8ne, qui est utilis\u00e9e dans le d\u00e9p\u00f4t physique en phase vapeur et d\u2019autres processus, par pulv\u00e9risation cathodique peut d\u00e9poser un film TiO \u00e0 la surface du substrat, ce qui a des applications potentielles dans les domaines de la photocatalyse, de l\u2019\u00e9lectronique et de l\u2019optique, tels que la pr\u00e9paration de mat\u00e9riaux photocatalytiques ou de rev\u00eatements pour les appareils \u00e9lectriques.<\/p>\n","protected":false},"featured_media":1000791,"comment_status":"open","ping_status":"closed","template":"","meta":{"_acf_changed":false},"product_brand":[],"product_cat":[235],"product_tag":[],"class_list":{"0":"post-1013022","1":"product","2":"type-product","3":"status-publish","4":"has-post-thumbnail","6":"product_cat-cibles-de-pulverisation-planaire","8":"first","9":"instock","10":"shipping-taxable","11":"product-type-variable"},"acf":[],"_links":{"self":[{"href":"https:\/\/vimaterial.de\/fr\/wp-json\/wp\/v2\/product\/1013022","targetHints":{"allow":["GET"]}}],"collection":[{"href":"https:\/\/vimaterial.de\/fr\/wp-json\/wp\/v2\/product"}],"about":[{"href":"https:\/\/vimaterial.de\/fr\/wp-json\/wp\/v2\/types\/product"}],"replies":[{"embeddable":true,"href":"https:\/\/vimaterial.de\/fr\/wp-json\/wp\/v2\/comments?post=1013022"}],"wp:featuredmedia":[{"embeddable":true,"href":"https:\/\/vimaterial.de\/fr\/wp-json\/wp\/v2\/media\/1000791"}],"wp:attachment":[{"href":"https:\/\/vimaterial.de\/fr\/wp-json\/wp\/v2\/media?parent=1013022"}],"wp:term":[{"taxonomy":"product_brand","embeddable":true,"href":"https:\/\/vimaterial.de\/fr\/wp-json\/wp\/v2\/product_brand?post=1013022"},{"taxonomy":"product_cat","embeddable":true,"href":"https:\/\/vimaterial.de\/fr\/wp-json\/wp\/v2\/product_cat?post=1013022"},{"taxonomy":"product_tag","embeddable":true,"href":"https:\/\/vimaterial.de\/fr\/wp-json\/wp\/v2\/product_tag?post=1013022"}],"curies":[{"name":"wp","href":"https:\/\/api.w.org\/{rel}","templated":true}]}}