{"id":1012920,"date":"2024-06-17T14:28:13","date_gmt":"2024-06-17T06:28:13","guid":{"rendered":"https:\/\/vimaterial.de\/product\/oxyde-de-titane-niobium\/"},"modified":"2025-04-18T11:18:12","modified_gmt":"2025-04-18T03:18:12","slug":"oxyde-de-titane-niobium","status":"publish","type":"product","link":"https:\/\/vimaterial.de\/fr\/product\/oxyde-de-titane-niobium\/","title":{"rendered":"Oxyde de titane &#8211; Niobium"},"content":{"rendered":"<p class=\"serp-title\">La cible de pulv\u00e9risation \u00e0 l\u2019oxyde de titane-niobium est un mat\u00e9riau compos\u00e9 d\u2019oxyde de titane dop\u00e9 au niobium pour une utilisation dans la technique de d\u00e9p\u00f4t physique en phase vapeur (PVD). Lors de la pr\u00e9paration de couches minces par pulv\u00e9risation, des atomes de mati\u00e8re peuvent \u00eatre d\u00e9pos\u00e9s sur un substrat pour former des couches minces contenant les \u00e9l\u00e9ments titane, oxyg\u00e8ne et niobium, qui jouent un r\u00f4le dans de nombreux domaines tels que l\u2019optique et l\u2019\u00e9lectronique. <\/p>\n<p>Nous fournissons des cibles de pulv\u00e9risation cathodique en oxyde de titane-niobium. Nos cibles de pulv\u00e9risation en oxyde de titane &#8211; niobium se caract\u00e9risent par leur grande puret\u00e9, leur stabilit\u00e9 chimique, leur efficacit\u00e9 de pulv\u00e9risation \u00e9lev\u00e9e, leurs excellentes propri\u00e9t\u00e9s optiques et \u00e9lectriques et leur aptitude \u00e0 une large gamme de substrats. vimaterial a des objectifs li\u00e9s VIMATERIAL a un service de reliure de cibles, tous les produits acceptent la personnalisation, veuillez<span style=\"color: #0000ff;\"><a style=\"color: #0000ff;\" href=\"https:\/\/vimaterial.de\/en\/contact-us\/\"> nous contacter<\/a> <\/span>si vous en avez besoin.  <\/p>\n<h2><span style=\"font-size: 14pt;\">Propri\u00e9t\u00e9s<\/span><\/h2>\n<p>Formule mol\u00e9culaire : TiO2\/Nb<\/p>\n<p>Apparence&nbsp;: Cible solide g\u00e9n\u00e9ralement blanche ou blanc cass\u00e9.<\/p>\n<h2><span style=\"font-size: 14pt;\">Applications<\/span><\/h2>\n<p>\u00c9lectronique : Les cibles de pulv\u00e9risation en oxyde de titane-niobium peuvent \u00eatre utilis\u00e9es pour fabriquer des condensateurs \u00e0 constante di\u00e9lectrique \u00e9lev\u00e9e dans les appareils \u00e9lectroniques, ce qui am\u00e9liore les performances de stockage des condensateurs et contribue \u00e0 r\u00e9duire la taille des composants \u00e9lectroniques.<\/p>\n<p>Opto\u00e9lectronique : Dans la fabrication de cellules solaires, cette cible peut \u00eatre utilis\u00e9e pour pr\u00e9parer des films d\u2019oxyde conducteurs transparents, am\u00e9liorant ainsi l\u2019efficacit\u00e9 de la conversion photo\u00e9lectrique et le taux de transmission de la lumi\u00e8re de la cellule.<\/p>\n<p>Champ d\u2019affichage : appliqu\u00e9 au processus de fabrication de l\u2019affichage \u00e0 cristaux liquides (LCD) et de l\u2019affichage \u00e0 diodes \u00e9lectroluminescentes organiques (OLED), etc., utilis\u00e9s pour pr\u00e9parer des \u00e9lectrodes conductrices transparentes, pour am\u00e9liorer la conductivit\u00e9 et la transmission de la lumi\u00e8re de l\u2019\u00e9cran d\u2019affichage, et pour am\u00e9liorer la qualit\u00e9 de l\u2019affichage.<\/p>\n<p>Champ de rev\u00eatement optique&nbsp;: utilis\u00e9 dans la pr\u00e9paration de lentilles optiques, de miroirs et d\u2019autres composants optiques du rev\u00eatement, peut am\u00e9liorer les composants optiques antireflets et r\u00e9sistants \u00e0 l\u2019usure, tels que les performances, pour augmenter la dur\u00e9e de vie des composants optiques et les performances optiques.<\/p>\n<h2><span style=\"font-size: 14pt;\">Contr\u00f4le qualit\u00e9<\/span><\/h2>\n<p><span style=\"color: #0000ff;\"><a style=\"color: #0000ff;\" href=\"https:\/\/vimaterial.de\/en\/quality-control\/\">Nos produits<\/a><\/span> sont strictement conformes au syst\u00e8me de gestion de la qualit\u00e9. Il existe des normes d\u2019inspection strictes pour les mat\u00e9riaux entrants, le traitement, l\u2019inspection finale et l\u2019inspection d\u2019usine. Des mesures d\u2019isolement strictes sont prises pour le traitement non qualifi\u00e9 afin d\u2019\u00e9viter que les produits non qualifi\u00e9s ne passent au processus suivant. Des \u00e9chantillons sont fournis pour une r\u00e9inspection par le client selon les exigences du client.   <\/p>\n<h2><span style=\"font-size: 14pt;\">Emballage et stockage<\/span><\/h2>\n<p>Les cibles de pulv\u00e9risation en oxyde de titane-niobium sont emball\u00e9es dans des sacs sous vide \u00e0 double couche, puis emball\u00e9es et emball\u00e9es dans des cartons.<\/p>\n<p>Les cibles de pulv\u00e9risation \u00e0 l\u2019oxyde de titane-niobium doivent \u00eatre stock\u00e9es dans un environnement sec, propre, frais et \u00e0 l\u2019abri de la lumi\u00e8re directe du soleil pour \u00e9viter l\u2019humidit\u00e9, l\u2019oxydation, les dommages physiques et la contamination chimique.<\/p>\n","protected":false},"excerpt":{"rendered":"<p>La cible de pulv\u00e9risation \u00e0 l\u2019oxyde de titane-niobium est un mat\u00e9riau compos\u00e9 d\u2019oxyde de titane dop\u00e9 au niobium pour une utilisation dans la technique de d\u00e9p\u00f4t physique en phase vapeur (PVD). Lors de la pr\u00e9paration de couches minces par pulv\u00e9risation, des atomes de mati\u00e8re peuvent \u00eatre d\u00e9pos\u00e9s sur un substrat pour former des couches minces contenant les \u00e9l\u00e9ments titane, oxyg\u00e8ne et niobium, qui jouent un r\u00f4le dans de nombreux domaines tels que l\u2019optique et l\u2019\u00e9lectronique. <\/p>\n","protected":false},"featured_media":1000838,"comment_status":"open","ping_status":"closed","template":"","meta":{"_acf_changed":false},"product_brand":[],"product_cat":[235],"product_tag":[],"class_list":{"0":"post-1012920","1":"product","2":"type-product","3":"status-publish","4":"has-post-thumbnail","6":"product_cat-cibles-de-pulverisation-planaire","8":"first","9":"instock","10":"shipping-taxable","11":"product-type-variable"},"acf":[],"_links":{"self":[{"href":"https:\/\/vimaterial.de\/fr\/wp-json\/wp\/v2\/product\/1012920","targetHints":{"allow":["GET"]}}],"collection":[{"href":"https:\/\/vimaterial.de\/fr\/wp-json\/wp\/v2\/product"}],"about":[{"href":"https:\/\/vimaterial.de\/fr\/wp-json\/wp\/v2\/types\/product"}],"replies":[{"embeddable":true,"href":"https:\/\/vimaterial.de\/fr\/wp-json\/wp\/v2\/comments?post=1012920"}],"wp:featuredmedia":[{"embeddable":true,"href":"https:\/\/vimaterial.de\/fr\/wp-json\/wp\/v2\/media\/1000838"}],"wp:attachment":[{"href":"https:\/\/vimaterial.de\/fr\/wp-json\/wp\/v2\/media?parent=1012920"}],"wp:term":[{"taxonomy":"product_brand","embeddable":true,"href":"https:\/\/vimaterial.de\/fr\/wp-json\/wp\/v2\/product_brand?post=1012920"},{"taxonomy":"product_cat","embeddable":true,"href":"https:\/\/vimaterial.de\/fr\/wp-json\/wp\/v2\/product_cat?post=1012920"},{"taxonomy":"product_tag","embeddable":true,"href":"https:\/\/vimaterial.de\/fr\/wp-json\/wp\/v2\/product_tag?post=1012920"}],"curies":[{"name":"wp","href":"https:\/\/api.w.org\/{rel}","templated":true}]}}