{"id":1012907,"date":"2024-06-17T14:28:20","date_gmt":"2024-06-17T06:28:20","guid":{"rendered":"https:\/\/vimaterial.de\/product\/suboxyde-de-titane-2\/"},"modified":"2025-04-18T09:32:50","modified_gmt":"2025-04-18T01:32:50","slug":"suboxyde-de-titane-2","status":"publish","type":"product","link":"https:\/\/vimaterial.de\/fr\/product\/suboxyde-de-titane-2\/","title":{"rendered":"Sous-oxyde de titane"},"content":{"rendered":"<p><span style=\"color: #0000ff;\"><a style=\"color: #0000ff;\" href=\"https:\/\/vimaterial.de\/en\/product\/titanium-suboxide\/\">Sous-oxyde de titane<\/a> <\/span>La poudre est une poudre d\u2019oxyde de titane, g\u00e9n\u00e9ralement de couleur noire ou gris fonc\u00e9, qui a une bonne conductivit\u00e9 \u00e9lectrique, une stabilit\u00e9 chimique \u00e9lev\u00e9e et des propri\u00e9t\u00e9s optiques sp\u00e9ciales, et est un mat\u00e9riau fonctionnel avec des applications potentielles dans de nombreux domaines, tels que l\u2019\u00e9lectronique, l\u2019optique et la catalyse.<\/p>\n<p>Nous fournissons diverses poudres chimiques inorganiques de haute puret\u00e9 avec d\u2019excellentes performances, un d\u00e9lai d\u2019ex\u00e9cution court, un petit MOQ et un stock suffisant. VImaterial prend \u00e9galement en charge la personnalisation et l\u2019exp\u00e9rimentation de tous les produits, n\u2019h\u00e9sitez pas \u00e0 <span style=\"color: #0000ff;\"><a style=\"color: #0000ff;\" href=\"https:\/\/vimaterial.de\/en\/contact-us\/\">nous contacter.<\/a><\/span><\/p>\n<h2><span style=\"font-size: 14pt;\">Application<\/span><\/h2>\n<p>\u00c9lectronique : Les poudres de sous-oxyde de titane sont utilis\u00e9es dans la pr\u00e9paration de mat\u00e9riaux conducteurs pour les appareils \u00e9lectroniques. En raison de leur bonne conductivit\u00e9 \u00e9lectrique, ils peuvent \u00eatre utilis\u00e9s comme mat\u00e9riaux d\u2019\u00e9lectrode ou de c\u00e2blage conducteur dans les composants \u00e9lectroniques, contribuant ainsi \u00e0 une transmission \u00e9lectronique efficace. <\/p>\n<p>Optique : Dans le domaine des mat\u00e9riaux optiques, cette poudre peut \u00eatre utilis\u00e9e pour fabriquer des rev\u00eatements optiques pour les lentilles optiques, des rev\u00eatements absorbant le soleil, etc. En raison de ses propri\u00e9t\u00e9s optiques particuli\u00e8res, telles qu\u2019un coefficient d\u2019absorption \u00e9lev\u00e9 et un indice de r\u00e9fraction variable, la r\u00e9flexion, l\u2019absorption et la transmission de la lumi\u00e8re peuvent \u00eatre r\u00e9gul\u00e9es efficacement. <\/p>\n<p>Catalyse&nbsp;: Les poudres de sous-oxyde de titane peuvent \u00eatre utilis\u00e9es comme catalyseurs ou supports de catalyseur. Leurs sites tensioactifs riches et leur stabilit\u00e9 chimique leur permettent de favoriser la vitesse de r\u00e9action dans les r\u00e9actions chimiques, par exemple dans certaines r\u00e9actions d\u2019oxydor\u00e9duction et les r\u00e9actions de synth\u00e8se organique. <\/p>\n<p>Mat\u00e9riaux c\u00e9ramiques : Utilis\u00e9s dans la fabrication de c\u00e9ramiques haute performance. En se m\u00e9langeant avec d\u2019autres mati\u00e8res premi\u00e8res c\u00e9ramiques, les propri\u00e9t\u00e9s m\u00e9caniques, \u00e9lectriques et thermiques de la c\u00e9ramique peuvent \u00eatre am\u00e9lior\u00e9es pour produire des pi\u00e8ces en c\u00e9ramique de haute duret\u00e9, de t\u00e9nacit\u00e9 \u00e9lev\u00e9e et de bonnes propri\u00e9t\u00e9s d\u2019isolation thermique. <\/p>\n<h2><span style=\"font-size: 14pt;\">Contr\u00f4le de la qualit\u00e9<\/span><\/h2>\n<p><span style=\"color: #0000ff;\"><a style=\"color: #0000ff;\" href=\"https:\/\/vimaterial.de\/en\/quality-control\/\">Nos produits<\/a><\/span> sont strictement conformes au syst\u00e8me de gestion de la qualit\u00e9. Il existe des normes d\u2019inspection strictes pour les mat\u00e9riaux entrants, le traitement, l\u2019inspection finale et l\u2019inspection d\u2019usine. Des mesures d\u2019isolement strictes sont prises pour le traitement non qualifi\u00e9 afin d\u2019\u00e9viter que les produits non qualifi\u00e9s ne passent au processus suivant. Des \u00e9chantillons sont fournis pour la r\u00e9inspection des clients selon les exigences des clients.   <\/p>\n<h2><span style=\"font-size: 14pt;\">Emballage et stockage<\/span><\/h2>\n<p>La poudre de sous-oxyde de titane est emball\u00e9e dans des sacs sous vide doubles ou des bouteilles sous vide, et emball\u00e9e dans des cartons ou des f\u00fbts en papier.<\/p>\n<p>La poudre de sous-oxyde de titane doit \u00eatre stock\u00e9e dans un environnement sec, frais et bien ventil\u00e9, scell\u00e9 et prot\u00e9g\u00e9 de l\u2019air, de l\u2019humidit\u00e9, des agents oxydants forts et des acides pour \u00e9viter l\u2019humidit\u00e9, l\u2019oxydation ou les r\u00e9actions chimiques qui peuvent affecter ses propri\u00e9t\u00e9s.<\/p>\n","protected":false},"excerpt":{"rendered":"<p><span style=\"color: #0000ff;\"><a style=\"color: #0000ff;\" href=\"https:\/\/vimaterial.de\/en\/product\/titanium-suboxide\/\">Sous-oxyde de titane<\/a> <\/span>La poudre est une poudre d\u2019oxyde de titane, g\u00e9n\u00e9ralement de couleur noire ou gris fonc\u00e9, qui a une bonne conductivit\u00e9 \u00e9lectrique, une stabilit\u00e9 chimique \u00e9lev\u00e9e et des propri\u00e9t\u00e9s optiques sp\u00e9ciales, et est un mat\u00e9riau fonctionnel avec des applications potentielles dans de nombreux domaines, tels que l\u2019\u00e9lectronique, l\u2019optique et la catalyse.<\/p>\n","protected":false},"featured_media":1000845,"comment_status":"open","ping_status":"closed","template":"","meta":{"_acf_changed":false},"product_brand":[],"product_cat":[243],"product_tag":[],"class_list":{"0":"post-1012907","1":"product","2":"type-product","3":"status-publish","4":"has-post-thumbnail","6":"product_cat-materiaux-oxydes-hydroxydes","8":"first","9":"instock","10":"shipping-taxable","11":"product-type-variable"},"acf":[],"_links":{"self":[{"href":"https:\/\/vimaterial.de\/fr\/wp-json\/wp\/v2\/product\/1012907","targetHints":{"allow":["GET"]}}],"collection":[{"href":"https:\/\/vimaterial.de\/fr\/wp-json\/wp\/v2\/product"}],"about":[{"href":"https:\/\/vimaterial.de\/fr\/wp-json\/wp\/v2\/types\/product"}],"replies":[{"embeddable":true,"href":"https:\/\/vimaterial.de\/fr\/wp-json\/wp\/v2\/comments?post=1012907"}],"wp:featuredmedia":[{"embeddable":true,"href":"https:\/\/vimaterial.de\/fr\/wp-json\/wp\/v2\/media\/1000845"}],"wp:attachment":[{"href":"https:\/\/vimaterial.de\/fr\/wp-json\/wp\/v2\/media?parent=1012907"}],"wp:term":[{"taxonomy":"product_brand","embeddable":true,"href":"https:\/\/vimaterial.de\/fr\/wp-json\/wp\/v2\/product_brand?post=1012907"},{"taxonomy":"product_cat","embeddable":true,"href":"https:\/\/vimaterial.de\/fr\/wp-json\/wp\/v2\/product_cat?post=1012907"},{"taxonomy":"product_tag","embeddable":true,"href":"https:\/\/vimaterial.de\/fr\/wp-json\/wp\/v2\/product_tag?post=1012907"}],"curies":[{"name":"wp","href":"https:\/\/api.w.org\/{rel}","templated":true}]}}