{"id":1012890,"date":"2024-06-17T14:28:21","date_gmt":"2024-06-17T06:28:21","guid":{"rendered":"https:\/\/vimaterial.de\/product\/sulfure-de-titane\/"},"modified":"2024-09-26T14:03:07","modified_gmt":"2024-09-26T06:03:07","slug":"sulfure-de-titane","status":"publish","type":"product","link":"https:\/\/vimaterial.de\/fr\/product\/sulfure-de-titane\/","title":{"rendered":"Sulfure de titane"},"content":{"rendered":"<p>La poudre de sulfure de titane (TiS\u2082) est un compos\u00e9 qui appartient \u00e0 la famille des dichalcog\u00e9nures de m\u00e9taux de transition (TMD). Il poss\u00e8de des propri\u00e9t\u00e9s physiques et chimiq ues uniques, ce qui le rend utile dans diverses applications, en particulier dans les mat\u00e9riaux avanc\u00e9s et le stockage d\u2019\u00e9nergie.<\/p>\n<p>Propri\u00e9t\u00e9s cl\u00e9s<\/p>\n<p>Chimique Formule : TiS\u2082<br \/>\nPoids mol\u00e9culaire : ~112,01 g\/mol<br \/>\nApparence : Poudre dor\u00e9e ou brun jaun\u00e2tre<br \/>\nStructure cristalline : Structure hexagonale en couches, similaire au graphite<br \/>\nPoint de fusion : ~300\u00b0C (se d\u00e9compose)<br \/>\nDensit\u00e9 : ~3,22 g\/cm\u00b3<br \/>\nSolubilit\u00e9 : Insoluble dans l\u2019eau mais r\u00e9actif avec les acides<\/p>\n<p>Applications<\/p>\n<p>Batteries lithium-ion (LIB) : Le TiS\u2082 est largement \u00e9tudi\u00e9 comme mat\u00e9riau de cathode pour les batteries rechargeables en raison de sa grande capacit\u00e9 d\u2019intercalation lithium-ion.<br \/>\nLubrifiants solides : Sa structure en couches permet de glisser facilement entre les couches, ce qui le rend utile dans les applications \u00e0 haute temp\u00e9rature et sous vide.<br \/>\nCatalyse\u00a0: Le sulfure de titane peut agir comme catalyseur dans certaines r\u00e9actions chimiques, en particulier celles impliquant du soufre.<br \/>\n\u00c9lectronique et opto\u00e9lectronique : En raison de ses propri\u00e9t\u00e9s semi-conductrices, le TiS\u2082 est \u00e0 l\u2019\u00e9tude pour des applications dans les transistors \u00e0 effet de champ et les photod\u00e9tecteurs.<\/p>\n","protected":false},"excerpt":{"rendered":"<p>La poudre de sulfure de titane (TiS\u2082) est un compos\u00e9 qui appartient \u00e0 la famille des dichalcog\u00e9nures de m\u00e9taux de transition (TMD). Il poss\u00e8de des propri\u00e9t\u00e9s physiques et chimiques uniques, ce qui le rend utile dans diverses applications, en particulier dans les mat\u00e9riaux avanc\u00e9s et le stockage d\u2019\u00e9nergie.<\/p>\n<p>Batteries lithium-ion (LIB) : Le TiS\u2082 est largement \u00e9tudi\u00e9 comme mat\u00e9riau de cathode pour les batteries rechargeables en raison de sa grande capacit\u00e9 d\u2019intercalation lithium-ion.<br \/>\nLubrifiants solides : Sa structure en couches permet de glisser facilement entre les couches, ce qui le rend utile dans les applications \u00e0 haute temp\u00e9rature et sous vide.<br \/>\nCatalyse\u00a0: Le sulfure de titane peut agir comme catalyseur dans certaines r\u00e9actions chimiques, en particulier celles impliquant du soufre.<br \/>\n\u00c9lectronique et opto\u00e9lectronique : En raison de ses propri\u00e9t\u00e9s semi-conductrices, le TiS\u2082 est \u00e0 l\u2019\u00e9tude pour des applications dans les transistors \u00e0 effet de champ et les photod\u00e9tecteurs.<br \/>\nDispositifs thermo\u00e9lectriques : Sa capacit\u00e9 \u00e0 conduire l\u2019\u00e9lectricit\u00e9 et \u00e0 pr\u00e9senter un certain degr\u00e9 de conductivit\u00e9 thermique le rend pertinent pour les applications thermo\u00e9lectriques.<\/p>\n","protected":false},"featured_media":1000859,"comment_status":"open","ping_status":"closed","template":"","meta":{"_acf_changed":false},"product_brand":[],"product_cat":[238],"product_tag":[],"class_list":{"0":"post-1012890","1":"product","2":"type-product","3":"status-publish","4":"has-post-thumbnail","6":"product_cat-materiaux-de-chalcogenure","8":"first","9":"instock","10":"shipping-taxable","11":"product-type-variable"},"acf":[],"_links":{"self":[{"href":"https:\/\/vimaterial.de\/fr\/wp-json\/wp\/v2\/product\/1012890","targetHints":{"allow":["GET"]}}],"collection":[{"href":"https:\/\/vimaterial.de\/fr\/wp-json\/wp\/v2\/product"}],"about":[{"href":"https:\/\/vimaterial.de\/fr\/wp-json\/wp\/v2\/types\/product"}],"replies":[{"embeddable":true,"href":"https:\/\/vimaterial.de\/fr\/wp-json\/wp\/v2\/comments?post=1012890"}],"wp:featuredmedia":[{"embeddable":true,"href":"https:\/\/vimaterial.de\/fr\/wp-json\/wp\/v2\/media\/1000859"}],"wp:attachment":[{"href":"https:\/\/vimaterial.de\/fr\/wp-json\/wp\/v2\/media?parent=1012890"}],"wp:term":[{"taxonomy":"product_brand","embeddable":true,"href":"https:\/\/vimaterial.de\/fr\/wp-json\/wp\/v2\/product_brand?post=1012890"},{"taxonomy":"product_cat","embeddable":true,"href":"https:\/\/vimaterial.de\/fr\/wp-json\/wp\/v2\/product_cat?post=1012890"},{"taxonomy":"product_tag","embeddable":true,"href":"https:\/\/vimaterial.de\/fr\/wp-json\/wp\/v2\/product_tag?post=1012890"}],"curies":[{"name":"wp","href":"https:\/\/api.w.org\/{rel}","templated":true}]}}