{"id":1012869,"date":"2024-06-17T14:28:52","date_gmt":"2024-06-17T06:28:52","guid":{"rendered":"https:\/\/vimaterial.de\/product\/seleniure-de-titane\/"},"modified":"2025-04-18T09:22:32","modified_gmt":"2025-04-18T01:22:32","slug":"seleniure-de-titane","status":"publish","type":"product","link":"https:\/\/vimaterial.de\/fr\/product\/seleniure-de-titane\/","title":{"rendered":"S\u00e9l\u00e9niure de titane"},"content":{"rendered":"<p>La cible de pulv\u00e9risation cathodique de s\u00e9l\u00e9niure de titane est un mat\u00e9riau utilis\u00e9 pour le d\u00e9p\u00f4t physique en phase vapeur, principalement compos\u00e9 de titane et de s\u00e9l\u00e9nium, g\u00e9n\u00e9ralement \u00e0 l\u2019\u00e9tat solide, qui poss\u00e8de des propri\u00e9t\u00e9s physiques et chimiques appropri\u00e9es pour d\u00e9poser des atomes de titane et de s\u00e9l\u00e9nium \u00e0 la surface du substrat pendant la pulv\u00e9risation pour former des films minces avec des fonctions sp\u00e9cifiques, qui sont utilis\u00e9s dans les dispositifs \u00e0 semi-conducteurs,  les dispositifs photovolta\u00efques, et bien d\u2019autres domaines.<\/p>\n<p>Nous fournissons des cibles de pulv\u00e9risation de s\u00e9l\u00e9niure de titane, VIMATERIAL peut \u00e9galement fournir un service de liaison de cibles, nos produits sont soumis \u00e0 la personnalisation et \u00e0 l\u2019exp\u00e9rimentation, veuillez <span style=\"color: #0000ff;\"><a style=\"color: #0000ff;\" href=\"https:\/\/vimaterial.de\/en\/contact-us\/\">nous contacter<\/a> <\/span>si vous en avez besoin.<\/p>\n<p>Caract\u00e9ristiques<\/p>\n<p>Formule mol\u00e9culaire : TiSe\u2082.<\/p>\n<p>Poids mol\u00e9culaire : environ 205,79<\/p>\n<p>Apparence&nbsp;: G\u00e9n\u00e9ralement noir ou uni gris-noir avec un \u00e9clat m\u00e9tallique.<\/p>\n<p>Densit\u00e9 : environ 5,6 &#8211; 5,8 g\/cm\u00b3.<\/p>\n<p>Point de fusion : environ 650 &#8211; 700\u00b0C<\/p>\n<p>Structure cristalline : appartient au syst\u00e8me cristallin hexagonal, sa structure cristalline d\u2019atomes de titane et de s\u00e9l\u00e9nium dispos\u00e9s sous forme de couches, couche d\u2019atomes de titane prise en sandwich entre deux couches de couche d\u2019atomes de s\u00e9l\u00e9nium, formant une structure en forme de sandwich, cette structure lui conf\u00e8re des propri\u00e9t\u00e9s \u00e9lectriques et optiques particuli\u00e8res.<\/p>\n<p>Applications<\/p>\n<p>Fabrication de semi-conducteurs : Utilis\u00e9 dans la fabrication de puces \u00e0 semi-conducteurs pour d\u00e9poser des couches minces afin d\u2019am\u00e9liorer les propri\u00e9t\u00e9s \u00e9lectriques du dispositif, par exemple en augmentant la mobilit\u00e9 des porteuses.<\/p>\n<p>Fabrication photovolta\u00efque : D\u00e9p\u00f4t de couches minces dans la fabrication de photod\u00e9tecteurs et de LED pour am\u00e9liorer l\u2019efficacit\u00e9 de conversion photovolta\u00efque et les performances luminescentes.<\/p>\n<p>Recherche sur la supraconductivit\u00e9 : d\u00e9p\u00f4t de couches minces pour \u00e9tudier les propri\u00e9t\u00e9s supraconductrices et explorer des indicateurs cl\u00e9s tels que la temp\u00e9rature de transition supraconductrice.<\/p>\n<p>Pr\u00e9paration du mat\u00e9riau de l\u2019\u00e9lectrode : Fabriquez des films minces de mat\u00e9riaux d\u2019\u00e9lectrode pour am\u00e9liorer le stockage de charge et la capacit\u00e9 de transmission des \u00e9lectrodes de condensateur et de batterie.<\/p>\n<p>Contr\u00f4le de la qualit\u00e9<\/p>\n<p><span style=\"color: #0000ff;\"><a style=\"color: #0000ff;\" href=\"https:\/\/vimaterial.de\/en\/quality-control\/\">Nos produits<\/a><\/span> sont soumis \u00e0 un syst\u00e8me strict de gestion de la qualit\u00e9. Il existe des normes d\u2019inspection strictes pour les mat\u00e9riaux entrants, le traitement, l\u2019inspection finale et l\u2019inspection d\u2019usine. Des mesures d\u2019isolement strictes sont prises pour le traitement non qualifi\u00e9 afin d\u2019\u00e9viter que les produits non qualifi\u00e9s ne passent au processus suivant. Des \u00e9chantillons sont fournis pour une r\u00e9inspection par le client selon les exigences du client.   <\/p>\n<p>Emballage et stockage<\/p>\n<p>Les cibles de pulv\u00e9risation au s\u00e9l\u00e9niure de titane sont emball\u00e9es dans des sacs sous vide \u00e0 double couche, puis emball\u00e9es et emball\u00e9es dans des cartons.<\/p>\n<p>Les cibles de pulv\u00e9risation de s\u00e9l\u00e9niure de titane doivent \u00eatre stock\u00e9es dans un environnement sec, frais et bien ventil\u00e9, en \u00e9vitant l\u2019humidit\u00e9, l\u2019oxydation et \u00e0 l\u2019\u00e9cart des substances corrosives telles que les substances acides, alcalines et autres substances corrosives, des temp\u00e9ratures \u00e9lev\u00e9es, de la lumi\u00e8re vive et d\u2019autres facteurs pouvant affecter ses propri\u00e9t\u00e9s physicochimiques, et il est pr\u00e9f\u00e9rable de sceller l\u2019emballage, pour \u00e9viter la contamination des impuret\u00e9s.<\/p>\n","protected":false},"excerpt":{"rendered":"<p>La cible de pulv\u00e9risation cathodique de s\u00e9l\u00e9niure de titane est un mat\u00e9riau utilis\u00e9 pour le d\u00e9p\u00f4t physique en phase vapeur, principalement compos\u00e9 de titane et de s\u00e9l\u00e9nium, g\u00e9n\u00e9ralement \u00e0 l\u2019\u00e9tat solide, qui poss\u00e8de des propri\u00e9t\u00e9s physiques et chimiques appropri\u00e9es pour d\u00e9poser des atomes de titane et de s\u00e9l\u00e9nium \u00e0 la surface du substrat pendant la pulv\u00e9risation pour former des films minces avec des fonctions sp\u00e9cifiques, qui sont utilis\u00e9s dans les dispositifs \u00e0 semi-conducteurs,  les dispositifs photovolta\u00efques, et bien d\u2019autres domaines.<\/p>\n","protected":false},"featured_media":1000866,"comment_status":"open","ping_status":"closed","template":"","meta":{"_acf_changed":false},"product_brand":[],"product_cat":[235],"product_tag":[],"class_list":{"0":"post-1012869","1":"product","2":"type-product","3":"status-publish","4":"has-post-thumbnail","6":"product_cat-cibles-de-pulverisation-planaire","8":"first","9":"instock","10":"shipping-taxable","11":"product-type-variable"},"acf":[],"_links":{"self":[{"href":"https:\/\/vimaterial.de\/fr\/wp-json\/wp\/v2\/product\/1012869","targetHints":{"allow":["GET"]}}],"collection":[{"href":"https:\/\/vimaterial.de\/fr\/wp-json\/wp\/v2\/product"}],"about":[{"href":"https:\/\/vimaterial.de\/fr\/wp-json\/wp\/v2\/types\/product"}],"replies":[{"embeddable":true,"href":"https:\/\/vimaterial.de\/fr\/wp-json\/wp\/v2\/comments?post=1012869"}],"wp:featuredmedia":[{"embeddable":true,"href":"https:\/\/vimaterial.de\/fr\/wp-json\/wp\/v2\/media\/1000866"}],"wp:attachment":[{"href":"https:\/\/vimaterial.de\/fr\/wp-json\/wp\/v2\/media?parent=1012869"}],"wp:term":[{"taxonomy":"product_brand","embeddable":true,"href":"https:\/\/vimaterial.de\/fr\/wp-json\/wp\/v2\/product_brand?post=1012869"},{"taxonomy":"product_cat","embeddable":true,"href":"https:\/\/vimaterial.de\/fr\/wp-json\/wp\/v2\/product_cat?post=1012869"},{"taxonomy":"product_tag","embeddable":true,"href":"https:\/\/vimaterial.de\/fr\/wp-json\/wp\/v2\/product_tag?post=1012869"}],"curies":[{"name":"wp","href":"https:\/\/api.w.org\/{rel}","templated":true}]}}