{"id":1012865,"date":"2024-06-17T14:28:53","date_gmt":"2024-06-17T06:28:53","guid":{"rendered":"https:\/\/vimaterial.de\/product\/siliciure-de-titane-5\/"},"modified":"2025-04-18T09:20:49","modified_gmt":"2025-04-18T01:20:49","slug":"siliciure-de-titane-5","status":"publish","type":"product","link":"https:\/\/vimaterial.de\/fr\/product\/siliciure-de-titane-5\/","title":{"rendered":"Siliciure de titane"},"content":{"rendered":"<p>La cible de pulv\u00e9risation de <span style=\"color: #0000ff;\"><a style=\"color: #0000ff;\" href=\"https:\/\/vimaterial.de\/en\/product\/titanium-silicide\/\">siliciure de titane<\/a><\/span> est un mat\u00e9riau principalement compos\u00e9 de titane et de silicium pour le d\u00e9p\u00f4t physique en phase vapeur, g\u00e9n\u00e9ralement \u00e0 l\u2019\u00e9tat solide, avec une stabilit\u00e9 chimique sp\u00e9cifique et des propri\u00e9t\u00e9s physiques appropri\u00e9es, dans le processus de pulv\u00e9risation peut d\u00e9poser des atomes de titane et de silicium \u00e0 la surface du substrat, pour former un film mince avec de bonnes propri\u00e9t\u00e9s \u00e9lectriques et thermiques,  utilis\u00e9 dans les semi-conducteurs, la micro\u00e9lectronique et de nombreux autres domaines.<\/p>\n<p>Nous fournissons des cibles de pulv\u00e9risation de siliciure de titane, VIMATERIAL peut \u00e9galement fournir un service de liaison de cibles, nos produits sont soumis \u00e0 la personnalisation et \u00e0 l\u2019exp\u00e9rimentation, veuillez <span style=\"color: #0000ff;\"><a style=\"color: #0000ff;\" href=\"https:\/\/vimaterial.de\/en\/contact-us\/\">nous contacter<\/a><\/span> si vous en avez besoin.<\/p>\n<p>Caract\u00e9ristiques<\/p>\n<p>Formule mol\u00e9culaire : TiSi\u2082.<\/p>\n<p>Poids mol\u00e9culaire : environ 104,05<\/p>\n<p>Apparence&nbsp;: G\u00e9n\u00e9ralement gris ou noir solide, avec un \u00e9clat m\u00e9tallique<\/p>\n<p>Densit\u00e9 : environ 4,3 &#8211; 4,9 g\/cm\u00b3.<\/p>\n<p>Point de fusion : environ 1540\u00b0C<\/p>\n<p>Structure cristalline : appartient au syst\u00e8me cristallin orthorhombique, dans sa structure cristalline, les atomes de titane et les atomes de silicium sont dispos\u00e9s selon une loi sp\u00e9cifique, les atomes de silicium forment une structure de r\u00e9seau tridimensionnelle, les atomes de titane remplissent les interstices dont la structure lui conf\u00e8re une meilleure stabilit\u00e9 thermique et des propri\u00e9t\u00e9s \u00e9lectriques.<\/p>\n<p>Applications<\/p>\n<p>Domaine des semi-conducteurs&nbsp;: La cible de pulv\u00e9risation de siliciure de titane est utilis\u00e9e comme siliciure m\u00e9tallique pour former des couches de contact \u00e0 faible r\u00e9sistance et interconnecter des mat\u00e9riaux, ce qui peut r\u00e9duire efficacement la r\u00e9sistance de contact des dispositifs et am\u00e9liorer les performances et la vitesse des circuits int\u00e9gr\u00e9s.<\/p>\n<p>Dispositifs micro\u00e9lectroniques : Il peut \u00eatre utilis\u00e9 comme couche barri\u00e8re de diffusion pour emp\u00eacher la diffusion des atomes entre diff\u00e9rentes couches m\u00e9talliques, am\u00e9liorant ainsi la stabilit\u00e9 et la fiabilit\u00e9 du dispositif et prolongeant la dur\u00e9e de vie du dispositif micro\u00e9lectronique.<\/p>\n<p>Industrie photovolta\u00efque : Le siliciure de titane peut \u00eatre utilis\u00e9 comme mat\u00e9riau d\u2019\u00e9lectrode de contact pour les cellules solaires \u00e0 base de silicium, ce qui contribue \u00e0 am\u00e9liorer l\u2019efficacit\u00e9 de conversion photo\u00e9lectrique des cellules et \u00e0 r\u00e9duire les pertes d\u2019\u00e9nergie.<\/p>\n<p>Mat\u00e9riaux \u00e0 haute temp\u00e9rature : Le siliciure de titane est utilis\u00e9 dans les mat\u00e9riaux structurels \u00e0 haute temp\u00e9rature et les composants \u00e9lectroniques \u00e0 haute temp\u00e9rature, qui peuvent maintenir l\u2019int\u00e9grit\u00e9 et les performances des mat\u00e9riaux dans des environnements \u00e0 haute temp\u00e9rature.<\/p>\n<p>Dispositifs opto\u00e9lectroniques : Le siliciure de titane peut \u00eatre utilis\u00e9 comme un composant important pour am\u00e9liorer la d\u00e9tection et la conversion des signaux optiques dans les dispositifs opto\u00e9lectroniques en tirant parti de ses propri\u00e9t\u00e9s \u00e9lectriques et optiques sp\u00e9ciales.<\/p>\n<p>Contr\u00f4le de la qualit\u00e9<\/p>\n<p><span style=\"color: #0000ff;\"><a style=\"color: #0000ff;\" href=\"https:\/\/vimaterial.de\/en\/quality-control\/\">Nos produits<\/a><\/span> sont soumis \u00e0 un syst\u00e8me strict de gestion de la qualit\u00e9. Il existe des normes d\u2019inspection strictes pour les mat\u00e9riaux entrants, le traitement, l\u2019inspection finale et l\u2019inspection d\u2019usine. Des mesures d\u2019isolement strictes sont prises pour le traitement non qualifi\u00e9 afin d\u2019\u00e9viter que les produits non qualifi\u00e9s ne passent au processus suivant. Des \u00e9chantillons sont fournis pour une r\u00e9inspection par le client selon les exigences du client.   <\/p>\n<p>Emballage et stockage<\/p>\n<p>Les cibles de pulv\u00e9risation de siliciure de titane sont emball\u00e9es dans des sacs sous vide \u00e0 double couche, puis emball\u00e9es dans des cartons.<\/p>\n<p>Les cibles de pulv\u00e9risation de siliciure de titane doivent \u00eatre stock\u00e9es dans un environnement sec, frais, bien ventil\u00e9 et \u00e0 temp\u00e9rature stable pour \u00e9viter l\u2019humidit\u00e9, l\u2019oxydation, la contamination par des substances corrosives et les changements de temp\u00e9rature drastiques, et il est pr\u00e9f\u00e9rable d\u2019utiliser un emballage herm\u00e9tiquement ferm\u00e9 pour s\u2019assurer que ses propri\u00e9t\u00e9s physiques et chimiques ne sont pas endommag\u00e9es.<\/p>\n","protected":false},"excerpt":{"rendered":"<p>La cible de pulv\u00e9risation de <span style=\"color: #0000ff;\"><a style=\"color: #0000ff;\" href=\"https:\/\/vimaterial.de\/en\/product\/titanium-silicide\/\">siliciure de titane<\/a><\/span> est un mat\u00e9riau principalement compos\u00e9 de titane et de silicium pour le d\u00e9p\u00f4t physique en phase vapeur, g\u00e9n\u00e9ralement \u00e0 l\u2019\u00e9tat solide, avec une stabilit\u00e9 chimique sp\u00e9cifique et des propri\u00e9t\u00e9s physiques appropri\u00e9es, dans le processus de pulv\u00e9risation peut d\u00e9poser des atomes de titane et de silicium \u00e0 la surface du substrat, pour former un film mince avec de bonnes propri\u00e9t\u00e9s \u00e9lectriques et thermiques,  utilis\u00e9 dans les semi-conducteurs, la micro\u00e9lectronique et de nombreux autres domaines.<\/p>\n","protected":false},"featured_media":1000873,"comment_status":"open","ping_status":"closed","template":"","meta":{"_acf_changed":false},"product_brand":[],"product_cat":[235],"product_tag":[],"class_list":{"0":"post-1012865","1":"product","2":"type-product","3":"status-publish","4":"has-post-thumbnail","6":"product_cat-cibles-de-pulverisation-planaire","8":"first","9":"instock","10":"shipping-taxable","11":"product-type-variable"},"acf":[],"_links":{"self":[{"href":"https:\/\/vimaterial.de\/fr\/wp-json\/wp\/v2\/product\/1012865","targetHints":{"allow":["GET"]}}],"collection":[{"href":"https:\/\/vimaterial.de\/fr\/wp-json\/wp\/v2\/product"}],"about":[{"href":"https:\/\/vimaterial.de\/fr\/wp-json\/wp\/v2\/types\/product"}],"replies":[{"embeddable":true,"href":"https:\/\/vimaterial.de\/fr\/wp-json\/wp\/v2\/comments?post=1012865"}],"wp:featuredmedia":[{"embeddable":true,"href":"https:\/\/vimaterial.de\/fr\/wp-json\/wp\/v2\/media\/1000873"}],"wp:attachment":[{"href":"https:\/\/vimaterial.de\/fr\/wp-json\/wp\/v2\/media?parent=1012865"}],"wp:term":[{"taxonomy":"product_brand","embeddable":true,"href":"https:\/\/vimaterial.de\/fr\/wp-json\/wp\/v2\/product_brand?post=1012865"},{"taxonomy":"product_cat","embeddable":true,"href":"https:\/\/vimaterial.de\/fr\/wp-json\/wp\/v2\/product_cat?post=1012865"},{"taxonomy":"product_tag","embeddable":true,"href":"https:\/\/vimaterial.de\/fr\/wp-json\/wp\/v2\/product_tag?post=1012865"}],"curies":[{"name":"wp","href":"https:\/\/api.w.org\/{rel}","templated":true}]}}