{"id":1012842,"date":"2024-06-17T14:28:54","date_gmt":"2024-06-17T06:28:54","guid":{"rendered":"https:\/\/vimaterial.de\/product\/siliciure-de-titane-4\/"},"modified":"2025-04-18T09:18:06","modified_gmt":"2025-04-18T01:18:06","slug":"siliciure-de-titane-4","status":"publish","type":"product","link":"https:\/\/vimaterial.de\/fr\/product\/siliciure-de-titane-4\/","title":{"rendered":"Siliciure de titane"},"content":{"rendered":"<p>Les granul\u00e9s de <span style=\"color: #0000ff;\"><a style=\"color: #0000ff;\" href=\"https:\/\/vimaterial.de\/en\/product\/titanium-silicide-tisi2-sputtering-target\/\">siliciure de titane <\/a><\/span>sont des particules compos\u00e9es de titane et de silicium de couleur grise ou noire avec un point de fusion \u00e9lev\u00e9 et une duret\u00e9 \u00e9lev\u00e9e, qui jouent un r\u00f4le important dans les semi-conducteurs, les mat\u00e9riaux \u00e0 haute temp\u00e9rature et d\u2019autres applications.<\/p>\n<p>VIMATERI est une soci\u00e9t\u00e9 d\u2019innovation de pointe dans le domaine des mat\u00e9riaux chimiques, sp\u00e9cialis\u00e9e dans les mat\u00e9riaux haute performance con\u00e7us pour des applications d\u2019ing\u00e9nierie avanc\u00e9es. Nos produits sont de haute puret\u00e9 et de haute qualit\u00e9, nous prenons en charge l\u2019emballage en petits lots, le MOQ de petits produits, un inventaire suffisant et la personnalisation, si vous avez des besoins, veuillez <span style=\"color: #0000ff;\"><a style=\"color: #0000ff;\" href=\"https:\/\/vimaterial.de\/en\/contact-us\/\">nous contacter<\/a><\/span>. <\/p>\n<h2><span style=\"font-size: 14pt;\">Propri\u00e9t\u00e9s<\/span><\/h2>\n<p>Formule mol\u00e9culaire : TiSi\u2082<\/p>\n<p>Poids mol\u00e9culaire : 104,03<\/p>\n<p>Aspect : granules g\u00e9n\u00e9ralement gris ou noirs<\/p>\n<p>Densit\u00e9 : environ 4,0 &#8211; 4,1 g\/cm\u00b3.<\/p>\n<p>Point de fusion : environ 1540\u00b0C<\/p>\n<p>Structure cristalline : G\u00e9n\u00e9ralement orthorhombique.<\/p>\n<h2><span style=\"font-size: 14pt;\">Application<\/span><\/h2>\n<p>Semi-conducteur : Les granules de siliciure de titane sont utilis\u00e9s dans la fabrication de semi-conducteurs comme mat\u00e9riau de contact pour r\u00e9duire la r\u00e9sistance de contact, am\u00e9liorer la connexion \u00e9lectrique entre les diff\u00e9rents composants des circuits int\u00e9gr\u00e9s et am\u00e9liorer l\u2019efficacit\u00e9 de fonctionnement de la puce.<\/p>\n<p>Mat\u00e9riaux \u00e0 haute temp\u00e9rature : Les granul\u00e9s de siliciure de titane sont utilis\u00e9s dans les mat\u00e9riaux structurels pour les environnements \u00e0 haute temp\u00e9rature afin d\u2019am\u00e9liorer la r\u00e9sistance aux hautes temp\u00e9ratures des mat\u00e9riaux utilis\u00e9s dans la fabrication de composants de moteurs a\u00e9rospatiaux ou dans le rev\u00eatement des fours \u00e0 haute temp\u00e9rature pour garantir que le mat\u00e9riau est structurellement stable \u00e0 haute temp\u00e9rature.<\/p>\n<p>\u00c9lectronique : Les particules peuvent \u00eatre utilis\u00e9es dans la fabrication d\u2019\u00e9lectrodes et de fils d\u2019interconnexion pour les appareils \u00e9lectroniques, o\u00f9 leur bonne conductivit\u00e9 \u00e9lectrique et leur stabilit\u00e9 chimique leur permettent de maintenir de bonnes performances dans des environnements de fonctionnement complexes et de prolonger leur dur\u00e9e de vie.<\/p>\n<p>Industrie photovolta\u00efque : Dans la fabrication de cellules solaires, les granul\u00e9s de siliciure de titane peuvent \u00eatre utilis\u00e9s comme couche barri\u00e8re pour emp\u00eacher la diffusion d\u2019impuret\u00e9s m\u00e9talliques et am\u00e9liorer l\u2019efficacit\u00e9 de la conversion photo\u00e9lectrique et la stabilit\u00e9 des cellules solaires.<\/p>\n<h2><span style=\"font-size: 14pt;\">Contr\u00f4le de la qualit\u00e9<\/span><\/h2>\n<p><span style=\"color: #0000ff;\"><a style=\"color: #0000ff;\" href=\"https:\/\/vimaterial.de\/en\/quality-control\/\">Nos produits<\/a><\/span> sont soumis \u00e0 un syst\u00e8me strict de gestion de la qualit\u00e9. Des mat\u00e9riaux entrants, du traitement, de l\u2019inspection finale \u00e0 l\u2019inspection de l\u2019usine, il existe des normes d\u2019inspection strictes. Des mesures d\u2019isolement strictes sont prises pour le traitement non qualifi\u00e9 afin d\u2019\u00e9viter que les produits non qualifi\u00e9s ne passent au processus suivant. Des \u00e9chantillons sont fournis pour une r\u00e9inspection par le client selon les exigences du client.   <\/p>\n<h2><span style=\"font-size: 14pt;\">Emballage et stockage<\/span><\/h2>\n<p>Les granul\u00e9s de siliciure de titane sont emball\u00e9s dans des sacs ou des bouteilles \u00e0 double couche et emball\u00e9s dans des cartons.<\/p>\n<p>Les granul\u00e9s de siliciure de titane doivent \u00eatre stock\u00e9s dans un environnement sec, frais et bien ventil\u00e9, dans des emballages scell\u00e9s, en \u00e9vitant le contact avec l\u2019air, l\u2019humidit\u00e9, les agents oxydants forts, les acides et les alcalis forts qui peuvent provoquer des r\u00e9actions chimiques ou des dommages physiques.<\/p>\n","protected":false},"excerpt":{"rendered":"<p>Les granul\u00e9s de <span style=\"color: #0000ff;\"><a style=\"color: #0000ff;\" href=\"https:\/\/vimaterial.de\/en\/product\/titanium-silicide-tisi2-sputtering-target\/\">siliciure de titane <\/a><\/span>sont des particules compos\u00e9es de titane et de silicium de couleur grise ou noire avec un point de fusion \u00e9lev\u00e9 et une duret\u00e9 \u00e9lev\u00e9e, qui jouent un r\u00f4le important dans les semi-conducteurs, les mat\u00e9riaux \u00e0 haute temp\u00e9rature et d\u2019autres applications.<\/p>\n","protected":false},"featured_media":1000883,"comment_status":"open","ping_status":"closed","template":"","meta":{"_acf_changed":false},"product_brand":[],"product_cat":[236],"product_tag":[],"class_list":{"0":"post-1012842","1":"product","2":"type-product","3":"status-publish","4":"has-post-thumbnail","6":"product_cat-materiaux-devaporation","8":"first","9":"instock","10":"shipping-taxable","11":"product-type-variable"},"acf":[],"_links":{"self":[{"href":"https:\/\/vimaterial.de\/fr\/wp-json\/wp\/v2\/product\/1012842","targetHints":{"allow":["GET"]}}],"collection":[{"href":"https:\/\/vimaterial.de\/fr\/wp-json\/wp\/v2\/product"}],"about":[{"href":"https:\/\/vimaterial.de\/fr\/wp-json\/wp\/v2\/types\/product"}],"replies":[{"embeddable":true,"href":"https:\/\/vimaterial.de\/fr\/wp-json\/wp\/v2\/comments?post=1012842"}],"wp:featuredmedia":[{"embeddable":true,"href":"https:\/\/vimaterial.de\/fr\/wp-json\/wp\/v2\/media\/1000883"}],"wp:attachment":[{"href":"https:\/\/vimaterial.de\/fr\/wp-json\/wp\/v2\/media?parent=1012842"}],"wp:term":[{"taxonomy":"product_brand","embeddable":true,"href":"https:\/\/vimaterial.de\/fr\/wp-json\/wp\/v2\/product_brand?post=1012842"},{"taxonomy":"product_cat","embeddable":true,"href":"https:\/\/vimaterial.de\/fr\/wp-json\/wp\/v2\/product_cat?post=1012842"},{"taxonomy":"product_tag","embeddable":true,"href":"https:\/\/vimaterial.de\/fr\/wp-json\/wp\/v2\/product_tag?post=1012842"}],"curies":[{"name":"wp","href":"https:\/\/api.w.org\/{rel}","templated":true}]}}