{"id":1012828,"date":"2024-06-17T14:28:55","date_gmt":"2024-06-17T06:28:55","guid":{"rendered":"https:\/\/vimaterial.de\/product\/siliciure-de-titane-3\/"},"modified":"2025-04-18T09:09:54","modified_gmt":"2025-04-18T01:09:54","slug":"siliciure-de-titane-3","status":"publish","type":"product","link":"https:\/\/vimaterial.de\/fr\/product\/siliciure-de-titane-3\/","title":{"rendered":"Siliciure de titane"},"content":{"rendered":"<p><span style=\"color: #0000ff;\"><a style=\"color: #0000ff;\" href=\"https:\/\/vimaterial.de\/en\/product\/titanium-silicide-sputtering-target\/\">Siliciure de titane<\/a> <\/span>La cible de pulv\u00e9risation TiSi2 est une cible compos\u00e9e de titane et de silicium, principalement utilis\u00e9e dans les semi-conducteurs, les circuits int\u00e9gr\u00e9s et d\u2019autres domaines, gr\u00e2ce au processus de pulv\u00e9risation pour d\u00e9poser un film mince TiSi\u2082 utilis\u00e9 pour r\u00e9duire la r\u00e9sistance de contact, am\u00e9liorer les performances de l\u2019appareil et ainsi de suite \u00e0 bien des \u00e9gards.<\/p>\n<p>Nous fournissons des cibles de pulv\u00e9risation en siliciure de titane TiSi2, VIMATERIAL peut \u00e9galement fournir un service de liaison de cibles, nos produits sont soumis \u00e0 la personnalisation et \u00e0 l\u2019exp\u00e9rimentation, veuillez <span style=\"color: #0000ff;\"><a style=\"color: #0000ff;\" href=\"https:\/\/vimaterial.de\/en\/contact-us\/\">nous contacter<\/a> <\/span>si vous en avez besoin.<\/p>\n<p>Caract\u00e9ristiques<\/p>\n<p>Formule mol\u00e9culaire : TiSi\u2082<\/p>\n<p>Poids mol\u00e9culaire : 104,04<\/p>\n<p>Apparence&nbsp;: G\u00e9n\u00e9ralement gris ou noir solide<\/p>\n<p>Densit\u00e9 : environ 4,39 g\/cm\u00b3.<\/p>\n<p>Point de fusion : environ 1540\u00b0C<\/p>\n<p>Structure cristalline : Il a deux structures cristallines, C49 (phase \u00e0 basse temp\u00e9rature) et C54 (phase \u00e0 haute temp\u00e9rature), la structure C49 est une phase substable, et la structure C54 est une phase thermodynamiquement stable, et elle peut \u00eatre transform\u00e9e de la phase C49 \u00e0 la phase C54 sous un traitement \u00e0 la temp\u00e9rature appropri\u00e9, et la transformation de cette structure cristalline a un effet important sur ses propri\u00e9t\u00e9s \u00e9lectriques et autres.<\/p>\n<p>Applications<\/p>\n<p>Les cibles de <span style=\"color: #000000;\">pulv\u00e9risation TiSi2 <\/span>sont utilis\u00e9es dans la fabrication de semi-conducteurs pour former une couche de siliciure pendant le processus de m\u00e9tallisation de la puce, ce qui r\u00e9duit efficacement la r\u00e9sistance de contact entre la source, le drain et le silicium et am\u00e9liore les performances de la puce.<\/p>\n<p>Circuits int\u00e9gr\u00e9s : Dans les circuits int\u00e9gr\u00e9s, le film TiSi\u2082 form\u00e9 par pulv\u00e9risation de la cible peut \u00eatre utilis\u00e9 dans le cadre des fils d\u2019interconnexion, ce qui am\u00e9liore la conductivit\u00e9 du circuit et la vitesse de transmission du signal, et am\u00e9liore l\u2019int\u00e9gration et l\u2019efficacit\u00e9 op\u00e9rationnelle des circuits int\u00e9gr\u00e9s.<\/p>\n<p>Champ photovolta\u00efque&nbsp;: Cible de pulv\u00e9risation de<span style=\"color: #000000;\"> siliciure de titane <\/span>TiSi2 utilis\u00e9e dans la pr\u00e9paration des mat\u00e9riaux d\u2019\u00e9lectrode pour les cellules photovolta\u00efques, elle peut am\u00e9liorer le contact \u00e9lectrique entre l\u2019\u00e9lectrode et le mat\u00e9riau semi-conducteur et am\u00e9liorer l\u2019efficacit\u00e9 de conversion photo\u00e9lectrique de la cellule.<\/p>\n<p>Domaine des syst\u00e8mes micro\u00e9lectrom\u00e9caniques (MEMS) : Dans la fabrication de dispositifs MEMS, les couches minces pulv\u00e9ris\u00e9es TiSi\u2082 peuvent \u00eatre utilis\u00e9es comme mat\u00e9riaux structurels ou conducteurs pour aider \u00e0 construire des composants m\u00e9caniques et \u00e9lectroniques de taille micro et nanom\u00e9trique, qui prennent en charge la miniaturisation et les hautes performances des dispositifs MEMS.<\/p>\n<p>Contr\u00f4le de la qualit\u00e9<\/p>\n<p><span style=\"color: #0000ff;\"><a style=\"color: #0000ff;\" href=\"https:\/\/vimaterial.de\/en\/quality-control\/\">Nos produits<\/a><\/span> sont soumis \u00e0 un syst\u00e8me strict de gestion de la qualit\u00e9. Il existe des normes d\u2019inspection strictes pour les mat\u00e9riaux entrants, le traitement, l\u2019inspection finale et l\u2019inspection d\u2019usine. Des mesures d\u2019isolement strictes sont prises pour le traitement non qualifi\u00e9 afin d\u2019\u00e9viter que les produits non qualifi\u00e9s ne passent au processus suivant. Des \u00e9chantillons sont fournis pour une r\u00e9inspection par le client selon les exigences du client.   <\/p>\n<p>Emballage et stockage<\/p>\n<p>Les cibles de pulv\u00e9risation en siliciure de titane TiSi2 sont emball\u00e9es dans des sacs sous vide \u00e0 double couche, puis emball\u00e9es dans des cartons \u00e0 l\u2019ext\u00e9rieur.<\/p>\n<p>Les cibles de pulv\u00e9risation du siliciure de titane TiSi\u2082 doivent \u00eatre stock\u00e9es dans un environnement sec, propre et bien ventil\u00e9 avec une temp\u00e9rature et une humidit\u00e9 relativement stables, \u00e9vitant l\u2019humidit\u00e9, l\u2019oxydation et la collision physique, la pollution, et en m\u00eame temps \u00eatre isol\u00e9es d\u2019autres substances susceptibles d\u2019avoir une r\u00e9action chimique, afin d\u2019\u00e9viter que ses performances et sa qualit\u00e9 ne soient endommag\u00e9es.<\/p>\n","protected":false},"excerpt":{"rendered":"<p><span style=\"color: #0000ff;\"><a style=\"color: #0000ff;\" href=\"https:\/\/vimaterial.de\/en\/product\/titanium-silicide-sputtering-target\/\">Siliciure de titane<\/a> <\/span>La cible de pulv\u00e9risation TiSi2 est une cible compos\u00e9e de titane et de silicium, principalement utilis\u00e9e dans les semi-conducteurs, les circuits int\u00e9gr\u00e9s et d\u2019autres domaines, gr\u00e2ce au processus de pulv\u00e9risation pour d\u00e9poser un film mince TiSi\u2082 utilis\u00e9 pour r\u00e9duire la r\u00e9sistance de contact, am\u00e9liorer les performances de l\u2019appareil et ainsi de suite \u00e0 bien des \u00e9gards.<\/p>\n","protected":false},"featured_media":1000897,"comment_status":"open","ping_status":"closed","template":"","meta":{"_acf_changed":false},"product_brand":[],"product_cat":[235],"product_tag":[],"class_list":{"0":"post-1012828","1":"product","2":"type-product","3":"status-publish","4":"has-post-thumbnail","6":"product_cat-cibles-de-pulverisation-planaire","8":"first","9":"instock","10":"shipping-taxable","11":"product-type-variable"},"acf":[],"_links":{"self":[{"href":"https:\/\/vimaterial.de\/fr\/wp-json\/wp\/v2\/product\/1012828","targetHints":{"allow":["GET"]}}],"collection":[{"href":"https:\/\/vimaterial.de\/fr\/wp-json\/wp\/v2\/product"}],"about":[{"href":"https:\/\/vimaterial.de\/fr\/wp-json\/wp\/v2\/types\/product"}],"replies":[{"embeddable":true,"href":"https:\/\/vimaterial.de\/fr\/wp-json\/wp\/v2\/comments?post=1012828"}],"wp:featuredmedia":[{"embeddable":true,"href":"https:\/\/vimaterial.de\/fr\/wp-json\/wp\/v2\/media\/1000897"}],"wp:attachment":[{"href":"https:\/\/vimaterial.de\/fr\/wp-json\/wp\/v2\/media?parent=1012828"}],"wp:term":[{"taxonomy":"product_brand","embeddable":true,"href":"https:\/\/vimaterial.de\/fr\/wp-json\/wp\/v2\/product_brand?post=1012828"},{"taxonomy":"product_cat","embeddable":true,"href":"https:\/\/vimaterial.de\/fr\/wp-json\/wp\/v2\/product_cat?post=1012828"},{"taxonomy":"product_tag","embeddable":true,"href":"https:\/\/vimaterial.de\/fr\/wp-json\/wp\/v2\/product_tag?post=1012828"}],"curies":[{"name":"wp","href":"https:\/\/api.w.org\/{rel}","templated":true}]}}