{"id":1012818,"date":"2024-06-17T14:28:54","date_gmt":"2024-06-17T06:28:54","guid":{"rendered":"https:\/\/vimaterial.de\/product\/siliciure-de-titane-2\/"},"modified":"2025-04-18T09:14:53","modified_gmt":"2025-04-18T01:14:53","slug":"siliciure-de-titane-2","status":"publish","type":"product","link":"https:\/\/vimaterial.de\/fr\/product\/siliciure-de-titane-2\/","title":{"rendered":"Siliciure de titane"},"content":{"rendered":"<p><span style=\"color: #0000ff;\"><a style=\"color: #0000ff;\" href=\"https:\/\/vimaterial.de\/en\/product\/titanium-silicide\/\">Siliciure de titane<\/a> <\/span>La poudre TiSi2 est une poudre grise avec un \u00e9clat m\u00e9tallique, qui poss\u00e8de un point de fusion \u00e9lev\u00e9 et une duret\u00e9 \u00e9lev\u00e9e, c\u2019est un bon mat\u00e9riau semi-conducteur et joue un r\u00f4le important dans le contact et l\u2019interconnexion dans la fabrication de circuits int\u00e9gr\u00e9s, ainsi que dans le domaine des mat\u00e9riaux r\u00e9sistants aux hautes temp\u00e9ratures et \u00e0 l\u2019usure.<\/p>\n<p>Nous fournissons diverses poudres chimiques inorganiques de haute puret\u00e9 avec d\u2019excellentes performances, un d\u00e9lai d\u2019ex\u00e9cution court, un petit MOQ et un stock suffisant. VImaterial prend \u00e9galement en charge la personnalisation et l\u2019exp\u00e9rimentation de tous les produits, n\u2019h\u00e9sitez pas \u00e0 <span style=\"color: #0000ff;\"><a style=\"color: #0000ff;\" href=\"https:\/\/vimaterial.de\/en\/contact-us\/\">nous contacter.<\/a><\/span><\/p>\n<h2><span style=\"font-size: 14pt;\">Propri\u00e9t\u00e9s<\/span><\/h2>\n<p>Formule mol\u00e9culaire : TiSi\u2082<\/p>\n<p>Poids mol\u00e9culaire : 104.039<\/p>\n<p>Aspect : poudre grise avec \u00e9clat m\u00e9tallique<\/p>\n<p>Densit\u00e9 : environ 4,39 g\/cm\u00b3.<\/p>\n<p>Point de fusion : environ 1540\u00b0C<\/p>\n<p>Structure cristalline : C49 (phase \u00e0 basse temp\u00e9rature) et C54 (phase \u00e0 haute temp\u00e9rature), C49 est un syst\u00e8me cristallin rhombo\u00e9drique, C54 est un syst\u00e8me \u00e0 cristaux cubiques centr\u00e9s sur la face, la phase C49 sera transform\u00e9e en phase C54 \u00e0 haute temp\u00e9rature.<\/p>\n<h2><span style=\"font-size: 14pt;\">Application<\/span><\/h2>\n<p>La poudre de siliciure de titane TiSi2 est utilis\u00e9e dans la fabrication de circuits int\u00e9gr\u00e9s comme mat\u00e9riau source pour la formation de siliciures m\u00e9talliques, ce qui peut r\u00e9duire efficacement la r\u00e9sistance de contact entre le m\u00e9tal et le semi-conducteur et am\u00e9liorer les performances et la stabilit\u00e9 des dispositifs \u00e9lectroniques.<\/p>\n<p>Mat\u00e9riaux \u00e0 haute temp\u00e9rature : Cette poudre peut \u00eatre utilis\u00e9e pour pr\u00e9parer des composants structurels \u00e0 haute temp\u00e9rature, en raison de son point de fusion \u00e9lev\u00e9 et de sa bonne stabilit\u00e9 \u00e0 haute temp\u00e9rature, elle peut r\u00e9sister \u00e0 des environnements \u00e0 haute temp\u00e9rature et est utilis\u00e9e dans la fabrication de composants \u00e0 haute temp\u00e9rature tels que les moteurs a\u00e9rospatiaux.<\/p>\n<p>Domaine des mat\u00e9riaux r\u00e9sistants \u00e0 l\u2019usure : La poudre de siliciure de titane TiSi2 peut \u00eatre utilis\u00e9e comme additif pour la fabrication de rev\u00eatements ou de composites r\u00e9sistants \u00e0 l\u2019usure afin d\u2019am\u00e9liorer la duret\u00e9 et la r\u00e9sistance \u00e0 l\u2019usure des surfaces des mat\u00e9riaux, et est utilis\u00e9e dans le traitement de surface des outils d\u2019usinage et des composants industriels r\u00e9sistants \u00e0 l\u2019usure.<\/p>\n<h2><span style=\"font-size: 14pt;\">Contr\u00f4le de la qualit\u00e9<\/span><\/h2>\n<p><span style=\"color: #0000ff;\"><a style=\"color: #0000ff;\" href=\"https:\/\/vimaterial.de\/en\/quality-control\/\">Nos produits<\/a><\/span> sont strictement conformes au syst\u00e8me de gestion de la qualit\u00e9. Il existe des normes d\u2019inspection strictes pour les mat\u00e9riaux entrants, le traitement, l\u2019inspection finale et l\u2019inspection d\u2019usine. Des mesures d\u2019isolement strictes sont prises pour le traitement non qualifi\u00e9 afin d\u2019\u00e9viter que les produits non qualifi\u00e9s ne passent au processus suivant. Des \u00e9chantillons sont fournis pour la r\u00e9inspection des clients selon les exigences des clients.   <\/p>\n<h2><span style=\"font-size: 14pt;\">Emballage et stockage<\/span><\/h2>\n<p>La poudre de siliciure de titane TiSi2 est emball\u00e9e dans des sacs sous vide doubles ou des bouteilles sous vide, et emball\u00e9e dans des cartons ou des f\u00fbts en papier.<\/p>\n<p>La poudre de siliciure de titane TiSi\u2082 doit \u00eatre stock\u00e9e dans un environnement sec, frais et bien ventil\u00e9, scell\u00e9e pour \u00e9viter tout contact avec l\u2019air, l\u2019humidit\u00e9 et les substances corrosives, et tenue \u00e0 l\u2019\u00e9cart des sources de chaleur et d\u2019incendie pour \u00e9viter que les propri\u00e9t\u00e9s ne changent en raison de l\u2019humidit\u00e9, de l\u2019oxydation ou de la temp\u00e9rature \u00e9lev\u00e9e.<\/p>\n","protected":false},"excerpt":{"rendered":"<p>La poudre de siliciure de titane TiSi2 est une poudre grise avec un \u00e9clat m\u00e9tallique, qui poss\u00e8de un point de fusion \u00e9lev\u00e9 et une duret\u00e9 \u00e9lev\u00e9e, c\u2019est un bon mat\u00e9riau semi-conducteur et joue un r\u00f4le important dans le contact et l\u2019interconnexion dans la fabrication de circuits int\u00e9gr\u00e9s, ainsi que dans le domaine des mat\u00e9riaux r\u00e9sistants aux hautes temp\u00e9ratures et \u00e0 l\u2019usure.<\/p>\n","protected":false},"featured_media":1000890,"comment_status":"open","ping_status":"closed","template":"","meta":{"_acf_changed":false},"product_brand":[],"product_cat":[240],"product_tag":[],"class_list":{"0":"post-1012818","1":"product","2":"type-product","3":"status-publish","4":"has-post-thumbnail","6":"product_cat-materiaux-c-n-b-si","8":"first","9":"instock","10":"shipping-taxable","11":"purchasable","12":"product-type-variable"},"acf":[],"_links":{"self":[{"href":"https:\/\/vimaterial.de\/fr\/wp-json\/wp\/v2\/product\/1012818","targetHints":{"allow":["GET"]}}],"collection":[{"href":"https:\/\/vimaterial.de\/fr\/wp-json\/wp\/v2\/product"}],"about":[{"href":"https:\/\/vimaterial.de\/fr\/wp-json\/wp\/v2\/types\/product"}],"replies":[{"embeddable":true,"href":"https:\/\/vimaterial.de\/fr\/wp-json\/wp\/v2\/comments?post=1012818"}],"wp:featuredmedia":[{"embeddable":true,"href":"https:\/\/vimaterial.de\/fr\/wp-json\/wp\/v2\/media\/1000890"}],"wp:attachment":[{"href":"https:\/\/vimaterial.de\/fr\/wp-json\/wp\/v2\/media?parent=1012818"}],"wp:term":[{"taxonomy":"product_brand","embeddable":true,"href":"https:\/\/vimaterial.de\/fr\/wp-json\/wp\/v2\/product_brand?post=1012818"},{"taxonomy":"product_cat","embeddable":true,"href":"https:\/\/vimaterial.de\/fr\/wp-json\/wp\/v2\/product_cat?post=1012818"},{"taxonomy":"product_tag","embeddable":true,"href":"https:\/\/vimaterial.de\/fr\/wp-json\/wp\/v2\/product_tag?post=1012818"}],"curies":[{"name":"wp","href":"https:\/\/api.w.org\/{rel}","templated":true}]}}