{"id":1012802,"date":"2024-06-17T14:28:59","date_gmt":"2024-06-17T06:28:59","guid":{"rendered":"https:\/\/vimaterial.de\/product\/titane-vanadium-zirconium-niobium-hafnium\/"},"modified":"2025-04-18T08:54:49","modified_gmt":"2025-04-18T00:54:49","slug":"titane-vanadium-zirconium-niobium-hafnium","status":"publish","type":"product","link":"https:\/\/vimaterial.de\/fr\/product\/titane-vanadium-zirconium-niobium-hafnium\/","title":{"rendered":"Titane Vanadium Zirconium Niobium Hafnium"},"content":{"rendered":"<p>Titane Vanadium Zirconium Niobium Hafnium La cible de pulv\u00e9risation est une cible composite compos\u00e9e de titane, de vanadium, de zirconium, de niobium, d\u2019hafnium et de nombreux autres m\u00e9taux, gr\u00e2ce au processus de pulv\u00e9risation dans le d\u00e9p\u00f4t de films minces contenant ces \u00e9l\u00e9ments m\u00e9talliques sur le substrat, le film dans l\u2019a\u00e9rospatiale, l\u2019\u00e9lectronique, l\u2019\u00e9nergie et d\u2019autres domaines avec des propri\u00e9t\u00e9s de surface am\u00e9lior\u00e9es, une r\u00e9sistance \u00e0 la corrosion et Ces films ont de nombreuses applications potentielles dans l\u2019a\u00e9rospatiale,  l\u2019\u00e9lectronique, l\u2019\u00e9nergie et d\u2019autres domaines, tels que l\u2019am\u00e9lioration des propri\u00e9t\u00e9s de surface des mat\u00e9riaux, l\u2019am\u00e9lioration de la r\u00e9sistance \u00e0 la corrosion et \u00e0 l\u2019oxydation.<\/p>\n<p>Nous fournissons des cibles de pulv\u00e9risation de titane vanadium zirconium niobium hafnium, VIMATERIAL peut \u00e9galement fournir un service de liaison de cibles, nos produits sont soumis \u00e0 la personnalisation et \u00e0 l\u2019exp\u00e9rimentation, veuillez <span style=\"color: #0000ff;\"><a style=\"color: #0000ff;\" href=\"https:\/\/vimaterial.de\/en\/contact-us\/\">nous contacter<\/a><\/span> si vous en avez besoin.<\/p>\n<p>Caract\u00e9ristiques<\/p>\n<p>Formule mol\u00e9culaire : TiVZrNbHf<\/p>\n<p>Poids mol\u00e9culaire : environ 112,29<\/p>\n<p>Apparence&nbsp;: Solide avec un \u00e9clat m\u00e9tallique gris argent\u00e9.<\/p>\n<p>Structure cristalline : Peut contenir diverses structures de phase, telles que cubique centr\u00e9e sur le corps, hexagonale dens\u00e9ment dispos\u00e9e, etc.<\/p>\n<p>Applications<\/p>\n<p>A\u00e9rospatiale : Titane Vanadium Zirconium Niobium Les cibles de pulv\u00e9risation Hafnium sont utilis\u00e9es pour le rev\u00eatement de surface des pi\u00e8ces a\u00e9rospatiales afin d\u2019am\u00e9liorer la r\u00e9sistance du mat\u00e9riau aux temp\u00e9ratures \u00e9lev\u00e9es et \u00e0 l\u2019abrasion et de r\u00e9duire le poids des pi\u00e8ces, am\u00e9liorant ainsi les performances et l\u2019efficacit\u00e9 \u00e9nerg\u00e9tique de l\u2019avion.<\/p>\n<p>\u00c9lectronique : Dans la fabrication \u00e9lectronique, les cibles de pulv\u00e9risation sont utilis\u00e9es pour d\u00e9poser des couches minces qui am\u00e9liorent la conductivit\u00e9 \u00e9lectrique, la r\u00e9sistance \u00e0 la corrosion et les performances \u00e0 haute fr\u00e9quence, permettant la fabrication de circuits int\u00e9gr\u00e9s et de composants \u00e9lectroniques haute performance.<\/p>\n<p>\u00c9nergie : Le traitement de surface des dispositifs de stockage d\u2019\u00e9nergie (par exemple, les \u00e9lectrodes de batterie) et des dispositifs de conversion d\u2019\u00e9nergie (par exemple, les composants de piles \u00e0 combustible) am\u00e9liore leurs propri\u00e9t\u00e9s \u00e9lectrochimiques, prolonge leur dur\u00e9e de vie et optimise l\u2019efficacit\u00e9 \u00e9nerg\u00e9tique.<\/p>\n<p>Dispositifs m\u00e9dicaux : Le d\u00e9p\u00f4t de couches minces \u00e0 la surface des dispositifs m\u00e9dicaux peut am\u00e9liorer la biocompatibilit\u00e9, les propri\u00e9t\u00e9s antimicrobiennes et la r\u00e9sistance \u00e0 l\u2019usure des dispositifs, ce qui contribue \u00e0 la fabrication d\u2019implants m\u00e9dicaux et d\u2019instruments chirurgicaux plus s\u00fbrs et plus efficaces.<\/p>\n<p>Contr\u00f4le de la qualit\u00e9<\/p>\n<p><span style=\"color: #0000ff;\"><a style=\"color: #0000ff;\" href=\"https:\/\/vimaterial.de\/en\/quality-control\/\">Nos produits<\/a> <\/span>sont soumis \u00e0 un syst\u00e8me strict de gestion de la qualit\u00e9. Il existe des normes d\u2019inspection strictes pour les mat\u00e9riaux entrants, le traitement, l\u2019inspection finale et l\u2019inspection d\u2019usine. Des mesures d\u2019isolement strictes sont prises pour le traitement non qualifi\u00e9 afin d\u2019\u00e9viter que les produits non qualifi\u00e9s ne passent au processus suivant. Des \u00e9chantillons sont fournis pour une r\u00e9inspection par le client selon les exigences du client.   <\/p>\n<p>Emballage et stockage<\/p>\n<p>Titane Vanadium Zirconium Niobium Les cibles de pulv\u00e9risation Hafnium sont emball\u00e9es dans des sacs sous vide \u00e0 double couche, puis emball\u00e9es et emball\u00e9es dans des cartons \u00e0 l\u2019ext\u00e9rieur.<\/p>\n<p>Les cibles de pulv\u00e9risation cathodique doivent \u00eatre stock\u00e9es dans un environnement sec, propre, \u00e0 temp\u00e9rature constante et bien ventil\u00e9, en \u00e9vitant l\u2019humidit\u00e9, l\u2019oxydation, la contamination par des impuret\u00e9s et des dommages physiques, et \u00e0 l\u2019abri du feu et des substances corrosives fortes.<\/p>\n","protected":false},"excerpt":{"rendered":"<p>Titane Vanadium Zirconium Niobium Hafnium La cible de pulv\u00e9risation est une cible composite compos\u00e9e de titane, de vanadium, de zirconium, de niobium, d\u2019hafnium et de nombreux autres m\u00e9taux, gr\u00e2ce au processus de pulv\u00e9risation dans le d\u00e9p\u00f4t de films minces contenant ces \u00e9l\u00e9ments m\u00e9talliques sur le substrat, le film dans l\u2019a\u00e9rospatiale, l\u2019\u00e9lectronique, l\u2019\u00e9nergie et d\u2019autres domaines avec des propri\u00e9t\u00e9s de surface am\u00e9lior\u00e9es, une r\u00e9sistance \u00e0 la corrosion et Ces films ont de nombreuses applications potentielles dans l\u2019a\u00e9rospatiale,  l\u2019\u00e9lectronique, l\u2019\u00e9nergie et d\u2019autres domaines, tels que l\u2019am\u00e9lioration des propri\u00e9t\u00e9s de surface des mat\u00e9riaux, l\u2019am\u00e9lioration de la r\u00e9sistance \u00e0 la corrosion et \u00e0 l\u2019oxydation.<\/p>\n","protected":false},"featured_media":1000915,"comment_status":"open","ping_status":"closed","template":"","meta":{"_acf_changed":false},"product_brand":[],"product_cat":[235],"product_tag":[],"class_list":{"0":"post-1012802","1":"product","2":"type-product","3":"status-publish","4":"has-post-thumbnail","6":"product_cat-cibles-de-pulverisation-planaire","8":"first","9":"instock","10":"shipping-taxable","11":"product-type-variable"},"acf":[],"_links":{"self":[{"href":"https:\/\/vimaterial.de\/fr\/wp-json\/wp\/v2\/product\/1012802","targetHints":{"allow":["GET"]}}],"collection":[{"href":"https:\/\/vimaterial.de\/fr\/wp-json\/wp\/v2\/product"}],"about":[{"href":"https:\/\/vimaterial.de\/fr\/wp-json\/wp\/v2\/types\/product"}],"replies":[{"embeddable":true,"href":"https:\/\/vimaterial.de\/fr\/wp-json\/wp\/v2\/comments?post=1012802"}],"wp:featuredmedia":[{"embeddable":true,"href":"https:\/\/vimaterial.de\/fr\/wp-json\/wp\/v2\/media\/1000915"}],"wp:attachment":[{"href":"https:\/\/vimaterial.de\/fr\/wp-json\/wp\/v2\/media?parent=1012802"}],"wp:term":[{"taxonomy":"product_brand","embeddable":true,"href":"https:\/\/vimaterial.de\/fr\/wp-json\/wp\/v2\/product_brand?post=1012802"},{"taxonomy":"product_cat","embeddable":true,"href":"https:\/\/vimaterial.de\/fr\/wp-json\/wp\/v2\/product_cat?post=1012802"},{"taxonomy":"product_tag","embeddable":true,"href":"https:\/\/vimaterial.de\/fr\/wp-json\/wp\/v2\/product_tag?post=1012802"}],"curies":[{"name":"wp","href":"https:\/\/api.w.org\/{rel}","templated":true}]}}