{"id":1012755,"date":"2024-06-17T14:29:39","date_gmt":"2024-06-17T06:29:39","guid":{"rendered":"https:\/\/vimaterial.de\/product\/titane-zirconium\/"},"modified":"2025-04-18T08:49:16","modified_gmt":"2025-04-18T00:49:16","slug":"titane-zirconium","status":"publish","type":"product","link":"https:\/\/vimaterial.de\/fr\/product\/titane-zirconium\/","title":{"rendered":"Titane Zirconium"},"content":{"rendered":"<p>La cible de pulv\u00e9risation cathodique en titane et en zirconium est un mat\u00e9riau compos\u00e9 de titane et de zirconium pour le d\u00e9p\u00f4t physique en phase vapeur, g\u00e9n\u00e9ralement d\u2019apparence m\u00e9tallique, et est principalement utilis\u00e9 dans le domaine de la fabrication de dispositifs \u00e9lectroniques, du rev\u00eatement optique et du rev\u00eatement d\u00e9coratif.<\/p>\n<p>VIMATERIAL fournit \u00e9galement divers types de cibles en alliage, nos cibles de pulv\u00e9risation en titane et zirconium ont un point de fusion \u00e9lev\u00e9, une bonne stabilit\u00e9 chimique et d\u2019excellentes performances de pulv\u00e9risation, nous sommes sp\u00e9cialis\u00e9s dans les mat\u00e9riaux m\u00e9talliques chimiques inorganiques, si vous avez des exigences, veuillez<span style=\"color: #0000ff;\"> <a style=\"color: #0000ff;\" href=\"https:\/\/vimaterial.de\/en\/contact-us\/\">nous contacter<\/a>.<\/span><\/p>\n<h2><span style=\"font-size: 14pt;\">Propri\u00e9t\u00e9s<\/span><\/h2>\n<p>Formule mol\u00e9culaire : TiZr<\/p>\n<p>Apparence&nbsp;: Cibles m\u00e9talliques g\u00e9n\u00e9ralement gris argent\u00e9<\/p>\n<p>Structure cristalline : g\u00e9n\u00e9ralement polycristalline<\/p>\n<h2><span style=\"font-size: 14pt;\">Applications<\/span><\/h2>\n<p>Industrie des semi-conducteurs : Dans la fabrication de semi-conducteurs, les cibles de pulv\u00e9risation TiZr sont utilis\u00e9es pour d\u00e9poser des films m\u00e9talliques ultra-minces et de haute puret\u00e9 afin de r\u00e9guler avec pr\u00e9cision les propri\u00e9t\u00e9s \u00e9lectriques des puces et d\u2019am\u00e9liorer leur vitesse de calcul et leur stabilit\u00e9.<\/p>\n<p>Rev\u00eatement optique : Les cibles de pulv\u00e9risation TiZr sont utilis\u00e9es pour recouvrir les lentilles optiques de leur capacit\u00e9 \u00e0 r\u00e9guler des longueurs d\u2019onde sp\u00e9cifiques de la lumi\u00e8re, r\u00e9duisant efficacement les reflets et am\u00e9liorant la transmission de la lumi\u00e8re pour r\u00e9pondre aux besoins des instruments optiques de haute pr\u00e9cision.<\/p>\n<p>Champ d\u2019affichage \u00e9lectronique : Les cibles de pulv\u00e9risation TiZr sont impliqu\u00e9es dans la fabrication des \u00e9crans, optimisant les performances des \u00e9lectrodes gr\u00e2ce au d\u00e9p\u00f4t de couches minces, permettant aux \u00e9crans d\u2019avoir des vitesses de r\u00e9ponse plus rapides et une consommation d\u2019\u00e9nergie plus faible, et am\u00e9liorant les effets d\u2019affichage.<\/p>\n<p>Champ solaire photovolta\u00efque : Utilis\u00e9es dans la production de panneaux solaires, les cibles de pulv\u00e9risation TiZr peuvent r\u00e9duire la r\u00e9sistance de surface de la batterie, am\u00e9liorer l\u2019efficacit\u00e9 de la conversion photo\u00e9lectrique et contribuer au d\u00e9veloppement de l\u2019\u00e9nergie propre.<\/p>\n<h2><span style=\"font-size: 14pt;\">Contr\u00f4le de la qualit\u00e9<\/span><\/h2>\n<p><span style=\"color: #0000ff;\"><a style=\"color: #0000ff;\" href=\"https:\/\/vimaterial.de\/en\/quality-control\/\">Nos produits<\/a><\/span> sont soumis au syst\u00e8me de gestion de la qualit\u00e9 le plus strict. Il existe des normes d\u2019inspection strictes pour les mat\u00e9riaux entrants, les processus, l\u2019inspection finale et l\u2019inspection d\u2019usine. Des mesures d\u2019isolement strictes sont prises pour le traitement non qualifi\u00e9 afin d\u2019\u00e9viter que les produits non qualifi\u00e9s ne passent au processus suivant. Des \u00e9chantillons sont fournis pour la r\u00e9inspection des clients selon les exigences des clients.   <\/p>\n<h2><span style=\"font-size: 14pt;\">Emballage et stockage<\/span><\/h2>\n<p>Les cibles de pulv\u00e9risation en titane et zirconium sont envelopp\u00e9es dans un mat\u00e9riau souple et emball\u00e9es sous vide \u00e0 l\u2019int\u00e9rieur, puis emball\u00e9es dans une bo\u00eete en carton\/bois \u00e0 l\u2019ext\u00e9rieur.<\/p>\n<p>Les cibles de pulv\u00e9risation en titane et zirconium doivent \u00eatre stock\u00e9es dans un environnement sec, propre et bien ventil\u00e9 avec une temp\u00e9rature et une humidit\u00e9 relativement stables, en \u00e9vitant le contact avec des gaz et des liquides corrosifs, en emp\u00eachant l\u2019oxydation de l\u2019humidit\u00e9 et en m\u00eame temps en veillant \u00e0 ce que les cibles soient plac\u00e9es dans une position stable, en \u00e9vitant les collisions et les vibrations violentes qui peuvent endommager la surface de la cible.<\/p>\n","protected":false},"excerpt":{"rendered":"<p>La cible de pulv\u00e9risation cathodique en titane et en zirconium est un mat\u00e9riau compos\u00e9 de titane et de zirconium pour le d\u00e9p\u00f4t physique en phase vapeur, g\u00e9n\u00e9ralement d\u2019apparence m\u00e9tallique, et est principalement utilis\u00e9 dans le domaine de la fabrication de dispositifs \u00e9lectroniques, du rev\u00eatement optique et du rev\u00eatement d\u00e9coratif.<\/p>\n","protected":false},"featured_media":1000929,"comment_status":"open","ping_status":"closed","template":"","meta":{"_acf_changed":false},"product_brand":[],"product_cat":[235],"product_tag":[],"class_list":{"0":"post-1012755","1":"product","2":"type-product","3":"status-publish","4":"has-post-thumbnail","6":"product_cat-cibles-de-pulverisation-planaire","8":"first","9":"instock","10":"shipping-taxable","11":"product-type-variable"},"acf":[],"_links":{"self":[{"href":"https:\/\/vimaterial.de\/fr\/wp-json\/wp\/v2\/product\/1012755","targetHints":{"allow":["GET"]}}],"collection":[{"href":"https:\/\/vimaterial.de\/fr\/wp-json\/wp\/v2\/product"}],"about":[{"href":"https:\/\/vimaterial.de\/fr\/wp-json\/wp\/v2\/types\/product"}],"replies":[{"embeddable":true,"href":"https:\/\/vimaterial.de\/fr\/wp-json\/wp\/v2\/comments?post=1012755"}],"wp:featuredmedia":[{"embeddable":true,"href":"https:\/\/vimaterial.de\/fr\/wp-json\/wp\/v2\/media\/1000929"}],"wp:attachment":[{"href":"https:\/\/vimaterial.de\/fr\/wp-json\/wp\/v2\/media?parent=1012755"}],"wp:term":[{"taxonomy":"product_brand","embeddable":true,"href":"https:\/\/vimaterial.de\/fr\/wp-json\/wp\/v2\/product_brand?post=1012755"},{"taxonomy":"product_cat","embeddable":true,"href":"https:\/\/vimaterial.de\/fr\/wp-json\/wp\/v2\/product_cat?post=1012755"},{"taxonomy":"product_tag","embeddable":true,"href":"https:\/\/vimaterial.de\/fr\/wp-json\/wp\/v2\/product_tag?post=1012755"}],"curies":[{"name":"wp","href":"https:\/\/api.w.org\/{rel}","templated":true}]}}