{"id":1012692,"date":"2024-06-17T14:29:42","date_gmt":"2024-06-17T06:29:42","guid":{"rendered":"https:\/\/vimaterial.de\/product\/vanadium-metal-3\/"},"modified":"2025-04-17T17:48:45","modified_gmt":"2025-04-17T09:48:45","slug":"vanadium-metal-3","status":"publish","type":"product","link":"https:\/\/vimaterial.de\/fr\/product\/vanadium-metal-3\/","title":{"rendered":"Vanadium m\u00e9tal"},"content":{"rendered":"<p><span style=\"color: #0000ff;\"><a style=\"color: #0000ff;\" href=\"https:\/\/vimaterial.de\/en\/product\/vanadium-sputtering-target\/\">Le fil de vanadium<\/a><\/span> est un mat\u00e9riau filamenteux en vanadium m\u00e9tallique avec un aspect gris argent\u00e9, une bonne flexibilit\u00e9, un point de fusion \u00e9lev\u00e9 et une r\u00e9sistance \u00e0 la corrosion, principalement utilis\u00e9 dans l\u2019industrie \u00e9lectronique comme fils ou \u00e9l\u00e9ments chauffants, \u00e9galement utilis\u00e9 dans l\u2019a\u00e9rospatiale, la m\u00e9tallurgie et d\u2019autres domaines pour fabriquer des pi\u00e8ces sp\u00e9ciales et des mat\u00e9riaux d\u2019alliage.<\/p>\n<p>VIMATERIAL fournit du fil de vanadium, notre soci\u00e9t\u00e9 fournit du fil de vanadium de haute puret\u00e9, une faible teneur en impuret\u00e9s, une bonne flexibilit\u00e9 et une r\u00e9sistance \u00e0 la corrosion. Nous avons un bon service apr\u00e8s-vente, un stock suffisant et acceptons la personnalisation et l\u2019exp\u00e9rimentation des produits. Nous sommes un fournisseur professionnel de mati\u00e8res premi\u00e8res chimiques inorganiques, veuillez <span style=\"color: #0000ff;\"><a style=\"color: #0000ff;\" href=\"https:\/\/vimaterial.de\/en\/contact-us\/\">nous contacter<\/a><\/span> pour tous vos besoins.  <\/p>\n<h2><span style=\"font-size: 14pt;\">Propri\u00e9t\u00e9s physiques<\/span><\/h2>\n<p>Formule mol\u00e9culaire : V<\/p>\n<p>Poids mol\u00e9culaire : 50,9415<\/p>\n<p>Apparence&nbsp;: Filament gris argent\u00e9, surface lisse<\/p>\n<p>Densit\u00e9 : environ 6,0 &#8211; 6,11 g\/cm\u00b3.<\/p>\n<p>Point de fusion : 1890\u00b0C &#8211; 1910\u00b0C<\/p>\n<p>Point d\u2019\u00e9bullition : 3380\u00b0C &#8211; 3407\u00b0C<\/p>\n<p>Structure cristalline : treillis cubique centr\u00e9 sur le corps<\/p>\n<h2><span style=\"font-size: 14pt;\">Applications<\/span><\/h2>\n<p>Industrie \u00e9lectronique : Dans l\u2019industrie \u00e9lectronique, le fil de vanadium est souvent utilis\u00e9 comme conducteur d\u2019instruments de pr\u00e9cision pour assurer une transmission de signal stable en raison de sa bonne conductivit\u00e9 et de sa flexibilit\u00e9.<\/p>\n<p>A\u00e9rospatiale : Le fil de vanadium est utilis\u00e9 dans l\u2019industrie a\u00e9rospatiale, o\u00f9 son point de fusion \u00e9lev\u00e9 et sa r\u00e9sistance \u00e0 la corrosion sont utilis\u00e9s pour fabriquer des fils de connexion pour les composants \u00e0 haute temp\u00e9rature des moteurs d\u2019avion, assurant ainsi le fonctionnement des syst\u00e8mes critiques.<\/p>\n<p>\u00c9nergie : Dans l\u2019industrie de l\u2019\u00e9nergie, le fil de vanadium est utilis\u00e9 comme composant cl\u00e9 dans les \u00e9lectrodes des batteries au vanadium, en utilisant la nature polyvalente de l\u2019\u00e9l\u00e9ment pour r\u00e9aliser un stockage et une conversion efficaces de l\u2019\u00e9nergie \u00e9lectrique.<\/p>\n<p>M\u00e9tallurgie : Dans l\u2019industrie m\u00e9tallurgique, le fil de vanadium est utilis\u00e9 comme additif dans le m\u00e9tal en fusion pour affiner la taille des grains et aider \u00e0 produire des aciers alli\u00e9s \u00e0 haute r\u00e9sistance avec des propri\u00e9t\u00e9s de mat\u00e9riau am\u00e9lior\u00e9es.<\/p>\n<h2><span style=\"font-size: 14pt;\">Contr\u00f4le de la qualit\u00e9<\/span><\/h2>\n<p><span style=\"color: #0000ff;\"><a style=\"color: #0000ff;\" href=\"https:\/\/vimaterial.de\/en\/quality-control\/\">Chaque lot<\/a><\/span> de produits suit des principes stricts de contr\u00f4le de la qualit\u00e9, garantissant que chaque lot de mat\u00e9riaux provenant de l\u2019achat de mati\u00e8res premi\u00e8res, de la transformation et des produits finis hors de l\u2019entrep\u00f4t est \u00e9quip\u00e9 d\u2019instruments avanc\u00e9s, de normes d\u2019inspection strictes et de registres d\u2019inspection parfaits pour garantir que la qualit\u00e9 du produit peut \u00eatre contr\u00f4l\u00e9e et la tra\u00e7abilit\u00e9 du produit, et chaque lot de produits est accompagn\u00e9 d\u2019une fiche signal\u00e9tique,  Rapports COA, TDS, PSD et XRD, etc. Nous fournissons \u00e9galement des \u00e9chantillons de chaque lot de produits. Chaque lot de produits fournira des \u00e9chantillons aux clients, aidera \u00e9galement les clients \u00e0 demander \u00e0 des organismes de test tiers de tester les produits.  <\/p>\n<h2><span style=\"font-size: 14pt;\">Emballage et stockage<\/span><\/h2>\n<p>Le fil de vanadium est emball\u00e9 dans des caisses en bois apr\u00e8s un double ensachage.<\/p>\n<p>Le fil de vanadium doit \u00eatre stock\u00e9 dans un environnement sec, frais et bien ventil\u00e9, en \u00e9vitant le contact avec l\u2019eau et les produits chimiques corrosifs, en pr\u00e9venant l\u2019humidit\u00e9 et l\u2019oxydation, et en \u00e9vitant la flexion et la d\u00e9formation ou les dommages physiques.<\/p>\n","protected":false},"excerpt":{"rendered":"<p><span style=\"color: #0000ff;\"><a style=\"color: #0000ff;\" href=\"https:\/\/vimaterial.de\/en\/product\/vanadium-sputtering-target\/\">Le fil de vanadium<\/a><\/span> est un mat\u00e9riau filamenteux en vanadium m\u00e9tallique avec un aspect gris argent\u00e9, une bonne flexibilit\u00e9, un point de fusion \u00e9lev\u00e9 et une r\u00e9sistance \u00e0 la corrosion, principalement utilis\u00e9 dans l\u2019industrie \u00e9lectronique comme fils ou \u00e9l\u00e9ments chauffants, \u00e9galement utilis\u00e9 dans l\u2019a\u00e9rospatiale, la m\u00e9tallurgie et d\u2019autres domaines pour fabriquer des pi\u00e8ces sp\u00e9ciales et des mat\u00e9riaux d\u2019alliage.<\/p>\n","protected":false},"featured_media":1000983,"comment_status":"open","ping_status":"closed","template":"","meta":{"_acf_changed":false},"product_brand":[],"product_cat":[245],"product_tag":[],"class_list":{"0":"post-1012692","1":"product","2":"type-product","3":"status-publish","4":"has-post-thumbnail","6":"product_cat-profil-fr","8":"first","9":"instock","10":"shipping-taxable","11":"purchasable","12":"product-type-variable"},"acf":[],"_links":{"self":[{"href":"https:\/\/vimaterial.de\/fr\/wp-json\/wp\/v2\/product\/1012692","targetHints":{"allow":["GET"]}}],"collection":[{"href":"https:\/\/vimaterial.de\/fr\/wp-json\/wp\/v2\/product"}],"about":[{"href":"https:\/\/vimaterial.de\/fr\/wp-json\/wp\/v2\/types\/product"}],"replies":[{"embeddable":true,"href":"https:\/\/vimaterial.de\/fr\/wp-json\/wp\/v2\/comments?post=1012692"}],"wp:featuredmedia":[{"embeddable":true,"href":"https:\/\/vimaterial.de\/fr\/wp-json\/wp\/v2\/media\/1000983"}],"wp:attachment":[{"href":"https:\/\/vimaterial.de\/fr\/wp-json\/wp\/v2\/media?parent=1012692"}],"wp:term":[{"taxonomy":"product_brand","embeddable":true,"href":"https:\/\/vimaterial.de\/fr\/wp-json\/wp\/v2\/product_brand?post=1012692"},{"taxonomy":"product_cat","embeddable":true,"href":"https:\/\/vimaterial.de\/fr\/wp-json\/wp\/v2\/product_cat?post=1012692"},{"taxonomy":"product_tag","embeddable":true,"href":"https:\/\/vimaterial.de\/fr\/wp-json\/wp\/v2\/product_tag?post=1012692"}],"curies":[{"name":"wp","href":"https:\/\/api.w.org\/{rel}","templated":true}]}}