{"id":1012682,"date":"2024-06-17T14:29:42","date_gmt":"2024-06-17T06:29:42","guid":{"rendered":"https:\/\/vimaterial.de\/product\/vanadium-metal-2\/"},"modified":"2025-04-17T17:53:28","modified_gmt":"2025-04-17T09:53:28","slug":"vanadium-metal-2","status":"publish","type":"product","link":"https:\/\/vimaterial.de\/fr\/product\/vanadium-metal-2\/","title":{"rendered":"Vanadium m\u00e9tal"},"content":{"rendered":"<p><span style=\"color: #0000ff;\"><a style=\"color: #0000ff;\" href=\"https:\/\/vimaterial.de\/en\/product\/vanadium-sputtering-target\/\">Le lingot de vanadium<\/a><\/span> est un vanadium m\u00e9tal en forme de lingot avec un point de fusion \u00e9lev\u00e9, une bonne r\u00e9sistance et une r\u00e9sistance \u00e0 la corrosion. Il est principalement utilis\u00e9 dans l\u2019industrie m\u00e9tallurgique comme additif d\u2019alliage pour renforcer les propri\u00e9t\u00e9s des mat\u00e9riaux m\u00e9talliques, et est \u00e9galement utilis\u00e9 dans la fabrication de pi\u00e8ces haute performance et de mat\u00e9riaux sp\u00e9cialis\u00e9s dans les domaines de l\u2019a\u00e9rospatiale, de l\u2019\u00e9lectronique et de la chimie. <\/p>\n<p>VIMATERIAL fournit du lingot de vanadium. Le lingot de vanadium fourni par notre soci\u00e9t\u00e9 se caract\u00e9rise par une grande puret\u00e9, une tr\u00e8s faible teneur en impuret\u00e9s, une bonne apparence et des dimensions pr\u00e9cises. Nous avons un bon service apr\u00e8s-vente, un stock suffisant et acceptons la personnalisation et l\u2019exp\u00e9rimentation des produits. Nous sommes un fournisseur professionnel de mati\u00e8res premi\u00e8res chimiques inorganiques, veuillez <span style=\"color: #0000ff;\"><a style=\"color: #0000ff;\" href=\"https:\/\/vimaterial.de\/en\/contact-us\/\">nous contacter<\/a><\/span> pour tous vos besoins.   <\/p>\n<h2><span style=\"font-size: 14pt;\">Propri\u00e9t\u00e9s physiques<\/span><\/h2>\n<p>Formule mol\u00e9culaire : V<\/p>\n<p>Poids mol\u00e9culaire : 50,9415<\/p>\n<p>Apparence&nbsp;: g\u00e9n\u00e9ralement m\u00e9tal blanc argent\u00e9<\/p>\n<p>Densit\u00e9 : environ 6,11 g\/cm\u00b3.<\/p>\n<p>Point de fusion : environ 1890\u00b0C<\/p>\n<p>Point d\u2019\u00e9bullition : 3380\u00b0C<\/p>\n<p>Structure cristalline : treillis cubique centr\u00e9 sur le corps<\/p>\n<h2><span style=\"font-size: 14pt;\">Applications<\/span><\/h2>\n<p>M\u00e9tallurgie du fer et de l\u2019acier : Le lingot de vanadium est utilis\u00e9 comme mati\u00e8re premi\u00e8re d\u2019alliage pour l\u2019acier, ce qui am\u00e9liore consid\u00e9rablement la r\u00e9sistance et la t\u00e9nacit\u00e9 de l\u2019acier, et est utilis\u00e9 dans la production d\u2019acier \u00e0 haute r\u00e9sistance pour la construction et la fabrication de machines.<\/p>\n<p>A\u00e9rospatiale : Gr\u00e2ce \u00e0 son point de fusion \u00e9lev\u00e9 et \u00e0 ses propri\u00e9t\u00e9s l\u00e9g\u00e8res, le lingot de vanadium permet de cr\u00e9er des composants l\u00e9gers et r\u00e9sistants \u00e0 la chaleur pour les avions, assurant ainsi la s\u00e9curit\u00e9 et l\u2019efficacit\u00e9 des vols.<\/p>\n<p>Stockage de l\u2019\u00e9nergie : Le lingot de vanadium est le mat\u00e9riau de base des batteries au vanadium, qui s\u2019appuient sur les changements de valence du vanadium pour stocker l\u2019\u00e9nergie et fournir une \u00e9nergie stable pour soutenir les nouvelles sources d\u2019\u00e9nergie connect\u00e9es au r\u00e9seau.<\/p>\n<p>Industrie chimique : Le lingot de vanadium est utilis\u00e9 comme catalyseur pour acc\u00e9l\u00e9rer les r\u00e9actions chimiques et faciliter la synth\u00e8se efficace des produits chimiques fins.<\/p>\n<p>\u00c9lectronique : Utilis\u00e9 dans la fabrication de composants \u00e9lectroniques, le lingot de vanadium conf\u00e8re aux produits des propri\u00e9t\u00e9s \u00e9lectriques particuli\u00e8res qui optimisent les performances des appareils \u00e9lectroniques.<\/p>\n<h2><span style=\"font-size: 14pt;\">Contr\u00f4le de la qualit\u00e9<\/span><\/h2>\n<p><span style=\"color: #0000ff;\"><a style=\"color: #0000ff;\" href=\"https:\/\/vimaterial.de\/en\/quality-control\/\">Chaque lot<\/a> <\/span>de produits suit des principes stricts de contr\u00f4le de la qualit\u00e9, garantissant que chaque lot de mat\u00e9riaux provenant de l\u2019achat de mati\u00e8res premi\u00e8res, de la transformation et des produits finis hors de l\u2019entrep\u00f4t est \u00e9quip\u00e9 d\u2019instruments avanc\u00e9s, de normes d\u2019inspection strictes et de registres d\u2019inspection parfaits pour garantir que la qualit\u00e9 du produit peut \u00eatre contr\u00f4l\u00e9e et la tra\u00e7abilit\u00e9 du produit, et chaque lot de produits est accompagn\u00e9 d\u2019une fiche signal\u00e9tique,  Rapports COA, TDS, PSD et XRD, etc. Nous fournissons \u00e9galement des \u00e9chantillons de chaque lot de produits. Chaque lot de produits fournira des \u00e9chantillons aux clients, aidera \u00e9galement les clients \u00e0 demander \u00e0 des organismes de test tiers de tester les produits.  <\/p>\n<h2><span style=\"font-size: 14pt;\">Emballage et stockage<\/span><\/h2>\n<p>Le lingot de vanadium est emball\u00e9 dans des sacs sous vide doubles, puis emball\u00e9 dans des cartons ou des bo\u00eetes en bois.<\/p>\n<p>Le lingot de vanadium doit \u00eatre stock\u00e9 dans un environnement sec et bien ventil\u00e9 avec une temp\u00e9rature stable, en \u00e9vitant tout contact avec l\u2019eau, les acides forts, les alcalis forts et autres substances corrosives, ainsi qu\u2019en \u00e9vitant d\u2019\u00eatre soumis \u00e0 des collisions et des frottements violents.<\/p>\n","protected":false},"excerpt":{"rendered":"<p><span style=\"color: #0000ff;\"><a style=\"color: #0000ff;\" href=\"https:\/\/vimaterial.de\/en\/product\/vanadium-sputtering-target\/\">Le lingot de vanadium<\/a><\/span> est un vanadium m\u00e9tal en forme de lingot avec un point de fusion \u00e9lev\u00e9, une bonne r\u00e9sistance et une r\u00e9sistance \u00e0 la corrosion. Il est principalement utilis\u00e9 dans l\u2019industrie m\u00e9tallurgique comme additif d\u2019alliage pour renforcer les propri\u00e9t\u00e9s des mat\u00e9riaux m\u00e9talliques, et est \u00e9galement utilis\u00e9 dans la fabrication de pi\u00e8ces haute performance et de mat\u00e9riaux sp\u00e9cialis\u00e9s dans les domaines de l\u2019a\u00e9rospatiale, de l\u2019\u00e9lectronique et de la chimie. <\/p>\n","protected":false},"featured_media":1000974,"comment_status":"open","ping_status":"closed","template":"","meta":{"_acf_changed":false},"product_brand":[],"product_cat":[245],"product_tag":[],"class_list":{"0":"post-1012682","1":"product","2":"type-product","3":"status-publish","4":"has-post-thumbnail","6":"product_cat-profil-fr","8":"first","9":"instock","10":"shipping-taxable","11":"purchasable","12":"product-type-variable"},"acf":[],"_links":{"self":[{"href":"https:\/\/vimaterial.de\/fr\/wp-json\/wp\/v2\/product\/1012682","targetHints":{"allow":["GET"]}}],"collection":[{"href":"https:\/\/vimaterial.de\/fr\/wp-json\/wp\/v2\/product"}],"about":[{"href":"https:\/\/vimaterial.de\/fr\/wp-json\/wp\/v2\/types\/product"}],"replies":[{"embeddable":true,"href":"https:\/\/vimaterial.de\/fr\/wp-json\/wp\/v2\/comments?post=1012682"}],"wp:featuredmedia":[{"embeddable":true,"href":"https:\/\/vimaterial.de\/fr\/wp-json\/wp\/v2\/media\/1000974"}],"wp:attachment":[{"href":"https:\/\/vimaterial.de\/fr\/wp-json\/wp\/v2\/media?parent=1012682"}],"wp:term":[{"taxonomy":"product_brand","embeddable":true,"href":"https:\/\/vimaterial.de\/fr\/wp-json\/wp\/v2\/product_brand?post=1012682"},{"taxonomy":"product_cat","embeddable":true,"href":"https:\/\/vimaterial.de\/fr\/wp-json\/wp\/v2\/product_cat?post=1012682"},{"taxonomy":"product_tag","embeddable":true,"href":"https:\/\/vimaterial.de\/fr\/wp-json\/wp\/v2\/product_tag?post=1012682"}],"curies":[{"name":"wp","href":"https:\/\/api.w.org\/{rel}","templated":true}]}}