{"id":1012665,"date":"2024-06-17T14:29:44","date_gmt":"2024-06-17T06:29:44","guid":{"rendered":"https:\/\/vimaterial.de\/product\/oxyde-de-vanadium-7\/"},"modified":"2025-04-17T17:44:50","modified_gmt":"2025-04-17T09:44:50","slug":"oxyde-de-vanadium-7","status":"publish","type":"product","link":"https:\/\/vimaterial.de\/fr\/product\/oxyde-de-vanadium-7\/","title":{"rendered":"Oxyde de vanadium"},"content":{"rendered":"<p><span style=\"color: #0000ff;\"><a style=\"color: #0000ff;\" href=\"https:\/\/vimaterial.de\/en\/product\/vanadium-oxide-v2o5-sputtering-target\/\">Oxyde de vanadium<\/a><\/span> La poudre V2O3 est une poudre noire, principalement utilis\u00e9e en m\u00e9tallurgie comme additif d\u2019alliage pour am\u00e9liorer les propri\u00e9t\u00e9s de l\u2019alliage, mais aussi dans les mat\u00e9riaux \u00e9lectroniques, peut \u00eatre utilis\u00e9e pour fabriquer des dispositifs avec des propri\u00e9t\u00e9s \u00e9lectriques sp\u00e9cifiques.<\/p>\n<p>VIMATERIAL fournit de la poudre d\u2019oxyde de vanadium V2O3, notre soci\u00e9t\u00e9 fournit de la poudre d\u2019oxyde de vanadium V2O3 avec une puret\u00e9 \u00e9lev\u00e9e, de faibles impuret\u00e9s, une taille de particule uniforme et r\u00e9guli\u00e8re, d\u2019excellentes caract\u00e9ristiques de qualit\u00e9, notre service apr\u00e8s-vente est bon, le produit est emball\u00e9 dans de petits emballages, une commande par lots r\u00e9duits, un stock suffisant, acceptez la personnalisation du produit et nous sommes un fournisseur professionnel de mati\u00e8res premi\u00e8res chimiques inorganiques. Nous sommes un fournisseur professionnel de mati\u00e8res premi\u00e8res chimiques inorganiques, veuillez <span style=\"color: #0000ff;\"><a style=\"color: #0000ff;\" href=\"https:\/\/vimaterial.de\/en\/contact-us\/\">nous contacter<\/a><\/span> pour tous vos besoins. <\/p>\n<h2><span style=\"font-size: 14pt;\">Propri\u00e9t\u00e9s physiques<\/span><\/h2>\n<p>Formule mol\u00e9culaire : V2O3<\/p>\n<p>Poids mol\u00e9culaire : 149,88<\/p>\n<p>Aspect : cristal gris-noir ou poudre<\/p>\n<p>Densit\u00e9 : 4,87 g\/cm\u00b3<\/p>\n<p>Point de fusion : 1970\u00b0C<\/p>\n<p>Point d\u2019\u00e9bullition : environ 3000\u00b0C<\/p>\n<p>Structure cristalline : structure du corindon (Al2O3), appartient au syst\u00e8me cristallin triangulaire.<\/p>\n<h2><span style=\"font-size: 14pt;\">Applications<\/span><\/h2>\n<p>M\u00e9tallurgie&nbsp;: La poudre V2O3 est utilis\u00e9e comme additif d\u2019alliage dans la m\u00e9tallurgie pour am\u00e9liorer la r\u00e9sistance et la t\u00e9nacit\u00e9 des mat\u00e9riaux m\u00e9talliques en modifiant la microstructure de l\u2019alliage, et est utilis\u00e9e pour fabriquer de l\u2019acier alli\u00e9 haute performance.<\/p>\n<p>Mat\u00e9riaux \u00e9lectroniques : Dans les mat\u00e9riaux \u00e9lectroniques, les poudres V2O3 sont utilis\u00e9es pour la pr\u00e9paration de composants \u00e9lectroniques \u00e0 r\u00e9sistance variable. Leurs propri\u00e9t\u00e9s \u00e9lectriques sp\u00e9ciales permettent un contr\u00f4le efficace du courant et sont utilis\u00e9es dans les circuits \u00e9lectroniques pour la protection contre les surintensit\u00e9s. <\/p>\n<p>Mat\u00e9riaux c\u00e9ramiques : En tant qu\u2019additifs c\u00e9ramiques, les poudres V2O3 peuvent r\u00e9duire la temp\u00e9rature de frittage des c\u00e9ramiques et am\u00e9liorer les propri\u00e9t\u00e9s m\u00e9caniques et \u00e9lectriques des c\u00e9ramiques, qui peuvent \u00eatre utilis\u00e9es pour fabriquer des produits c\u00e9ramiques avec des fonctions sp\u00e9ciales, tels que des substrats c\u00e9ramiques pour les appareils \u00e9lectroniques.<\/p>\n<p>Catalyseurs : Les poudres V2O3 peuvent \u00eatre utilis\u00e9es comme catalyseurs pour certaines r\u00e9actions chimiques, par exemple dans les r\u00e9actions redox, elles peuvent modifier l\u2019\u00e9nergie d\u2019activation de la r\u00e9action, acc\u00e9l\u00e9rer la vitesse de r\u00e9action et \u00eatre utilis\u00e9es dans les r\u00e9actions de synth\u00e8se organique dans la production chimique.<\/p>\n<h2><span style=\"font-size: 14pt;\">Contr\u00f4le de la qualit\u00e9<\/span><\/h2>\n<p><span style=\"color: #0000ff;\"><a style=\"color: #0000ff;\" href=\"https:\/\/vimaterial.de\/en\/quality-control\/\">Chaque lot<\/a><\/span> de produits suit des principes stricts de contr\u00f4le de la qualit\u00e9, garantissant que chaque lot de mat\u00e9riaux provenant de l\u2019achat de mati\u00e8res premi\u00e8res, de la transformation et des produits finis hors de l\u2019entrep\u00f4t est \u00e9quip\u00e9 d\u2019instruments avanc\u00e9s, de normes d\u2019inspection strictes et de registres d\u2019inspection parfaits pour garantir que la qualit\u00e9 du produit peut \u00eatre contr\u00f4l\u00e9e et la tra\u00e7abilit\u00e9 du produit, et chaque lot de produits est accompagn\u00e9 d\u2019une fiche signal\u00e9tique,  Rapports COA, TDS, PSD et XRD, etc. Nous fournissons \u00e9galement des \u00e9chantillons de chaque lot de produits. Chaque lot de produits fournira des \u00e9chantillons aux clients, aidera \u00e9galement les clients \u00e0 demander \u00e0 des organismes de test tiers de tester les produits.  <\/p>\n<h2><span style=\"font-size: 14pt;\">Emballage et stockage<\/span><\/h2>\n<p>La poudre d\u2019oxyde de vanadium V2O3 est emball\u00e9e dans des sacs sous vide \u00e0 double couche ou des bouteilles sous vide \u00e0 double couche avec carton ext\u00e9rieur. Des tailles d\u2019emballage de 250g, 500g, 1kg ou 25kg sont disponibles. <\/p>\n<p>La poudre d\u2019oxyde de vanadium V2O3 doit \u00eatre stock\u00e9e dans un environnement sec, frais et bien ventil\u00e9, scell\u00e9e, \u00e9viter le contact avec de l\u2019eau, un acide fort, un alcalin fort et des oxydants forts, et tenir \u00e0 l\u2019\u00e9cart du feu et des sources de chaleur.<\/p>\n","protected":false},"excerpt":{"rendered":"<p><span style=\"color: #0000ff;\"><a style=\"color: #0000ff;\" href=\"https:\/\/vimaterial.de\/en\/product\/vanadium-oxide-v2o5-sputtering-target\/\">Oxyde de vanadium<\/a><\/span> La poudre V2O3 est une poudre noire, principalement utilis\u00e9e en m\u00e9tallurgie comme additif d\u2019alliage pour am\u00e9liorer les propri\u00e9t\u00e9s de l\u2019alliage, mais aussi dans les mat\u00e9riaux \u00e9lectroniques, peut \u00eatre utilis\u00e9e pour fabriquer des dispositifs avec des propri\u00e9t\u00e9s \u00e9lectriques sp\u00e9cifiques.<\/p>\n","protected":false},"featured_media":1041207,"comment_status":"open","ping_status":"closed","template":"","meta":{"_acf_changed":false},"product_brand":[],"product_cat":[243],"product_tag":[],"class_list":{"0":"post-1012665","1":"product","2":"type-product","3":"status-publish","4":"has-post-thumbnail","6":"product_cat-materiaux-oxydes-hydroxydes","8":"first","9":"instock","10":"shipping-taxable","11":"purchasable","12":"product-type-variable"},"acf":[],"_links":{"self":[{"href":"https:\/\/vimaterial.de\/fr\/wp-json\/wp\/v2\/product\/1012665","targetHints":{"allow":["GET"]}}],"collection":[{"href":"https:\/\/vimaterial.de\/fr\/wp-json\/wp\/v2\/product"}],"about":[{"href":"https:\/\/vimaterial.de\/fr\/wp-json\/wp\/v2\/types\/product"}],"replies":[{"embeddable":true,"href":"https:\/\/vimaterial.de\/fr\/wp-json\/wp\/v2\/comments?post=1012665"}],"wp:featuredmedia":[{"embeddable":true,"href":"https:\/\/vimaterial.de\/fr\/wp-json\/wp\/v2\/media\/1041207"}],"wp:attachment":[{"href":"https:\/\/vimaterial.de\/fr\/wp-json\/wp\/v2\/media?parent=1012665"}],"wp:term":[{"taxonomy":"product_brand","embeddable":true,"href":"https:\/\/vimaterial.de\/fr\/wp-json\/wp\/v2\/product_brand?post=1012665"},{"taxonomy":"product_cat","embeddable":true,"href":"https:\/\/vimaterial.de\/fr\/wp-json\/wp\/v2\/product_cat?post=1012665"},{"taxonomy":"product_tag","embeddable":true,"href":"https:\/\/vimaterial.de\/fr\/wp-json\/wp\/v2\/product_tag?post=1012665"}],"curies":[{"name":"wp","href":"https:\/\/api.w.org\/{rel}","templated":true}]}}