{"id":1012608,"date":"2024-06-17T14:29:48","date_gmt":"2024-06-17T06:29:48","guid":{"rendered":"https:\/\/vimaterial.de\/product\/oxyde-de-vanadium-5\/"},"modified":"2025-04-17T17:35:36","modified_gmt":"2025-04-17T09:35:36","slug":"oxyde-de-vanadium-5","status":"publish","type":"product","link":"https:\/\/vimaterial.de\/fr\/product\/oxyde-de-vanadium-5\/","title":{"rendered":"Oxyde de vanadium"},"content":{"rendered":"<p><span style=\"color: #0000ff;\"><a style=\"color: #0000ff;\" href=\"https:\/\/vimaterial.de\/fr\/product\/oxyde-de-vanadium-3\/\">Oxyde de vanadium<\/a> <\/span>La poudre est une poudre cristalline jaune \u00e0 rouge, l\u00e9g\u00e8rement soluble dans l\u2019eau, avec des oxydes amphot\u00e8res et de fortes propri\u00e9t\u00e9s oxydatives, largement utilis\u00e9e dans l\u2019industrie comme catalyseur pour la production d\u2019acide sulfurique, la synth\u00e8se de produits chimiques organiques et le traitement de la d\u00e9sulfuration et de la d\u00e9nitrog\u00e9nation des gaz de combustion, mais peut \u00e9galement \u00eatre utilis\u00e9e dans les pigments, la pr\u00e9paration des mat\u00e9riaux d\u2019alliage, les appareils \u00e9lectriques et \u00e9lectroniques,  champs optiques et les batteries lithium-ion \u00e0 semi-conducteurs.<\/p>\n<p>VIMATERIAL fournit une large gamme de poudre d\u2019oxyde de vanadium pure et de taille particulaire, notre soci\u00e9t\u00e9 fournit de la poudre d\u2019oxyde de vanadium avec une puret\u00e9 \u00e9lev\u00e9e, de faibles impuret\u00e9s, une taille de particule uniforme et r\u00e9guli\u00e8re, d\u2019excellentes caract\u00e9ristiques de qualit\u00e9, notre service apr\u00e8s-vente, un petit emballage de produit, une commande en petits lots, un stock suffisant, accepter la personnalisation du produit et des exp\u00e9riences. Nous sommes un fournisseur professionnel de mati\u00e8res premi\u00e8res chimiques inorganiques, veuillez <span style=\"color: #0000ff;\"><a style=\"color: #0000ff;\" href=\"https:\/\/vimaterial.de\/fr\/contact\/\">nous contacter<\/a><\/span> pour tous vos besoins. <\/p>\n<h2><span style=\"font-size: 14pt;\">Propri\u00e9t\u00e9s physiques<\/span><\/h2>\n<p>Formule mol\u00e9culaire : V2O5<\/p>\n<p>Poids mol\u00e9culaire : 181,88 g\/mol<\/p>\n<p>Aspect : poudre cristalline jaune \u00e0 rouge<\/p>\n<p>Densit\u00e9 : 3,4 g\/cm3<\/p>\n<p>Point de fusion : 690\u00b0C<\/p>\n<p>Point d\u2019\u00e9bullition : 1750\u00b0C (d\u00e9composition)<\/p>\n<p>Structure cristalline&nbsp;: Syst\u00e8me cristallin orthorhombique, groupe d\u2019espace Pmnm, les param\u00e8tres du r\u00e9seau sont a = 1,1510 nm, b = 0,3563 nm, c = 0,4369 nm.<\/p>\n<h2><span style=\"font-size: 14pt;\">Applications<\/span><\/h2>\n<p>Industrie m\u00e9tallurgique : Dans la production d\u2019acier, la poudre V\u2082O\u2085 est utilis\u00e9e comme additif d\u2019alliage, ce qui peut affiner efficacement la taille des grains, am\u00e9liorer la r\u00e9sistance et la t\u00e9nacit\u00e9 de l\u2019acier et aider \u00e0 la fabrication d\u2019acier sp\u00e9cial de haute qualit\u00e9.<\/p>\n<p>Industrie chimique : en tant que catalyseur cl\u00e9 dans le processus de production de l\u2019acide sulfurique, il peut acc\u00e9l\u00e9rer la conversion du dioxyde de soufre en trioxyde de soufre, assurant ainsi le fonctionnement efficace de l\u2019industrie de l\u2019acide sulfurique.<\/p>\n<p>Industrie de l\u2019\u00e9nergie : Il est utilis\u00e9 dans la pr\u00e9paration des mat\u00e9riaux d\u2019anode pour les batteries lithium-ion, optimisant les performances de charge et de d\u00e9charge des batteries et prolongeant la dur\u00e9e de vie de la batterie gr\u00e2ce \u00e0 ses propri\u00e9t\u00e9s chimiques uniques.<\/p>\n<p>Fabrication de pigments : ses propri\u00e9t\u00e9s de couleur vive en font un ingr\u00e9dient pigmentaire de haute qualit\u00e9 qui peut \u00eatre formul\u00e9 dans une vari\u00e9t\u00e9 de couleurs durables et r\u00e9sistantes \u00e0 la lumi\u00e8re pour les peintures et les encres.<\/p>\n<h2><span style=\"font-size: 14pt;\">Contr\u00f4le de la qualit\u00e9<\/span><\/h2>\n<p><span style=\"color: #0000ff;\"><a style=\"color: #0000ff;\" href=\"https:\/\/vimaterial.de\/fr\/le-controle-de-la-qualite\/\">Chaque lot<\/a><\/span> de produits suit des principes stricts de contr\u00f4le de la qualit\u00e9, garantissant que chaque lot de mat\u00e9riaux provenant de l\u2019achat de mati\u00e8res premi\u00e8res, de la transformation et des produits finis hors de l\u2019entrep\u00f4t est \u00e9quip\u00e9 d\u2019instruments avanc\u00e9s, de normes d\u2019inspection strictes et de registres d\u2019inspection parfaits pour garantir que la qualit\u00e9 du produit peut \u00eatre contr\u00f4l\u00e9e et la tra\u00e7abilit\u00e9 du produit, et chaque lot de produits est accompagn\u00e9 d\u2019une fiche signal\u00e9tique,  Rapports COA, TDS, PSD et XRD, etc. Nous fournissons \u00e9galement des \u00e9chantillons de chaque lot de produits. Chaque lot de produits fournira des \u00e9chantillons aux clients, aidera \u00e9galement les clients \u00e0 demander \u00e0 des organismes de test tiers de tester les produits.  <\/p>\n<h2><span style=\"font-size: 14pt;\">Emballage et stockage<\/span><\/h2>\n<p>La poudre d\u2019oxyde de vanadium est emball\u00e9e dans des sacs sous vide \u00e0 double couche ou des bouteilles sous vide \u00e0 double couche avec des cartons ext\u00e9rieurs. Des tailles d\u2019emballage de 250g, 500g, 1kg ou 25kg sont disponibles. <\/p>\n<p>La poudre d\u2019oxyde de vanadium doit \u00eatre stock\u00e9e dans un environnement sec, frais et bien ventil\u00e9, scell\u00e9e, en \u00e9vitant l\u2019humidit\u00e9, le contact avec des substances r\u00e9ductrices et \u00e0 l\u2019\u00e9cart des sources d\u2019inflammation et de chaleur, afin d\u2019\u00e9viter que ses propri\u00e9t\u00e9s ne changent.<\/p>\n","protected":false},"excerpt":{"rendered":"<p><span style=\"color: #0000ff;\"><a style=\"color: #0000ff;\" href=\"https:\/\/vimaterial.de\/fr\/product\/oxyde-de-vanadium-3\/\">Oxyde de vanadium<\/a> <\/span>La poudre est une poudre cristalline jaune \u00e0 rouge, l\u00e9g\u00e8rement soluble dans l\u2019eau, avec des oxydes amphot\u00e8res et de fortes propri\u00e9t\u00e9s oxydatives, largement utilis\u00e9e dans l\u2019industrie comme catalyseur pour la production d\u2019acide sulfurique, la synth\u00e8se de produits chimiques organiques et le traitement de la d\u00e9sulfuration et de la d\u00e9nitrog\u00e9nation des gaz de combustion, mais peut \u00e9galement \u00eatre utilis\u00e9e dans les pigments, la pr\u00e9paration des mat\u00e9riaux d\u2019alliage, les appareils \u00e9lectriques et \u00e9lectroniques,  champs optiques et les batteries lithium-ion \u00e0 semi-conducteurs.<\/p>\n","protected":false},"featured_media":1001023,"comment_status":"open","ping_status":"closed","template":"","meta":{"_acf_changed":false},"product_brand":[],"product_cat":[243],"product_tag":[],"class_list":{"0":"post-1012608","1":"product","2":"type-product","3":"status-publish","4":"has-post-thumbnail","6":"product_cat-materiaux-oxydes-hydroxydes","8":"first","9":"instock","10":"shipping-taxable","11":"purchasable","12":"product-type-variable"},"acf":[],"_links":{"self":[{"href":"https:\/\/vimaterial.de\/fr\/wp-json\/wp\/v2\/product\/1012608","targetHints":{"allow":["GET"]}}],"collection":[{"href":"https:\/\/vimaterial.de\/fr\/wp-json\/wp\/v2\/product"}],"about":[{"href":"https:\/\/vimaterial.de\/fr\/wp-json\/wp\/v2\/types\/product"}],"replies":[{"embeddable":true,"href":"https:\/\/vimaterial.de\/fr\/wp-json\/wp\/v2\/comments?post=1012608"}],"wp:featuredmedia":[{"embeddable":true,"href":"https:\/\/vimaterial.de\/fr\/wp-json\/wp\/v2\/media\/1001023"}],"wp:attachment":[{"href":"https:\/\/vimaterial.de\/fr\/wp-json\/wp\/v2\/media?parent=1012608"}],"wp:term":[{"taxonomy":"product_brand","embeddable":true,"href":"https:\/\/vimaterial.de\/fr\/wp-json\/wp\/v2\/product_brand?post=1012608"},{"taxonomy":"product_cat","embeddable":true,"href":"https:\/\/vimaterial.de\/fr\/wp-json\/wp\/v2\/product_cat?post=1012608"},{"taxonomy":"product_tag","embeddable":true,"href":"https:\/\/vimaterial.de\/fr\/wp-json\/wp\/v2\/product_tag?post=1012608"}],"curies":[{"name":"wp","href":"https:\/\/api.w.org\/{rel}","templated":true}]}}