{"id":1012586,"date":"2024-06-17T14:29:49","date_gmt":"2024-06-17T06:29:49","guid":{"rendered":"https:\/\/vimaterial.de\/product\/oxyde-de-vanadium-bore\/"},"modified":"2025-04-17T17:31:49","modified_gmt":"2025-04-17T09:31:49","slug":"oxyde-de-vanadium-bore","status":"publish","type":"product","link":"https:\/\/vimaterial.de\/fr\/product\/oxyde-de-vanadium-bore\/","title":{"rendered":"Oxyde de vanadium-bore"},"content":{"rendered":"<p>Les cibles de pulv\u00e9risation d\u2019oxyde de vanadium-bore sont des mat\u00e9riaux composites contenant du pentoxyde de vanadium et du bore. Combinant les propri\u00e9t\u00e9s de l\u2019oxyde de vanadium et du bore, ces cibles de pulv\u00e9risation peuvent \u00eatre utilis\u00e9es dans le processus de rev\u00eatement par pulv\u00e9risation cathodique pour produire des films minces avec des propri\u00e9t\u00e9s \u00e9lectriques, optiques ou chimiques sp\u00e9ciales pour une vari\u00e9t\u00e9 d\u2019applications dans l\u2019\u00e9lectronique, l\u2019optique, le stockage d\u2019\u00e9nergie et de nombreux autres domaines. <\/p>\n<p>VIMATERIAL fournit des cibles de pulv\u00e9risation \u00e0 l\u2019oxyde de vanadium-bore. Nos cibles de pulv\u00e9risation \u00e0 l\u2019oxyde de vanadium et au bore se caract\u00e9risent par une grande puret\u00e9, des rapports contr\u00f4lables et d\u2019excellentes propri\u00e9t\u00e9s de pulv\u00e9risation. Notre soci\u00e9t\u00e9 peut fournir un service de liaison cible, nous sommes un fournisseur professionnel de mati\u00e8res premi\u00e8res chimiques inorganiques, veuillez nous contacter si vous avez des besoins.  <\/p>\n<h2><span style=\"font-size: 14pt;\">Applications<\/span><\/h2>\n<p>\u00c9lectronique&nbsp;: Les cibles de pulv\u00e9risation V2O5-B peuvent \u00eatre utilis\u00e9es pour pr\u00e9parer des transistors \u00e0 couche mince dans les appareils \u00e9lectroniques, en tirant parti de leurs propri\u00e9t\u00e9s \u00e9lectriques sp\u00e9ciales pour am\u00e9liorer la mobilit\u00e9 des porteurs et la vitesse de commutation des appareils.<\/p>\n<p>Semi-conducteur&nbsp;: Dans la fabrication de semi-conducteurs, il peut \u00eatre utilis\u00e9 pour cr\u00e9er des couches de barri\u00e8re et de contact pour les puces semi-conductrices, emp\u00eachant la propagation des impuret\u00e9s et assurant un bon contact \u00e9lectrique.<\/p>\n<p>Champ optique&nbsp;: Il peut \u00eatre utilis\u00e9 pour le rev\u00eatement de lentille optique, et le film form\u00e9 par pulv\u00e9risation peut ajuster efficacement l\u2019indice de r\u00e9fraction de la lentille, r\u00e9duire la r\u00e9flexion et am\u00e9liorer la transmission optique.<\/p>\n<p>Technologie d\u2019affichage : Dans la fabrication d\u2019\u00e9crans plats, la cible de pulv\u00e9risation peut \u00eatre utilis\u00e9e pour la pr\u00e9paration de films conducteurs transparents afin d\u2019am\u00e9liorer la conductivit\u00e9 et la transmission de la lumi\u00e8re de l\u2019\u00e9cran.<\/p>\n<p>Champ du capteur : utilis\u00e9 dans la pr\u00e9paration de films sensibles pour les capteurs sensibles aux gaz, en utilisant ses propri\u00e9t\u00e9s d\u2019adsorption et de r\u00e9action de certains gaz pour obtenir une d\u00e9tection tr\u00e8s sensible de gaz sp\u00e9cifiques.<\/p>\n<h2><span style=\"font-size: 14pt;\">Contr\u00f4le de la qualit\u00e9<\/span><\/h2>\n<p>Chaque lot de produits suit des principes stricts de contr\u00f4le de la qualit\u00e9, garantissant que chaque lot de mat\u00e9riaux provenant de l\u2019achat de mati\u00e8res premi\u00e8res, de la transformation et des produits finis hors de l\u2019entrep\u00f4t est \u00e9quip\u00e9 d\u2019instruments avanc\u00e9s, de normes d\u2019inspection strictes et de registres d\u2019inspection parfaits pour garantir que la qualit\u00e9 du produit peut \u00eatre contr\u00f4l\u00e9e et la tra\u00e7abilit\u00e9 du produit, et chaque lot de produits est accompagn\u00e9 d\u2019une fiche signal\u00e9tique,  Rapports COA, TDS, PSD et XRD, etc. Nous fournissons \u00e9galement des \u00e9chantillons de chaque lot de produits. Chaque lot de produits fournira des \u00e9chantillons aux clients, aidera \u00e9galement les clients \u00e0 demander \u00e0 des organismes de test tiers de tester les produits.  <\/p>\n<h2><span style=\"font-size: 14pt;\">Emballage et stockage<\/span><\/h2>\n<p>Les cibles de pulv\u00e9risation \u00e0 l\u2019oxyde de vanadium et au bore sont emball\u00e9es dans des sacs sous vide doubles et emball\u00e9es dans des cartons.<\/p>\n<p>Les cibles de pulv\u00e9risation d\u2019oxyde de vanadium-bore doivent \u00eatre stock\u00e9es dans un environnement sec, frais et bien ventil\u00e9, en \u00e9vitant l\u2019humidit\u00e9, en \u00e9vitant le contact avec des agents oxydants puissants et des acides forts, ainsi qu\u2019en \u00e9vitant les collisions physiques et les vibrations violentes.<\/p>\n","protected":false},"excerpt":{"rendered":"<p>Les cibles de pulv\u00e9risation d\u2019oxyde de vanadium-bore sont des mat\u00e9riaux composites contenant du pentoxyde de vanadium et du bore. Combinant les propri\u00e9t\u00e9s de l\u2019oxyde de vanadium et du bore, ces cibles de pulv\u00e9risation peuvent \u00eatre utilis\u00e9es dans le processus de rev\u00eatement par pulv\u00e9risation cathodique pour produire des films minces avec des propri\u00e9t\u00e9s \u00e9lectriques, optiques ou [&hellip;]<\/p>\n","protected":false},"featured_media":1001044,"comment_status":"open","ping_status":"closed","template":"","meta":{"_acf_changed":false},"product_brand":[],"product_cat":[235],"product_tag":[],"class_list":{"0":"post-1012586","1":"product","2":"type-product","3":"status-publish","4":"has-post-thumbnail","6":"product_cat-cibles-de-pulverisation-planaire","8":"first","9":"instock","10":"shipping-taxable","11":"product-type-variable"},"acf":[],"_links":{"self":[{"href":"https:\/\/vimaterial.de\/fr\/wp-json\/wp\/v2\/product\/1012586","targetHints":{"allow":["GET"]}}],"collection":[{"href":"https:\/\/vimaterial.de\/fr\/wp-json\/wp\/v2\/product"}],"about":[{"href":"https:\/\/vimaterial.de\/fr\/wp-json\/wp\/v2\/types\/product"}],"replies":[{"embeddable":true,"href":"https:\/\/vimaterial.de\/fr\/wp-json\/wp\/v2\/comments?post=1012586"}],"wp:featuredmedia":[{"embeddable":true,"href":"https:\/\/vimaterial.de\/fr\/wp-json\/wp\/v2\/media\/1001044"}],"wp:attachment":[{"href":"https:\/\/vimaterial.de\/fr\/wp-json\/wp\/v2\/media?parent=1012586"}],"wp:term":[{"taxonomy":"product_brand","embeddable":true,"href":"https:\/\/vimaterial.de\/fr\/wp-json\/wp\/v2\/product_brand?post=1012586"},{"taxonomy":"product_cat","embeddable":true,"href":"https:\/\/vimaterial.de\/fr\/wp-json\/wp\/v2\/product_cat?post=1012586"},{"taxonomy":"product_tag","embeddable":true,"href":"https:\/\/vimaterial.de\/fr\/wp-json\/wp\/v2\/product_tag?post=1012586"}],"curies":[{"name":"wp","href":"https:\/\/api.w.org\/{rel}","templated":true}]}}