{"id":1012579,"date":"2024-06-17T14:29:48","date_gmt":"2024-06-17T06:29:48","guid":{"rendered":"https:\/\/vimaterial.de\/product\/oxyde-de-vanadium-3\/"},"modified":"2025-04-17T17:33:42","modified_gmt":"2025-04-17T09:33:42","slug":"oxyde-de-vanadium-3","status":"publish","type":"product","link":"https:\/\/vimaterial.de\/fr\/product\/oxyde-de-vanadium-3\/","title":{"rendered":"Oxyde de vanadium"},"content":{"rendered":"<p><span style=\"color: #0000ff;\"><a style=\"color: #0000ff;\" href=\"https:\/\/vimaterial.de\/en\/product\/vanadium-oxide\/\">Oxyde de vanadium<\/a> <\/span>La cible de pulv\u00e9risation V2O5 est un mat\u00e9riau dont le composant principal est le pentoxyde de vanadium. Lorsqu\u2019ils sont bombard\u00e9s par un faisceau d\u2019ions de haute \u00e9nergie dans le processus de pulv\u00e9risation, les mol\u00e9cules ou les atomes V2O5 \u00e0 sa surface sont pulv\u00e9ris\u00e9s pour former un film mince uniforme d\u2019oxyde de vanadium sur le mat\u00e9riau du substrat, qui peut \u00eatre utilis\u00e9 pour la fabrication d\u2019une large gamme de dispositifs \u00e9lectroniques et optiques tels que les fen\u00eatres intelligentes,  \u00e9lectrodes de batterie, capteurs, etc. <\/p>\n<p>VIMATERIAL fournit une large gamme de cibles de pulv\u00e9risation \u00e0 l\u2019oxyde de vanadium V2O5. Nos cibles de pulv\u00e9risation \u00e0 l\u2019oxyde de vanadium V2O5 pr\u00e9sentent les avantages d\u2019une grande puret\u00e9, d\u2019une bonne stabilit\u00e9 chimique et d\u2019une efficacit\u00e9 de pulv\u00e9risation \u00e9lev\u00e9e. Notre soci\u00e9t\u00e9 peut fournir un service de liaison cible, nous sommes un fournisseur professionnel de mati\u00e8res premi\u00e8res chimiques inorganiques, veuillez <span style=\"color: #0000ff;\"><a style=\"color: #0000ff;\" href=\"https:\/\/vimaterial.de\/en\/contact-us\/\">nous contacter<\/a><\/span> si vous avez des besoins.  <\/p>\n<h2><span style=\"font-size: 14pt;\">Propri\u00e9t\u00e9s physiques<\/span><\/h2>\n<p>Formule mol\u00e9culaire : V2O5<\/p>\n<p>Poids mol\u00e9culaire : 181,88<\/p>\n<p>Aspect : poudre cristalline jaune \u00e0 rouge<\/p>\n<p>Densit\u00e9 : 3,35 g\/cm\u00b3<\/p>\n<p>Point de fusion : 690\u00b0C<\/p>\n<p>Point d\u2019\u00e9bullition : 1750\u00b0C (d\u00e9composition)<\/p>\n<p>Structure cristalline&nbsp;: Syst\u00e8me cristallin orthorhombique, groupe d\u2019espace Pmnm, les param\u00e8tres du r\u00e9seau sont a = 1,1510 nm, b = 0,3563 nm, c = 0,4369 nm.<\/p>\n<h2><span style=\"font-size: 14pt;\">Applications<\/span><\/h2>\n<p>Champ d\u2019affichage : Dans la fabrication d\u2019\u00e9crans \u00e0 cristaux liquides (LCD) et d\u2019\u00e9crans \u00e0 diodes \u00e9lectroluminescentes organiques (OLED), les cibles de pulv\u00e9risation V2O5 sont utilis\u00e9es pour la pr\u00e9paration de films minces conducteurs transparents, qui peuvent am\u00e9liorer efficacement la conductivit\u00e9 et la transmission de la lumi\u00e8re de l\u2019\u00e9cran, et am\u00e9liorer la qualit\u00e9 de l\u2019affichage.<\/p>\n<p>Stockage d\u2019\u00e9nergie : Dans les batteries lithium-ion, les films V2O5 form\u00e9s par pulv\u00e9risation cathodique peuvent \u00eatre utilis\u00e9s comme mat\u00e9riaux d\u2019\u00e9lectrode, en utilisant leurs propri\u00e9t\u00e9s polyvalentes pour r\u00e9aliser l\u2019int\u00e9gration et la d\u00e9sint\u00e9gration des ions lithium, am\u00e9liorant ainsi la capacit\u00e9 et les performances de charge\/d\u00e9charge de la batterie.<\/p>\n<p>Fen\u00eatres intelligentes : Les cibles de pulv\u00e9risation V2O5 peuvent \u00eatre utilis\u00e9es pour pr\u00e9parer des films de fen\u00eatre intelligents sensibles \u00e0 la lumi\u00e8re et \u00e0 la temp\u00e9rature, qui peuvent ajuster la transmittance et l\u2019isolation thermique des fen\u00eatres en fonction de l\u2019intensit\u00e9 lumineuse et des changements de temp\u00e9rature dans l\u2019environnement pour \u00e9conomiser de l\u2019\u00e9nergie.<\/p>\n<p>Capteurs : Utilis\u00e9s dans la pr\u00e9paration des capteurs de gaz, les films V2O5 peuvent r\u00e9agir avec certains gaz pour modifier leurs propri\u00e9t\u00e9s \u00e9lectriques, et d\u00e9tecter ces changements pour r\u00e9aliser la d\u00e9tection de gaz sp\u00e9cifiques.<\/p>\n<h2><span style=\"font-size: 14pt;\">Contr\u00f4le de la qualit\u00e9<\/span><\/h2>\n<p><span style=\"color: #0000ff;\"><a style=\"color: #0000ff;\" href=\"https:\/\/vimaterial.de\/en\/quality-control\/\">Chaque lot<\/a><\/span> de produits suit des principes stricts de contr\u00f4le de la qualit\u00e9, garantissant que chaque lot de mat\u00e9riaux provenant de l\u2019achat de mati\u00e8res premi\u00e8res, de la transformation et des produits finis hors de l\u2019entrep\u00f4t est \u00e9quip\u00e9 d\u2019instruments avanc\u00e9s, de normes d\u2019inspection strictes et de registres d\u2019inspection parfaits pour garantir que la qualit\u00e9 du produit peut \u00eatre contr\u00f4l\u00e9e et la tra\u00e7abilit\u00e9 du produit, et chaque lot de produits est accompagn\u00e9 d\u2019une fiche signal\u00e9tique,  Rapports COA, TDS, PSD et XRD, etc. Nous fournissons \u00e9galement des \u00e9chantillons de chaque lot de produits. Chaque lot de produits fournira des \u00e9chantillons aux clients, aidera \u00e9galement les clients \u00e0 demander \u00e0 des organismes de test tiers de tester les produits.  <\/p>\n<h2><span style=\"font-size: 14pt;\">Emballage et stockage<\/span><\/h2>\n<p>Les cibles de pulv\u00e9risation \u00e0 l\u2019oxyde de vanadium V2O5 sont emball\u00e9es dans une bo\u00eete arri\u00e8re de sac sous vide double et une bo\u00eete en carton ext\u00e9rieure.<\/p>\n<p>Les cibles de pulv\u00e9risation \u00e0 l\u2019oxyde de vanadium V2O5 doivent \u00eatre stock\u00e9es dans un environnement sec, frais et bien ventil\u00e9, \u00e0 l\u2019abri de l\u2019humidit\u00e9, de l\u2019oxydation et des dommages physiques, et \u00e0 l\u2019\u00e9cart des sources d\u2019inflammation et des substances corrosives fortes.<\/p>\n","protected":false},"excerpt":{"rendered":"<p><span style=\"color: #0000ff;\"><a style=\"color: #0000ff;\" href=\"https:\/\/vimaterial.de\/en\/product\/vanadium-oxide\/\">Oxyde de vanadium<\/a> <\/span>La cible de pulv\u00e9risation V2O5 est un mat\u00e9riau dont le composant principal est le pentoxyde de vanadium. Lorsqu\u2019ils sont bombard\u00e9s par un faisceau d\u2019ions de haute \u00e9nergie dans le processus de pulv\u00e9risation, les mol\u00e9cules ou les atomes V2O5 \u00e0 sa surface sont pulv\u00e9ris\u00e9s pour former un film mince uniforme d\u2019oxyde de vanadium sur le mat\u00e9riau du substrat, qui peut \u00eatre utilis\u00e9 pour la fabrication d\u2019une large gamme de dispositifs \u00e9lectroniques et optiques tels que les fen\u00eatres intelligentes,  \u00e9lectrodes de batterie, capteurs, etc. <\/p>\n","protected":false},"featured_media":1001032,"comment_status":"open","ping_status":"closed","template":"","meta":{"_acf_changed":false},"product_brand":[],"product_cat":[235],"product_tag":[],"class_list":{"0":"post-1012579","1":"product","2":"type-product","3":"status-publish","4":"has-post-thumbnail","6":"product_cat-cibles-de-pulverisation-planaire","8":"first","9":"instock","10":"shipping-taxable","11":"product-type-variable"},"acf":[],"_links":{"self":[{"href":"https:\/\/vimaterial.de\/fr\/wp-json\/wp\/v2\/product\/1012579","targetHints":{"allow":["GET"]}}],"collection":[{"href":"https:\/\/vimaterial.de\/fr\/wp-json\/wp\/v2\/product"}],"about":[{"href":"https:\/\/vimaterial.de\/fr\/wp-json\/wp\/v2\/types\/product"}],"replies":[{"embeddable":true,"href":"https:\/\/vimaterial.de\/fr\/wp-json\/wp\/v2\/comments?post=1012579"}],"wp:featuredmedia":[{"embeddable":true,"href":"https:\/\/vimaterial.de\/fr\/wp-json\/wp\/v2\/media\/1001032"}],"wp:attachment":[{"href":"https:\/\/vimaterial.de\/fr\/wp-json\/wp\/v2\/media?parent=1012579"}],"wp:term":[{"taxonomy":"product_brand","embeddable":true,"href":"https:\/\/vimaterial.de\/fr\/wp-json\/wp\/v2\/product_brand?post=1012579"},{"taxonomy":"product_cat","embeddable":true,"href":"https:\/\/vimaterial.de\/fr\/wp-json\/wp\/v2\/product_cat?post=1012579"},{"taxonomy":"product_tag","embeddable":true,"href":"https:\/\/vimaterial.de\/fr\/wp-json\/wp\/v2\/product_tag?post=1012579"}],"curies":[{"name":"wp","href":"https:\/\/api.w.org\/{rel}","templated":true}]}}