{"id":1012538,"date":"2024-06-17T14:31:08","date_gmt":"2024-06-17T06:31:08","guid":{"rendered":"https:\/\/vimaterial.de\/product\/vanadium-aluminium-2\/"},"modified":"2025-04-17T17:25:09","modified_gmt":"2025-04-17T09:25:09","slug":"vanadium-aluminium-2","status":"publish","type":"product","link":"https:\/\/vimaterial.de\/fr\/product\/vanadium-aluminium-2\/","title":{"rendered":"Aluminium au vanadium"},"content":{"rendered":"<p>La cible de pulv\u00e9risation cathodique en <span style=\"color: #0000ff;\"><a style=\"color: #0000ff;\" href=\"https:\/\/vimaterial.de\/en\/product\/vanadium-aluminum\/\">aluminium vanadium<\/a> <\/span>est une cible de pulv\u00e9risation en alliage compos\u00e9 de vanadium et d\u2019aluminium, qui pr\u00e9sente les caract\u00e9ristiques d\u2019une grande puret\u00e9, d\u2019une haute densit\u00e9, d\u2019une bonne conductivit\u00e9 \u00e9lectrique et d\u2019une stabilit\u00e9 thermique, et peut \u00eatre utilis\u00e9e pour pr\u00e9parer des films minces dans les domaines des semi-conducteurs et des dispositifs \u00e9lectroniques.<\/p>\n<p>VIMATERIAL fournit des cibles de pulv\u00e9risation cathodique en vanadium et en aluminium. Nos cibles de pulv\u00e9risation cathodique au borde de vanadium pr\u00e9sentent les avantages d\u2019une grande puret\u00e9, d\u2019une haute densit\u00e9, d\u2019une faible taille de particules, d\u2019une \u00e9paisseur de film uniforme, d\u2019une efficacit\u00e9 \u00e9lev\u00e9e et d\u2019une personnalisation. Notre soci\u00e9t\u00e9 peut fournir un service de liaison cible, nous sommes un fournisseur professionnel de mati\u00e8res premi\u00e8res chimiques inorganiques, veuillez <span style=\"color: #0000ff;\"><a style=\"color: #0000ff;\" href=\"https:\/\/vimaterial.de\/en\/contact-us\/\">nous contacter<\/a><\/span> si vous avez des besoins.  <\/p>\n<h2><span style=\"font-size: 14pt;\">Propri\u00e9t\u00e9s physiques<\/span><\/h2>\n<p>Formule mol\u00e9culaire : VAl<\/p>\n<p>Poids mol\u00e9culaire : environ 77,92<\/p>\n<p>Apparence&nbsp;: cible en m\u00e9tal gris argent\u00e9 g\u00e9n\u00e9ralement<\/p>\n<p>Structure cristalline : structure cubique centr\u00e9e sur le corps ou structure cubique centr\u00e9e sur la face<\/p>\n<h2><span style=\"font-size: 14pt;\">Applications<\/span><\/h2>\n<p>Domaine des semi-conducteurs : Utilis\u00e9 pour fabriquer des couches m\u00e9talliques de puces semi-conductrices, telles que la couche conductrice, la couche barri\u00e8re, etc., pour assurer le fonctionnement haute performance de la puce.<\/p>\n<p>Champ d\u2019affichage \u00e0 \u00e9cran plat : Il peut \u00eatre utilis\u00e9 comme couche r\u00e9fl\u00e9chissante et mat\u00e9riau de couche conductrice pour la pr\u00e9paration de films minces tels que des \u00e9lectrodes dans les panneaux d\u2019affichage et les \u00e9crans tactiles.<\/p>\n<p>Domaine de stockage de l\u2019information : impliqu\u00e9 dans la fabrication de disques durs, de disques optiques et d\u2019autres dispositifs de stockage dans le film, pour am\u00e9liorer la densit\u00e9 de stockage et la vitesse de lecture et d\u2019\u00e9criture.<\/p>\n<p>Champ de cellules solaires&nbsp;: Il aide \u00e0 pr\u00e9parer des \u00e9lectrodes et des films r\u00e9duisant la r\u00e9flexion pour les cellules solaires, etc., et am\u00e9liore l\u2019efficacit\u00e9 de conversion photo\u00e9lectrique des cellules.<\/p>\n<p>Domaine des dispositifs \u00e9lectroniques : utilis\u00e9 dans la pr\u00e9paration d\u2019\u00e9lectrodes et de mat\u00e9riaux d\u2019interconnexion dans les dispositifs de contr\u00f4le \u00e9lectronique, etc., pour assurer une transmission efficace des signaux \u00e9lectroniques.<\/p>\n<h2><span style=\"font-size: 14pt;\">Contr\u00f4le de la qualit\u00e9<\/span><\/h2>\n<p><span style=\"color: #0000ff;\"><a style=\"color: #0000ff;\" href=\"https:\/\/vimaterial.de\/en\/quality-control\/\">Chaque lot<\/a><\/span> de produits suit des principes stricts de contr\u00f4le de la qualit\u00e9, garantissant que chaque lot de mat\u00e9riaux provenant de l\u2019achat de mati\u00e8res premi\u00e8res, de la transformation et des produits finis hors de l\u2019entrep\u00f4t est \u00e9quip\u00e9 d\u2019instruments avanc\u00e9s, de normes d\u2019inspection strictes et de registres d\u2019inspection parfaits pour garantir que la qualit\u00e9 du produit peut \u00eatre contr\u00f4l\u00e9e et la tra\u00e7abilit\u00e9 du produit, et chaque lot de produits est accompagn\u00e9 d\u2019une fiche signal\u00e9tique,  Rapports COA, TDS, PSD et XRD, etc. Nous fournissons \u00e9galement des \u00e9chantillons de chaque lot de produits. Chaque lot de produits fournira des \u00e9chantillons aux clients, aidera \u00e9galement les clients \u00e0 demander \u00e0 des organismes de test tiers de tester les produits.  <\/p>\n<h2><span style=\"font-size: 14pt;\">Emballage et stockage<\/span><\/h2>\n<p>Les cibles de pulv\u00e9risation cathodique en aluminium vanadium sont emball\u00e9es dans des sacs sous vide doubles et emball\u00e9es dans des cartons.<\/p>\n<p>Les cibles de pulv\u00e9risation cathodique en aluminium vanadium doivent \u00eatre stock\u00e9es dans un environnement sec, bien ventil\u00e9, stabilis\u00e9 en temp\u00e9rature et propre, \u00e0 l\u2019abri de l\u2019humidit\u00e9, de l\u2019oxydation, des impuret\u00e9s et des chocs physiques.<\/p>\n","protected":false},"excerpt":{"rendered":"<p>La cible de pulv\u00e9risation cathodique en <span style=\"color: #0000ff;\"><a style=\"color: #0000ff;\" href=\"https:\/\/vimaterial.de\/en\/product\/vanadium-aluminum\/\">aluminium vanadium<\/a> <\/span>est une cible de pulv\u00e9risation en alliage compos\u00e9 de vanadium et d\u2019aluminium, qui pr\u00e9sente les caract\u00e9ristiques d\u2019une grande puret\u00e9, d\u2019une haute densit\u00e9, d\u2019une bonne conductivit\u00e9 \u00e9lectrique et d\u2019une stabilit\u00e9 thermique, et peut \u00eatre utilis\u00e9e pour pr\u00e9parer des films minces dans les domaines des semi-conducteurs et des dispositifs \u00e9lectroniques.<\/p>\n","protected":false},"featured_media":1001065,"comment_status":"open","ping_status":"closed","template":"","meta":{"_acf_changed":false},"product_brand":[],"product_cat":[235],"product_tag":[],"class_list":{"0":"post-1012538","1":"product","2":"type-product","3":"status-publish","4":"has-post-thumbnail","6":"product_cat-cibles-de-pulverisation-planaire","8":"first","9":"instock","10":"shipping-taxable","11":"product-type-variable"},"acf":[],"_links":{"self":[{"href":"https:\/\/vimaterial.de\/fr\/wp-json\/wp\/v2\/product\/1012538","targetHints":{"allow":["GET"]}}],"collection":[{"href":"https:\/\/vimaterial.de\/fr\/wp-json\/wp\/v2\/product"}],"about":[{"href":"https:\/\/vimaterial.de\/fr\/wp-json\/wp\/v2\/types\/product"}],"replies":[{"embeddable":true,"href":"https:\/\/vimaterial.de\/fr\/wp-json\/wp\/v2\/comments?post=1012538"}],"wp:featuredmedia":[{"embeddable":true,"href":"https:\/\/vimaterial.de\/fr\/wp-json\/wp\/v2\/media\/1001065"}],"wp:attachment":[{"href":"https:\/\/vimaterial.de\/fr\/wp-json\/wp\/v2\/media?parent=1012538"}],"wp:term":[{"taxonomy":"product_brand","embeddable":true,"href":"https:\/\/vimaterial.de\/fr\/wp-json\/wp\/v2\/product_brand?post=1012538"},{"taxonomy":"product_cat","embeddable":true,"href":"https:\/\/vimaterial.de\/fr\/wp-json\/wp\/v2\/product_cat?post=1012538"},{"taxonomy":"product_tag","embeddable":true,"href":"https:\/\/vimaterial.de\/fr\/wp-json\/wp\/v2\/product_tag?post=1012538"}],"curies":[{"name":"wp","href":"https:\/\/api.w.org\/{rel}","templated":true}]}}