{"id":1012535,"date":"2024-06-17T14:31:07","date_gmt":"2024-06-17T06:31:07","guid":{"rendered":"https:\/\/vimaterial.de\/product\/vanadium-aluminium\/"},"modified":"2025-04-17T17:27:44","modified_gmt":"2025-04-17T09:27:44","slug":"vanadium-aluminium","status":"publish","type":"product","link":"https:\/\/vimaterial.de\/fr\/product\/vanadium-aluminium\/","title":{"rendered":"Aluminium au vanadium"},"content":{"rendered":"<p><span style=\"color: #0000ff;\"><a style=\"color: #0000ff;\" href=\"https:\/\/vimaterial.de\/en\/product\/vanadium-aluminum-sputtering-target\/\">Aluminium au vanadium<\/a><\/span> La poudre est une poudre m\u00e9tallique compos\u00e9e de vanadium et d\u2019aluminium, de couleur gris argent\u00e9, \u00e0 haute r\u00e9sistance et bonne stabilit\u00e9 thermique, principalement utilis\u00e9e dans le domaine a\u00e9rospatial pour fabriquer des composants structurels \u00e0 haute temp\u00e9rature, dans l\u2019industrie m\u00e9tallurgique comme additif d\u2019alliage pour am\u00e9liorer les propri\u00e9t\u00e9s de l\u2019alliage.<\/p>\n<p>VIMATERIAL fournit de la poudre d\u2019aluminium au vanadium, notre soci\u00e9t\u00e9 fournit de la poudre d\u2019aluminium au vanadium avec une puret\u00e9 \u00e9lev\u00e9e, une faible impuret\u00e9, une taille de particule uniforme et r\u00e9guli\u00e8re, des caract\u00e9ristiques d\u2019excellente qualit\u00e9, notre service apr\u00e8s-vente est bon, le produit est emball\u00e9 dans de petits emballages, une commande par lots r\u00e9duits, un stock suffisant, acceptez la personnalisation du produit et les exp\u00e9riences. Nous sommes un fournisseur professionnel de mati\u00e8res premi\u00e8res chimiques inorganiques, veuillez <span style=\"color: #0000ff;\"><a style=\"color: #0000ff;\" href=\"https:\/\/vimaterial.de\/en\/contact-us\/\">nous contacter<\/a><\/span> pour tous vos besoins. <\/p>\n<h2><span style=\"font-size: 14pt;\">Propri\u00e9t\u00e9s physiques<\/span><\/h2>\n<p>Formule mol\u00e9culaire : VAl<\/p>\n<p>Poids mol\u00e9culaire : environ 39<\/p>\n<p>Apparence&nbsp;: poudre gris argent\u00e9<\/p>\n<h2><span style=\"font-size: 14pt;\">Applications<\/span><\/h2>\n<p>A\u00e9rospatiale : Les poudres VAl sont utilis\u00e9es dans la fabrication d\u2019hydravions, de planeurs, etc. Leur duret\u00e9, leur \u00e9lasticit\u00e9, leur r\u00e9sistance \u00e0 l\u2019eau de mer et leur l\u00e9g\u00e8ret\u00e9 r\u00e9pondent aux exigences strictes des \u00e9quipements a\u00e9rospatiaux. <\/p>\n<p>M\u00e9tallurgie : En tant qu\u2019alliage interm\u00e9diaire, la poudre VAl est principalement utilis\u00e9e comme additif \u00e9l\u00e9mentaire dans la production d\u2019alliages de titane, d\u2019alliages \u00e0 haute temp\u00e9rature et de certains alliages sp\u00e9ciaux, qui peuvent am\u00e9liorer efficacement les performances des alliages.<\/p>\n<p>Impression 3D : La poudre VAl peut \u00eatre utilis\u00e9e comme mati\u00e8re premi\u00e8re pour l\u2019impression 3D de poudres m\u00e9talliques pour la fabrication de pi\u00e8ces aux formes complexes et aux exigences de performance \u00e9lev\u00e9es.<\/p>\n<h2><span style=\"font-size: 14pt;\">Contr\u00f4le de la qualit\u00e9<\/span><\/h2>\n<p><span style=\"color: #0000ff;\"><a style=\"color: #0000ff;\" href=\"https:\/\/vimaterial.de\/en\/quality-control\/\">Chaque lot<\/a> <\/span>de produits suit des principes stricts de contr\u00f4le de la qualit\u00e9, garantissant que chaque lot de mat\u00e9riaux provenant de l\u2019achat de mati\u00e8res premi\u00e8res, de la transformation et des produits finis hors de l\u2019entrep\u00f4t est \u00e9quip\u00e9 d\u2019instruments avanc\u00e9s, de normes d\u2019inspection strictes et de registres d\u2019inspection parfaits pour garantir que la qualit\u00e9 du produit peut \u00eatre contr\u00f4l\u00e9e et la tra\u00e7abilit\u00e9 du produit, et chaque lot de produits est accompagn\u00e9 d\u2019une fiche signal\u00e9tique,  Rapports COA, TDS, PSD et XRD, etc. Nous fournissons \u00e9galement des \u00e9chantillons de chaque lot de produits. Chaque lot de produits fournira des \u00e9chantillons aux clients, aidera \u00e9galement les clients \u00e0 demander \u00e0 des organismes de test tiers de tester les produits.  <\/p>\n<h2><span style=\"font-size: 14pt;\">Emballage et stockage<\/span><\/h2>\n<p>La poudre d\u2019aluminium vanadium est emball\u00e9e dans des sacs sous vide \u00e0 double couche ou des bouteilles sous vide \u00e0 double couche avec des cartons ext\u00e9rieurs. Des tailles d\u2019emballage de 250g, 500g, 1kg ou 25kg sont disponibles. <\/p>\n<p>La poudre d\u2019aluminium au vanadium doit \u00eatre stock\u00e9e dans un environnement sec, bien ventil\u00e9 et frais pour \u00e9viter l\u2019humidit\u00e9, le contact avec des oxydants et des acides forts, et en m\u00eame temps pour emp\u00eacher la poudre de voler, loin des sources d\u2019inflammation et de chaleur, il est pr\u00e9f\u00e9rable d\u2019utiliser des r\u00e9cipients scell\u00e9s pour le stockage.<\/p>\n","protected":false},"excerpt":{"rendered":"<p><span style=\"color: #0000ff;\"><a style=\"color: #0000ff;\" href=\"https:\/\/vimaterial.de\/en\/product\/vanadium-aluminum-sputtering-target\/\">Aluminium au vanadium<\/a><\/span> La poudre est une poudre m\u00e9tallique compos\u00e9e de vanadium et d\u2019aluminium, de couleur gris argent\u00e9, \u00e0 haute r\u00e9sistance et bonne stabilit\u00e9 thermique, principalement utilis\u00e9e dans le domaine a\u00e9rospatial pour fabriquer des composants structurels \u00e0 haute temp\u00e9rature, dans l\u2019industrie m\u00e9tallurgique comme additif d\u2019alliage pour am\u00e9liorer les propri\u00e9t\u00e9s de l\u2019alliage.<\/p>\n","protected":false},"featured_media":1001058,"comment_status":"open","ping_status":"closed","template":"","meta":{"_acf_changed":false},"product_brand":[],"product_cat":[250],"product_tag":[],"class_list":{"0":"post-1012535","1":"product","2":"type-product","3":"status-publish","4":"has-post-thumbnail","6":"product_cat-poudre-de-metal-pur-et-dalliage","8":"first","9":"instock","10":"shipping-taxable","11":"product-type-variable"},"acf":[],"_links":{"self":[{"href":"https:\/\/vimaterial.de\/fr\/wp-json\/wp\/v2\/product\/1012535","targetHints":{"allow":["GET"]}}],"collection":[{"href":"https:\/\/vimaterial.de\/fr\/wp-json\/wp\/v2\/product"}],"about":[{"href":"https:\/\/vimaterial.de\/fr\/wp-json\/wp\/v2\/types\/product"}],"replies":[{"embeddable":true,"href":"https:\/\/vimaterial.de\/fr\/wp-json\/wp\/v2\/comments?post=1012535"}],"wp:featuredmedia":[{"embeddable":true,"href":"https:\/\/vimaterial.de\/fr\/wp-json\/wp\/v2\/media\/1001058"}],"wp:attachment":[{"href":"https:\/\/vimaterial.de\/fr\/wp-json\/wp\/v2\/media?parent=1012535"}],"wp:term":[{"taxonomy":"product_brand","embeddable":true,"href":"https:\/\/vimaterial.de\/fr\/wp-json\/wp\/v2\/product_brand?post=1012535"},{"taxonomy":"product_cat","embeddable":true,"href":"https:\/\/vimaterial.de\/fr\/wp-json\/wp\/v2\/product_cat?post=1012535"},{"taxonomy":"product_tag","embeddable":true,"href":"https:\/\/vimaterial.de\/fr\/wp-json\/wp\/v2\/product_tag?post=1012535"}],"curies":[{"name":"wp","href":"https:\/\/api.w.org\/{rel}","templated":true}]}}