{"id":1012521,"date":"2024-06-17T14:31:12","date_gmt":"2024-06-17T06:31:12","guid":{"rendered":"https:\/\/vimaterial.de\/product\/borure-de-vanadium-2\/"},"modified":"2025-04-17T17:21:43","modified_gmt":"2025-04-17T09:21:43","slug":"borure-de-vanadium-2","status":"publish","type":"product","link":"https:\/\/vimaterial.de\/fr\/product\/borure-de-vanadium-2\/","title":{"rendered":"Borure de vanadium"},"content":{"rendered":"<p>La cible de pulv\u00e9risation cathodique de <span style=\"color: #0000ff;\"><a style=\"color: #0000ff;\" href=\"https:\/\/vimaterial.de\/en\/product\/vanadium-boride\/\">vanadium est<\/a><\/span> un mat\u00e9riau de diborure de vanadium avec un point de fusion \u00e9lev\u00e9, une duret\u00e9 \u00e9lev\u00e9e, une conductivit\u00e9 \u00e9lectrique \u00e9lev\u00e9e et une stabilit\u00e9 chimique, qui est largement utilis\u00e9 dans la fabrication de puces \u00e0 semi-conducteurs pour la pr\u00e9paration de couches conductrices et barri\u00e8res, d\u2019\u00e9lectrodes et de mat\u00e9riaux d\u2019interconnexion dans les dispositifs \u00e9lectroniques, l\u2019am\u00e9lioration de la transmittance et les films hautement r\u00e9fl\u00e9chissants dans le domaine optique, ainsi que les rev\u00eatements durs pour am\u00e9liorer la duret\u00e9 des surfaces et l\u2019usure des mat\u00e9riaux r\u00e9sistance.<\/p>\n<p>VIMATERIAL fournit des cibles de pulv\u00e9risation au vanadium Borure. Nos cibles de pulv\u00e9risation cathodique au vanadium borde se caract\u00e9risent par une grande puret\u00e9, une densit\u00e9 \u00e9lev\u00e9e, une granulom\u00e9trie fine et uniforme, une composition stable, un taux de pulv\u00e9risation rapide et une qualit\u00e9 de film \u00e9lev\u00e9e. Notre soci\u00e9t\u00e9 peut fournir un service de liaison cible, nous sommes un fournisseur professionnel de mati\u00e8res premi\u00e8res chimiques inorganiques, veuillez <span style=\"color: #0000ff;\"><a style=\"color: #0000ff;\" href=\"https:\/\/vimaterial.de\/en\/contact-us\/\">nous contacter<\/a><\/span> si vous avez des besoins.  <\/p>\n<h2><span style=\"font-size: 14pt;\">Propri\u00e9t\u00e9s physiques<\/span><\/h2>\n<p>Formule mol\u00e9culaire : VB\u2082<\/p>\n<p>Poids mol\u00e9culaire : 72,56<\/p>\n<p>Aspect : cible g\u00e9n\u00e9ralement grise ou noire<\/p>\n<p>Densit\u00e9 : 5,10 g\/cm\u00b3<\/p>\n<p>Point de fusion : 2980\u00b0C<\/p>\n<p>Structure cristalline : Structure cristalline hexagonale<\/p>\n<h2><span style=\"font-size: 14pt;\">Applications<\/span><\/h2>\n<p>Domaine des semi-conducteurs&nbsp;: Vanadium La cible de pulv\u00e9risation cathodique Boride est un assistant puissant dans la fabrication de puces semi-conductrices, gr\u00e2ce au processus de pulv\u00e9risation, elle peut construire une couche barri\u00e8re pr\u00e9cise et stable pour la puce, bloquant la diffusion des impuret\u00e9s et garantissant un fonctionnement haute performance de la puce.<\/p>\n<p>Dans le domaine des appareils \u00e9lectroniques : Dans la production de dispositifs \u00e9lectroniques, il est utilis\u00e9 pour pr\u00e9parer des \u00e9lectrodes et des mat\u00e9riaux d\u2019interconnexion, assurant une transmission \u00e0 haut d\u00e9bit et sans perte de signaux \u00e9lectroniques gr\u00e2ce \u00e0 son excellente conductivit\u00e9 et am\u00e9liorant les performances globales du produit.<\/p>\n<p>Instruments optiques&nbsp;: Pour la production de lentilles optiques, les cibles de pulv\u00e9risation de borure de vanadium peuvent pulv\u00e9riser des films minces sp\u00e9ciaux, qui peuvent non seulement am\u00e9liorer la transmittance des lentilles pour obtenir une imagerie haute d\u00e9finition, mais \u00e9galement r\u00e9pondre aux besoins de rev\u00eatements optiques \u00e0 haute propri\u00e9t\u00e9 r\u00e9fl\u00e9chissante.<\/p>\n<p>Rev\u00eatement dur : Lors de l\u2019application de rev\u00eatements durs sur des outils tels que des couteaux et des moules, la duret\u00e9 du rev\u00eatement monte en fl\u00e8che, am\u00e9liorant consid\u00e9rablement la r\u00e9sistance \u00e0 l\u2019usure, prolongeant efficacement la dur\u00e9e de vie de l\u2019outil et r\u00e9duisant les co\u00fbts de production.<\/p>\n<h2><span style=\"font-size: 14pt;\">Contr\u00f4le de la qualit\u00e9<\/span><\/h2>\n<p><span style=\"color: #0000ff;\"><a style=\"color: #0000ff;\" href=\"https:\/\/vimaterial.de\/en\/quality-control\/\">Chaque lot<\/a><\/span> de produits suit des principes stricts de contr\u00f4le de la qualit\u00e9, garantissant que chaque lot de mat\u00e9riaux provenant de l\u2019achat de mati\u00e8res premi\u00e8res, de la transformation et des produits finis hors de l\u2019entrep\u00f4t est \u00e9quip\u00e9 d\u2019instruments avanc\u00e9s, de normes d\u2019inspection strictes et de registres d\u2019inspection parfaits pour garantir que la qualit\u00e9 du produit peut \u00eatre contr\u00f4l\u00e9e et la tra\u00e7abilit\u00e9 du produit, et chaque lot de produits est accompagn\u00e9 d\u2019une fiche signal\u00e9tique,  Rapports COA, TDS, PSD et XRD, etc. Nous fournissons \u00e9galement des \u00e9chantillons de chaque lot de produits. Chaque lot de produits fournira des \u00e9chantillons aux clients, aidera \u00e9galement les clients \u00e0 demander \u00e0 des organismes de test tiers de tester les produits.  <\/p>\n<h2><span style=\"font-size: 14pt;\">Emballage et stockage<\/span><\/h2>\n<p>Les cibles de pulv\u00e9risation de borure de vanadium sont emball\u00e9es dans des sacs sous vide doubles et emball\u00e9es dans des cartons ext\u00e9rieurs.<\/p>\n<p>Les cibles de pulv\u00e9risation au borure de vanadium doivent \u00eatre stock\u00e9es dans un environnement sec, frais et bien ventil\u00e9, en \u00e9vitant l\u2019humidit\u00e9, l\u2019oxydation, en \u00e9vitant les dommages physiques \u00e0 la cible, et doivent \u00eatre tenues \u00e0 l\u2019\u00e9cart des sources d\u2019inflammation et des substances corrosives.<\/p>\n","protected":false},"excerpt":{"rendered":"<p>La cible de pulv\u00e9risation cathodique de <span style=\"color: #0000ff;\"><a style=\"color: #0000ff;\" href=\"https:\/\/vimaterial.de\/en\/product\/vanadium-boride\/\">vanadium est<\/a><\/span> un mat\u00e9riau de diborure de vanadium avec un point de fusion \u00e9lev\u00e9, une duret\u00e9 \u00e9lev\u00e9e, une conductivit\u00e9 \u00e9lectrique \u00e9lev\u00e9e et une stabilit\u00e9 chimique, qui est largement utilis\u00e9 dans la fabrication de puces \u00e0 semi-conducteurs pour la pr\u00e9paration de couches conductrices et barri\u00e8res, d\u2019\u00e9lectrodes et de mat\u00e9riaux d\u2019interconnexion dans les dispositifs \u00e9lectroniques, l\u2019am\u00e9lioration de la transmittance et les films hautement r\u00e9fl\u00e9chissants dans le domaine optique, ainsi que les rev\u00eatements durs pour am\u00e9liorer la duret\u00e9 des surfaces et l\u2019usure des mat\u00e9riaux r\u00e9sistance.<\/p>\n","protected":false},"featured_media":1001072,"comment_status":"open","ping_status":"closed","template":"","meta":{"_acf_changed":false},"product_brand":[],"product_cat":[235],"product_tag":[],"class_list":{"0":"post-1012521","1":"product","2":"type-product","3":"status-publish","4":"has-post-thumbnail","6":"product_cat-cibles-de-pulverisation-planaire","8":"first","9":"instock","10":"shipping-taxable","11":"product-type-variable"},"acf":[],"_links":{"self":[{"href":"https:\/\/vimaterial.de\/fr\/wp-json\/wp\/v2\/product\/1012521","targetHints":{"allow":["GET"]}}],"collection":[{"href":"https:\/\/vimaterial.de\/fr\/wp-json\/wp\/v2\/product"}],"about":[{"href":"https:\/\/vimaterial.de\/fr\/wp-json\/wp\/v2\/types\/product"}],"replies":[{"embeddable":true,"href":"https:\/\/vimaterial.de\/fr\/wp-json\/wp\/v2\/comments?post=1012521"}],"wp:featuredmedia":[{"embeddable":true,"href":"https:\/\/vimaterial.de\/fr\/wp-json\/wp\/v2\/media\/1001072"}],"wp:attachment":[{"href":"https:\/\/vimaterial.de\/fr\/wp-json\/wp\/v2\/media?parent=1012521"}],"wp:term":[{"taxonomy":"product_brand","embeddable":true,"href":"https:\/\/vimaterial.de\/fr\/wp-json\/wp\/v2\/product_brand?post=1012521"},{"taxonomy":"product_cat","embeddable":true,"href":"https:\/\/vimaterial.de\/fr\/wp-json\/wp\/v2\/product_cat?post=1012521"},{"taxonomy":"product_tag","embeddable":true,"href":"https:\/\/vimaterial.de\/fr\/wp-json\/wp\/v2\/product_tag?post=1012521"}],"curies":[{"name":"wp","href":"https:\/\/api.w.org\/{rel}","templated":true}]}}