{"id":1012512,"date":"2024-06-17T14:31:08","date_gmt":"2024-06-17T06:31:08","guid":{"rendered":"https:\/\/vimaterial.de\/product\/borure-de-vanadium\/"},"modified":"2025-04-17T17:23:28","modified_gmt":"2025-04-17T09:23:28","slug":"borure-de-vanadium","status":"publish","type":"product","link":"https:\/\/vimaterial.de\/fr\/product\/borure-de-vanadium\/","title":{"rendered":"Borure de vanadium"},"content":{"rendered":"<p>La poudre de <span style=\"color: #0000ff;\"><a style=\"color: #0000ff;\" href=\"https:\/\/vimaterial.de\/en\/product\/vanadium-boride-sputtering-target\/\">borure de vanadium<\/a><\/span> est une poudre compos\u00e9e inorganique compos\u00e9e de bore et de vanadium, g\u00e9n\u00e9ralement de couleur noire ou grise, avec des propri\u00e9t\u00e9s telles qu\u2019une duret\u00e9 \u00e9lev\u00e9e, un point de fusion \u00e9lev\u00e9 et une bonne conductivit\u00e9 \u00e9lectrique, elle a un large \u00e9ventail d\u2019applications dans de nombreux domaines, tels que les mat\u00e9riaux r\u00e9sistants \u00e0 l\u2019usure, les mat\u00e9riaux c\u00e9ramiques et l\u2019\u00e9lectronique.<\/p>\n<p>VIMATERIAL fournit de la poudre de borure de vanadium, notre soci\u00e9t\u00e9 fournit de la poudre de borure de vanadium avec une puret\u00e9 \u00e9lev\u00e9e, de faibles impuret\u00e9s, une taille de particule uniforme et r\u00e9guli\u00e8re, d\u2019excellentes caract\u00e9ristiques de qualit\u00e9, notre service apr\u00e8s-vente est bon, le produit est emball\u00e9 dans de petits emballages, une commande par lots r\u00e9duits, un stock suffisant, acceptez la personnalisation du produit et les exp\u00e9riences. Nous sommes un fournisseur professionnel de mati\u00e8res premi\u00e8res chimiques inorganiques, veuillez <span style=\"color: #0000ff;\"><a style=\"color: #0000ff;\" href=\"https:\/\/vimaterial.de\/en\/contact-us\/\">nous contacter<\/a><\/span> pour tous vos besoins. <\/p>\n<h2><span style=\"font-size: 14pt;\">Propri\u00e9t\u00e9s physiques<\/span><\/h2>\n<p>Formule mol\u00e9culaire : VB\u2082<\/p>\n<p>Poids mol\u00e9culaire : 72,56 g\/mol<\/p>\n<p>Apparence&nbsp;: poudre gris noir<\/p>\n<p>Densit\u00e9 : environ 5,10 g\/cm\u00b3.<\/p>\n<p>Point de fusion : environ 2980\u00b0C<\/p>\n<p>Structure cristalline : Il a une structure cristalline hexagonale et appartient au cristal atomique.<\/p>\n<h2><span style=\"font-size: 14pt;\">Applications<\/span><\/h2>\n<p>A\u00e9rospatiale : La poudre de borure de vanadium est utilis\u00e9e dans la fabrication de pi\u00e8ces r\u00e9sistantes aux hautes temp\u00e9ratures pour les moteurs d\u2019avion, o\u00f9 son point de fusion \u00e9lev\u00e9 assure la stabilit\u00e9 structurelle \u00e0 des temp\u00e9ratures extr\u00eamement \u00e9lev\u00e9es et facilite le fonctionnement efficace des avions.<\/p>\n<p>Automobile : La poudre est ajout\u00e9e aux composants cl\u00e9s tels que les pistons et les cylindres des moteurs automobiles pour r\u00e9duire l\u2019usure des composants et prolonger la dur\u00e9e de vie des automobiles en raison de son excellente r\u00e9sistance \u00e0 l\u2019usure.<\/p>\n<p>Industrie \u00e9lectronique : En tant que composant cl\u00e9 dans la dissipation thermique des composants \u00e9lectroniques, la poudre de borure de vanadium est utilis\u00e9e pour son excellente conductivit\u00e9 thermique afin de dissiper rapidement la chaleur et d\u2019assurer le fonctionnement stable des produits \u00e9lectroniques.<\/p>\n<p>Champ de stockage d\u2019\u00e9nergie&nbsp;: transform\u00e9 en nouveaux mat\u00e9riaux d\u2019\u00e9lectrode de batterie, en s\u2019appuyant sur les propri\u00e9t\u00e9s \u00e9lectrochimiques uniques, de sorte que la batterie a une efficacit\u00e9 et une capacit\u00e9 de charge et de d\u00e9charge plus \u00e9lev\u00e9es, pour promouvoir le d\u00e9veloppement de nouvelles \u00e9nergies.<\/p>\n<p>Domaine d\u2019usinage de la c\u00e9ramique : int\u00e9gr\u00e9 dans les \u00e9bauches c\u00e9ramiques, avec ses caract\u00e9ristiques de duret\u00e9 \u00e9lev\u00e9es, pour am\u00e9liorer les propri\u00e9t\u00e9s de r\u00e9sistance \u00e0 l\u2019usure et aux rayures des c\u00e9ramiques finies, \u00e9largissant ainsi les sc\u00e9narios d\u2019application de la c\u00e9ramique haut de gamme.<\/p>\n<h2><span style=\"font-size: 14pt;\">Contr\u00f4le de la qualit\u00e9<\/span><\/h2>\n<p><span style=\"color: #0000ff;\"><a style=\"color: #0000ff;\" href=\"https:\/\/vimaterial.de\/en\/quality-control\/\">Chaque lot<\/a><\/span> de produits suit des principes stricts de contr\u00f4le de la qualit\u00e9, garantissant que chaque lot de mat\u00e9riaux provenant de l\u2019achat de mati\u00e8res premi\u00e8res, de la transformation et des produits finis hors de l\u2019entrep\u00f4t est \u00e9quip\u00e9 d\u2019instruments avanc\u00e9s, de normes d\u2019inspection strictes et de registres d\u2019inspection parfaits pour garantir que la qualit\u00e9 du produit peut \u00eatre contr\u00f4l\u00e9e et la tra\u00e7abilit\u00e9 du produit, et chaque lot de produits est accompagn\u00e9 d\u2019une fiche signal\u00e9tique,  Rapports COA, TDS, PSD et XRD, etc. Nous fournissons \u00e9galement des \u00e9chantillons de chaque lot de produits. Chaque lot de produits fournira des \u00e9chantillons aux clients, aidera \u00e9galement les clients \u00e0 demander \u00e0 des organismes de test tiers de tester les produits.  <\/p>\n<h2><span style=\"font-size: 14pt;\">Emballage et stockage<\/span><\/h2>\n<p>La poudre de borure de vanadium est emball\u00e9e dans un sac sous vide \u00e0 double couche ou une bouteille sous vide \u00e0 double couche avec carton ext\u00e9rieur. Des tailles d\u2019emballage de 250g, 500g, 1kg ou 25kg sont disponibles. <\/p>\n<p>La poudre de borure de vanadium doit \u00eatre stock\u00e9e dans un environnement sec, frais et bien ventil\u00e9 pour \u00e9viter l\u2019humidit\u00e9 et l\u2019oxydation, et doit \u00eatre tenue \u00e0 l\u2019\u00e9cart du feu et des sources de chaleur, et s\u00e9par\u00e9e des agents oxydants puissants, des acides et d\u2019autres substances susceptibles de r\u00e9agir.<\/p>\n","protected":false},"excerpt":{"rendered":"<p>La poudre de <span style=\"color: #0000ff;\"><a style=\"color: #0000ff;\" href=\"https:\/\/vimaterial.de\/en\/product\/vanadium-boride-sputtering-target\/\">borure de vanadium<\/a><\/span> est une poudre compos\u00e9e inorganique compos\u00e9e de bore et de vanadium, g\u00e9n\u00e9ralement de couleur noire ou grise, avec des propri\u00e9t\u00e9s telles qu\u2019une duret\u00e9 \u00e9lev\u00e9e, un point de fusion \u00e9lev\u00e9 et une bonne conductivit\u00e9 \u00e9lectrique, elle a un large \u00e9ventail d\u2019applications dans de nombreux domaines, tels que les mat\u00e9riaux r\u00e9sistants \u00e0 l\u2019usure, les mat\u00e9riaux c\u00e9ramiques et l\u2019\u00e9lectronique.<\/p>\n","protected":false},"featured_media":1001072,"comment_status":"open","ping_status":"closed","template":"","meta":{"_acf_changed":false},"product_brand":[],"product_cat":[240],"product_tag":[],"class_list":{"0":"post-1012512","1":"product","2":"type-product","3":"status-publish","4":"has-post-thumbnail","6":"product_cat-materiaux-c-n-b-si","8":"first","9":"instock","10":"shipping-taxable","11":"purchasable","12":"product-type-variable"},"acf":[],"_links":{"self":[{"href":"https:\/\/vimaterial.de\/fr\/wp-json\/wp\/v2\/product\/1012512","targetHints":{"allow":["GET"]}}],"collection":[{"href":"https:\/\/vimaterial.de\/fr\/wp-json\/wp\/v2\/product"}],"about":[{"href":"https:\/\/vimaterial.de\/fr\/wp-json\/wp\/v2\/types\/product"}],"replies":[{"embeddable":true,"href":"https:\/\/vimaterial.de\/fr\/wp-json\/wp\/v2\/comments?post=1012512"}],"wp:featuredmedia":[{"embeddable":true,"href":"https:\/\/vimaterial.de\/fr\/wp-json\/wp\/v2\/media\/1001072"}],"wp:attachment":[{"href":"https:\/\/vimaterial.de\/fr\/wp-json\/wp\/v2\/media?parent=1012512"}],"wp:term":[{"taxonomy":"product_brand","embeddable":true,"href":"https:\/\/vimaterial.de\/fr\/wp-json\/wp\/v2\/product_brand?post=1012512"},{"taxonomy":"product_cat","embeddable":true,"href":"https:\/\/vimaterial.de\/fr\/wp-json\/wp\/v2\/product_cat?post=1012512"},{"taxonomy":"product_tag","embeddable":true,"href":"https:\/\/vimaterial.de\/fr\/wp-json\/wp\/v2\/product_tag?post=1012512"}],"curies":[{"name":"wp","href":"https:\/\/api.w.org\/{rel}","templated":true}]}}