{"id":1012456,"date":"2024-06-17T14:31:13","date_gmt":"2024-06-17T06:31:13","guid":{"rendered":"https:\/\/vimaterial.de\/product\/carbure-de-vanadium\/"},"modified":"2025-04-17T17:18:07","modified_gmt":"2025-04-17T09:18:07","slug":"carbure-de-vanadium","status":"publish","type":"product","link":"https:\/\/vimaterial.de\/fr\/product\/carbure-de-vanadium\/","title":{"rendered":"Carbure de vanadium"},"content":{"rendered":"<p>La cible de pulv\u00e9risation en carbure de vanadium est utilis\u00e9e pour le d\u00e9p\u00f4t physique en phase vapeur de mat\u00e9riaux, elle peut fabriquer des particules de carbure de vanadium d\u00e9pos\u00e9es sur le substrat pendant le processus de pulv\u00e9risation pour former un film mince de haute duret\u00e9, de bonne r\u00e9sistance \u00e0 l\u2019abrasion, de stabilit\u00e9 \u00e0 haute temp\u00e9rature et de stabilit\u00e9 chimique, qui a des applications importantes dans les domaines des outils de coupe, des rev\u00eatements r\u00e9sistants \u00e0 l\u2019abrasion et des mat\u00e9riaux structurels \u00e0 haute temp\u00e9rature.<\/p>\n<p>VIMATERIAL fournit une large gamme de cibles de pulv\u00e9risation en carbure de vanadium. Nos cibles de pulv\u00e9risation en carbure de vanadium se caract\u00e9risent par une grande puret\u00e9, ce qui garantit efficacement la qualit\u00e9 des films d\u00e9pos\u00e9s, ainsi qu\u2019une duret\u00e9 et une r\u00e9sistance \u00e0 l\u2019usure \u00e9lev\u00e9es. Nous nous consacrons \u00e0 la recherche de produits chimiques inorganiques depuis de nombreuses ann\u00e9es, et nous fournissons \u00e9galement un service de liaison pour les cibles de pulv\u00e9risation. Nous avons une \u00e9quipe exp\u00e9riment\u00e9e et professionnelle pour accepter la personnalisation et les exp\u00e9riences, veuillez <span style=\"color: #0000ff;\"><a style=\"color: #0000ff;\" href=\"https:\/\/vimaterial.de\/en\/contact-us\/\">nous contacter<\/a><\/span> si vous en avez besoin.   <\/p>\n<h2><span style=\"font-size: 14pt;\">Propri\u00e9t\u00e9s physiques<\/span><\/h2>\n<p>Formule mol\u00e9culaire : VC<\/p>\n<p>Poids mol\u00e9culaire : 62,95<\/p>\n<p>Apparence&nbsp;: Cible g\u00e9n\u00e9ralement grise noire<\/p>\n<p>Densit\u00e9 : Densit\u00e9 relative 5,77 (g\/mL, 25\u00b0C)<\/p>\n<p>Point de fusion : 2810\u00b0C<\/p>\n<p>Point d\u2019\u00e9bullition : 3900\u00b0C<\/p>\n<p>Structure cristalline : syst\u00e8me \u00e0 cristaux cubiques de chlorure de sodium<\/p>\n<h2><span style=\"font-size: 14pt;\">Applications<\/span><\/h2>\n<p>Champ d\u2019outil de coupe&nbsp;: La cible de pulv\u00e9risation en carbure de vanadium est utilis\u00e9e pour le rev\u00eatement des outils de coupe, le film mince de carbure de vanadium form\u00e9 par pulv\u00e9risation peut am\u00e9liorer la duret\u00e9 et la r\u00e9sistance \u00e0 l\u2019usure de l\u2019outil, am\u00e9liorant efficacement les performances de coupe et la dur\u00e9e de vie de l\u2019outil.<\/p>\n<p>Industrie \u00e9lectronique&nbsp;: appliqu\u00e9 \u00e0 la surface des composants \u00e9lectroniques, en utilisant sa bonne conductivit\u00e9 \u00e9lectrique et sa stabilit\u00e9 chimique, aide \u00e0 am\u00e9liorer les performances des dispositifs \u00e9lectroniques, \u00e0 assurer la transmission du signal et la stabilit\u00e9 des composants.<\/p>\n<p>A\u00e9rospatiale : Fournir des rev\u00eatements pour les composants a\u00e9rospatiaux afin de les rendre r\u00e9sistants \u00e0 l\u2019usure, \u00e0 la chaleur et \u00e0 la corrosion, afin d\u2019assurer la stabilit\u00e9 structurelle dans des environnements extr\u00eames et d\u2019am\u00e9liorer la s\u00e9curit\u00e9 des vols.<\/p>\n<p>Automobile : La pulv\u00e9risation du film cible sur des composants cl\u00e9s tels que les moteurs et les transmissions automobiles peut am\u00e9liorer les propri\u00e9t\u00e9s de r\u00e9sistance \u00e0 l\u2019usure des composants et am\u00e9liorer la fiabilit\u00e9 et la dur\u00e9e de vie des op\u00e9rations automobiles.<\/p>\n<h2><span style=\"font-size: 14pt;\">Contr\u00f4le de la qualit\u00e9<\/span><\/h2>\n<p><span style=\"color: #0000ff;\"><a style=\"color: #0000ff;\" href=\"https:\/\/vimaterial.de\/en\/quality-control\/\">Chaque lot<\/a><\/span> de produits suit des principes stricts de contr\u00f4le de la qualit\u00e9, tout autour pour s\u2019assurer que chaque lot de mat\u00e9riaux de l\u2019approvisionnement en mati\u00e8res premi\u00e8res, du traitement, des produits finis hors de l\u2019entrep\u00f4t dispose d\u2019instruments avanc\u00e9s, de normes d\u2019inspection strictes, de registres d\u2019inspection parfaits, pour garantir que la qualit\u00e9 du produit peut \u00eatre contr\u00f4l\u00e9e et la tra\u00e7abilit\u00e9 du produit, chaque lot de produits est accompagn\u00e9 de fiches signal\u00e9tiques,  COA, TDS, PSD, XRD rapports, etc., et chaque lot de produits sera fourni avec des \u00e9chantillons au client, nous aidons \u00e9galement les clients \u00e0 demander \u00e0 des organismes d\u2019inspection tiers d\u2019inspecter les produits. Nous fournirons aux clients des \u00e9chantillons de chaque lot de produits, et nous aiderons \u00e9galement les clients \u00e0 demander \u00e0 des organismes d\u2019inspection tiers d\u2019inspecter les produits. <\/p>\n<h2><span style=\"font-size: 14pt;\">Emballage et stockage<\/span><\/h2>\n<p>Les cibles de pulv\u00e9risation en carbure de vanadium sont emball\u00e9es dans des sacs sous vide doubles, puis emball\u00e9es dans des cartons.<\/p>\n<p>Les cibles de pulv\u00e9risation en carbure de vanadium doivent \u00eatre stock\u00e9es dans un environnement sec, frais et bien ventil\u00e9, en \u00e9vitant l\u2019humidit\u00e9, le contact avec des substances corrosives et en les emp\u00eachant de r\u00e9actions chimiques, et en \u00e9vitant \u00e9galement les collisions violentes et l\u2019extrusion pour garantir que l\u2019int\u00e9grit\u00e9 et les performances des cibles ne sont pas endommag\u00e9es.<\/p>\n","protected":false},"excerpt":{"rendered":"<p>La cible de pulv\u00e9risation en carbure de vanadium est utilis\u00e9e pour le d\u00e9p\u00f4t physique en phase vapeur de mat\u00e9riaux, elle peut fabriquer des particules de carbure de vanadium d\u00e9pos\u00e9es sur le substrat pendant le processus de pulv\u00e9risation pour former un film mince de haute duret\u00e9, de bonne r\u00e9sistance \u00e0 l\u2019abrasion, de stabilit\u00e9 \u00e0 haute temp\u00e9rature et de stabilit\u00e9 chimique, qui a des applications importantes dans les domaines des outils de coupe, des rev\u00eatements r\u00e9sistants \u00e0 l\u2019abrasion et des mat\u00e9riaux structurels \u00e0 haute temp\u00e9rature.<\/p>\n","protected":false},"featured_media":1041072,"comment_status":"open","ping_status":"closed","template":"","meta":{"_acf_changed":false},"product_brand":[],"product_cat":[235],"product_tag":[],"class_list":{"0":"post-1012456","1":"product","2":"type-product","3":"status-publish","4":"has-post-thumbnail","6":"product_cat-cibles-de-pulverisation-planaire","8":"first","9":"instock","10":"shipping-taxable","11":"product-type-variable"},"acf":[],"_links":{"self":[{"href":"https:\/\/vimaterial.de\/fr\/wp-json\/wp\/v2\/product\/1012456","targetHints":{"allow":["GET"]}}],"collection":[{"href":"https:\/\/vimaterial.de\/fr\/wp-json\/wp\/v2\/product"}],"about":[{"href":"https:\/\/vimaterial.de\/fr\/wp-json\/wp\/v2\/types\/product"}],"replies":[{"embeddable":true,"href":"https:\/\/vimaterial.de\/fr\/wp-json\/wp\/v2\/comments?post=1012456"}],"wp:featuredmedia":[{"embeddable":true,"href":"https:\/\/vimaterial.de\/fr\/wp-json\/wp\/v2\/media\/1041072"}],"wp:attachment":[{"href":"https:\/\/vimaterial.de\/fr\/wp-json\/wp\/v2\/media?parent=1012456"}],"wp:term":[{"taxonomy":"product_brand","embeddable":true,"href":"https:\/\/vimaterial.de\/fr\/wp-json\/wp\/v2\/product_brand?post=1012456"},{"taxonomy":"product_cat","embeddable":true,"href":"https:\/\/vimaterial.de\/fr\/wp-json\/wp\/v2\/product_cat?post=1012456"},{"taxonomy":"product_tag","embeddable":true,"href":"https:\/\/vimaterial.de\/fr\/wp-json\/wp\/v2\/product_tag?post=1012456"}],"curies":[{"name":"wp","href":"https:\/\/api.w.org\/{rel}","templated":true}]}}