{"id":1012440,"date":"2024-06-17T14:32:01","date_gmt":"2024-06-17T06:32:01","guid":{"rendered":"https:\/\/vimaterial.de\/product\/nitrure-de-vanadium-2\/"},"modified":"2025-04-17T17:11:23","modified_gmt":"2025-04-17T09:11:23","slug":"nitrure-de-vanadium-2","status":"publish","type":"product","link":"https:\/\/vimaterial.de\/fr\/product\/nitrure-de-vanadium-2\/","title":{"rendered":"Nitrure de vanadium"},"content":{"rendered":"<p>La cible de pulv\u00e9risation au nitrure de vanadium est un mat\u00e9riau pour le d\u00e9p\u00f4t physique en phase vapeur, qui permet aux atomes de VN d\u2019\u00eatre d\u00e9pos\u00e9s sur le substrat pendant la pulv\u00e9risation pour former des films minces de haute duret\u00e9, de bonne r\u00e9sistance \u00e0 l\u2019abrasion et aux temp\u00e9ratures \u00e9lev\u00e9es et de stabilit\u00e9 chimique, qui jouent un r\u00f4le important dans les domaines des outils de coupe, des rev\u00eatements de moules et de la protection contre les hautes temp\u00e9ratures.<\/p>\n<p>VIMATERIAL fournit une cible de pulv\u00e9risation au nitrure de vanadium, notre cible de pulv\u00e9risation au nitrure de vanadium pr\u00e9sente les avantages d\u2019une grande puret\u00e9, d\u2019une haute densit\u00e9, d\u2019une taille de grain petite et uniforme. Nous travaillons sur des produits chimiques inorganiques depuis de nombreuses ann\u00e9es et nous fournissons \u00e9galement un service de liaison de cible de pulv\u00e9risation. Nous avons une \u00e9quipe exp\u00e9riment\u00e9e et professionnelle pour accepter la personnalisation et les exp\u00e9riences, veuillez<span style=\"color: #0000ff;\"><a style=\"color: #0000ff;\" href=\"https:\/\/vimaterial.de\/en\/contact-us\/\"> nous contacter<\/a><\/span> si vous en avez besoin.  <\/p>\n<h2><span style=\"font-size: 14pt;\">Propri\u00e9t\u00e9s physiques<\/span><\/h2>\n<p>Formule mol\u00e9culaire : VN<\/p>\n<p>Poids mol\u00e9culaire : environ 64,95<\/p>\n<p>Aspect : Cibles g\u00e9n\u00e9ralement noires ou gris fonc\u00e9<\/p>\n<p>Densit\u00e9 : environ 6,13 g\/cm\u00b3.<\/p>\n<p>Point de fusion : environ 2360\u00b0C<\/p>\n<p>Structure cristalline : Syst\u00e8me cristallin cubique, avec une structure de type NaCl, dans lequel les atomes V et N occupent alternativement la position de sommet du r\u00e9seau cubique, formant une structure cubique centr\u00e9e sur la face.<\/p>\n<h2><span style=\"font-size: 14pt;\">Applications<\/span><\/h2>\n<p>Domaine de rev\u00eatement de l\u2019outil : La cible de pulv\u00e9risation au nitrure de vanadium est utilis\u00e9e dans le rev\u00eatement de surface des outils de coupe, ce qui am\u00e9liore consid\u00e9rablement la durabilit\u00e9 du tranchant de l\u2019outil en raison de sa duret\u00e9 \u00e9lev\u00e9e et de sa r\u00e9sistance \u00e0 l\u2019abrasion, r\u00e9duit l\u2019usure pendant l\u2019usinage, prolonge la dur\u00e9e de vie de l\u2019outil et r\u00e9duit le co\u00fbt de production.<\/p>\n<p>Domaine de fabrication de moules : en appliquant cette cible de pulv\u00e9risation sur des moules d\u2019injection et des moules de moulage sous pression, le film de nitrure de vanadium d\u00e9pos\u00e9 peut r\u00e9sister efficacement au frottement et au lavage des mat\u00e9riaux lorsque les moules sont ouverts et ferm\u00e9s, maintenir la pr\u00e9cision de surface des moules, am\u00e9liorer l\u2019effet de d\u00e9moulage et assurer la stabilit\u00e9 de la qualit\u00e9 du produit.<\/p>\n<p>Pi\u00e8ces de moteur automobile : Le rev\u00eatement de pi\u00e8ces cl\u00e9s telles que les pistons et les soupapes des moteurs automobiles avec un film de nitrure de vanadium, en utilisant sa r\u00e9sistance aux temp\u00e9ratures \u00e9lev\u00e9es et ses caract\u00e9ristiques anti-usure, m\u00eame \u00e0 des temp\u00e9ratures \u00e9lev\u00e9es et \u00e0 des vitesses \u00e9lev\u00e9es, peut \u00e9galement r\u00e9duire la perte de pi\u00e8ces et am\u00e9liorer les performances globales et la fiabilit\u00e9 du moteur.<\/p>\n<p>Domaine de l\u2019emballage \u00e9lectronique&nbsp;: dans le processus d\u2019emballage des puces \u00e9lectroniques, l\u2019utilisation de la cible de pulv\u00e9risation au nitrure de vanadium faite de films minces, avec sa bonne conductivit\u00e9 et sa stabilit\u00e9 chimique, non seulement pour prot\u00e9ger la transmission du signal, mais \u00e9galement pour bloquer le monde ext\u00e9rieur de la vapeur d\u2019eau, de l\u2019\u00e9rosion des impuret\u00e9s, pour am\u00e9liorer la capacit\u00e9 de protection de l\u2019emballage.<\/p>\n<h2><span style=\"font-size: 14pt;\">Contr\u00f4le de la qualit\u00e9<\/span><\/h2>\n<p><span style=\"color: #0000ff;\"><a style=\"color: #0000ff;\" href=\"https:\/\/vimaterial.de\/en\/quality-control\/\">Chaque lot <\/a><\/span>de produits suit des principes stricts de contr\u00f4le de la qualit\u00e9, tout autour pour s\u2019assurer que chaque lot de mat\u00e9riaux de l\u2019approvisionnement en mati\u00e8res premi\u00e8res, du traitement, des produits finis hors de l\u2019entrep\u00f4t dispose d\u2019instruments avanc\u00e9s, de normes d\u2019inspection strictes, de registres d\u2019inspection parfaits, pour garantir que la qualit\u00e9 du produit peut \u00eatre contr\u00f4l\u00e9e et la tra\u00e7abilit\u00e9 du produit, chaque lot de produits est accompagn\u00e9 de fiches signal\u00e9tiques,  COA, TDS, PSD, XRD rapports, etc., et chaque lot de produits sera fourni avec des \u00e9chantillons au client, nous aidons \u00e9galement les clients \u00e0 demander \u00e0 des organismes d\u2019inspection tiers d\u2019inspecter les produits. Nous fournirons aux clients des \u00e9chantillons de chaque lot de produits, et nous aiderons \u00e9galement les clients \u00e0 demander \u00e0 des organismes d\u2019inspection tiers d\u2019inspecter les produits. <\/p>\n<h2><span style=\"font-size: 14pt;\">Emballage et stockage<\/span><\/h2>\n<p>La cible de pulv\u00e9risation au nitrure de vanadium est emball\u00e9e dans des sacs sous vide doubles, puis emball\u00e9e dans des cartons.<\/p>\n<p>La cible de pulv\u00e9risation au nitrure de vanadium doit \u00eatre stock\u00e9e dans un environnement sec, bien ventil\u00e9, stable en temp\u00e9rature et propre, en \u00e9vitant l\u2019humidit\u00e9, l\u2019oxydation, en \u00e9vitant le contact avec des substances corrosives et, en m\u00eame temps, en \u00e9vitant les chocs physiques violents pour s\u2019assurer que l\u2019int\u00e9grit\u00e9 et les performances de la cible ne sont pas endommag\u00e9es.<\/p>\n","protected":false},"excerpt":{"rendered":"<p>La cible de pulv\u00e9risation au nitrure de vanadium est un mat\u00e9riau pour le d\u00e9p\u00f4t physique en phase vapeur, qui permet aux atomes de VN d\u2019\u00eatre d\u00e9pos\u00e9s sur le substrat pendant la pulv\u00e9risation pour former des films minces de haute duret\u00e9, de bonne r\u00e9sistance \u00e0 l\u2019abrasion et aux temp\u00e9ratures \u00e9lev\u00e9es et de stabilit\u00e9 chimique, qui jouent un r\u00f4le important dans les domaines des outils de coupe, des rev\u00eatements de moules et de la protection contre les hautes temp\u00e9ratures.<\/p>\n","protected":false},"featured_media":1001108,"comment_status":"open","ping_status":"closed","template":"","meta":{"_acf_changed":false},"product_brand":[],"product_cat":[235],"product_tag":[],"class_list":{"0":"post-1012440","1":"product","2":"type-product","3":"status-publish","4":"has-post-thumbnail","6":"product_cat-cibles-de-pulverisation-planaire","8":"first","9":"instock","10":"shipping-taxable","11":"product-type-variable"},"acf":[],"_links":{"self":[{"href":"https:\/\/vimaterial.de\/fr\/wp-json\/wp\/v2\/product\/1012440","targetHints":{"allow":["GET"]}}],"collection":[{"href":"https:\/\/vimaterial.de\/fr\/wp-json\/wp\/v2\/product"}],"about":[{"href":"https:\/\/vimaterial.de\/fr\/wp-json\/wp\/v2\/types\/product"}],"replies":[{"embeddable":true,"href":"https:\/\/vimaterial.de\/fr\/wp-json\/wp\/v2\/comments?post=1012440"}],"wp:featuredmedia":[{"embeddable":true,"href":"https:\/\/vimaterial.de\/fr\/wp-json\/wp\/v2\/media\/1001108"}],"wp:attachment":[{"href":"https:\/\/vimaterial.de\/fr\/wp-json\/wp\/v2\/media?parent=1012440"}],"wp:term":[{"taxonomy":"product_brand","embeddable":true,"href":"https:\/\/vimaterial.de\/fr\/wp-json\/wp\/v2\/product_brand?post=1012440"},{"taxonomy":"product_cat","embeddable":true,"href":"https:\/\/vimaterial.de\/fr\/wp-json\/wp\/v2\/product_cat?post=1012440"},{"taxonomy":"product_tag","embeddable":true,"href":"https:\/\/vimaterial.de\/fr\/wp-json\/wp\/v2\/product_tag?post=1012440"}],"curies":[{"name":"wp","href":"https:\/\/api.w.org\/{rel}","templated":true}]}}