{"id":1012408,"date":"2024-06-17T14:32:01","date_gmt":"2024-06-17T06:32:01","guid":{"rendered":"https:\/\/vimaterial.de\/product\/oxyde-de-vanadium-2\/"},"modified":"2025-04-17T17:08:06","modified_gmt":"2025-04-17T09:08:06","slug":"oxyde-de-vanadium-2","status":"publish","type":"product","link":"https:\/\/vimaterial.de\/fr\/product\/oxyde-de-vanadium-2\/","title":{"rendered":"Oxyde de vanadium"},"content":{"rendered":"<p><span style=\"color: #0000ff;\"><a style=\"color: #0000ff;\" href=\"https:\/\/vimaterial.de\/en\/product\/vanadium-oxide-sputtering-target\/\">Oxyde de vanadium <\/a><\/span>La poudre VO2 est une poudre bleu fonc\u00e9 ou noire, principalement compos\u00e9e de vanadium et d\u2019oxyg\u00e8ne, avec des propri\u00e9t\u00e9s thermochromiques uniques, elle a une large gamme d\u2019applications dans de nombreux domaines tels que les fen\u00eatres intelligentes, les d\u00e9tecteurs infrarouges, les thermistances, etc.<\/p>\n<p>VIMATERIAL fournit de la poudre d\u2019oxyde de vanadium VO2, la poudre d\u2019oxyde de vanadium VO2 fournie par notre soci\u00e9t\u00e9 pr\u00e9sente les avantages d\u2019une grande puret\u00e9, d\u2019une taille de particule uniforme, d\u2019une bonne stabilit\u00e9, etc. Nous sommes un fournisseur professionnel de mati\u00e8res premi\u00e8res chimiques inorganiques, veuillez<span style=\"color: #0000ff;\"> <a style=\"color: #0000ff;\" href=\"https:\/\/vimaterial.de\/en\/contact-us\/\">nous contacter<\/a> <span style=\"color: #000000;\">pour<\/span><\/span><span style=\"color: #000000;\"> un<\/span>de vos besoins. <\/p>\n<h2><span style=\"font-size: 14pt;\">Propri\u00e9t\u00e9s physiques<\/span><\/h2>\n<p>Formule mol\u00e9culaire : VO\u2082.<\/p>\n<p>Poids mol\u00e9culaire : 82,94<\/p>\n<p>Apparence&nbsp;: poudre de cristal bleu fonc\u00e9<\/p>\n<p>Densit\u00e9 : 4,234 g\/mL (25 \u00b0C)<\/p>\n<p>Point de fusion : 1640\u00b0C<\/p>\n<p>Structure cristalline : la structure cristalline monoclinique, compos\u00e9e d\u2019octa\u00e8dres VO\u2086 et de t\u00e9tra\u00e8dres VO\u2085, les octa\u00e8dres VO\u2086 sont reli\u00e9s par une co-ar\u00eate pour former une structure en cha\u00eene, et les t\u00e9tra\u00e8dres VO\u2085 sont reli\u00e9s par co-top pour former une structure de couche.<\/p>\n<h2><span style=\"font-size: 14pt;\">Applications<\/span><\/h2>\n<p>Champ de contr\u00f4le intelligent de la temp\u00e9rature&nbsp;: La poudre VO\u2082 peut \u00eatre utilis\u00e9e pour pr\u00e9parer un film de contr\u00f4le de temp\u00e9rature intelligent, qui peut \u00eatre appliqu\u00e9 sur le rev\u00eatement de verre des fen\u00eatres des b\u00e2timents, le rev\u00eatement transparent des toits, etc., pour obtenir un r\u00e9glage automatique de la temp\u00e9rature, afin d\u2019obtenir l\u2019effet de chaleur en hiver et de fra\u00eecheur en \u00e9t\u00e9.<\/p>\n<p>Dispositifs \u00e9lectroniques : La poudre VO\u2082 peut \u00eatre utilis\u00e9e comme mat\u00e9riau pour les dispositifs de commutation optique et \u00e9lectrique en raison du changement soudain de r\u00e9sistivit\u00e9 et de transmission de la lumi\u00e8re infrarouge au point de transition de phase.<\/p>\n<p>Champ de stockage des donn\u00e9es&nbsp;: La poudre VO\u2082 a des propri\u00e9t\u00e9s optiques bistables et peut \u00eatre utilis\u00e9e comme mat\u00e9riau pour les supports de disques optiques avec des propri\u00e9t\u00e9s lisibles, inscriptibles et effa\u00e7ables.<\/p>\n<p>Champ du capteur&nbsp;: La poudre VO\u2082 peut \u00eatre transform\u00e9e en thermistance, sa r\u00e9sistivit\u00e9 avec la temp\u00e9rature du taux de changement \u00e9lev\u00e9, peut \u00e9galement \u00eatre utilis\u00e9e pour pr\u00e9parer des d\u00e9tecteurs infrarouges, des capteurs de temp\u00e9rature et d\u2019autres capteurs de contrainte \u00e0 haute sensibilit\u00e9.<\/p>\n<h2><span style=\"font-size: 14pt;\">Contr\u00f4le de la qualit\u00e9<\/span><\/h2>\n<p><span style=\"color: #0000ff;\"><a style=\"color: #0000ff;\" href=\"https:\/\/vimaterial.de\/en\/quality-control\/\">Chaque lot<\/a><\/span> de produits suit des principes stricts de contr\u00f4le de la qualit\u00e9, garantissant que chaque lot de mat\u00e9riaux provenant de l\u2019achat de mati\u00e8res premi\u00e8res, de la transformation et des produits finis hors de l\u2019entrep\u00f4t est \u00e9quip\u00e9 d\u2019instruments avanc\u00e9s, de normes d\u2019inspection strictes et de registres d\u2019inspection parfaits pour garantir que la qualit\u00e9 du produit peut \u00eatre contr\u00f4l\u00e9e et la tra\u00e7abilit\u00e9 du produit, et chaque lot de produits est accompagn\u00e9 d\u2019une fiche signal\u00e9tique,  Rapports COA, TDS, PSD et XRD, etc. Nous fournissons \u00e9galement des \u00e9chantillons de chaque lot de produits. Chaque lot de produits fournira des \u00e9chantillons aux clients, aidera \u00e9galement les clients \u00e0 demander \u00e0 des organismes de test tiers de tester les produits.  <\/p>\n<h2><span style=\"font-size: 14pt;\">Emballage et stockage<\/span><\/h2>\n<p>Les poudres d\u2019oxyde de vanadium VO2 sont emball\u00e9es dans des sacs \u00e0 double vide ou des bouteilles \u00e0 double vide avec des cartons ext\u00e9rieurs.<\/p>\n<p>La poudre d\u2019oxyde de vanadium VO2 doit \u00eatre stock\u00e9e dans un environnement sec, frais, bien ventil\u00e9, emball\u00e9 dans un emballage scell\u00e9, pour \u00e9viter l\u2019humidit\u00e9 et le contact avec des agents r\u00e9ducteurs puissants, des acides et d\u2019autres substances susceptibles de r\u00e9agir, et loin des sources d\u2019inflammation et de chaleur.<\/p>\n","protected":false},"excerpt":{"rendered":"<p><span style=\"color: #0000ff;\"><a style=\"color: #0000ff;\" href=\"https:\/\/vimaterial.de\/en\/product\/vanadium-oxide-sputtering-target\/\">Oxyde de vanadium<\/a><\/span> La poudre VO2 est une poudre bleu fonc\u00e9 ou noire, principalement compos\u00e9e de vanadium et d\u2019oxyg\u00e8ne, avec des propri\u00e9t\u00e9s thermochromiques uniques, elle a une large gamme d\u2019applications dans de nombreux domaines tels que les fen\u00eatres intelligentes, les d\u00e9tecteurs infrarouges, les thermistances, etc.<\/p>\n","protected":false},"featured_media":1001121,"comment_status":"open","ping_status":"closed","template":"","meta":{"_acf_changed":false},"product_brand":[],"product_cat":[243],"product_tag":[],"class_list":{"0":"post-1012408","1":"product","2":"type-product","3":"status-publish","4":"has-post-thumbnail","6":"product_cat-materiaux-oxydes-hydroxydes","8":"first","9":"instock","10":"shipping-taxable","11":"purchasable","12":"product-type-variable"},"acf":[],"_links":{"self":[{"href":"https:\/\/vimaterial.de\/fr\/wp-json\/wp\/v2\/product\/1012408","targetHints":{"allow":["GET"]}}],"collection":[{"href":"https:\/\/vimaterial.de\/fr\/wp-json\/wp\/v2\/product"}],"about":[{"href":"https:\/\/vimaterial.de\/fr\/wp-json\/wp\/v2\/types\/product"}],"replies":[{"embeddable":true,"href":"https:\/\/vimaterial.de\/fr\/wp-json\/wp\/v2\/comments?post=1012408"}],"wp:featuredmedia":[{"embeddable":true,"href":"https:\/\/vimaterial.de\/fr\/wp-json\/wp\/v2\/media\/1001121"}],"wp:attachment":[{"href":"https:\/\/vimaterial.de\/fr\/wp-json\/wp\/v2\/media?parent=1012408"}],"wp:term":[{"taxonomy":"product_brand","embeddable":true,"href":"https:\/\/vimaterial.de\/fr\/wp-json\/wp\/v2\/product_brand?post=1012408"},{"taxonomy":"product_cat","embeddable":true,"href":"https:\/\/vimaterial.de\/fr\/wp-json\/wp\/v2\/product_cat?post=1012408"},{"taxonomy":"product_tag","embeddable":true,"href":"https:\/\/vimaterial.de\/fr\/wp-json\/wp\/v2\/product_tag?post=1012408"}],"curies":[{"name":"wp","href":"https:\/\/api.w.org\/{rel}","templated":true}]}}