{"id":1012384,"date":"2024-06-17T14:32:02","date_gmt":"2024-06-17T06:32:02","guid":{"rendered":"https:\/\/vimaterial.de\/product\/oxyde-de-vanadium-oxyde-de-tungstene\/"},"modified":"2025-04-17T16:59:56","modified_gmt":"2025-04-17T08:59:56","slug":"oxyde-de-vanadium-oxyde-de-tungstene","status":"publish","type":"product","link":"https:\/\/vimaterial.de\/fr\/product\/oxyde-de-vanadium-oxyde-de-tungstene\/","title":{"rendered":"Oxyde de vanadium-oxyde de tungst\u00e8ne"},"content":{"rendered":"<p>L\u2019oxyde de vanadium et l\u2019oxyde de tungst\u00e8ne sont un m\u00e9lange de dioxyde de vanadium et de trioxyde de tungst\u00e8ne, qui est utilis\u00e9 dans le d\u00e9p\u00f4t physique en phase vapeur pour d\u00e9poser des films minces ayant des propri\u00e9t\u00e9s thermochromiques et \u00e9lectrochromes sur le substrat. Il peut \u00eatre utilis\u00e9 dans le domaine des fen\u00eatres intelligentes pour r\u00e9guler la lumi\u00e8re et la temp\u00e9rature avec plus de pr\u00e9cision, et dans le domaine des affichages pour r\u00e9aliser la commutation flexible de plusieurs \u00e9tats optiques. <\/p>\n<p>VIMATERIAL fournit des cibles de pulv\u00e9risation \u00e0 l\u2019oxyde de vanadium-oxyde de tungst\u00e8ne d\u2019une puret\u00e9 de 99,9 %. Nos cibles de pulv\u00e9risation \u00e0 l\u2019oxyde de vanadium-oxyde de tungst\u00e8ne pr\u00e9sentent les avantages de temp\u00e9ratures de changement de phase r\u00e9glables autour de la temp\u00e9rature ambiante, de propri\u00e9t\u00e9s thermochromiques et \u00e9lectrochromes combin\u00e9es, de densit\u00e9s de film et d\u2019adh\u00e9rence am\u00e9lior\u00e9es, et de la possibilit\u00e9 de s\u2019\u00e9tendre \u00e0 de multiples applications et d\u2019une bonne compatibilit\u00e9 avec les processus existants. Nous travaillons dans l\u2019industrie chimique inorganique depuis de nombreuses ann\u00e9es. Nous travaillons sur des produits chimiques inorganiques depuis de nombreuses ann\u00e9es et nous fournissons \u00e9galement un service de liaison de cible de pulv\u00e9risation. Nous avons une \u00e9quipe exp\u00e9riment\u00e9e et professionnelle pour accepter la personnalisation et les exp\u00e9riences, veuillez <span style=\"color: #0000ff;\"><a style=\"color: #0000ff;\" href=\"https:\/\/vimaterial.de\/en\/contact-us\/\">nous contacter<\/a><\/span> si vous en avez besoin.    <\/p>\n<h2><span style=\"font-size: 14pt;\">Propri\u00e9t\u00e9s physiques<\/span><\/h2>\n<p>Formule mol\u00e9culaire : VO2\/WO3<\/p>\n<p>Aspect : Bleu fonc\u00e9 \u00e0 gris<\/p>\n<p>Propri\u00e9t\u00e9s \u00e9lectriques : En combinant les propri\u00e9t\u00e9s thermochromiques de VO\u2082 et les propri\u00e9t\u00e9s \u00e9lectrochromes de WO\u2083, les propri\u00e9t\u00e9s \u00e9lectriques sont plus vari\u00e9es \u00e0 diff\u00e9rentes temp\u00e9ratures et conditions de champ \u00e9lectrique, ce qui permet une r\u00e9gulation plus flexible de la conductivit\u00e9.<\/p>\n<p>Propri\u00e9t\u00e9s optiques : Les propri\u00e9t\u00e9s optiques du film, telles que la transmittance et l\u2019absorbance dans les r\u00e9gions de la lumi\u00e8re visible et infrarouge, peuvent \u00eatre optimis\u00e9es en ajustant le taux de dopage et le processus de pr\u00e9paration, afin de r\u00e9pondre aux exigences des propri\u00e9t\u00e9s optiques dans diff\u00e9rents sc\u00e9narios d\u2019application.<\/p>\n<h2><span style=\"font-size: 14pt;\">Applications<\/span><\/h2>\n<p>Fen\u00eatres intelligentes : Les cibles de pulv\u00e9risation dop\u00e9es \u00e0 l\u2019oxyde de vanadium-oxyde de tungst\u00e8ne peuvent \u00eatre utilis\u00e9es pour pr\u00e9parer des rev\u00eatements de fen\u00eatres intelligents, qui peuvent r\u00e9guler avec pr\u00e9cision le taux de transmission de la lumi\u00e8re des fen\u00eatres en fonction des changements de temp\u00e9rature ambiante et d\u2019\u00e9clairage en tirant parti de leurs propri\u00e9t\u00e9s thermochromiques et \u00e9lectrochromes, en obtenant un \u00e9quilibre dynamique entre l\u2019\u00e9clairage int\u00e9rieur et l\u2019isolation thermique, et en r\u00e9duisant la consommation d\u2019\u00e9nergie des b\u00e2timents.<\/p>\n<p>Dans le domaine des dispositifs d\u2019affichage : Dans les \u00e9crans \u00e0 cristaux liquides, l\u2019e-paper et d\u2019autres dispositifs d\u2019affichage, les films minces d\u00e9pos\u00e9s par la cible dop\u00e9e peuvent r\u00e9agir aux changements de signaux \u00e9lectriques ou de temp\u00e9rature, changeant rapidement l\u2019\u00e9tat optique, enrichissant les couleurs et le contraste de l\u2019affichage, et am\u00e9liorant l\u2019effet visuel et l\u2019exp\u00e9rience interactive.<\/p>\n<p>D\u00e9tection infrarouge : Utilis\u00e9 dans le rev\u00eatement de surface du d\u00e9tecteur infrarouge, avec des performances thermochromiques optimis\u00e9es, il peut modifier avec pr\u00e9cision les caract\u00e9ristiques d\u2019absorption et de r\u00e9flexion infrarouges avec des changements subtils de la temp\u00e9rature de l\u2019objet cible, am\u00e9liorer la capacit\u00e9 du d\u00e9tecteur \u00e0 capturer des signaux infrarouges faibles et am\u00e9liorer la pr\u00e9cision de la d\u00e9tection.<\/p>\n<p>Champ de stockage optique&nbsp;: La cible de pulv\u00e9risation dop\u00e9e \u00e0 l\u2019oxyde de vanadium et \u00e0 l\u2019oxyde de tungst\u00e8ne est utilis\u00e9e pour fabriquer des supports de stockage optiques, combinant les propri\u00e9t\u00e9s photo\u00e9lectriques sp\u00e9ciales des deux, pour obtenir un stockage de donn\u00e9es \u00e0 plus haute densit\u00e9 et une lecture\/\u00e9criture rapide gr\u00e2ce \u00e0 la r\u00e9gulation de la temp\u00e9rature et du champ \u00e9lectrique pendant l\u2019\u00e9criture et la lecture laser, pour r\u00e9pondre aux besoins de l\u2019\u00e8re du big data.<\/p>\n<h2><span style=\"font-size: 14pt;\">Contr\u00f4le de la qualit\u00e9<\/span><\/h2>\n<p><span style=\"color: #0000ff;\"><a style=\"color: #0000ff;\" href=\"https:\/\/vimaterial.de\/en\/quality-control\/\">Chaque lot<\/a><\/span> de produits suit des principes stricts de contr\u00f4le de la qualit\u00e9, tout autour pour s\u2019assurer que chaque lot de mat\u00e9riaux de l\u2019approvisionnement en mati\u00e8res premi\u00e8res, du traitement, des produits finis hors de l\u2019entrep\u00f4t dispose d\u2019instruments avanc\u00e9s, de normes d\u2019inspection strictes, de registres d\u2019inspection parfaits, pour garantir que la qualit\u00e9 du produit peut \u00eatre contr\u00f4l\u00e9e et la tra\u00e7abilit\u00e9 du produit, chaque lot de produits est accompagn\u00e9 de fiches signal\u00e9tiques,  COA, TDS, PSD, XRD rapports, etc., et chaque lot de produits sera fourni avec des \u00e9chantillons au client, nous aidons \u00e9galement les clients \u00e0 demander \u00e0 des organismes d\u2019inspection tiers d\u2019inspecter les produits. Nous fournirons aux clients des \u00e9chantillons de chaque lot de produits, et nous aiderons \u00e9galement les clients \u00e0 demander \u00e0 des organismes d\u2019inspection tiers d\u2019inspecter les produits. <\/p>\n<h2><span style=\"font-size: 14pt;\">Emballage et stockage<\/span><\/h2>\n<p>L\u2019oxyde de vanadium-oxyde de tungst\u00e8ne est emball\u00e9 dans des sacs sous vide doubles, puis emball\u00e9 dans des cartons.<\/p>\n<p>L\u2019oxyde de vanadium-oxyde de tungst\u00e8ne doit \u00eatre stock\u00e9 dans un environnement sec, frais et bien ventil\u00e9, en \u00e9vitant l\u2019humidit\u00e9, le contact avec des acides et des alcalis forts et d\u2019autres substances corrosives, en emp\u00eachant les r\u00e9actions redox de se produire excessivement et, en m\u00eame temps, en \u00e9vitant les collisions physiques et l\u2019extrusion pour assurer la stabilit\u00e9 et l\u2019int\u00e9grit\u00e9 du mat\u00e9riau.<\/p>\n","protected":false},"excerpt":{"rendered":"<p>L\u2019oxyde de vanadium et l\u2019oxyde de tungst\u00e8ne sont un m\u00e9lange de dioxyde de vanadium et de trioxyde de tungst\u00e8ne, qui est utilis\u00e9 dans le d\u00e9p\u00f4t physique en phase vapeur pour d\u00e9poser des films minces ayant des propri\u00e9t\u00e9s thermochromiques et \u00e9lectrochromes sur le substrat. Il peut \u00eatre utilis\u00e9 dans le domaine des fen\u00eatres intelligentes pour r\u00e9guler la lumi\u00e8re et la temp\u00e9rature avec plus de pr\u00e9cision, et dans le domaine des affichages pour r\u00e9aliser la commutation flexible de plusieurs \u00e9tats optiques. <\/p>\n","protected":false},"featured_media":1001134,"comment_status":"open","ping_status":"closed","template":"","meta":{"_acf_changed":false},"product_brand":[],"product_cat":[235],"product_tag":[],"class_list":{"0":"post-1012384","1":"product","2":"type-product","3":"status-publish","4":"has-post-thumbnail","6":"product_cat-cibles-de-pulverisation-planaire","8":"first","9":"instock","10":"shipping-taxable","11":"product-type-variable"},"acf":[],"_links":{"self":[{"href":"https:\/\/vimaterial.de\/fr\/wp-json\/wp\/v2\/product\/1012384","targetHints":{"allow":["GET"]}}],"collection":[{"href":"https:\/\/vimaterial.de\/fr\/wp-json\/wp\/v2\/product"}],"about":[{"href":"https:\/\/vimaterial.de\/fr\/wp-json\/wp\/v2\/types\/product"}],"replies":[{"embeddable":true,"href":"https:\/\/vimaterial.de\/fr\/wp-json\/wp\/v2\/comments?post=1012384"}],"wp:featuredmedia":[{"embeddable":true,"href":"https:\/\/vimaterial.de\/fr\/wp-json\/wp\/v2\/media\/1001134"}],"wp:attachment":[{"href":"https:\/\/vimaterial.de\/fr\/wp-json\/wp\/v2\/media?parent=1012384"}],"wp:term":[{"taxonomy":"product_brand","embeddable":true,"href":"https:\/\/vimaterial.de\/fr\/wp-json\/wp\/v2\/product_brand?post=1012384"},{"taxonomy":"product_cat","embeddable":true,"href":"https:\/\/vimaterial.de\/fr\/wp-json\/wp\/v2\/product_cat?post=1012384"},{"taxonomy":"product_tag","embeddable":true,"href":"https:\/\/vimaterial.de\/fr\/wp-json\/wp\/v2\/product_tag?post=1012384"}],"curies":[{"name":"wp","href":"https:\/\/api.w.org\/{rel}","templated":true}]}}