{"id":1012381,"date":"2024-06-17T14:32:02","date_gmt":"2024-06-17T06:32:02","guid":{"rendered":"https:\/\/vimaterial.de\/product\/oxyde-de-vanadium\/"},"modified":"2025-04-17T17:04:54","modified_gmt":"2025-04-17T09:04:54","slug":"oxyde-de-vanadium","status":"publish","type":"product","link":"https:\/\/vimaterial.de\/fr\/product\/oxyde-de-vanadium\/","title":{"rendered":"Oxyde de vanadium"},"content":{"rendered":"<p>La cible de pulv\u00e9risation d\u2019oxyde de vanadium est principalement utilis\u00e9e pour le d\u00e9p\u00f4t physique en phase vapeur, qui peut d\u00e9poser un film mince d\u2019oxyde de vanadium avec modulation thermochromique et infrarouge sur la surface du substrat, qui est utilis\u00e9 pour r\u00e9guler la temp\u00e9rature int\u00e9rieure et l\u2019\u00e9clairage dans le domaine des fen\u00eatres intelligentes, et pour le contr\u00f4le adaptatif du signal infrarouge dans le domaine de la d\u00e9tection infrarouge pour de nombreuses applications.<\/p>\n<p>VIMATERIAL fournit des cibles de pulv\u00e9risation \u00e0 l\u2019oxyde de vanadium. Nos cibles de pulv\u00e9risation \u00e0 l\u2019oxyde de vanadium se caract\u00e9risent par une grande puret\u00e9 et une bonne stabilit\u00e9 chimique. Nous nous consacrons \u00e0 la recherche de mat\u00e9riaux chimiques inorganiques depuis de nombreuses ann\u00e9es et fournissons \u00e9galement le service de liaison de cibles de pulv\u00e9risation. Nous avons une \u00e9quipe exp\u00e9riment\u00e9e et professionnelle pour accepter la personnalisation et les exp\u00e9riences, veuillez <span style=\"color: #0000ff;\"><a style=\"color: #0000ff;\" href=\"https:\/\/vimaterial.de\/en\/contact-us\/\">nous contacter<\/a><\/span> si vous en avez besoin.   <\/p>\n<h2><span style=\"font-size: 14pt;\">Propri\u00e9t\u00e9s physiques<\/span><\/h2>\n<p>Formule mol\u00e9culaire : VO\u2082<\/p>\n<p>Poids mol\u00e9culaire : 82,94<\/p>\n<p>Apparence&nbsp;: Poudre cristalline g\u00e9n\u00e9ralement bleu fonc\u00e9<\/p>\n<p>Densit\u00e9 : environ 4,260 g\/cm\u00b3.<\/p>\n<p>Point de fusion : 1545\u00b0C<\/p>\n<p>Structure cristalline : structure cristalline monoclinique \u00e0 basse temp\u00e9rature, des liaisons V-V existent sous forme de paires, formant un \u00e9tat isolant ; lorsque la temp\u00e9rature augmente jusqu\u2019au point de transition de phase (environ 68 \u00b0C), le r\u00e9seau cristallin se reconfigure en une phase rutile, la cha\u00eene d\u2019appariement V-V se rompt, la sym\u00e9trie du cristal augmente et le degr\u00e9 de libert\u00e9 de l\u2019\u00e9lectron \u00e0 sauter est consid\u00e9rablement augment\u00e9, et le mat\u00e9riau se manifeste rapidement sous la forme d\u2019un \u00e9tat m\u00e9tallique.<\/p>\n<h2><span style=\"font-size: 14pt;\">Applications<\/span><\/h2>\n<p>Fen\u00eatres intelligentes&nbsp;: La cible de pulv\u00e9risation d\u2019oxyde de vanadium est utilis\u00e9e pour pr\u00e9parer des rev\u00eatements de fen\u00eatres intelligents. Les films d\u00e9pos\u00e9s peuvent ajuster automatiquement le taux de transmission optique lorsque la temp\u00e9rature change, \u00e9quilibrant ainsi les besoins d\u2019\u00e9clairage int\u00e9rieur et d\u2019isolation thermique, et r\u00e9duisant la consommation d\u2019\u00e9nergie des b\u00e2timents. <\/p>\n<p>Champ du d\u00e9tecteur infrarouge : en pulv\u00e9risant la cible \u00e0 la surface des d\u00e9tecteurs infrarouges pour former un film mince, en utilisant sa r\u00e9ponse optique sp\u00e9ciale dans la bande infrarouge, il peut am\u00e9liorer efficacement la sensibilit\u00e9 du d\u00e9tecteur aux signaux infrarouges et am\u00e9liorer la pr\u00e9cision de la d\u00e9tection.<\/p>\n<p>Champ de stockage optique&nbsp;: La cible de pulv\u00e9risation VO\u2082 peut \u00eatre utilis\u00e9e dans la production de supports de stockage optiques, en vertu de son changement de phase sous irradiation laser, elle peut r\u00e9aliser l\u2019\u00e9criture et la lecture de donn\u00e9es, am\u00e9liorer la densit\u00e9 de stockage et la vitesse de lecture et d\u2019\u00e9criture.<\/p>\n<p>Dissipation thermique des appareils \u00e9lectroniques : Des couches minces g\u00e9n\u00e9r\u00e9es par des cibles de pulv\u00e9risation VO\u2082 sont recouvertes sur les surfaces des composants \u00e9lectroniques pour contr\u00f4ler la conductivit\u00e9 thermique en utilisant leurs propri\u00e9t\u00e9s de transition m\u00e9tal-isolant, am\u00e9liorant ainsi efficacement les performances de dissipation thermique des appareils \u00e9lectroniques et prolongeant leur dur\u00e9e de vie.<\/p>\n<h2><span style=\"font-size: 14pt;\">Contr\u00f4le de la qualit\u00e9<\/span><\/h2>\n<p><span style=\"color: #0000ff;\"><a style=\"color: #0000ff;\" href=\"https:\/\/vimaterial.de\/en\/quality-control\/\">Chaque lot<\/a> <\/span>de produits suit des principes stricts de contr\u00f4le de la qualit\u00e9, tout autour pour s\u2019assurer que chaque lot de mat\u00e9riaux de l\u2019approvisionnement en mati\u00e8res premi\u00e8res, du traitement, des produits finis hors de l\u2019entrep\u00f4t dispose d\u2019instruments avanc\u00e9s, de normes d\u2019inspection strictes, de registres d\u2019inspection parfaits, pour garantir que la qualit\u00e9 du produit peut \u00eatre contr\u00f4l\u00e9e et la tra\u00e7abilit\u00e9 du produit, chaque lot de produits est accompagn\u00e9 de fiches signal\u00e9tiques,  COA, TDS, PSD, XRD rapports, etc., et chaque lot de produits sera fourni avec des \u00e9chantillons au client, nous aidons \u00e9galement les clients \u00e0 demander \u00e0 des organismes d\u2019inspection tiers d\u2019inspecter les produits. Nous fournirons aux clients des \u00e9chantillons de chaque lot de produits, et nous aiderons \u00e9galement les clients \u00e0 demander \u00e0 des organismes d\u2019inspection tiers d\u2019inspecter les produits. <\/p>\n<h2><span style=\"font-size: 14pt;\">Emballage et stockage<\/span><\/h2>\n<p>Les cibles de pulv\u00e9risation \u00e0 l\u2019oxyde de vanadium sont emball\u00e9es dans des sacs sous vide doubles et emball\u00e9es dans des cartons.<\/p>\n<p>Les cibles de pulv\u00e9risation \u00e0 l\u2019oxyde de vanadium doivent \u00eatre stock\u00e9es dans un environnement sec, frais et bien ventil\u00e9, en \u00e9vitant l\u2019humidit\u00e9, le contact avec des substances acides ou alcalines pour \u00e9viter qu\u2019elles ne se d\u00e9t\u00e9riorent en raison d\u2019une r\u00e9action chimique, et en \u00e9vitant les collisions violentes et l\u2019extrusion pour assurer l\u2019int\u00e9grit\u00e9 des cibles.<\/p>\n","protected":false},"excerpt":{"rendered":"<p>La cible de pulv\u00e9risation d\u2019oxyde de vanadium est principalement utilis\u00e9e pour le d\u00e9p\u00f4t physique en phase vapeur, qui peut d\u00e9poser un film mince d\u2019oxyde de vanadium avec modulation thermochromique et infrarouge sur la surface du substrat, qui est utilis\u00e9 pour r\u00e9guler la temp\u00e9rature int\u00e9rieure et l\u2019\u00e9clairage dans le domaine des fen\u00eatres intelligentes, et pour le contr\u00f4le adaptatif du signal infrarouge dans le domaine de la d\u00e9tection infrarouge pour de nombreuses applications.<\/p>\n","protected":false},"featured_media":1041064,"comment_status":"open","ping_status":"closed","template":"","meta":{"_acf_changed":false},"product_brand":[],"product_cat":[235],"product_tag":[],"class_list":{"0":"post-1012381","1":"product","2":"type-product","3":"status-publish","4":"has-post-thumbnail","6":"product_cat-cibles-de-pulverisation-planaire","8":"first","9":"instock","10":"shipping-taxable","11":"product-type-variable"},"acf":[],"_links":{"self":[{"href":"https:\/\/vimaterial.de\/fr\/wp-json\/wp\/v2\/product\/1012381","targetHints":{"allow":["GET"]}}],"collection":[{"href":"https:\/\/vimaterial.de\/fr\/wp-json\/wp\/v2\/product"}],"about":[{"href":"https:\/\/vimaterial.de\/fr\/wp-json\/wp\/v2\/types\/product"}],"replies":[{"embeddable":true,"href":"https:\/\/vimaterial.de\/fr\/wp-json\/wp\/v2\/comments?post=1012381"}],"wp:featuredmedia":[{"embeddable":true,"href":"https:\/\/vimaterial.de\/fr\/wp-json\/wp\/v2\/media\/1041064"}],"wp:attachment":[{"href":"https:\/\/vimaterial.de\/fr\/wp-json\/wp\/v2\/media?parent=1012381"}],"wp:term":[{"taxonomy":"product_brand","embeddable":true,"href":"https:\/\/vimaterial.de\/fr\/wp-json\/wp\/v2\/product_brand?post=1012381"},{"taxonomy":"product_cat","embeddable":true,"href":"https:\/\/vimaterial.de\/fr\/wp-json\/wp\/v2\/product_cat?post=1012381"},{"taxonomy":"product_tag","embeddable":true,"href":"https:\/\/vimaterial.de\/fr\/wp-json\/wp\/v2\/product_tag?post=1012381"}],"curies":[{"name":"wp","href":"https:\/\/api.w.org\/{rel}","templated":true}]}}