{"id":1012368,"date":"2024-06-17T14:32:06","date_gmt":"2024-06-17T06:32:06","guid":{"rendered":"https:\/\/vimaterial.de\/product\/siliciure-de-vanadium-2\/"},"modified":"2025-04-17T15:41:46","modified_gmt":"2025-04-17T07:41:46","slug":"siliciure-de-vanadium-2","status":"publish","type":"product","link":"https:\/\/vimaterial.de\/fr\/product\/siliciure-de-vanadium-2\/","title":{"rendered":"Siliciure de vanadium"},"content":{"rendered":"<p>La cible de pulv\u00e9risation de siliciure de vanadium est une cible compos\u00e9e de vanadium et de silicium, principalement utilis\u00e9e dans le processus de d\u00e9p\u00f4t physique en phase vapeur, gr\u00e2ce \u00e0 l\u2019effet de pulv\u00e9risation des atomes V et Si d\u00e9pos\u00e9s sur le substrat, ce qui donne des films minces de haute duret\u00e9, de bonne stabilit\u00e9 thermique, etc., qui jouent un r\u00f4le cl\u00e9 dans le domaine des semi-conducteurs, des dispositifs \u00e9lectroniques et d\u2019autres domaines.<\/p>\n<p>VIMATERIAL fournit des cibles de pulv\u00e9risation de siliciure de vanadium. Nos cibles de pulv\u00e9risation au siliciure de vanadium se caract\u00e9risent par une duret\u00e9 \u00e9lev\u00e9e et une bonne stabilit\u00e9. Nous nous consacrons \u00e0 la recherche de mat\u00e9riaux chimiques inorganiques depuis de nombreuses ann\u00e9es et fournissons \u00e9galement le service de liaison de cibles de pulv\u00e9risation. Nous avons une \u00e9quipe exp\u00e9riment\u00e9e et professionnelle pour accepter la personnalisation et les exp\u00e9riences, veuillez <span style=\"color: #0000ff;\"><a style=\"color: #0000ff;\" href=\"https:\/\/vimaterial.de\/en\/contact-us\/\">nous contacter<\/a> <\/span>si vous en avez besoin.   <\/p>\n<h2><span style=\"font-size: 14pt;\">Propri\u00e9t\u00e9s physiques<\/span><\/h2>\n<p>Formule mol\u00e9culaire : VSi\u2082<\/p>\n<p>Poids mol\u00e9culaire : 107,07<\/p>\n<p>Apparence&nbsp;: lustre m\u00e9tallis\u00e9 gris argent\u00e9 avec une cible de surface lisse<\/p>\n<p>Densit\u00e9 : environ 4,42 g\/cm\u00b3.<\/p>\n<p>Point de fusion : sup\u00e9rieur \u00e0 1700\u00b0C<\/p>\n<p>Structure cristalline : Il appartient au syst\u00e8me cristallin cubique et a une structure cristalline similaire \u00e0 celle des compos\u00e9s interm\u00e9talliques, dans laquelle les atomes de vanadium et les atomes de silicium forment une structure de r\u00e9seau stable par le m\u00e9lange de liaisons covalentes et m\u00e9talliques, et les atomes de silicium entourent les atomes de vanadium dans un arrangement sp\u00e9cifique, ce qui donne \u00e0 VSi\u2082 une meilleure stabilit\u00e9 et des propri\u00e9t\u00e9s physicochimiques sp\u00e9ciales.<\/p>\n<h2><span style=\"font-size: 14pt;\">Applications<\/span><\/h2>\n<p>Domaine des semi-conducteurs&nbsp;: Les cibles de pulv\u00e9risation de siliciure de vanadium sont utilis\u00e9es pour fabriquer la couche d\u2019interconnexion des puces semi-conductrices. Gr\u00e2ce \u00e0 sa bonne conductivit\u00e9 et \u00e0 sa stabilit\u00e9 thermique, VSi\u2082 est capable de r\u00e9duire efficacement le retard de transmission du signal et de garantir les performances \u00e9lectriques de la puce lorsqu\u2019elle fonctionne \u00e0 grande vitesse. <\/p>\n<p>Industrie photovolta\u00efque : Dans la production de plaquettes de cellules solaires, la cible peut \u00eatre utilis\u00e9e pour pr\u00e9parer des \u00e9lectrodes ou des couches de retour en contact, en utilisant ses propri\u00e9t\u00e9s \u00e9lectriques uniques pour optimiser l\u2019efficacit\u00e9 de conversion photo\u00e9lectrique de la cellule et contribuer \u00e0 l\u2019utilisation efficace de l\u2019\u00e9nergie propre.<\/p>\n<p>Encapsulation de dispositifs \u00e9lectroniques : Dans le cadre du mat\u00e9riau d\u2019encapsulation, le film mince form\u00e9 par la cible de pulv\u00e9risation VSi\u2082 peut am\u00e9liorer la r\u00e9sistance m\u00e9canique de la structure d\u2019encapsulation, et en m\u00eame temps, en vertu de sa propre stabilit\u00e9 chimique, il peut bloquer efficacement l\u2019intrusion de vapeur d\u2019eau externe et d\u2019impuret\u00e9s, prolongeant ainsi la dur\u00e9e de vie des appareils \u00e9lectroniques.<\/p>\n<h2><span style=\"font-size: 14pt;\">Contr\u00f4le de la qualit\u00e9<\/span><\/h2>\n<p>Chaque lot de produits suit des principes stricts de contr\u00f4le de la qualit\u00e9, tout autour pour s\u2019assurer que chaque lot de mat\u00e9riaux de l\u2019approvisionnement en mati\u00e8res premi\u00e8res, du traitement, des produits finis hors de l\u2019entrep\u00f4t dispose d\u2019instruments avanc\u00e9s, de normes d\u2019inspection strictes, de registres d\u2019inspection parfaits, pour garantir que la qualit\u00e9 du produit peut \u00eatre contr\u00f4l\u00e9e et la tra\u00e7abilit\u00e9 du produit, chaque lot de produits est accompagn\u00e9 de fiches signal\u00e9tiques,  COA, TDS, PSD, XRD rapports, etc., et chaque lot de produits sera fourni avec des \u00e9chantillons au client, nous aidons \u00e9galement les clients \u00e0 demander \u00e0 des organismes d\u2019inspection tiers d\u2019inspecter les produits. Nous fournirons aux clients des \u00e9chantillons de chaque lot de produits, et nous aiderons \u00e9galement les clients \u00e0 demander \u00e0 des organismes d\u2019inspection tiers d\u2019inspecter les produits. <\/p>\n<h2><span style=\"font-size: 14pt;\">Emballage et stockage<\/span><\/h2>\n<p>Les cibles de pulv\u00e9risation de siliciure de vanadium sont emball\u00e9es dans des sacs sous vide doubles et emball\u00e9es, puis emball\u00e9es dans des cartons.<\/p>\n<p>La cible de pulv\u00e9risation de siliciure de vanadium doit \u00eatre stock\u00e9e dans un environnement sec, frais, bien ventil\u00e9 et stable \u00e0 la temp\u00e9rature pour \u00e9viter l\u2019humidit\u00e9 et l\u2019oxydation, ainsi que pour pr\u00e9venir les chocs physiques et se tenir \u00e0 l\u2019\u00e9cart des substances corrosives afin de s\u2019assurer que leurs propri\u00e9t\u00e9s physiques et chimiques ne sont pas endommag\u00e9es.<\/p>\n","protected":false},"excerpt":{"rendered":"<p>La cible de pulv\u00e9risation de siliciure de vanadium est une cible compos\u00e9e de vanadium et de silicium, principalement utilis\u00e9e dans le processus de d\u00e9p\u00f4t physique en phase vapeur, gr\u00e2ce \u00e0 l\u2019effet de pulv\u00e9risation des atomes V et Si d\u00e9pos\u00e9s sur le substrat, ce qui donne des films minces de haute duret\u00e9, de bonne stabilit\u00e9 thermique, [&hellip;]<\/p>\n","protected":false},"featured_media":1001148,"comment_status":"open","ping_status":"closed","template":"","meta":{"_acf_changed":false},"product_brand":[],"product_cat":[235],"product_tag":[],"class_list":{"0":"post-1012368","1":"product","2":"type-product","3":"status-publish","4":"has-post-thumbnail","6":"product_cat-cibles-de-pulverisation-planaire","8":"first","9":"instock","10":"shipping-taxable","11":"product-type-variable"},"acf":[],"_links":{"self":[{"href":"https:\/\/vimaterial.de\/fr\/wp-json\/wp\/v2\/product\/1012368","targetHints":{"allow":["GET"]}}],"collection":[{"href":"https:\/\/vimaterial.de\/fr\/wp-json\/wp\/v2\/product"}],"about":[{"href":"https:\/\/vimaterial.de\/fr\/wp-json\/wp\/v2\/types\/product"}],"replies":[{"embeddable":true,"href":"https:\/\/vimaterial.de\/fr\/wp-json\/wp\/v2\/comments?post=1012368"}],"wp:featuredmedia":[{"embeddable":true,"href":"https:\/\/vimaterial.de\/fr\/wp-json\/wp\/v2\/media\/1001148"}],"wp:attachment":[{"href":"https:\/\/vimaterial.de\/fr\/wp-json\/wp\/v2\/media?parent=1012368"}],"wp:term":[{"taxonomy":"product_brand","embeddable":true,"href":"https:\/\/vimaterial.de\/fr\/wp-json\/wp\/v2\/product_brand?post=1012368"},{"taxonomy":"product_cat","embeddable":true,"href":"https:\/\/vimaterial.de\/fr\/wp-json\/wp\/v2\/product_cat?post=1012368"},{"taxonomy":"product_tag","embeddable":true,"href":"https:\/\/vimaterial.de\/fr\/wp-json\/wp\/v2\/product_tag?post=1012368"}],"curies":[{"name":"wp","href":"https:\/\/api.w.org\/{rel}","templated":true}]}}