{"id":1012346,"date":"2024-06-17T14:32:07","date_gmt":"2024-06-17T06:32:07","guid":{"rendered":"https:\/\/vimaterial.de\/product\/tellurure-de-vanadium\/"},"modified":"2025-04-17T15:39:44","modified_gmt":"2025-04-17T07:39:44","slug":"tellurure-de-vanadium","status":"publish","type":"product","link":"https:\/\/vimaterial.de\/fr\/product\/tellurure-de-vanadium\/","title":{"rendered":"Tellurure de vanadium"},"content":{"rendered":"<p>La poudre de tellurure de vanadium est un compos\u00e9 de vanadium et de tellure, c\u2019est une poudre gris noir\u00e2tre, g\u00e9n\u00e9ralement avec un \u00e9clat m\u00e9tallique, qui montre des applications potentielles dans les mat\u00e9riaux thermo\u00e9lectriques, l\u2019\u00e9lectronique et d\u2019autres domaines.<\/p>\n<p>VIMATERIAL fournit de la poudre de tellurure de vanadium. La poudre de siliciure de vanadium que nous fournissons a une grande puret\u00e9, des particules uniformes et fines, d\u2019excellentes propri\u00e9t\u00e9s thermo\u00e9lectriques et une forte stabilit\u00e9 chimique. Nous sommes un fournisseur professionnel de mati\u00e8res premi\u00e8res chimiques inorganiques, veuillez <span style=\"color: #0000ff;\"><a style=\"color: #0000ff;\" href=\"https:\/\/vimaterial.de\/en\/contact-us\/\">nous contacter<\/a><\/span> pour tous vos besoins.  <\/p>\n<h2><span style=\"font-size: 14pt;\">Propri\u00e9t\u00e9s physiques<\/span><\/h2>\n<p>Formule mol\u00e9culaire : VTe\u2082.<\/p>\n<p>Poids mol\u00e9culaire : 306,14<\/p>\n<p>Aspect : g\u00e9n\u00e9ralement noir ou poudre grise<\/p>\n<p>Structure cristalline : Syst\u00e8me cristallin hexagonal, groupe d\u2019espace P6\u2083\/mmc, param\u00e8tres de cellule a=b=3.970 \u00c5, c=6.280 \u00c5, \u03b1=\u03b2=90\u00b0, \u03b3=120\u00b0. Dans la structure cristalline, les atomes de vanadium et de tellure interagissent les uns avec les autres par des liaisons covalentes et m\u00e9talliques pour former une structure en couches, chaque couche \u00e9tant constitu\u00e9e de couches altern\u00e9es d\u2019atomes de vanadium et de tellure, et les couches interagissent les unes avec les autres par de faibles forces de van der Waals. <\/p>\n<h2><span style=\"font-size: 14pt;\">Applications<\/span><\/h2>\n<p>Thermo\u00e9lectricit\u00e9 : Les poudres de tellurure de vanadium peuvent \u00eatre transform\u00e9es en mat\u00e9riaux thermo\u00e9lectriques, qui peuvent \u00eatre utilis\u00e9s dans les g\u00e9n\u00e9rateurs d\u2019\u00e9nergie \u00e0 diff\u00e9rence de temp\u00e9rature pour convertir efficacement l\u2019\u00e9nergie thermique de faible qualit\u00e9, telle que la chaleur r\u00e9siduelle industrielle et la chaleur g\u00e9othermique, en \u00e9nergie \u00e9lectrique et r\u00e9aliser le recyclage de l\u2019\u00e9nergie.<\/p>\n<p>\u00c9lectronique : La poudre de tellurure de vanadium est un mat\u00e9riau cl\u00e9 dans la fabrication des puces \u00e9lectroniques. Gr\u00e2ce \u00e0 ses propri\u00e9t\u00e9s \u00e9lectriques uniques, la poudre de tellurure de vanadium peut aider \u00e0 produire des transistors et d\u2019autres composants \u00e9lectroniques haute performance et \u00e0 faible consommation, et \u00e0 am\u00e9liorer la vitesse de calcul des produits \u00e9lectroniques. <\/p>\n<p>V\u00e9hicule \u00e0 \u00e9nergie nouvelle&nbsp;: Il est utilis\u00e9 dans le syst\u00e8me de gestion thermique de la batterie des v\u00e9hicules \u00e0 \u00e9nergie nouvelle. Gr\u00e2ce \u00e0 son excellente conductivit\u00e9 thermique, il permet d\u2019\u00e9galiser rapidement la temp\u00e9rature de la batterie, de prolonger la dur\u00e9e de vie de la batterie et d\u2019assurer la stabilit\u00e9 de l\u2019autonomie du v\u00e9hicule. <\/p>\n<p>A\u00e9rospatiale : Utilis\u00e9e dans les composants thermiques des \u00e9quipements \u00e9lectroniques des v\u00e9hicules a\u00e9rospatiaux, la poudre de tellurure de vanadium peut fonctionner efficacement dans des environnements extr\u00eames pour assurer le fonctionnement stable des \u00e9quipements \u00e9lectroniques de pr\u00e9cision et am\u00e9liorer la s\u00e9curit\u00e9 des vols.<\/p>\n<h2><span style=\"font-size: 14pt;\">Contr\u00f4le de la qualit\u00e9<\/span><\/h2>\n<p><span style=\"color: #0000ff;\"><a style=\"color: #0000ff;\" href=\"https:\/\/vimaterial.de\/en\/quality-control\/\">Chaque lot<\/a><\/span> de produits suit des principes stricts de contr\u00f4le de la qualit\u00e9, garantissant que chaque lot de mat\u00e9riaux provenant de l\u2019achat de mati\u00e8res premi\u00e8res, de la transformation et des produits finis hors de l\u2019entrep\u00f4t est \u00e9quip\u00e9 d\u2019instruments avanc\u00e9s, de normes d\u2019inspection strictes et de registres d\u2019inspection parfaits pour garantir que la qualit\u00e9 du produit peut \u00eatre contr\u00f4l\u00e9e et la tra\u00e7abilit\u00e9 du produit, et chaque lot de produits est accompagn\u00e9 d\u2019une fiche signal\u00e9tique,  Rapports COA, TDS, PSD et XRD, etc. Nous fournissons \u00e9galement des \u00e9chantillons de chaque lot de produits. Chaque lot de produits fournira des \u00e9chantillons aux clients, aidera \u00e9galement les clients \u00e0 demander \u00e0 des organismes de test tiers de tester les produits.  <\/p>\n<h2><span style=\"font-size: 14pt;\">Emballage et stockage<\/span><\/h2>\n<p>Les poudres de tellurure de vanadium sont emball\u00e9es dans des sacs \u00e0 double vide ou des bouteilles \u00e0 double vide dans des cartons.<\/p>\n<p>La poudre de tellurure de vanadium doit \u00eatre stock\u00e9e dans un environnement sec, frais, bien ventil\u00e9 et scell\u00e9, \u00e0 l\u2019abri de l\u2019eau, du feu, des agents oxydants puissants et des substances corrosives pour \u00e9viter la d\u00e9t\u00e9rioration due \u00e0 l\u2019humidit\u00e9, \u00e0 l\u2019oxydation, \u00e0 la d\u00e9composition ou \u00e0 la r\u00e9action chimique.<\/p>\n","protected":false},"excerpt":{"rendered":"<p>La poudre de tellurure de vanadium est un compos\u00e9 de vanadium et de tellure, c\u2019est une poudre gris noir\u00e2tre, g\u00e9n\u00e9ralement avec un \u00e9clat m\u00e9tallique, qui montre des applications potentielles dans les mat\u00e9riaux thermo\u00e9lectriques, l\u2019\u00e9lectronique et d\u2019autres domaines.<\/p>\n","protected":false},"featured_media":1001157,"comment_status":"open","ping_status":"closed","template":"","meta":{"_acf_changed":false},"product_brand":[],"product_cat":[238],"product_tag":[],"class_list":{"0":"post-1012346","1":"product","2":"type-product","3":"status-publish","4":"has-post-thumbnail","6":"product_cat-materiaux-de-chalcogenure","8":"first","9":"instock","10":"shipping-taxable","11":"product-type-variable"},"acf":[],"_links":{"self":[{"href":"https:\/\/vimaterial.de\/fr\/wp-json\/wp\/v2\/product\/1012346","targetHints":{"allow":["GET"]}}],"collection":[{"href":"https:\/\/vimaterial.de\/fr\/wp-json\/wp\/v2\/product"}],"about":[{"href":"https:\/\/vimaterial.de\/fr\/wp-json\/wp\/v2\/types\/product"}],"replies":[{"embeddable":true,"href":"https:\/\/vimaterial.de\/fr\/wp-json\/wp\/v2\/comments?post=1012346"}],"wp:featuredmedia":[{"embeddable":true,"href":"https:\/\/vimaterial.de\/fr\/wp-json\/wp\/v2\/media\/1001157"}],"wp:attachment":[{"href":"https:\/\/vimaterial.de\/fr\/wp-json\/wp\/v2\/media?parent=1012346"}],"wp:term":[{"taxonomy":"product_brand","embeddable":true,"href":"https:\/\/vimaterial.de\/fr\/wp-json\/wp\/v2\/product_brand?post=1012346"},{"taxonomy":"product_cat","embeddable":true,"href":"https:\/\/vimaterial.de\/fr\/wp-json\/wp\/v2\/product_cat?post=1012346"},{"taxonomy":"product_tag","embeddable":true,"href":"https:\/\/vimaterial.de\/fr\/wp-json\/wp\/v2\/product_tag?post=1012346"}],"curies":[{"name":"wp","href":"https:\/\/api.w.org\/{rel}","templated":true}]}}