{"id":1012335,"date":"2024-06-17T14:32:11","date_gmt":"2024-06-17T06:32:11","guid":{"rendered":"https:\/\/vimaterial.de\/product\/vanadium-tungstene\/"},"modified":"2025-04-17T15:34:23","modified_gmt":"2025-04-17T07:34:23","slug":"vanadium-tungstene","status":"publish","type":"product","link":"https:\/\/vimaterial.de\/fr\/product\/vanadium-tungstene\/","title":{"rendered":"Vanadium Tungst\u00e8ne"},"content":{"rendered":"<p>La cible de pulv\u00e9risation cathodique vanadium tungst\u00e8ne est une sorte de cible en alliage de vanadium et de tungst\u00e8ne, qui est principalement utilis\u00e9e dans le processus de d\u00e9p\u00f4t physique en phase vapeur, par pulv\u00e9risation pour fabriquer des atomes V et W d\u00e9pos\u00e9s sur le substrat, pour former un film mince avec une duret\u00e9 \u00e9lev\u00e9e, une bonne r\u00e9sistance \u00e0 l\u2019abrasion et une r\u00e9sistance \u00e0 haute temp\u00e9rature, etc., qui joue un r\u00f4le important dans le domaine de l\u2019\u00e9lectronique,  machines et autres domaines.<\/p>\n<p>VIMATERIAL fournit des cibles de pulv\u00e9risation au vanadium et au tungst\u00e8ne. Nos cibles de pulv\u00e9risation cathodique au vanadium et au tungst\u00e8ne se caract\u00e9risent par un point de fusion \u00e9lev\u00e9 et une duret\u00e9 \u00e9lev\u00e9e, et les films minces qu\u2019elles forment ont une excellente r\u00e9sistance \u00e0 l\u2019abrasion, une r\u00e9sistance aux temp\u00e9ratures \u00e9lev\u00e9es et une bonne stabilit\u00e9 chimique. Nous nous consacrons \u00e0 la recherche de mat\u00e9riaux chimiques inorganiques depuis de nombreuses ann\u00e9es et fournissons \u00e9galement le service de liaison de cibles de pulv\u00e9risation. Nous avons une \u00e9quipe exp\u00e9riment\u00e9e et professionnelle pour accepter la personnalisation et les exp\u00e9riences, veuillez<span style=\"color: #0000ff;\"><a style=\"color: #0000ff;\" href=\"https:\/\/vimaterial.de\/en\/contact-us\/\"> nous contacter<\/a><\/span> si vous en avez besoin.   <\/p>\n<h2><span style=\"font-size: 14pt;\">Propri\u00e9t\u00e9s physiques<\/span><\/h2>\n<p>Formule mol\u00e9culaire : VW<\/p>\n<p>Apparence&nbsp;: Cibles de lustre m\u00e9tallique g\u00e9n\u00e9ralement gris argent\u00e9<\/p>\n<p>Densit\u00e9 : entre 18,9-19,3 g\/cm\u00b3.<\/p>\n<p>Point d\u2019\u00e9bullition : sup\u00e9rieur \u00e0 3000\u00b0C<\/p>\n<p>Structure cristalline : structure cubique principalement centr\u00e9e sur le corps<\/p>\n<h2><span style=\"font-size: 14pt;\">Applications<\/span><\/h2>\n<p>Champ \u00e9lectronique&nbsp;: La cible de pulv\u00e9risation au vanadium et au tungst\u00e8ne est utilis\u00e9e dans la couche de m\u00e9tallisation des puces \u00e9lectroniques, en utilisant sa conductivit\u00e9 \u00e9lev\u00e9e et sa r\u00e9sistance \u00e0 haute temp\u00e9rature, elle peut r\u00e9duire efficacement la perte de transmission du signal et garantir que la puce fonctionne de mani\u00e8re stable sous une int\u00e9gration \u00e9lev\u00e9e et une vitesse de calcul \u00e9lev\u00e9e.<\/p>\n<p>Domaine a\u00e9rospatial : le film mince form\u00e9 par le mat\u00e9riau cible se d\u00e9pose \u00e0 la surface des pi\u00e8ces \u00e0 haute temp\u00e9rature du moteur d\u2019aviation, qui peuvent r\u00e9sister efficacement au frottement entre le rin\u00e7age des gaz \u00e0 haute temp\u00e9rature et les pi\u00e8ces pour prolonger la dur\u00e9e de vie des pi\u00e8ces du moteur en raison de ses excellentes propri\u00e9t\u00e9s de r\u00e9sistance aux hautes temp\u00e9ratures et \u00e0 l\u2019usure.<\/p>\n<p>Industrie automobile&nbsp;: utilis\u00e9 dans les moteurs automobiles, les pistons, les soupapes et autres pi\u00e8ces mobiles du rev\u00eatement de surface, sa duret\u00e9 \u00e9lev\u00e9e et sa bonne r\u00e9sistance \u00e0 l\u2019usure peuvent r\u00e9duire l\u2019usure entre les pi\u00e8ces, am\u00e9liorer la fiabilit\u00e9 du moteur et l\u2019efficacit\u00e9 \u00e9nerg\u00e9tique.<\/p>\n<p>Industrie du rev\u00eatement sous vide&nbsp;: Dans les \u00e9quipements de rev\u00eatement sous vide, la cible est pulv\u00e9ris\u00e9e pour former un film mince \u00e0 la surface des lentilles optiques, des objets d\u00e9coratifs et d\u2019autres objets, ce qui peut leur donner des caract\u00e9ristiques telles qu\u2019une duret\u00e9 \u00e9lev\u00e9e et une r\u00e9flectivit\u00e9 \u00e9lev\u00e9e, et am\u00e9liorer la qualit\u00e9 et l\u2019esth\u00e9tique des produits.<\/p>\n<h2><span style=\"font-size: 14pt;\">Contr\u00f4le de la qualit\u00e9<\/span><\/h2>\n<p><span style=\"color: #0000ff;\"><a style=\"color: #0000ff;\" href=\"https:\/\/vimaterial.de\/en\/quality-control\/\">Chaque lot<\/a><\/span> de produits suit des principes stricts de contr\u00f4le de la qualit\u00e9, tout autour pour s\u2019assurer que chaque lot de mat\u00e9riaux de l\u2019approvisionnement en mati\u00e8res premi\u00e8res, du traitement, des produits finis hors de l\u2019entrep\u00f4t dispose d\u2019instruments avanc\u00e9s, de normes d\u2019inspection strictes, de registres d\u2019inspection parfaits, pour garantir que la qualit\u00e9 du produit peut \u00eatre contr\u00f4l\u00e9e et la tra\u00e7abilit\u00e9 du produit, chaque lot de produits est accompagn\u00e9 de fiches signal\u00e9tiques,  COA, TDS, PSD, XRD rapports, etc., et chaque lot de produits sera fourni avec des \u00e9chantillons au client, nous aidons \u00e9galement les clients \u00e0 demander \u00e0 des organismes d\u2019inspection tiers d\u2019inspecter les produits. Nous fournirons aux clients des \u00e9chantillons de chaque lot de produits, et nous aiderons \u00e9galement les clients \u00e0 demander \u00e0 des organismes d\u2019inspection tiers d\u2019inspecter les produits. <\/p>\n<h2><span style=\"font-size: 14pt;\">Emballage et stockage<\/span><\/h2>\n<p>Les cibles de pulv\u00e9risation au vanadium et au tungst\u00e8ne sont emball\u00e9es dans des sacs sous vide doubles et emball\u00e9es dans des cartons.<\/p>\n<p>Les cibles de pulv\u00e9risation au vanadium et au tungst\u00e8ne doivent \u00eatre stock\u00e9es dans un environnement sec, frais et bien ventil\u00e9, en \u00e9vitant l\u2019humidit\u00e9, le contact avec des substances corrosives et les collisions violentes, et en m\u00eame temps doivent \u00eatre tenues \u00e0 l\u2019\u00e9cart des temp\u00e9ratures \u00e9lev\u00e9es et des sources de flammes nues, afin d\u2019assurer la stabilit\u00e9 de sa composition et l\u2019int\u00e9grit\u00e9 de sa forme physique.<\/p>\n","protected":false},"excerpt":{"rendered":"<p>La cible de pulv\u00e9risation cathodique vanadium tungst\u00e8ne est une sorte de cible en alliage de vanadium et de tungst\u00e8ne, qui est principalement utilis\u00e9e dans le processus de d\u00e9p\u00f4t physique en phase vapeur, par pulv\u00e9risation pour fabriquer des atomes V et W d\u00e9pos\u00e9s sur le substrat, pour former un film mince avec une duret\u00e9 \u00e9lev\u00e9e, une bonne r\u00e9sistance \u00e0 l\u2019abrasion et une r\u00e9sistance \u00e0 haute temp\u00e9rature, etc., qui joue un r\u00f4le important dans le domaine de l\u2019\u00e9lectronique,  machines et autres domaines.<\/p>\n","protected":false},"featured_media":1001171,"comment_status":"open","ping_status":"closed","template":"","meta":{"_acf_changed":false},"product_brand":[],"product_cat":[235],"product_tag":[],"class_list":{"0":"post-1012335","1":"product","2":"type-product","3":"status-publish","4":"has-post-thumbnail","6":"product_cat-cibles-de-pulverisation-planaire","8":"first","9":"instock","10":"shipping-taxable","11":"product-type-variable"},"acf":[],"_links":{"self":[{"href":"https:\/\/vimaterial.de\/fr\/wp-json\/wp\/v2\/product\/1012335","targetHints":{"allow":["GET"]}}],"collection":[{"href":"https:\/\/vimaterial.de\/fr\/wp-json\/wp\/v2\/product"}],"about":[{"href":"https:\/\/vimaterial.de\/fr\/wp-json\/wp\/v2\/types\/product"}],"replies":[{"embeddable":true,"href":"https:\/\/vimaterial.de\/fr\/wp-json\/wp\/v2\/comments?post=1012335"}],"wp:featuredmedia":[{"embeddable":true,"href":"https:\/\/vimaterial.de\/fr\/wp-json\/wp\/v2\/media\/1001171"}],"wp:attachment":[{"href":"https:\/\/vimaterial.de\/fr\/wp-json\/wp\/v2\/media?parent=1012335"}],"wp:term":[{"taxonomy":"product_brand","embeddable":true,"href":"https:\/\/vimaterial.de\/fr\/wp-json\/wp\/v2\/product_brand?post=1012335"},{"taxonomy":"product_cat","embeddable":true,"href":"https:\/\/vimaterial.de\/fr\/wp-json\/wp\/v2\/product_cat?post=1012335"},{"taxonomy":"product_tag","embeddable":true,"href":"https:\/\/vimaterial.de\/fr\/wp-json\/wp\/v2\/product_tag?post=1012335"}],"curies":[{"name":"wp","href":"https:\/\/api.w.org\/{rel}","templated":true}]}}