{"id":1012305,"date":"2024-06-17T14:18:53","date_gmt":"2024-06-17T06:18:53","guid":{"rendered":"https:\/\/vimaterial.de\/product\/fluorure-de-calcium-4\/"},"modified":"2024-12-27T11:35:13","modified_gmt":"2024-12-27T03:35:13","slug":"fluorure-de-calcium-4","status":"publish","type":"product","link":"https:\/\/vimaterial.de\/fr\/product\/fluorure-de-calcium-4\/","title":{"rendered":"Fluorure de calcium"},"content":{"rendered":"<p>La cible de pulv\u00e9risation de fluorure de calcium est un mat\u00e9riau haute performance, principalement utilis\u00e9 dans les films minces optiques, les dispositifs laser, les rev\u00eatements anticorrosion et d\u2019autres domaines, avec une excellente transmittance optique et une stabilit\u00e9 chimique. VIMATERIAL fournit \u00e9galement des poudres de fluorure de calcium et des granules de fluorure de calcium.<\/p>\n<h2><span style=\"font-size: 14pt;\">Propri\u00e9t\u00e9s<\/span><\/h2>\n<p>Formule chimique :CaF2 Masse molaire :78,075 g\u00b7mol\u22121 Apparence :Solide cristallin blanc (les monocristaux sont transparents) Densit\u00e9 :3,18 g\/cm3 Point de fusion :1 418 \u00b0C (2 584 \u00b0F&nbsp;; 1 691 K) Point d\u2019\u00e9bullition :2 533 \u00b0C (4 591 \u00b0F&nbsp;; 2 806 K) Solubilit\u00e9 :Soluble dans l\u2019eau, insoluble dans l\u2019ac\u00e9tone l\u00e9g\u00e8rement soluble dans l\u2019acide Indice de r\u00e9fraction (nD)&nbsp;:1,4338<\/p>\n<h2><span style=\"font-size: 14pt;\">Application<\/span><\/h2>\n<p>1. Film optique&nbsp;: La cible de pulv\u00e9risation de fluorure de calcium est utilis\u00e9e pour pr\u00e9parer des rev\u00eatements optiques infrarouges et ultraviolets \u00e0 haute transmittance, adapt\u00e9s aux lentilles, aux prismes et aux mat\u00e9riaux de fen\u00eatre. 2. Appareils \u00e9lectroniques&nbsp;: La cible de pulv\u00e9risation de fluorure de calcium est utilis\u00e9e comme couche isolante ou mat\u00e9riau de guide d\u2019ondes optiques. 3. Optique laser&nbsp;: Fabrication de rev\u00eatements anti-reflet et anti-reflet dans le r\u00e9sonateur laser. 4. Rev\u00eatement anti-corrosion&nbsp;: Prot\u00e9gez la surface de l\u2019\u00e9quipement dans des environnements difficiles, en particulier dans des environnements chimiques et humides.<\/p>\n<h2><span style=\"font-size: 14pt;\">Contr\u00f4le qualit\u00e9<\/span><\/h2>\n<p>Nos produits mettent en \u0153uvre le syst\u00e8me de gestion de la qualit\u00e9 le plus strict. Il existe des normes d\u2019inspection strictes pour les mat\u00e9riaux entrants, les processus, les inspections finales et les inspections d\u2019usine. Des mesures d\u2019isolement strictes seront adopt\u00e9es pour le traitement non qualifi\u00e9 afin d\u2019\u00e9viter que les produits non qualifi\u00e9s ne passent au processus suivant. Des \u00e9chantillons seront fournis aux clients selon les exigences du client pour la r\u00e9inspection.   <\/p>\n<h2><span style=\"font-size: 14pt;\">Emballage et stockage<\/span><\/h2>\n<p>Emballage sous vide int\u00e9rieur, emballage ext\u00e9rieur en carton. Les cibles de pulv\u00e9risation au fluorure de calcium doivent \u00eatre stock\u00e9es dans un environnement \u00e9tanche, sec et \u00e9tanche \u00e0 la lumi\u00e8re pour \u00e9viter l\u2019absorption d\u2019humidit\u00e9, la contamination et les dommages m\u00e9caniques afin d\u2019assurer des performances optiques stables.<\/p>\n","protected":false},"excerpt":{"rendered":"<p>La cible de pulv\u00e9risation de fluorure de calcium est un mat\u00e9riau haute performance, principalement utilis\u00e9 dans les films minces optiques, les dispositifs laser, les rev\u00eatements anticorrosion et d\u2019autres domaines, avec une excellente transmittance optique et une stabilit\u00e9 chimique. VIMATERIAL fournit \u00e9galement des poudres de fluorure de calcium et des granules de fluorure de calcium. Propri\u00e9t\u00e9s [&hellip;]<\/p>\n","protected":false},"featured_media":1029997,"comment_status":"open","ping_status":"closed","template":"","meta":{"_acf_changed":false},"product_brand":[],"product_cat":[235],"product_tag":[],"class_list":{"0":"post-1012305","1":"product","2":"type-product","3":"status-publish","4":"has-post-thumbnail","6":"product_cat-cibles-de-pulverisation-planaire","8":"first","9":"instock","10":"shipping-taxable","11":"product-type-variable"},"acf":[],"_links":{"self":[{"href":"https:\/\/vimaterial.de\/fr\/wp-json\/wp\/v2\/product\/1012305","targetHints":{"allow":["GET"]}}],"collection":[{"href":"https:\/\/vimaterial.de\/fr\/wp-json\/wp\/v2\/product"}],"about":[{"href":"https:\/\/vimaterial.de\/fr\/wp-json\/wp\/v2\/types\/product"}],"replies":[{"embeddable":true,"href":"https:\/\/vimaterial.de\/fr\/wp-json\/wp\/v2\/comments?post=1012305"}],"wp:featuredmedia":[{"embeddable":true,"href":"https:\/\/vimaterial.de\/fr\/wp-json\/wp\/v2\/media\/1029997"}],"wp:attachment":[{"href":"https:\/\/vimaterial.de\/fr\/wp-json\/wp\/v2\/media?parent=1012305"}],"wp:term":[{"taxonomy":"product_brand","embeddable":true,"href":"https:\/\/vimaterial.de\/fr\/wp-json\/wp\/v2\/product_brand?post=1012305"},{"taxonomy":"product_cat","embeddable":true,"href":"https:\/\/vimaterial.de\/fr\/wp-json\/wp\/v2\/product_cat?post=1012305"},{"taxonomy":"product_tag","embeddable":true,"href":"https:\/\/vimaterial.de\/fr\/wp-json\/wp\/v2\/product_tag?post=1012305"}],"curies":[{"name":"wp","href":"https:\/\/api.w.org\/{rel}","templated":true}]}}