{"id":1012272,"date":"2024-06-17T14:18:54","date_gmt":"2024-06-17T06:18:54","guid":{"rendered":"https:\/\/vimaterial.de\/product\/iodure-de-calcium-2\/"},"modified":"2024-12-27T15:32:25","modified_gmt":"2024-12-27T07:32:25","slug":"iodure-de-calcium-2","status":"publish","type":"product","link":"https:\/\/vimaterial.de\/fr\/product\/iodure-de-calcium-2\/","title":{"rendered":"Iodure de calcium"},"content":{"rendered":"<p>L\u2019iodure de calcium (CaI2) est le compos\u00e9 ionique du calcium et de l\u2019iode. Ce solide d\u00e9liquescent incolore est un sel tr\u00e8s soluble dans l\u2019eau. Ses propri\u00e9t\u00e9s sont similaires \u00e0 celles des sels apparent\u00e9s, tels que le chlorure de calcium. VIMATERIAL fournit \u00e9galement des poudres d\u2019oxyde de calcium et des cibles d\u2019oxyde de calcium. Si vous avez des besoins, n\u2019h\u00e9sitez pas \u00e0 nous contacter.<\/p>\n<h2><span style=\"font-size: 14pt;\">Propri\u00e9t\u00e9s<\/span><\/h2>\n<p>Formule chimique&nbsp;:CaI2 Masse molaire&nbsp;:293.887 g\/mol (anhydre) 365.95 g\/mol (t\u00e9trahydrat\u00e9)<\/p>\n<p>Apparence&nbsp;: blanc solide<\/p>\n<p>Densit\u00e9&nbsp;:3.956 g\/cm3 (anhydre) Point de fusion&nbsp;:575\u00b0C Point d\u2019\u00e9bullition&nbsp;:718\u00b0C Solubilit\u00e9&nbsp;:Facilement soluble dans l\u2019eau, l\u00e9g\u00e8rement soluble dans l\u2019\u00e9thanol et l\u2019ac\u00e9tone. Sa solution aqueuse est neutre et se dissout dans l\u2019acide pour se d\u00e9composer et lib\u00e9rer de l\u2019iode ou g\u00e9n\u00e9rer de l\u2019acide iodique.<\/p>\n<h2><span style=\"font-size: 14pt;\">Structure cristalline de l\u2019iodure de calcium<\/span><\/h2>\n<p>La structure cristalline de CaI2 appartient au syst\u00e8me cristallin cubique, en particulier \u00e0 la structure cubique centr\u00e9e sur le corps. Dans cette structure, chaque ion calcium est situ\u00e9 au sommet et au centre du r\u00e9seau, tandis que chaque ion iodure est situ\u00e9 au centre de la face du r\u00e9seau. Cette structure rend le CaI2 stable et uniforme. Parce que la structure cristalline de l\u2019iodure de calcium a cet arrangement sp\u00e9cial, il a des propri\u00e9t\u00e9s uniques. Tout d\u2019abord, l\u2019iodure de calcium est un cristal incolore avec une bonne transparence. Deuxi\u00e8mement, le CaI2 a une bonne solubilit\u00e9 et peut se dissoudre rapidement dans l\u2019eau pour lib\u00e9rer des ions calcium et des ions iode. De plus, l\u2019iodure de calcium a \u00e9galement une certaine conductivit\u00e9 \u00e9lectrique et peut conduire l\u2019\u00e9lectricit\u00e9 en solution aqueuse. <\/p>\n<h2><span style=\"font-size: 14pt;\">Application<\/span><\/h2>\n<p>Dans le domaine de la chimie, le CaI2 peut \u00eatre utilis\u00e9 comme r\u00e9actif analytique pour la d\u00e9termination des ions m\u00e9talliques tels que l\u2019antimoine, le zinc et le magn\u00e9sium. De plus, il peut \u00e9galement \u00eatre utilis\u00e9 pour pr\u00e9parer d\u2019autres compos\u00e9s contenant de l\u2019iode, tels que les iodates, les iodures, etc. L\u2019iodure de calcium joue un r\u00f4le important dans la synth\u00e8se chimique en r\u00e9agissant chimiquement avec d\u2019autres compos\u00e9s. Dans le domaine de la m\u00e9decine, le CaI2 a une certaine valeur m\u00e9dicinale. Il peut \u00eatre utilis\u00e9 pour traiter des maladies telles que le goitre et r\u00e9guler l\u2019\u00e9quilibre iod\u00e9 dans le corps humain en compl\u00e9tant l\u2019iode. De plus, l\u2019iodure de calcium peut \u00e9galement \u00eatre utilis\u00e9 pour pr\u00e9parer certaines pr\u00e9parations pharmaceutiques, telles que l\u2019injection d\u2019iodure de calcium, pour le traitement de maladies connexes.  <\/p>\n<h2><span style=\"font-size: 14pt;\">Contr\u00f4le qualit\u00e9<\/span><\/h2>\n<p>Nos produits mettent en \u0153uvre le syst\u00e8me de gestion de la qualit\u00e9 le plus strict. Il existe des normes d\u2019inspection strictes pour les mat\u00e9riaux entrants, les processus, les inspections finales et les inspections d\u2019usine. Des mesures d\u2019isolement strictes seront adopt\u00e9es pour le traitement non qualifi\u00e9 afin d\u2019\u00e9viter que les produits non qualifi\u00e9s ne passent au processus suivant. Des \u00e9chantillons seront fournis aux clients selon les exigences du client pour la r\u00e9inspection.   <\/p>\n<h2><span style=\"font-size: 14pt;\">Emballage et stockage<\/span><\/h2>\n<p>Emballage sous vide, la quantit\u00e9 d\u2019emballage peut \u00eatre fournie selon les exigences du client et emball\u00e9e s\u00e9par\u00e9ment. Il doit \u00eatre stock\u00e9 dans un entrep\u00f4t frais, ventil\u00e9 et \u00e0 l\u2019abri de la lumi\u00e8re. Il doit \u00eatre prot\u00e9g\u00e9 de la pluie et du soleil pendant le transport. Il doit \u00eatre manipul\u00e9 avec pr\u00e9caution lors du chargement et du d\u00e9chargement, et les vibrations et les chocs sont strictement interdits. En cas d\u2019incendie, des extincteurs \u00e0 sable et \u00e0 dioxyde de carbone peuvent \u00eatre utilis\u00e9s pour \u00e9teindre l\u2019incendie.<\/p>\n","protected":false},"excerpt":{"rendered":"<p>L\u2019iodure de calcium (CaI2) est le compos\u00e9 ionique du calcium et de l\u2019iode. Ce solide d\u00e9liquescent incolore est un sel tr\u00e8s soluble dans l\u2019eau. Ses propri\u00e9t\u00e9s sont similaires \u00e0 celles des sels apparent\u00e9s, tels que le chlorure de calcium. VIMATERIAL fournit \u00e9galement des poudres d\u2019oxyde de calcium et des cibles d\u2019oxyde de calcium. Si vous [&hellip;]<\/p>\n","protected":false},"featured_media":1030002,"comment_status":"open","ping_status":"closed","template":"","meta":{"_acf_changed":false},"product_brand":[],"product_cat":[236],"product_tag":[],"class_list":{"0":"post-1012272","1":"product","2":"type-product","3":"status-publish","4":"has-post-thumbnail","6":"product_cat-materiaux-devaporation","8":"first","9":"instock","10":"shipping-taxable","11":"product-type-variable"},"acf":[],"_links":{"self":[{"href":"https:\/\/vimaterial.de\/fr\/wp-json\/wp\/v2\/product\/1012272","targetHints":{"allow":["GET"]}}],"collection":[{"href":"https:\/\/vimaterial.de\/fr\/wp-json\/wp\/v2\/product"}],"about":[{"href":"https:\/\/vimaterial.de\/fr\/wp-json\/wp\/v2\/types\/product"}],"replies":[{"embeddable":true,"href":"https:\/\/vimaterial.de\/fr\/wp-json\/wp\/v2\/comments?post=1012272"}],"wp:featuredmedia":[{"embeddable":true,"href":"https:\/\/vimaterial.de\/fr\/wp-json\/wp\/v2\/media\/1030002"}],"wp:attachment":[{"href":"https:\/\/vimaterial.de\/fr\/wp-json\/wp\/v2\/media?parent=1012272"}],"wp:term":[{"taxonomy":"product_brand","embeddable":true,"href":"https:\/\/vimaterial.de\/fr\/wp-json\/wp\/v2\/product_brand?post=1012272"},{"taxonomy":"product_cat","embeddable":true,"href":"https:\/\/vimaterial.de\/fr\/wp-json\/wp\/v2\/product_cat?post=1012272"},{"taxonomy":"product_tag","embeddable":true,"href":"https:\/\/vimaterial.de\/fr\/wp-json\/wp\/v2\/product_tag?post=1012272"}],"curies":[{"name":"wp","href":"https:\/\/api.w.org\/{rel}","templated":true}]}}