{"id":1012218,"date":"2024-06-17T14:18:54","date_gmt":"2024-06-17T06:18:54","guid":{"rendered":"https:\/\/vimaterial.de\/product\/oxyde-de-calcium\/"},"modified":"2024-12-27T14:56:07","modified_gmt":"2024-12-27T06:56:07","slug":"oxyde-de-calcium","status":"publish","type":"product","link":"https:\/\/vimaterial.de\/fr\/product\/oxyde-de-calcium\/","title":{"rendered":"Oxyde de calcium"},"content":{"rendered":"<p>La cible de pulv\u00e9risation d\u2019oxyde de calcium (CaO) est une cible c\u00e9ramique couramment utilis\u00e9e, principalement utilis\u00e9e dans la pr\u00e9paration de films \u00e9lectroniques, optiques et fonctionnels. VIMATERIAL fournit \u00e9galement des poudres d\u2019oxyde de calcium et des granul\u00e9s d\u2019oxyde de calcium. Si vous avez des besoins, n\u2019h\u00e9sitez pas \u00e0 nous contacter.<\/p>\n<h2><span style=\"font-size: 14pt;\">Propri\u00e9t\u00e9s<\/span><\/h2>\n<p>Formule chimique&nbsp;:CaO Masse molaire&nbsp;:56.0774 g\/mol Apparence&nbsp;:Blanc \u00e0 jaune p\u00e2le\/poudre brune<\/p>\n<p>Odeur&nbsp;:Inodore<\/p>\n<p>Densit\u00e9&nbsp;:3,34 g\/cm3 Point de fusion&nbsp;:2 613 \u00b0C Point d\u2019\u00e9bullition&nbsp;:2 850 \u00b0C Solubilit\u00e9 dans l\u2019eau&nbsp;:R\u00e9agit pour former de l\u2019hydroxyde de calcium Solubilit\u00e9 dans le m\u00e9thanol&nbsp;:Insoluble<\/p>\n<h2><span style=\"font-size: 14pt;\">Application<\/span><\/h2>\n<p>Pr\u00e9paration des couches minces : Les cibles de pulv\u00e9risation d\u2019oxyde de calcium sont utilis\u00e9es pour fabriquer des rev\u00eatements optiques, des couches isolantes et des rev\u00eatements antireflets. Dispositifs \u00e9lectroniques : Les cibles de pulv\u00e9risation d\u2019oxyde de calcium sont utilis\u00e9es comme mat\u00e9riaux di\u00e9lectriques dans le domaine des semi-conducteurs. Rev\u00eatements fonctionnels : Am\u00e9liorent la r\u00e9sistance \u00e0 la corrosion et la r\u00e9sistance aux hautes temp\u00e9ratures des \u00e9quipements.<\/p>\n<h2><span style=\"font-size: 14pt;\">Contr\u00f4le qualit\u00e9<\/span><\/h2>\n<p>Nos produits mettent en \u0153uvre le syst\u00e8me de gestion de la qualit\u00e9 le plus strict. Il existe des normes d\u2019inspection strictes pour les mat\u00e9riaux entrants, les processus, les inspections finales et les inspections d\u2019usine. Des mesures d\u2019isolement strictes seront adopt\u00e9es pour le traitement non qualifi\u00e9 afin d\u2019\u00e9viter que les produits non qualifi\u00e9s ne passent au processus suivant. Des \u00e9chantillons seront fournis aux clients selon les exigences du client pour la r\u00e9inspection.   <\/p>\n<h2><span style=\"font-size: 14pt;\">Emballage et stockage<\/span><\/h2>\n<p>Emball\u00e9 avec des mat\u00e9riaux souples \u00e0 l\u2019int\u00e9rieur et emball\u00e9 sous vide, et emball\u00e9 dans des cartons\/bo\u00eetes en bois \u00e0 l\u2019ext\u00e9rieur. Les cibles de pulv\u00e9risation \u00e0 l\u2019oxyde de calcium doivent \u00eatre stock\u00e9es dans un environnement sec, scell\u00e9 et \u00e0 temp\u00e9rature constante pour \u00e9viter l\u2019humidit\u00e9 et la contamination afin de garantir ses excellentes performances et stabilit\u00e9 du film.<\/p>\n","protected":false},"excerpt":{"rendered":"<p>La cible de pulv\u00e9risation d\u2019oxyde de calcium (CaO) est une cible c\u00e9ramique couramment utilis\u00e9e, principalement utilis\u00e9e dans la pr\u00e9paration de films \u00e9lectroniques, optiques et fonctionnels. VIMATERIAL fournit \u00e9galement des poudres d\u2019oxyde de calcium et des granul\u00e9s d\u2019oxyde de calcium. Si vous avez des besoins, n\u2019h\u00e9sitez pas \u00e0 nous contacter. Propri\u00e9t\u00e9s Formule chimique&nbsp;:CaO Masse molaire&nbsp;:56.0774 g\/mol [&hellip;]<\/p>\n","protected":false},"featured_media":1030017,"comment_status":"open","ping_status":"closed","template":"","meta":{"_acf_changed":false},"product_brand":[],"product_cat":[235],"product_tag":[],"class_list":{"0":"post-1012218","1":"product","2":"type-product","3":"status-publish","4":"has-post-thumbnail","6":"product_cat-cibles-de-pulverisation-planaire","8":"first","9":"instock","10":"shipping-taxable","11":"product-type-variable"},"acf":[],"_links":{"self":[{"href":"https:\/\/vimaterial.de\/fr\/wp-json\/wp\/v2\/product\/1012218","targetHints":{"allow":["GET"]}}],"collection":[{"href":"https:\/\/vimaterial.de\/fr\/wp-json\/wp\/v2\/product"}],"about":[{"href":"https:\/\/vimaterial.de\/fr\/wp-json\/wp\/v2\/types\/product"}],"replies":[{"embeddable":true,"href":"https:\/\/vimaterial.de\/fr\/wp-json\/wp\/v2\/comments?post=1012218"}],"wp:featuredmedia":[{"embeddable":true,"href":"https:\/\/vimaterial.de\/fr\/wp-json\/wp\/v2\/media\/1030017"}],"wp:attachment":[{"href":"https:\/\/vimaterial.de\/fr\/wp-json\/wp\/v2\/media?parent=1012218"}],"wp:term":[{"taxonomy":"product_brand","embeddable":true,"href":"https:\/\/vimaterial.de\/fr\/wp-json\/wp\/v2\/product_brand?post=1012218"},{"taxonomy":"product_cat","embeddable":true,"href":"https:\/\/vimaterial.de\/fr\/wp-json\/wp\/v2\/product_cat?post=1012218"},{"taxonomy":"product_tag","embeddable":true,"href":"https:\/\/vimaterial.de\/fr\/wp-json\/wp\/v2\/product_tag?post=1012218"}],"curies":[{"name":"wp","href":"https:\/\/api.w.org\/{rel}","templated":true}]}}