{"id":1012176,"date":"2024-06-17T14:18:55","date_gmt":"2024-06-17T06:18:55","guid":{"rendered":"https:\/\/vimaterial.de\/product\/seleniure-de-calcium\/"},"modified":"2024-12-30T14:32:35","modified_gmt":"2024-12-30T06:32:35","slug":"seleniure-de-calcium","status":"publish","type":"product","link":"https:\/\/vimaterial.de\/fr\/product\/seleniure-de-calcium\/","title":{"rendered":"S\u00e9l\u00e9niure de calcium"},"content":{"rendered":"<p>Le s\u00e9l\u00e9niure de calcium (CaSe) est un compos\u00e9 chimique compos\u00e9 des \u00e9l\u00e9ments calcium et s\u00e9l\u00e9nium dans un rapport st\u0153chiom\u00e9trique \u00e9gal. Il s\u2019agit d\u2019un mat\u00e9riau semi-conducteur II-VI, qui est largement utilis\u00e9 dans le domaine de l\u2019opto\u00e9lectronique en raison de ses propri\u00e9t\u00e9s optiques et \u00e9lectriques uniques. VIMATERIAL fournit divers s\u00e9l\u00e9niures, tels que le s\u00e9l\u00e9niure de molybd\u00e8ne (MoSe2), le s\u00e9l\u00e9niure d\u2019hafnium (HfSe2), le s\u00e9l\u00e9niure de zirconium (ZrSe2), etc. Si vous \u00eates int\u00e9ress\u00e9, n\u2019h\u00e9sitez pas \u00e0 nous contacter. <\/p>\n<h2><span style=\"font-size: 14pt;\">Propri\u00e9t\u00e9s<\/span><\/h2>\n<p>Formule chimique&nbsp;:CaSe Masse molaire&nbsp;:119.038 g\/mol Densit\u00e9&nbsp;: 4.42 g\/cm3 Point de fusion&nbsp;: 2000\u00baC Apparence&nbsp;: Solide brun rouge\u00e2tre Solubilit\u00e9&nbsp;: Insoluble dans l\u2019eau, facilement affect\u00e9 par l\u2019humidit\u00e9 et l\u2019oxyg\u00e8ne de l\u2019air.<\/p>\n<h2><span style=\"font-size: 14pt;\">Application<\/span><\/h2>\n<p>Optique infrarouge : Le s\u00e9l\u00e9niure de calcium (CaSe) est utilis\u00e9 comme mat\u00e9riau optique dans la fabrication de fen\u00eatres et de lentilles infrarouges. Appareils \u00e9lectroniques : Le s\u00e9l\u00e9niure de calcium (CaSe) est utilis\u00e9 dans les dispositifs \u00e0 semi-conducteurs tels que les diodes \u00e9lectroluminescentes (LED) et les d\u00e9tecteurs. Recherche sur les mat\u00e9riaux : Le s\u00e9l\u00e9niure de calcium (CaSe) est utilis\u00e9 comme compos\u00e9 interm\u00e9diaire de recherche pour explorer de nouveaux mat\u00e9riaux fonctionnels.<\/p>\n<h2><span style=\"font-size: 14pt;\">Contr\u00f4le qualit\u00e9<\/span><\/h2>\n<p>Nos produits mettent en \u0153uvre le syst\u00e8me de gestion de la qualit\u00e9 le plus strict. Il existe des normes d\u2019inspection strictes pour les mat\u00e9riaux entrants, les processus, les inspections finales et les inspections d\u2019usine. Des mesures d\u2019isolement strictes seront adopt\u00e9es pour le traitement non qualifi\u00e9 afin d\u2019\u00e9viter que les produits non qualifi\u00e9s ne passent au processus suivant. Des \u00e9chantillons seront fournis aux clients selon les exigences du client pour la r\u00e9inspection.   <\/p>\n<h2><span style=\"font-size: 14pt;\">Emballage et stockage<\/span><\/h2>\n<p>Emballage sous vide, la quantit\u00e9 d\u2019emballage peut \u00eatre fournie selon les exigences du client et emball\u00e9e s\u00e9par\u00e9ment. Le s\u00e9l\u00e9niure de calcium (CaSe) doit \u00eatre scell\u00e9 et stock\u00e9 dans un environnement de protection contre les gaz secs et inertes (tels que l\u2019azote ou l\u2019argon), en \u00e9vitant le contact avec l\u2019air, l\u2019humidit\u00e9 et les oxydants forts pour \u00e9viter la d\u00e9composition ou la d\u00e9gradation des performances. La temp\u00e9rature de stockage doit \u00eatre contr\u00f4l\u00e9e \u00e0 temp\u00e9rature ambiante, en \u00e9vitant la lumi\u00e8re directe du soleil et les environnements \u00e0 haute temp\u00e9rature.<\/p>\n","protected":false},"excerpt":{"rendered":"<p>Le s\u00e9l\u00e9niure de calcium (CaSe) est un compos\u00e9 chimique compos\u00e9 des \u00e9l\u00e9ments calcium et s\u00e9l\u00e9nium dans un rapport st\u0153chiom\u00e9trique \u00e9gal. Il s\u2019agit d\u2019un mat\u00e9riau semi-conducteur II-VI, qui est largement utilis\u00e9 dans le domaine de l\u2019opto\u00e9lectronique en raison de ses propri\u00e9t\u00e9s optiques et \u00e9lectriques uniques. VIMATERIAL fournit divers s\u00e9l\u00e9niures, tels que le s\u00e9l\u00e9niure de molybd\u00e8ne (MoSe2), [&hellip;]<\/p>\n","protected":false},"featured_media":1030027,"comment_status":"open","ping_status":"closed","template":"","meta":{"_acf_changed":false},"product_brand":[],"product_cat":[238],"product_tag":[],"class_list":{"0":"post-1012176","1":"product","2":"type-product","3":"status-publish","4":"has-post-thumbnail","6":"product_cat-materiaux-de-chalcogenure","8":"first","9":"instock","10":"shipping-taxable","11":"product-type-variable"},"acf":[],"_links":{"self":[{"href":"https:\/\/vimaterial.de\/fr\/wp-json\/wp\/v2\/product\/1012176","targetHints":{"allow":["GET"]}}],"collection":[{"href":"https:\/\/vimaterial.de\/fr\/wp-json\/wp\/v2\/product"}],"about":[{"href":"https:\/\/vimaterial.de\/fr\/wp-json\/wp\/v2\/types\/product"}],"replies":[{"embeddable":true,"href":"https:\/\/vimaterial.de\/fr\/wp-json\/wp\/v2\/comments?post=1012176"}],"wp:featuredmedia":[{"embeddable":true,"href":"https:\/\/vimaterial.de\/fr\/wp-json\/wp\/v2\/media\/1030027"}],"wp:attachment":[{"href":"https:\/\/vimaterial.de\/fr\/wp-json\/wp\/v2\/media?parent=1012176"}],"wp:term":[{"taxonomy":"product_brand","embeddable":true,"href":"https:\/\/vimaterial.de\/fr\/wp-json\/wp\/v2\/product_brand?post=1012176"},{"taxonomy":"product_cat","embeddable":true,"href":"https:\/\/vimaterial.de\/fr\/wp-json\/wp\/v2\/product_cat?post=1012176"},{"taxonomy":"product_tag","embeddable":true,"href":"https:\/\/vimaterial.de\/fr\/wp-json\/wp\/v2\/product_tag?post=1012176"}],"curies":[{"name":"wp","href":"https:\/\/api.w.org\/{rel}","templated":true}]}}