{"id":1012170,"date":"2024-06-17T14:18:55","date_gmt":"2024-06-17T06:18:55","guid":{"rendered":"https:\/\/vimaterial.de\/product\/silicate-de-calcium-2\/"},"modified":"2024-12-30T11:29:19","modified_gmt":"2024-12-30T03:29:19","slug":"silicate-de-calcium-2","status":"publish","type":"product","link":"https:\/\/vimaterial.de\/fr\/product\/silicate-de-calcium-2\/","title":{"rendered":"Silicate de calcium"},"content":{"rendered":"<p>Le silicate de calcium est une substance inorganique de formule chimique CaSiO3. Il s\u2019agit principalement de cristaux en forme d\u2019aiguille et de poudre blanche. VIMATERIAL fournit \u00e9galement des cibles de silicate de calcium. Si vous avez des besoins, n\u2019h\u00e9sitez pas \u00e0 nous contacter. <\/p>\n<h2><span style=\"font-size: 14pt;\">Propri\u00e9t\u00e9s<\/span><\/h2>\n<p>Formule chimique&nbsp;:CaSiO3 Masse molaire&nbsp;:172.239 g\/mol Densit\u00e9&nbsp;:2.9 g\/cm3 Point de fusion&nbsp;:1540\u00baC Apparence Poudre blanche. Inodore. Solubilit\u00e9 Insoluble dans l\u2019eau.<\/p>\n<h2><span style=\"font-size: 14pt;\">Caract\u00e9ristiques du silicate de calcium<\/span><\/h2>\n<p>1. Haute r\u00e9sistance&nbsp;: Lorsque la densit\u00e9 apparente est similaire, c\u2019est le mat\u00e9riau isolant le plus r\u00e9sistant parmi les mat\u00e9riaux d\u2019isolation durs inorganiques. 2. R\u00e9sistance \u00e0 la chaleur&nbsp;: Aucune d\u00e9formation dans la plage de temp\u00e9rature d\u2019utilisation. 3 Isolation thermique&nbsp;: La conductivit\u00e9 thermique est inf\u00e9rieure \u00e0 celle des autres mat\u00e9riaux d\u2019isolation en blocs durs. 4. Ignifuge pour les produits sans amiante 5 Antibact\u00e9rien, r\u00e9sistant \u00e0 la moisissure, r\u00e9sistant au vieillissement et \u00e0 la corrosion pour assurer un environnement sain<\/p>\n<h2><span style=\"font-size: 14pt;\">Application<\/span><\/h2>\n<p>1. Domaine de la construction&nbsp;: Le panneau de silicate de calcium est un mat\u00e9riau de construction courant. Il a les caract\u00e9ristiques d\u2019un poids l\u00e9ger, d\u2019une r\u00e9sistance \u00e9lev\u00e9e et d\u2019une bonne r\u00e9sistance au feu, il est donc largement utilis\u00e9 dans les cloisons et les plafonds des immeubles de grande hauteur, des b\u00e2timents r\u00e9sidentiels, des immeubles de bureaux et d\u2019autres b\u00e2timents. 2. Domaine de la c\u00e9ramique&nbsp;: Il peut \u00eatre utilis\u00e9 comme l\u2019une des mati\u00e8res premi\u00e8res pour les mat\u00e9riaux c\u00e9ramiques. Il a les caract\u00e9ristiques d\u2019une bonne stabilit\u00e9 \u00e0 haute temp\u00e9rature et d\u2019une faible temp\u00e9rature de frittage, il est donc largement utilis\u00e9 dans la production de produits c\u00e9ramiques. De plus, le silicate de calcium peut \u00e9galement \u00eatre utilis\u00e9 pour le rev\u00eatement de surface des produits c\u00e9ramiques afin d\u2019am\u00e9liorer leur r\u00e9sistance \u00e0 la corrosion et \u00e0 l\u2019usure. 3. Champ de verre&nbsp;: Le silicate de calcium peut \u00eatre utilis\u00e9 comme l\u2019une des mati\u00e8res premi\u00e8res pour le verre. Il a les caract\u00e9ristiques d\u2019une bonne stabilit\u00e9 \u00e0 haute temp\u00e9rature et d\u2019un point de fusion \u00e9lev\u00e9, il est donc largement utilis\u00e9 dans la production de produits en verre. De plus, le silicate de calcium peut \u00e9galement \u00eatre utilis\u00e9 pour le rev\u00eatement de surface des produits en verre afin d\u2019am\u00e9liorer leur r\u00e9sistance \u00e0 la corrosion et \u00e0 l\u2019usure. 4. Domaine chimique&nbsp;: CaSiO3 peut \u00eatre utilis\u00e9 comme catalyseur, dessiccant, etc. Il a les caract\u00e9ristiques de propri\u00e9t\u00e9s chimiques stables et n\u2019est pas facile \u00e0 r\u00e9agir avec l\u2019eau, il est donc largement utilis\u00e9 dans la production chimique. De plus, le silicate de calcium peut \u00e9galement \u00eatre utilis\u00e9 pour pr\u00e9parer divers compos\u00e9s organiques et inorganiques. <\/p>\n<h2><span style=\"font-size: 14pt;\">Contr\u00f4le qualit\u00e9<\/span><\/h2>\n<p>Nos produits mettent en \u0153uvre le syst\u00e8me de gestion de la qualit\u00e9 le plus strict. Il existe des normes d\u2019inspection strictes pour les mat\u00e9riaux entrants, les processus, les inspections finales et les inspections d\u2019usine. Des mesures d\u2019isolement strictes seront adopt\u00e9es pour le traitement non qualifi\u00e9 afin d\u2019\u00e9viter que les produits non qualifi\u00e9s ne passent au processus suivant. Des \u00e9chantillons seront fournis aux clients selon les exigences du client pour la r\u00e9inspection.   <\/p>\n<h2><span style=\"font-size: 14pt;\">Emballage et stockage<\/span><\/h2>\n<p>Emballage sous vide, la quantit\u00e9 d\u2019emballage peut \u00eatre fournie selon les exigences du client et emball\u00e9e s\u00e9par\u00e9ment. La meilleure temp\u00e9rature de stockage du silicate de calcium est de 20\u00b0C \u00e0 25\u00b0C.  \u00c9vitez les temp\u00e9ratures \u00e9lev\u00e9es et l\u2019humidit\u00e9. Dans le m\u00eame temps, faites attention \u00e0 l\u2019influence de la lumi\u00e8re, de l\u2019oxyg\u00e8ne, de l\u2019acide et de l\u2019alcali. Lors du stockage, assurez-vous que le silicate de calcium est scell\u00e9 et plac\u00e9 dans un environnement sec et bien ventil\u00e9, \u00e0 l\u2019abri des substances acides et des substances organiques. De plus, les panneaux de silicate de calcium doivent \u00eatre stock\u00e9s dans des entrep\u00f4ts int\u00e9rieurs, \u00e9viter la lumi\u00e8re directe du soleil et l\u2019humidit\u00e9, et \u00e9viter les collisions et les d\u00e9formations pendant le transport.<\/p>\n","protected":false},"excerpt":{"rendered":"<p>Le silicate de calcium est une substance inorganique de formule chimique CaSiO3. Il s\u2019agit principalement de cristaux en forme d\u2019aiguille et de poudre blanche. VIMATERIAL fournit \u00e9galement des cibles de silicate de calcium. Si vous avez des besoins, n\u2019h\u00e9sitez pas \u00e0 nous contacter. Propri\u00e9t\u00e9s Formule chimique&nbsp;:CaSiO3 Masse molaire&nbsp;:172.239 g\/mol Densit\u00e9&nbsp;:2.9 g\/cm3 Point de fusion&nbsp;:1540\u00baC Apparence [&hellip;]<\/p>\n","protected":false},"featured_media":1030037,"comment_status":"open","ping_status":"closed","template":"","meta":{"_acf_changed":false},"product_brand":[],"product_cat":[244],"product_tag":[],"class_list":{"0":"post-1012170","1":"product","2":"type-product","3":"status-publish","4":"has-post-thumbnail","6":"product_cat-autres-materiaux","8":"first","9":"instock","10":"shipping-taxable","11":"product-type-variable"},"acf":[],"_links":{"self":[{"href":"https:\/\/vimaterial.de\/fr\/wp-json\/wp\/v2\/product\/1012170","targetHints":{"allow":["GET"]}}],"collection":[{"href":"https:\/\/vimaterial.de\/fr\/wp-json\/wp\/v2\/product"}],"about":[{"href":"https:\/\/vimaterial.de\/fr\/wp-json\/wp\/v2\/types\/product"}],"replies":[{"embeddable":true,"href":"https:\/\/vimaterial.de\/fr\/wp-json\/wp\/v2\/comments?post=1012170"}],"wp:featuredmedia":[{"embeddable":true,"href":"https:\/\/vimaterial.de\/fr\/wp-json\/wp\/v2\/media\/1030037"}],"wp:attachment":[{"href":"https:\/\/vimaterial.de\/fr\/wp-json\/wp\/v2\/media?parent=1012170"}],"wp:term":[{"taxonomy":"product_brand","embeddable":true,"href":"https:\/\/vimaterial.de\/fr\/wp-json\/wp\/v2\/product_brand?post=1012170"},{"taxonomy":"product_cat","embeddable":true,"href":"https:\/\/vimaterial.de\/fr\/wp-json\/wp\/v2\/product_cat?post=1012170"},{"taxonomy":"product_tag","embeddable":true,"href":"https:\/\/vimaterial.de\/fr\/wp-json\/wp\/v2\/product_tag?post=1012170"}],"curies":[{"name":"wp","href":"https:\/\/api.w.org\/{rel}","templated":true}]}}