{"id":1012164,"date":"2024-06-17T14:18:55","date_gmt":"2024-06-17T06:18:55","guid":{"rendered":"https:\/\/vimaterial.de\/product\/siliciure-de-calcium\/"},"modified":"2024-12-30T14:12:38","modified_gmt":"2024-12-30T06:12:38","slug":"siliciure-de-calcium","status":"publish","type":"product","link":"https:\/\/vimaterial.de\/fr\/product\/siliciure-de-calcium\/","title":{"rendered":"Siliciure de calcium"},"content":{"rendered":"<p>Le siliciure de calcium est un compos\u00e9 inorganique de formule chimique CaSi2, qui appartient au siliciure m\u00e9tallique. VIMATERIAL fournit divers siliciures, tels que le siliciure de molybd\u00e8ne (MoSi2), le siliciure d\u2019hafnium (HfSi2), le siliciure de zirconium (ZrSi2), etc. Si vous \u00eates int\u00e9ress\u00e9, n\u2019h\u00e9sitez pas \u00e0 nous contacter.<\/p>\n<h2><span style=\"font-size: 14pt;\">Propri\u00e9t\u00e9s<\/span><\/h2>\n<p>Formule chimique : CaSi2 Masse molaire : 96,249 g\/mol Densit\u00e9 : 2,5 g\/cm3 Point de fusion : 1020\u00baC Aspect : cristaux hexagonaux gris clair en forme de plaque avec \u00e9clat m\u00e9tallique Solubilit\u00e9 : insoluble dans l\u2019eau, soluble dans l\u2019acide et l\u2019alcali. Stabilit\u00e9 et r\u00e9activit\u00e9 : Mat\u00e9riaux interdits : acides, eau, fluor. Conditions pour \u00e9viter le contact : contact avec de l\u2019air humide.<\/p>\n<h2><span style=\"font-size: 14pt;\">Application<\/span><\/h2>\n<p>Le siliciure de calcium est principalement utilis\u00e9 comme agent r\u00e9ducteur dans la fusion des m\u00e9taux et la production d\u2019alliages. Il peut \u00e9galement \u00eatre utilis\u00e9 pour pr\u00e9parer divers siliciures, alliages bismuth-plomb et autres compos\u00e9s. Il a \u00e9galement certaines applications dans le carburant des moteurs de fus\u00e9e.  <\/p>\n<h2><span style=\"font-size: 14pt;\">Contr\u00f4le qualit\u00e9<\/span><\/h2>\n<p>Nos produits mettent en \u0153uvre le syst\u00e8me de gestion de la qualit\u00e9 le plus strict. Il existe des normes d\u2019inspection strictes pour les mat\u00e9riaux entrants, les processus, les inspections finales et les inspections d\u2019usine. Des mesures d\u2019isolement strictes seront adopt\u00e9es pour le traitement non qualifi\u00e9 afin d\u2019\u00e9viter que les produits non qualifi\u00e9s ne passent au processus suivant. Des \u00e9chantillons seront fournis aux clients selon les exigences du client pour la r\u00e9inspection.   <\/p>\n<h2><span style=\"font-size: 14pt;\">Emballage et stockage<\/span><\/h2>\n<p>Emballage sous vide, la quantit\u00e9 d\u2019emballage peut \u00eatre fournie selon les exigences du client et emball\u00e9e s\u00e9par\u00e9ment. Le siliciure de calcium doit \u00eatre stock\u00e9 dans un endroit sec et ventil\u00e9, \u00e0 l\u2019abri du feu et des sources de chaleur pour \u00e9viter les accidents. Ce produit doit \u00eatre scell\u00e9 et stock\u00e9 dans un environnement sec et frais. Il ne doit pas \u00eatre expos\u00e9 \u00e0 l\u2019air pendant une longue p\u00e9riode pour \u00e9viter l\u2019humidit\u00e9 de l\u2019agglom\u00e9ration, ce qui affectera les performances de dispersion et l\u2019effet d\u2019utilisation. De plus, le siliciure de calcium doit \u00e9viter une forte pression et le contact avec des oxydants. Il doit \u00eatre transport\u00e9 comme une marchandise ordinaire.<\/p>\n","protected":false},"excerpt":{"rendered":"<p>Le siliciure de calcium est un compos\u00e9 inorganique de formule chimique CaSi2, qui appartient au siliciure m\u00e9tallique. VIMATERIAL fournit divers siliciures, tels que le siliciure de molybd\u00e8ne (MoSi2), le siliciure d\u2019hafnium (HfSi2), le siliciure de zirconium (ZrSi2), etc. Si vous \u00eates int\u00e9ress\u00e9, n\u2019h\u00e9sitez pas \u00e0 nous contacter. Propri\u00e9t\u00e9s Formule chimique : CaSi2 Masse molaire : [&hellip;]<\/p>\n","protected":false},"featured_media":1030032,"comment_status":"open","ping_status":"closed","template":"","meta":{"_acf_changed":false},"product_brand":[],"product_cat":[240],"product_tag":[],"class_list":{"0":"post-1012164","1":"product","2":"type-product","3":"status-publish","4":"has-post-thumbnail","6":"product_cat-materiaux-c-n-b-si","8":"first","9":"instock","10":"shipping-taxable","11":"product-type-variable"},"acf":[],"_links":{"self":[{"href":"https:\/\/vimaterial.de\/fr\/wp-json\/wp\/v2\/product\/1012164","targetHints":{"allow":["GET"]}}],"collection":[{"href":"https:\/\/vimaterial.de\/fr\/wp-json\/wp\/v2\/product"}],"about":[{"href":"https:\/\/vimaterial.de\/fr\/wp-json\/wp\/v2\/types\/product"}],"replies":[{"embeddable":true,"href":"https:\/\/vimaterial.de\/fr\/wp-json\/wp\/v2\/comments?post=1012164"}],"wp:featuredmedia":[{"embeddable":true,"href":"https:\/\/vimaterial.de\/fr\/wp-json\/wp\/v2\/media\/1030032"}],"wp:attachment":[{"href":"https:\/\/vimaterial.de\/fr\/wp-json\/wp\/v2\/media?parent=1012164"}],"wp:term":[{"taxonomy":"product_brand","embeddable":true,"href":"https:\/\/vimaterial.de\/fr\/wp-json\/wp\/v2\/product_brand?post=1012164"},{"taxonomy":"product_cat","embeddable":true,"href":"https:\/\/vimaterial.de\/fr\/wp-json\/wp\/v2\/product_cat?post=1012164"},{"taxonomy":"product_tag","embeddable":true,"href":"https:\/\/vimaterial.de\/fr\/wp-json\/wp\/v2\/product_tag?post=1012164"}],"curies":[{"name":"wp","href":"https:\/\/api.w.org\/{rel}","templated":true}]}}