{"id":1012153,"date":"2024-06-17T14:18:55","date_gmt":"2024-06-17T06:18:55","guid":{"rendered":"https:\/\/vimaterial.de\/product\/silicate-de-calcium\/"},"modified":"2024-12-30T13:46:13","modified_gmt":"2024-12-30T05:46:13","slug":"silicate-de-calcium","status":"publish","type":"product","link":"https:\/\/vimaterial.de\/fr\/product\/silicate-de-calcium\/","title":{"rendered":"Silicate de calcium"},"content":{"rendered":"<p>La cible de pulv\u00e9risation cathodique de silicate de calcium est un mat\u00e9riau cible couramment utilis\u00e9 dans le processus de rev\u00eatement de pulv\u00e9risation, principalement utilis\u00e9 pour fabriquer des mat\u00e9riaux ou des rev\u00eatements \u00e0 couche mince. VIMATERIAL fournit \u00e9galement de la poudre de silicate de calcium. Si vous avez des besoins, n\u2019h\u00e9sitez pas \u00e0 nous contacter.<\/p>\n<h2><span style=\"font-size: 14pt;\">Propri\u00e9t\u00e9s<\/span><\/h2>\n<p>Formule chimique&nbsp;:CaSiO3 Masse molaire&nbsp;:172.239 g\/mol Densit\u00e9&nbsp;:2.9 g\/cm3 Point de fusion&nbsp;:1540\u00baC Apparence Poudre blanche. Inodore. Solubilit\u00e9 Insoluble dans l\u2019eau.<\/p>\n<h2><span style=\"font-size: 14pt;\">Caract\u00e9ristiques du silicate de calcium<\/span><\/h2>\n<p>1. Haute r\u00e9sistance&nbsp;: Lorsque la densit\u00e9 apparente est similaire, c\u2019est le mat\u00e9riau isolant le plus r\u00e9sistant parmi les mat\u00e9riaux d\u2019isolation durs inorganiques. 2. R\u00e9sistance \u00e0 la chaleur&nbsp;: Aucune d\u00e9formation dans la plage de temp\u00e9rature d\u2019utilisation. 3 Isolation thermique&nbsp;: La conductivit\u00e9 thermique est inf\u00e9rieure \u00e0 celle des autres mat\u00e9riaux d\u2019isolation en blocs durs. 4. Ignifuge pour les produits sans amiante 5 Antibact\u00e9rien, r\u00e9sistant \u00e0 la moisissure, r\u00e9sistant au vieillissement et \u00e0 la corrosion pour assurer un environnement sain<\/p>\n<h2><span style=\"font-size: 14pt;\">Application<\/span><\/h2>\n<p>Industrie \u00e9lectronique : La cible de pulv\u00e9risation cathodique de silicate de calcium est utilis\u00e9e pour produire des films conducteurs, des couches isolantes ou des rev\u00eatements fonctionnels. Applications optiques : La cible de pulv\u00e9risation cathodique de silicate de calcium peut \u00eatre utilis\u00e9e comme films antireflets ou couches de r\u00e9glage optique. Mat\u00e9riaux de construction&nbsp;: La cible de pulv\u00e9risation cathodique de silicate de calcium est utilis\u00e9e pour am\u00e9liorer la durabilit\u00e9 et l\u2019esth\u00e9tique de la surface du mat\u00e9riau. Rev\u00eatements d\u00e9coratifs : La cible de pulv\u00e9risation de silicate de calcium fournit une protection et des fonctions d\u00e9coratives pour des substrats tels que le verre et la c\u00e9ramique.<\/p>\n<h2><span style=\"font-size: 14pt;\">Contr\u00f4le qualit\u00e9<\/span><\/h2>\n<p>Nos produits mettent en \u0153uvre le syst\u00e8me de gestion de la qualit\u00e9 le plus strict. Il existe des normes d\u2019inspection strictes pour les mat\u00e9riaux entrants, les processus, les inspections finales et les inspections d\u2019usine. Des mesures d\u2019isolement strictes seront adopt\u00e9es pour le traitement non qualifi\u00e9 afin d\u2019\u00e9viter que les produits non qualifi\u00e9s ne passent au processus suivant. Des \u00e9chantillons seront fournis aux clients selon les exigences du client pour la r\u00e9inspection.   <\/p>\n<h2><span style=\"font-size: 14pt;\">Emballage et stockage<\/span><\/h2>\n<p>Emball\u00e9 avec des mat\u00e9riaux doux et emball\u00e9 sous vide \u00e0 l\u2019int\u00e9rieur, emball\u00e9 dans une bo\u00eete \/ carton en bois \u00e0 l\u2019ext\u00e9rieur. Les cibles de pulv\u00e9risation cathodique de silicate de calcium doivent \u00eatre stock\u00e9es dans un environnement sec, frais et bien ventil\u00e9 pour \u00e9viter l\u2019humidit\u00e9 et l\u2019exposition \u00e0 des temp\u00e9ratures \u00e9lev\u00e9es. Il est recommand\u00e9 d\u2019utiliser un emballage r\u00e9sistant \u00e0 l\u2019humidit\u00e9 pour sceller pendant le stockage afin d\u2019\u00e9viter l\u2019absorption d\u2019humidit\u00e9 ou la contamination. Tenir \u00e0 l\u2019\u00e9cart des gaz acides, alcalins ou corrosifs pour assurer la stabilit\u00e9 \u00e0 long terme des performances du mat\u00e9riau.<\/p>\n","protected":false},"excerpt":{"rendered":"<p>La cible de pulv\u00e9risation cathodique de silicate de calcium est un mat\u00e9riau cible couramment utilis\u00e9 dans le processus de rev\u00eatement de pulv\u00e9risation, principalement utilis\u00e9 pour fabriquer des mat\u00e9riaux ou des rev\u00eatements \u00e0 couche mince. VIMATERIAL fournit \u00e9galement de la poudre de silicate de calcium. Si vous avez des besoins, n\u2019h\u00e9sitez pas \u00e0 nous contacter. Propri\u00e9t\u00e9s [&hellip;]<\/p>\n","protected":false},"featured_media":1040804,"comment_status":"open","ping_status":"closed","template":"","meta":{"_acf_changed":false},"product_brand":[],"product_cat":[235],"product_tag":[],"class_list":{"0":"post-1012153","1":"product","2":"type-product","3":"status-publish","4":"has-post-thumbnail","6":"product_cat-cibles-de-pulverisation-planaire","8":"first","9":"instock","10":"shipping-taxable","11":"product-type-variable"},"acf":[],"_links":{"self":[{"href":"https:\/\/vimaterial.de\/fr\/wp-json\/wp\/v2\/product\/1012153","targetHints":{"allow":["GET"]}}],"collection":[{"href":"https:\/\/vimaterial.de\/fr\/wp-json\/wp\/v2\/product"}],"about":[{"href":"https:\/\/vimaterial.de\/fr\/wp-json\/wp\/v2\/types\/product"}],"replies":[{"embeddable":true,"href":"https:\/\/vimaterial.de\/fr\/wp-json\/wp\/v2\/comments?post=1012153"}],"wp:featuredmedia":[{"embeddable":true,"href":"https:\/\/vimaterial.de\/fr\/wp-json\/wp\/v2\/media\/1040804"}],"wp:attachment":[{"href":"https:\/\/vimaterial.de\/fr\/wp-json\/wp\/v2\/media?parent=1012153"}],"wp:term":[{"taxonomy":"product_brand","embeddable":true,"href":"https:\/\/vimaterial.de\/fr\/wp-json\/wp\/v2\/product_brand?post=1012153"},{"taxonomy":"product_cat","embeddable":true,"href":"https:\/\/vimaterial.de\/fr\/wp-json\/wp\/v2\/product_cat?post=1012153"},{"taxonomy":"product_tag","embeddable":true,"href":"https:\/\/vimaterial.de\/fr\/wp-json\/wp\/v2\/product_tag?post=1012153"}],"curies":[{"name":"wp","href":"https:\/\/api.w.org\/{rel}","templated":true}]}}