{"id":1012141,"date":"2024-06-17T14:18:55","date_gmt":"2024-06-17T06:18:55","guid":{"rendered":"https:\/\/vimaterial.de\/product\/titanate-de-calcium-3\/"},"modified":"2024-12-27T17:22:47","modified_gmt":"2024-12-27T09:22:47","slug":"titanate-de-calcium-3","status":"publish","type":"product","link":"https:\/\/vimaterial.de\/fr\/product\/titanate-de-calcium-3\/","title":{"rendered":"Calcium Titanate"},"content":{"rendered":"<p>Le titanate de calcium, de formule chimique CaTiO3, est un mat\u00e9riau di\u00e9lectrique inorganique dot\u00e9 d\u2019excellentes propri\u00e9t\u00e9s di\u00e9lectriques, thermiques, m\u00e9caniques et optiques. VIMATERIAL fournit \u00e9galement d\u2019autres mat\u00e9riaux de structure de p\u00e9rovskite, tels que le titanate de strontium (SrTiO3), le titanate de baryum (BaTiO3), etc. Si vous avez des besoins, n\u2019h\u00e9sitez pas \u00e0 nous contacter.<\/p>\n<h2><span style=\"font-size: 14pt;\">Propri\u00e9t\u00e9s<\/span><\/h2>\n<p>Formule chimique :CaTiO3 Masse molaire :135,943 g\/mol Densit\u00e9 :4,1 g\/cm3 Point de fusion :1 980 \u00b0C Solubilit\u00e9 : difficile \u00e0 dissoudre dans l\u2019eau, mais soluble dans des solutions organiques et inorganiques sp\u00e9cifiques<\/p>\n<h2><span style=\"font-size: 14pt;\">Structure du titanate de calcium<\/span><\/h2>\n<p>Le titanate de calcium (CaTiO3) est un syst\u00e8me \u00e0 cristaux cubiques. Sa structure peut \u00eatre consid\u00e9r\u00e9e comme un petit Ti4+ au sommet de la cellule unitaire cubique, un grand Ca2+ au centre de la cellule unitaire et un O2- au centre du bord de la cellule unitaire. Chaque Ti4+ a 6 sites de coordination O2- autour de lui, formant un octa\u00e8dre r\u00e9gulier, et chaque Ca2+ a 12 sites de coordination O2- autour de lui, formant un octa\u00e8dre cubique (type A). L\u2019octa\u00e8dre cubique se compose de 24 ar\u00eates, 12 sommets et 14 faces, dont 14 faces sont six carr\u00e9s et huit triangles r\u00e9guliers.   <\/p>\n<h2><span style=\"font-size: 14pt;\">Application<\/span><\/h2>\n<p>1. Utilis\u00e9 pour fabriquer des composants \u00e9lectroniques de pr\u00e9cision tels que des condensateurs c\u00e9ramiques moyenne et haute tension et des thermistances PTC. Le titanate de calcium pur est difficile \u00e0 fritter en c\u00e9ramique, et 1 \u00e0 2 % de dioxyde de zirconium peut \u00eatre ajout\u00e9. 2. Utilis\u00e9 comme poudre de mati\u00e8re premi\u00e8re dans l\u2019industrie de la c\u00e9ramique \u00e9lectronique, comme la production de mat\u00e9riaux di\u00e9lectriques. Utilis\u00e9 pour fabriquer des composants conducteurs de base pour les instruments monocristallins et haute fr\u00e9quence. <\/p>\n<h2><span style=\"font-size: 14pt;\">Contr\u00f4le qualit\u00e9<\/span><\/h2>\n<p>Nos produits mettent en \u0153uvre le syst\u00e8me de gestion de la qualit\u00e9 le plus strict. Il existe des normes d\u2019inspection strictes pour les mat\u00e9riaux entrants, les processus, les inspections finales et les inspections d\u2019usine. Des mesures d\u2019isolement strictes seront adopt\u00e9es pour le traitement non qualifi\u00e9 afin d\u2019\u00e9viter que les produits non qualifi\u00e9s ne passent au processus suivant. Des \u00e9chantillons seront fournis aux clients selon les exigences du client pour la r\u00e9inspection.   <\/p>\n<h2><span style=\"font-size: 14pt;\">Emballage et stockage<\/span><\/h2>\n<p>Emballage sous vide, la quantit\u00e9 d\u2019emballage peut \u00eatre fournie selon les exigences du client et emball\u00e9e s\u00e9par\u00e9ment. Le titanate de calcium doit \u00eatre stock\u00e9 dans un endroit frais et sec, \u00e0 l\u2019abri de la lumi\u00e8re directe du soleil.<\/p>\n","protected":false},"excerpt":{"rendered":"<p>Le titanate de calcium, de formule chimique CaTiO3, est un mat\u00e9riau di\u00e9lectrique inorganique dot\u00e9 d\u2019excellentes propri\u00e9t\u00e9s di\u00e9lectriques, thermiques, m\u00e9caniques et optiques. VIMATERIAL fournit \u00e9galement d\u2019autres mat\u00e9riaux de structure de p\u00e9rovskite, tels que le titanate de strontium (SrTiO3), le titanate de baryum (BaTiO3), etc. Si vous avez des besoins, n\u2019h\u00e9sitez pas \u00e0 nous contacter. Propri\u00e9t\u00e9s Formule [&hellip;]<\/p>\n","protected":false},"featured_media":1030042,"comment_status":"open","ping_status":"closed","template":"","meta":{"_acf_changed":false},"product_brand":[],"product_cat":[244],"product_tag":[],"class_list":{"0":"post-1012141","1":"product","2":"type-product","3":"status-publish","4":"has-post-thumbnail","6":"product_cat-autres-materiaux","8":"first","9":"instock","10":"shipping-taxable","11":"purchasable","12":"product-type-variable"},"acf":[],"_links":{"self":[{"href":"https:\/\/vimaterial.de\/fr\/wp-json\/wp\/v2\/product\/1012141","targetHints":{"allow":["GET"]}}],"collection":[{"href":"https:\/\/vimaterial.de\/fr\/wp-json\/wp\/v2\/product"}],"about":[{"href":"https:\/\/vimaterial.de\/fr\/wp-json\/wp\/v2\/types\/product"}],"replies":[{"embeddable":true,"href":"https:\/\/vimaterial.de\/fr\/wp-json\/wp\/v2\/comments?post=1012141"}],"wp:featuredmedia":[{"embeddable":true,"href":"https:\/\/vimaterial.de\/fr\/wp-json\/wp\/v2\/media\/1030042"}],"wp:attachment":[{"href":"https:\/\/vimaterial.de\/fr\/wp-json\/wp\/v2\/media?parent=1012141"}],"wp:term":[{"taxonomy":"product_brand","embeddable":true,"href":"https:\/\/vimaterial.de\/fr\/wp-json\/wp\/v2\/product_brand?post=1012141"},{"taxonomy":"product_cat","embeddable":true,"href":"https:\/\/vimaterial.de\/fr\/wp-json\/wp\/v2\/product_cat?post=1012141"},{"taxonomy":"product_tag","embeddable":true,"href":"https:\/\/vimaterial.de\/fr\/wp-json\/wp\/v2\/product_tag?post=1012141"}],"curies":[{"name":"wp","href":"https:\/\/api.w.org\/{rel}","templated":true}]}}