{"id":1012122,"date":"2024-06-17T14:32:57","date_gmt":"2024-06-17T06:32:57","guid":{"rendered":"https:\/\/vimaterial.de\/product\/chrome-metal-6\/"},"modified":"2025-04-17T15:30:41","modified_gmt":"2025-04-17T07:30:41","slug":"chrome-metal-6","status":"publish","type":"product","link":"https:\/\/vimaterial.de\/fr\/product\/chrome-metal-6\/","title":{"rendered":"Chrome m\u00e9tal"},"content":{"rendered":"<p><span style=\"color: #0000ff;\"><a style=\"color: #0000ff;\" href=\"https:\/\/vimaterial.de\/fr\/product\/chrome-metal-5\/\">Les pi\u00e8ces de chrome<\/a> <\/span>sont une sorte de mat\u00e9riau chrom\u00e9 gris argent\u00e9, brillant m\u00e9tallique, dur et cassant, avec un point de fusion \u00e9lev\u00e9, un point d\u2019\u00e9bullition \u00e9lev\u00e9, des caract\u00e9ristiques de densit\u00e9 \u00e9lev\u00e9es, une stabilit\u00e9 chimique, une r\u00e9sistance \u00e0 la corrosion, dans la production industrielle et la recherche scientifique et d\u2019autres domaines ont un large \u00e9ventail d\u2019applications.<\/p>\n<p>VIMATERIAL fournit des pi\u00e8ces en chrome. Les pi\u00e8ces en chrome fournies par notre soci\u00e9t\u00e9 pr\u00e9sentent les avantages d\u2019une puret\u00e9 extr\u00eamement \u00e9lev\u00e9e, d\u2019une sp\u00e9cification de taille pr\u00e9cise, d\u2019une excellente qualit\u00e9 de surface, d\u2019une r\u00e9sistance exceptionnelle \u00e0 la corrosion et d\u2019un bon \u00e9quilibre entre duret\u00e9 et t\u00e9nacit\u00e9. Nous sommes un fournisseur professionnel de mati\u00e8res premi\u00e8res chimiques inorganiques, veuillez <span style=\"color: #0000ff;\"><a style=\"color: #0000ff;\" href=\"https:\/\/vimaterial.de\/fr\/contact\/\">nous contacter<\/a> <\/span>pour tous vos besoins.  <\/p>\n<h2><span style=\"font-size: 14pt;\">Propri\u00e9t\u00e9s physiques<\/span><\/h2>\n<p>Formule mol\u00e9culaire : Cr<\/p>\n<p>Poids mol\u00e9culaire : 51,996 g\/mol<\/p>\n<p>Aspect : t\u00f4le m\u00e9tallique brillante gris acier dur et cassante<\/p>\n<p>Densit\u00e9 : 7,15 g\/cm\u00b3<\/p>\n<p>Point de fusion : 1900 \u00b0C<\/p>\n<p>Point d\u2019\u00e9bullition : 2642 \u00b0C<\/p>\n<p>Structure cristalline : cubique centr\u00e9e sur le corps<\/p>\n<h2><span style=\"font-size: 14pt;\">Applications<\/span><\/h2>\n<p>\u00c9lectronique : Dans la fabrication \u00e9lectronique, les pi\u00e8ces en chrome peuvent fournir des rev\u00eatements stables et r\u00e9sistants \u00e0 la corrosion pour les composants de pr\u00e9cision tels que les puces, garantissant la transmission du signal et prolongeant la dur\u00e9e de vie des produits \u00e9lectroniques gr\u00e2ce \u00e0 leur excellente conductivit\u00e9 \u00e9lectrique.<\/p>\n<p>Industrie chimique : Les morceaux de chrome sont utilis\u00e9s comme mati\u00e8res premi\u00e8res pour la pr\u00e9paration de catalyseurs, qui sont largement utilis\u00e9s dans l\u2019industrie p\u00e9trochimique pour des r\u00e9actions complexes telles que l\u2019hydrog\u00e9nation et la d\u00e9shydrog\u00e9nation, acc\u00e9l\u00e9rant efficacement le processus de r\u00e9action et augmentant le rendement.<\/p>\n<p>Automobile : Les pi\u00e8ces de chrome sont souvent incorpor\u00e9es dans des pi\u00e8ces cl\u00e9s r\u00e9sistantes \u00e0 l\u2019usure telles que les segments de piston et les soupapes \u00e0 l\u2019int\u00e9rieur des moteurs automobiles, ce qui am\u00e9liore consid\u00e9rablement la r\u00e9sistance \u00e0 l\u2019usure et \u00e0 la fatigue thermique et optimise les performances du moteur.<\/p>\n<p>Dans le domaine de l\u2019usinage : en raison de leur duret\u00e9 \u00e9lev\u00e9e et de leur r\u00e9sistance \u00e0 l\u2019usure, les outils et les moules en pi\u00e8ces de chrome peuvent travailler avec pr\u00e9cision et efficacit\u00e9 dans les processus de d\u00e9coupe des m\u00e9taux, d\u2019emboutissage et de formage afin d\u2019am\u00e9liorer la qualit\u00e9 du traitement.<\/p>\n<h2><span style=\"font-size: 14pt;\">Contr\u00f4le de la qualit\u00e9<\/span><\/h2>\n<p><span style=\"color: #0000ff;\"><a style=\"color: #0000ff;\" href=\"https:\/\/vimaterial.de\/fr\/le-controle-de-la-qualite\/\">Chaque lot<\/a><\/span> de produits suit des principes stricts de contr\u00f4le de la qualit\u00e9, garantissant que chaque lot de mat\u00e9riaux provenant de l\u2019achat de mati\u00e8res premi\u00e8res, de la transformation et des produits finis hors de l\u2019entrep\u00f4t est \u00e9quip\u00e9 d\u2019instruments avanc\u00e9s, de normes d\u2019inspection strictes et de registres d\u2019inspection parfaits pour garantir que la qualit\u00e9 du produit peut \u00eatre contr\u00f4l\u00e9e et la tra\u00e7abilit\u00e9 du produit, et chaque lot de produits est accompagn\u00e9 d\u2019une fiche signal\u00e9tique,  Rapports COA, TDS, PSD et XRD, etc. Nous fournissons \u00e9galement des \u00e9chantillons de chaque lot de produits. Chaque lot de produits fournira des \u00e9chantillons aux clients, aidera \u00e9galement les clients \u00e0 demander \u00e0 des organismes de test tiers de tester les produits.  <\/p>\n<h2><span style=\"font-size: 14pt;\">Emballage et stockage<\/span><\/h2>\n<p>Les pi\u00e8ces en chrome sont emball\u00e9es dans des sacs sous vide \u00e0 double couche ou des bouteilles sous vide \u00e0 double couche et emball\u00e9es dans des cartons.<\/p>\n<p>Les morceaux de chrome doivent \u00eatre stock\u00e9s dans un environnement sec et bien ventil\u00e9 \u00e0 une temp\u00e9rature stable dans des r\u00e9cipients scell\u00e9s, en \u00e9vitant le contact avec l\u2019eau, les acides forts, les agents oxydants puissants et les substances sujettes aux r\u00e9actions chimiques, et en les pr\u00e9venant de l\u2019humidit\u00e9, de la corrosion ou de l\u2019oxydation.<\/p>\n","protected":false},"excerpt":{"rendered":"<p><span style=\"color: #0000ff;\"><a style=\"color: #0000ff;\" href=\"https:\/\/vimaterial.de\/fr\/product\/chrome-metal-5\/\">Les pi\u00e8ces de chrome<\/a> <\/span>sont une sorte de mat\u00e9riau chrom\u00e9 gris argent\u00e9, brillant m\u00e9tallique, dur et cassant, avec un point de fusion \u00e9lev\u00e9, un point d\u2019\u00e9bullition \u00e9lev\u00e9, des caract\u00e9ristiques de densit\u00e9 \u00e9lev\u00e9es, une stabilit\u00e9 chimique, une r\u00e9sistance \u00e0 la corrosion, dans la production industrielle et la recherche scientifique et d\u2019autres domaines ont un large \u00e9ventail d\u2019applications.<\/p>\n","protected":false},"featured_media":1001191,"comment_status":"open","ping_status":"closed","template":"","meta":{"_acf_changed":false},"product_brand":[],"product_cat":[236],"product_tag":[],"class_list":{"0":"post-1012122","1":"product","2":"type-product","3":"status-publish","4":"has-post-thumbnail","6":"product_cat-materiaux-devaporation","8":"first","9":"instock","10":"shipping-taxable","11":"purchasable","12":"product-type-variable"},"acf":[],"_links":{"self":[{"href":"https:\/\/vimaterial.de\/fr\/wp-json\/wp\/v2\/product\/1012122","targetHints":{"allow":["GET"]}}],"collection":[{"href":"https:\/\/vimaterial.de\/fr\/wp-json\/wp\/v2\/product"}],"about":[{"href":"https:\/\/vimaterial.de\/fr\/wp-json\/wp\/v2\/types\/product"}],"replies":[{"embeddable":true,"href":"https:\/\/vimaterial.de\/fr\/wp-json\/wp\/v2\/comments?post=1012122"}],"wp:featuredmedia":[{"embeddable":true,"href":"https:\/\/vimaterial.de\/fr\/wp-json\/wp\/v2\/media\/1001191"}],"wp:attachment":[{"href":"https:\/\/vimaterial.de\/fr\/wp-json\/wp\/v2\/media?parent=1012122"}],"wp:term":[{"taxonomy":"product_brand","embeddable":true,"href":"https:\/\/vimaterial.de\/fr\/wp-json\/wp\/v2\/product_brand?post=1012122"},{"taxonomy":"product_cat","embeddable":true,"href":"https:\/\/vimaterial.de\/fr\/wp-json\/wp\/v2\/product_cat?post=1012122"},{"taxonomy":"product_tag","embeddable":true,"href":"https:\/\/vimaterial.de\/fr\/wp-json\/wp\/v2\/product_tag?post=1012122"}],"curies":[{"name":"wp","href":"https:\/\/api.w.org\/{rel}","templated":true}]}}