{"id":1012115,"date":"2024-06-17T14:32:56","date_gmt":"2024-06-17T06:32:56","guid":{"rendered":"https:\/\/vimaterial.de\/product\/chrome-metal-5\/"},"modified":"2025-04-17T15:32:32","modified_gmt":"2025-04-17T07:32:32","slug":"chrome-metal-5","status":"publish","type":"product","link":"https:\/\/vimaterial.de\/fr\/product\/chrome-metal-5\/","title":{"rendered":"Chrome m\u00e9tal"},"content":{"rendered":"<p><span style=\"color: #0000ff;\"><a style=\"color: #0000ff;\" href=\"https:\/\/vimaterial.de\/fr\/product\/chrome-metal\/\">Les granul\u00e9s de chrome<\/a> <\/span>sont une sorte de mat\u00e9riau de chrome sous forme granulaire, g\u00e9n\u00e9ralement d\u2019apparence gris argent\u00e9, avec une duret\u00e9 \u00e9lev\u00e9e, une bonne stabilit\u00e9 chimique, une excellente r\u00e9sistance aux temp\u00e9ratures \u00e9lev\u00e9es et \u00e0 la corrosion, et a un large \u00e9ventail d\u2019applications dans la m\u00e9tallurgie, l\u2019industrie chimique et de nombreux autres domaines.<\/p>\n<p>VIMATERIAL fournit des granul\u00e9s de chrome dans diff\u00e9rentes puret\u00e9s et tailles de particules, et les granul\u00e9s de chrome fournis par notre soci\u00e9t\u00e9 se caract\u00e9risent par une grande puret\u00e9, une taille de particule uniforme, une stabilit\u00e9 chimique \u00e9lev\u00e9e et une faible teneur en impuret\u00e9s. Nous sommes un fournisseur professionnel de mati\u00e8res premi\u00e8res chimiques inorganiques, veuillez <span style=\"color: #0000ff;\"><a style=\"color: #0000ff;\" href=\"https:\/\/vimaterial.de\/fr\/contact\/\">nous contacter<\/a><\/span> pour tous vos besoins. <\/p>\n<h2><span style=\"font-size: 14pt;\">Propri\u00e9t\u00e9s physiques<\/span><\/h2>\n<p>Formule mol\u00e9culaire : Cr<\/p>\n<p>Poids mol\u00e9culaire : 51,9961<\/p>\n<p>Aspect : m\u00e9tal dur et cassant gris argent\u00e9<\/p>\n<p>Densit\u00e9 : 7,22 g\/cm\u00b3<\/p>\n<p>Point de fusion : 1857 \u00b0C<\/p>\n<p>Point d\u2019\u00e9bullition : 2672 \u00b0C<\/p>\n<p>Structure cristalline : Cubique centr\u00e9 sur le corps<\/p>\n<h2><span style=\"font-size: 14pt;\">Applications<\/span><\/h2>\n<p>\u00c9lectronique : Dans l\u2019industrie \u00e9lectronique, les granul\u00e9s de chrome sont utilis\u00e9s dans la fabrication de rev\u00eatements conducteurs et r\u00e9sistants \u00e0 la corrosion pour les composants \u00e9lectroniques, assurant la stabilit\u00e9 et la durabilit\u00e9 des \u00e9quipements \u00e9lectroniques.<\/p>\n<p>Industrie chimique : En tant que mat\u00e9riau catalyseur, les granules de chrome sont impliqu\u00e9s dans de nombreuses r\u00e9actions chimiques, telles que la synth\u00e8se organique, o\u00f9 ils peuvent am\u00e9liorer efficacement l\u2019efficacit\u00e9 de la r\u00e9action.<\/p>\n<p>A\u00e9rospatiale : Les granul\u00e9s de chrome sont utilis\u00e9s dans la fabrication d\u2019alliages \u00e0 haute temp\u00e9rature pour les \u00e9quipements a\u00e9rospatiaux, qui peuvent r\u00e9sister \u00e0 des temp\u00e9ratures et des pressions extr\u00eames.<\/p>\n<p>Automobile : Les granul\u00e9s de chrome sont utilis\u00e9s dans la fabrication de composants de moteurs automobiles pour am\u00e9liorer la r\u00e9sistance \u00e0 l\u2019usure et \u00e0 la corrosion et prolonger la dur\u00e9e de vie.<\/p>\n<p>Domaine de l\u2019usinage m\u00e9canique : en tant qu\u2019additif dans le traitement des m\u00e9taux, les granul\u00e9s de chrome aident \u00e0 fabriquer des outils tels que des outils de coupe et des moules \u00e0 haute duret\u00e9 et r\u00e9sistance \u00e0 l\u2019usure.<\/p>\n<h2><span style=\"font-size: 14pt;\">Contr\u00f4le de la qualit\u00e9<\/span><\/h2>\n<p><span style=\"color: #0000ff;\"><a style=\"color: #0000ff;\" href=\"https:\/\/vimaterial.de\/fr\/le-controle-de-la-qualite\/\">Chaque lot<\/a><\/span> de produits suit des principes stricts de contr\u00f4le de la qualit\u00e9, garantissant que chaque lot de mat\u00e9riaux provenant de l\u2019achat de mati\u00e8res premi\u00e8res, de la transformation et des produits finis hors de l\u2019entrep\u00f4t est \u00e9quip\u00e9 d\u2019instruments avanc\u00e9s, de normes d\u2019inspection strictes et de registres d\u2019inspection parfaits pour garantir que la qualit\u00e9 du produit peut \u00eatre contr\u00f4l\u00e9e et la tra\u00e7abilit\u00e9 du produit, et chaque lot de produits est accompagn\u00e9 d\u2019une fiche signal\u00e9tique,  Rapports COA, TDS, PSD et XRD, etc. Nous fournissons \u00e9galement des \u00e9chantillons de chaque lot de produits. Chaque lot de produits fournira des \u00e9chantillons aux clients, aidera \u00e9galement les clients \u00e0 demander \u00e0 des organismes de test tiers de tester les produits.  <\/p>\n<h2><span style=\"font-size: 14pt;\">Emballage et stockage<\/span><\/h2>\n<p>Les granul\u00e9s de chrome sont emball\u00e9s dans un sac sous vide \u00e0 double couche ou une bouteille sous vide \u00e0 double couche avec carton ext\u00e9rieur.<\/p>\n<p>Les granul\u00e9s de chrome doivent \u00eatre stock\u00e9s dans un environnement sec, frais et bien ventil\u00e9, emball\u00e9s dans des r\u00e9cipients scell\u00e9s, en \u00e9vitant tout contact avec l\u2019eau, les acides forts, les agents oxydants forts et les substances inflammables pour \u00e9viter les r\u00e9actions chimiques telles que l\u2019oxydation et la corrosion.<\/p>\n","protected":false},"excerpt":{"rendered":"<p><span style=\"color: #0000ff;\"><a style=\"color: #0000ff;\" href=\"https:\/\/vimaterial.de\/fr\/product\/chrome-metal\/\">Les granul\u00e9s de chrome<\/a> <\/span>sont une sorte de mat\u00e9riau de chrome sous forme granulaire, g\u00e9n\u00e9ralement d\u2019apparence gris argent\u00e9, avec une duret\u00e9 \u00e9lev\u00e9e, une bonne stabilit\u00e9 chimique, une excellente r\u00e9sistance aux temp\u00e9ratures \u00e9lev\u00e9es et \u00e0 la corrosion, et a un large \u00e9ventail d\u2019applications dans la m\u00e9tallurgie, l\u2019industrie chimique et de nombreux autres domaines.<\/p>\n","protected":false},"featured_media":1001179,"comment_status":"open","ping_status":"closed","template":"","meta":{"_acf_changed":false},"product_brand":[],"product_cat":[236],"product_tag":[],"class_list":{"0":"post-1012115","1":"product","2":"type-product","3":"status-publish","4":"has-post-thumbnail","6":"product_cat-materiaux-devaporation","8":"first","9":"instock","10":"shipping-taxable","11":"purchasable","12":"product-type-variable"},"acf":[],"_links":{"self":[{"href":"https:\/\/vimaterial.de\/fr\/wp-json\/wp\/v2\/product\/1012115","targetHints":{"allow":["GET"]}}],"collection":[{"href":"https:\/\/vimaterial.de\/fr\/wp-json\/wp\/v2\/product"}],"about":[{"href":"https:\/\/vimaterial.de\/fr\/wp-json\/wp\/v2\/types\/product"}],"replies":[{"embeddable":true,"href":"https:\/\/vimaterial.de\/fr\/wp-json\/wp\/v2\/comments?post=1012115"}],"wp:featuredmedia":[{"embeddable":true,"href":"https:\/\/vimaterial.de\/fr\/wp-json\/wp\/v2\/media\/1001179"}],"wp:attachment":[{"href":"https:\/\/vimaterial.de\/fr\/wp-json\/wp\/v2\/media?parent=1012115"}],"wp:term":[{"taxonomy":"product_brand","embeddable":true,"href":"https:\/\/vimaterial.de\/fr\/wp-json\/wp\/v2\/product_brand?post=1012115"},{"taxonomy":"product_cat","embeddable":true,"href":"https:\/\/vimaterial.de\/fr\/wp-json\/wp\/v2\/product_cat?post=1012115"},{"taxonomy":"product_tag","embeddable":true,"href":"https:\/\/vimaterial.de\/fr\/wp-json\/wp\/v2\/product_tag?post=1012115"}],"curies":[{"name":"wp","href":"https:\/\/api.w.org\/{rel}","templated":true}]}}