{"id":1012015,"date":"2024-06-17T14:33:00","date_gmt":"2024-06-17T06:33:00","guid":{"rendered":"https:\/\/vimaterial.de\/product\/chrome-metal\/"},"modified":"2025-04-17T15:21:31","modified_gmt":"2025-04-17T07:21:31","slug":"chrome-metal","status":"publish","type":"product","link":"https:\/\/vimaterial.de\/fr\/product\/chrome-metal\/","title":{"rendered":"Chrome m\u00e9tal"},"content":{"rendered":"<p>La cible de pulv\u00e9risation du chrome est un mat\u00e9riau cible utilis\u00e9 comme source d\u2019atomes de chrome dans la technique de d\u00e9p\u00f4t physique en phase vapeur (PVD) pour d\u00e9poser des atomes de chrome \u00e0 la surface du substrat par le processus de pulv\u00e9risation pour la pr\u00e9paration de films minces plaqu\u00e9s de chrome.<\/p>\n<p>VIMATERIAL fournit des cibles de pulv\u00e9risation de chrome dans une large gamme de puret\u00e9s et de tailles. Nos cibles de pulv\u00e9risation au chrome se caract\u00e9risent par une grande puret\u00e9, une composition homog\u00e8ne, une granulom\u00e9trie fine, une densit\u00e9 \u00e9lev\u00e9e, une duret\u00e9 \u00e9lev\u00e9e, une bonne stabilit\u00e9 thermique et une forte adh\u00e9rence au substrat. Nous nous consacrons \u00e0 la recherche de mat\u00e9riaux chimiques inorganiques depuis de nombreuses ann\u00e9es et fournissons \u00e9galement le service de liaison de cibles de pulv\u00e9risation. Nous avons une \u00e9quipe exp\u00e9riment\u00e9e et professionnelle pour accepter la personnalisation et les exp\u00e9riences, veuillez<span style=\"color: #0000ff;\"><a style=\"color: #0000ff;\" href=\"https:\/\/vimaterial.de\/en\/contact-us\/\"> nous contacter<\/a><\/span> si vous en avez besoin.   <\/p>\n<h2><span style=\"font-size: 14pt;\">Propri\u00e9t\u00e9s physiques<\/span><\/h2>\n<p>Formule mol\u00e9culaire : Cr<\/p>\n<p>Poids mol\u00e9culaire : 51,9961<\/p>\n<p>Apparence&nbsp;: Cible en m\u00e9tal g\u00e9n\u00e9ralement gris acier<\/p>\n<p>Densit\u00e9 : 7,22 g\/cm\u00b3<\/p>\n<p>Point de fusion : 1857\u00b0C<\/p>\n<p>Point d\u2019\u00e9bullition : 2672\u00b0C<\/p>\n<p>Structure cristalline : Treillis cubique centr\u00e9 sur le corps<\/p>\n<h2><span style=\"font-size: 14pt;\">Applications<\/span><\/h2>\n<p>Industrie \u00e9lectronique&nbsp;: La cible de pulv\u00e9risation au chrome est utilis\u00e9e dans la fabrication de semi-conducteurs comme mat\u00e9riau barri\u00e8re pour la couche d\u2019interconnexion m\u00e9tallique, ce qui peut emp\u00eacher la diffusion de cuivre et d\u2019autres atomes m\u00e9talliques et assurer les performances stables et fiables des appareils \u00e9lectroniques.<\/p>\n<p>Champ optique&nbsp;: Dans le rev\u00eatement des lentilles optiques, la cible de pulv\u00e9risation de chrome peut \u00eatre utilis\u00e9e pour pr\u00e9parer un film r\u00e9fl\u00e9chissant, ce qui peut am\u00e9liorer efficacement la r\u00e9flectivit\u00e9 de la lentille et am\u00e9liorer la capacit\u00e9 de contr\u00f4le de la lumi\u00e8re des instruments optiques.<\/p>\n<p>Domaine de la fabrication automobile&nbsp;: utilis\u00e9 dans le rev\u00eatement de surface des pi\u00e8ces automobiles, tel que les roues automobiles chrom\u00e9es sont non seulement belles, mais peuvent \u00e9galement am\u00e9liorer la r\u00e9sistance \u00e0 l\u2019abrasion et la r\u00e9sistance \u00e0 la corrosion de la roue, prolongeant ainsi sa dur\u00e9e de vie.<\/p>\n<p>Industrie photovolta\u00efque&nbsp;: Dans la fabrication de cellules photovolta\u00efques, la cible de pulv\u00e9risation du chrome peut \u00eatre utilis\u00e9e pour la pr\u00e9paration de l\u2019\u00e9lectrode ou de la couche de r\u00e9flexion arri\u00e8re, ce qui contribue \u00e0 am\u00e9liorer l\u2019efficacit\u00e9 de conversion photo\u00e9lectrique de la cellule et \u00e0 promouvoir l\u2019utilisation efficace de l\u2019\u00e9nergie lumineuse.<\/p>\n<h2><span style=\"font-size: 14pt;\">Contr\u00f4le de la qualit\u00e9<\/span><\/h2>\n<p><span style=\"color: #0000ff;\"><a style=\"color: #0000ff;\" href=\"https:\/\/vimaterial.de\/en\/quality-control\/\">Chaque lot<\/a><\/span> de produits suit des principes stricts de contr\u00f4le de la qualit\u00e9, tout autour pour s\u2019assurer que chaque lot de mat\u00e9riaux de l\u2019approvisionnement en mati\u00e8res premi\u00e8res, du traitement, des produits finis hors de l\u2019entrep\u00f4t dispose d\u2019instruments avanc\u00e9s, de normes d\u2019inspection strictes, de registres d\u2019inspection parfaits, pour garantir que la qualit\u00e9 du produit peut \u00eatre contr\u00f4l\u00e9e et la tra\u00e7abilit\u00e9 du produit, chaque lot de produits est accompagn\u00e9 de fiches signal\u00e9tiques,  COA, TDS, PSD, XRD rapports, etc., et chaque lot de produits sera fourni avec des \u00e9chantillons au client, nous aidons \u00e9galement les clients \u00e0 demander \u00e0 des organismes d\u2019inspection tiers d\u2019inspecter les produits. Nous fournirons aux clients des \u00e9chantillons de chaque lot de produits, et nous aiderons \u00e9galement les clients \u00e0 demander \u00e0 des organismes d\u2019inspection tiers d\u2019inspecter les produits. <\/p>\n<h2><span style=\"font-size: 14pt;\">Emballage et stockage<\/span><\/h2>\n<p>La cible de pulv\u00e9risation au chrome est emball\u00e9e dans des sacs sous vide doubles, puis emball\u00e9e dans des cartons.<\/p>\n<p>La cible de pulv\u00e9risation du chrome doit \u00eatre stock\u00e9e dans un environnement gazeux sec, bien ventil\u00e9 et non corrosif, pour \u00e9viter l\u2019humidit\u00e9, l\u2019oxydation et les dommages physiques, et \u00e0 l\u2019\u00e9cart des sources de temp\u00e9rature et d\u2019inflammation \u00e9lev\u00e9es, et doit \u00eatre plac\u00e9e conform\u00e9ment \u00e0 la mani\u00e8re prescrite pour \u00e9viter la d\u00e9formation.<\/p>\n","protected":false},"excerpt":{"rendered":"<p>La cible de pulv\u00e9risation du chrome est un mat\u00e9riau cible utilis\u00e9 comme source d\u2019atomes de chrome dans la technique de d\u00e9p\u00f4t physique en phase vapeur (PVD) pour d\u00e9poser des atomes de chrome \u00e0 la surface du substrat par le processus de pulv\u00e9risation pour la pr\u00e9paration de films minces chrom\u00e9s (par exemple, dans divers domaines tels que l\u2019\u00e9lectronique, l\u2019optique, les rev\u00eatements d\u00e9coratifs, etc.).<\/p>\n","protected":false},"featured_media":1001227,"comment_status":"open","ping_status":"closed","template":"","meta":{"_acf_changed":false},"product_brand":[],"product_cat":[235],"product_tag":[],"class_list":{"0":"post-1012015","1":"product","2":"type-product","3":"status-publish","4":"has-post-thumbnail","6":"product_cat-cibles-de-pulverisation-planaire","8":"first","9":"instock","10":"shipping-taxable","11":"purchasable","12":"product-type-variable"},"acf":[],"_links":{"self":[{"href":"https:\/\/vimaterial.de\/fr\/wp-json\/wp\/v2\/product\/1012015","targetHints":{"allow":["GET"]}}],"collection":[{"href":"https:\/\/vimaterial.de\/fr\/wp-json\/wp\/v2\/product"}],"about":[{"href":"https:\/\/vimaterial.de\/fr\/wp-json\/wp\/v2\/types\/product"}],"replies":[{"embeddable":true,"href":"https:\/\/vimaterial.de\/fr\/wp-json\/wp\/v2\/comments?post=1012015"}],"wp:featuredmedia":[{"embeddable":true,"href":"https:\/\/vimaterial.de\/fr\/wp-json\/wp\/v2\/media\/1001227"}],"wp:attachment":[{"href":"https:\/\/vimaterial.de\/fr\/wp-json\/wp\/v2\/media?parent=1012015"}],"wp:term":[{"taxonomy":"product_brand","embeddable":true,"href":"https:\/\/vimaterial.de\/fr\/wp-json\/wp\/v2\/product_brand?post=1012015"},{"taxonomy":"product_cat","embeddable":true,"href":"https:\/\/vimaterial.de\/fr\/wp-json\/wp\/v2\/product_cat?post=1012015"},{"taxonomy":"product_tag","embeddable":true,"href":"https:\/\/vimaterial.de\/fr\/wp-json\/wp\/v2\/product_tag?post=1012015"}],"curies":[{"name":"wp","href":"https:\/\/api.w.org\/{rel}","templated":true}]}}