{"id":1012013,"date":"2024-06-17T14:33:04","date_gmt":"2024-06-17T06:33:04","guid":{"rendered":"https:\/\/vimaterial.de\/product\/nitrate-de-chrome\/"},"modified":"2025-04-17T15:18:43","modified_gmt":"2025-04-17T07:18:43","slug":"nitrate-de-chrome","status":"publish","type":"product","link":"https:\/\/vimaterial.de\/fr\/product\/nitrate-de-chrome\/","title":{"rendered":"Nitrate de chrome"},"content":{"rendered":"<p>La poudre de nitrate de chrome est une poudre compos\u00e9e inorganique, g\u00e9n\u00e9ralement de couleur violette ou rouge violac\u00e9, facilement soluble dans l\u2019eau, oxydante, utilis\u00e9e comme source de chrome pour la synth\u00e8se de mat\u00e9riaux, la coloration et de nombreuses autres applications dans l\u2019industrie chimique, la teinture et l\u2019imprimerie, la c\u00e9ramique et de nombreux autres domaines.<\/p>\n<p>VIMATERIAL fournit de la poudre de nitrate de chrome, notre poudre de nitrate de chrome a une grande puret\u00e9, une distribution granulom\u00e9trique uniforme, une duret\u00e9 \u00e9lev\u00e9e, une r\u00e9sistance \u00e9lev\u00e9e \u00e0 l\u2019abrasion, une bonne stabilit\u00e9 chimique, une bonne stabilit\u00e9 thermique. Nous nous consacrons \u00e0 la recherche de mati\u00e8res premi\u00e8res chimiques inorganiques depuis de nombreuses ann\u00e9es, nous avons une \u00e9quipe de professionnels avec une riche exp\u00e9rience, acceptons la personnalisation et les exp\u00e9riences, veuillez <span style=\"color: #0000ff;\"><a style=\"color: #0000ff;\" href=\"https:\/\/vimaterial.de\/en\/contact-us\/\">nous contacter<\/a><\/span> si vous en avez besoin. <\/p>\n<h2><span style=\"font-size: 14pt;\">Propri\u00e9t\u00e9s physiques<\/span><\/h2>\n<p>Formule mol\u00e9culaire : Cr(NO3)3*9H2O<\/p>\n<p>Poids mol\u00e9culaire : 400,15<\/p>\n<p>Aspect : cristal monoclinique rouge-violet ou bloc cristallin violet fonc\u00e9, d\u00e9liquescent<\/p>\n<p>Densit\u00e9 : 1,85 g\/cm\u00b3<\/p>\n<p>Point de fusion : 60\u00b0C, d\u00e9compos\u00e9 lorsqu\u2019il est chauff\u00e9 \u00e0 125,5\u00b0C.<\/p>\n<p>Point d\u2019\u00e9bullition : se d\u00e9composer lorsqu\u2019il est sup\u00e9rieur \u00e0 100\u00b0C.<\/p>\n<p>Structure cristalline : Le centre du chrome est li\u00e9 \u00e0 six ligands d\u2019eau et l\u2019espace restant est occup\u00e9 par trois anions nitrate et trois mol\u00e9cules d\u2019eau cristalline.<\/p>\n<h2><span style=\"font-size: 14pt;\">Application<\/span><\/h2>\n<p>Fabrication de catalyseurs : Le nitrate de chrome est une mati\u00e8re premi\u00e8re cl\u00e9 pour la fabrication de catalyseurs contenant du chrome, qui peut faciliter les r\u00e9actions chimiques telles que le traitement du p\u00e9trole et la production chimique.<\/p>\n<p>Industrie de la c\u00e9ramique et du verre : Dans le processus de fabrication du verre et de la c\u00e9ramique, le nitrate de chrome peut \u00eatre utilis\u00e9 comme ingr\u00e9dient de gla\u00e7ure pour ajouter de la couleur et de l\u2019\u00e9clat aux produits, et pour am\u00e9liorer des propri\u00e9t\u00e9s telles que la r\u00e9sistance \u00e0 la chaleur et la duret\u00e9 des produits.<\/p>\n<p>Protection des m\u00e9taux : Le nitrate de chrome peut \u00eatre utilis\u00e9 comme inhibiteur de corrosion, qui peut \u00eatre utilis\u00e9 dans le domaine de la protection des m\u00e9taux pour exercer ses propri\u00e9t\u00e9s anti-corrosion et prot\u00e9ger les surfaces m\u00e9talliques de l\u2019\u00e9rosion environnementale.<\/p>\n<p>Domaine \u00e9lectronique&nbsp;: Dans le traitement antioxydant des circuits imprim\u00e9s, le nitrate de chrome peut \u00eatre utilis\u00e9 comme agent de traitement de surface pour am\u00e9liorer les performances antioxydantes et la stabilit\u00e9 des produits \u00e9lectroniques.<\/p>\n<p>Dans le domaine de l\u2019analyse et des tests : le nitrate de chrome a une solubilit\u00e9 \u00e9lev\u00e9e dans l\u2019eau, peut se dissoudre rapidement et former une solution vert fonc\u00e9, qui peut \u00eatre utilis\u00e9e comme r\u00e9actif de d\u00e9tection d\u2019ions m\u00e9talliques couramment utilis\u00e9.<\/p>\n<h2><span style=\"font-size: 14pt;\">Contr\u00f4le de la qualit\u00e9<\/span><\/h2>\n<p><span style=\"color: #0000ff;\"><a style=\"color: #0000ff;\" href=\"https:\/\/vimaterial.de\/en\/quality-control\/\">Chaque lot<\/a><\/span> de produits suit des principes stricts de contr\u00f4le de la qualit\u00e9, tout autour pour garantir que chaque lot de mat\u00e9riaux de l\u2019approvisionnement en mati\u00e8res premi\u00e8res, de la transformation, des produits finis hors de l\u2019entrep\u00f4t dispose d\u2019instruments avanc\u00e9s, de normes d\u2019inspection strictes, de registres d\u2019inspection parfaits pour assurer le contr\u00f4le de la qualit\u00e9 du produit et la tra\u00e7abilit\u00e9 des produits, chaque lot de produits est accompagn\u00e9 d\u2019une fiche signal\u00e9tique, d\u2019un certificat d\u2019authenticit\u00e9, d\u2019un certificat d\u2019authenticit\u00e9,  Rapports TDS, PSD, XRD, etc., chaque lot de produits sera remis au client pour fournir des \u00e9chantillons, aider \u00e9galement le client \u00e0 demander des organismes d\u2019inspection tiers. Nous fournirons des \u00e9chantillons aux clients pour chaque lot de produits et aiderons \u00e9galement les clients \u00e0 demander aux organismes d\u2019inspection tiers d\u2019inspecter les produits. <\/p>\n<h2><span style=\"font-size: 14pt;\">Emballage et stockage<\/span><\/h2>\n<p>La poudre de nitrate de chrome est emball\u00e9e dans des bouteilles sous vide doubles, puis emball\u00e9e dans des cartons.<\/p>\n<p>La poudre de nitrate de chrome doit \u00eatre scell\u00e9e et stock\u00e9e dans un endroit sec, frais et ventil\u00e9, en \u00e9vitant le contact avec des mat\u00e9riaux inflammables, des agents r\u00e9ducteurs et des acides, et en emp\u00eachant la d\u00e9composition par l\u2019humidit\u00e9 et la chaleur.<\/p>\n","protected":false},"excerpt":{"rendered":"<p>La poudre de nitrate de chrome est une poudre compos\u00e9e inorganique, g\u00e9n\u00e9ralement de couleur violette ou rouge violac\u00e9, facilement soluble dans l\u2019eau, oxydante, utilis\u00e9e comme source de chrome pour la synth\u00e8se de mat\u00e9riaux, la coloration et de nombreuses autres applications dans l\u2019industrie chimique, la teinture et l\u2019imprimerie, la c\u00e9ramique et de nombreux autres domaines.<\/p>\n","protected":false},"featured_media":1001251,"comment_status":"open","ping_status":"closed","template":"","meta":{"_acf_changed":false},"product_brand":[],"product_cat":[244],"product_tag":[],"class_list":{"0":"post-1012013","1":"product","2":"type-product","3":"status-publish","4":"has-post-thumbnail","6":"product_cat-autres-materiaux","8":"first","9":"instock","10":"shipping-taxable","11":"product-type-variable"},"acf":[],"_links":{"self":[{"href":"https:\/\/vimaterial.de\/fr\/wp-json\/wp\/v2\/product\/1012013","targetHints":{"allow":["GET"]}}],"collection":[{"href":"https:\/\/vimaterial.de\/fr\/wp-json\/wp\/v2\/product"}],"about":[{"href":"https:\/\/vimaterial.de\/fr\/wp-json\/wp\/v2\/types\/product"}],"replies":[{"embeddable":true,"href":"https:\/\/vimaterial.de\/fr\/wp-json\/wp\/v2\/comments?post=1012013"}],"wp:featuredmedia":[{"embeddable":true,"href":"https:\/\/vimaterial.de\/fr\/wp-json\/wp\/v2\/media\/1001251"}],"wp:attachment":[{"href":"https:\/\/vimaterial.de\/fr\/wp-json\/wp\/v2\/media?parent=1012013"}],"wp:term":[{"taxonomy":"product_brand","embeddable":true,"href":"https:\/\/vimaterial.de\/fr\/wp-json\/wp\/v2\/product_brand?post=1012013"},{"taxonomy":"product_cat","embeddable":true,"href":"https:\/\/vimaterial.de\/fr\/wp-json\/wp\/v2\/product_cat?post=1012013"},{"taxonomy":"product_tag","embeddable":true,"href":"https:\/\/vimaterial.de\/fr\/wp-json\/wp\/v2\/product_tag?post=1012013"}],"curies":[{"name":"wp","href":"https:\/\/api.w.org\/{rel}","templated":true}]}}