{"id":1011948,"date":"2024-06-17T14:33:04","date_gmt":"2024-06-17T06:33:04","guid":{"rendered":"https:\/\/vimaterial.de\/product\/chrome-carbure-daluminium\/"},"modified":"2025-04-17T15:16:49","modified_gmt":"2025-04-17T07:16:49","slug":"chrome-carbure-daluminium","status":"publish","type":"product","link":"https:\/\/vimaterial.de\/fr\/product\/chrome-carbure-daluminium\/","title":{"rendered":"Carbure de chrome et d\u2019aluminium"},"content":{"rendered":"<p>La cible de pulv\u00e9risation en carbure de chrome et d\u2019aluminium est une sorte de cible de pulv\u00e9risation en c\u00e9ramique avec une duret\u00e9 \u00e9lev\u00e9e, un point de fusion \u00e9lev\u00e9, une bonne stabilit\u00e9 chimique et une conductivit\u00e9 \u00e9lectrique, etc. Il peut \u00eatre utilis\u00e9 pour la pr\u00e9paration de films minces r\u00e9sistants \u00e0 l\u2019usure, \u00e0 la corrosion et aux hautes temp\u00e9ratures, et a un large \u00e9ventail d\u2019applications dans les domaines de l\u2019\u00e9lectronique, de l\u2019optique et des machines. <\/p>\n<p>VIMATERIAL fournit des cibles de pulv\u00e9risation en carbure de chrome et d\u2019aluminium. Nos cibles de pulv\u00e9risation en carbure de chrome et d\u2019aluminium se caract\u00e9risent par une grande puret\u00e9, une composition homog\u00e8ne, une granulom\u00e9trie fine, une densit\u00e9 \u00e9lev\u00e9e, une duret\u00e9 \u00e9lev\u00e9e, une bonne stabilit\u00e9 thermique et une forte adh\u00e9rence au substrat. Nous nous consacrons \u00e0 la recherche de mat\u00e9riaux chimiques inorganiques depuis de nombreuses ann\u00e9es et fournissons \u00e9galement le service de liaison de cibles de pulv\u00e9risation. Nous avons une \u00e9quipe exp\u00e9riment\u00e9e et professionnelle pour accepter la personnalisation et les exp\u00e9riences, veuillez <span style=\"color: #0000ff;\"><a style=\"color: #0000ff;\" href=\"https:\/\/vimaterial.de\/en\/contact-us\/\">nous contacter<\/a><\/span> si vous en avez besoin.   <\/p>\n<h2><span style=\"font-size: 14pt;\">Propri\u00e9t\u00e9s physiques<\/span><\/h2>\n<p>Formule mol\u00e9culaire : Cr\u2082AlC<\/p>\n<p>Poids mol\u00e9culaire : environ 127,98<\/p>\n<p>Apparence&nbsp;: g\u00e9n\u00e9ralement gris argent\u00e9 poudr\u00e9<\/p>\n<p>Densit\u00e9 : environ 5,20 g\/cm\u00b3.<\/p>\n<p>Point de fusion : environ 1300\u00b0C<\/p>\n<p>Structure cristalline&nbsp;: Syst\u00e8me cristallin hexagonal avec structure en couches, dans sa structure cristalline, les atomes de Cr et les atomes C remplis en position octa\u00e9drique sont \u00e9troitement dispos\u00e9s et combin\u00e9s par de fortes liaisons Cr-C pour former une couche de Cr\u2082C avec des propri\u00e9t\u00e9s c\u00e9ramiques, en m\u00eame temps, la couche de Cr\u2082C est s\u00e9par\u00e9e par une couche d\u2019Al avec des propri\u00e9t\u00e9s m\u00e9talliques,  et la liaison intercouche entre la couche Cr\u2082C et la couche Al est une liaison Cr-Al faible, qui est une liaison m\u00e9tallique.<\/p>\n<h2><span style=\"font-size: 14pt;\">Applications<\/span><\/h2>\n<p>\u00c9lectronique&nbsp;: Les cibles de pulv\u00e9risation en carbure de chrome et d\u2019aluminium sont utilis\u00e9es dans la fabrication de circuits int\u00e9gr\u00e9s pour d\u00e9poser un film mince \u00e0 haute conductivit\u00e9 thermique et des propri\u00e9t\u00e9s anti-migration \u00e0 la surface de la puce, ce qui assure la dissipation efficace de la chaleur et le fonctionnement stable de la puce, et am\u00e9liore les performances des produits \u00e9lectroniques.<\/p>\n<p>A\u00e9rospatiale : Dans la pr\u00e9paration de rev\u00eatements de barri\u00e8re thermique pour les moteurs d\u2019avion, la cible de pulv\u00e9risation peut d\u00e9poser une couche de film r\u00e9sistante aux temp\u00e9ratures \u00e9lev\u00e9es, aux chocs thermiques et \u00e0 une r\u00e9sistance m\u00e9canique \u00e9lev\u00e9e, ce qui prot\u00e8ge efficacement les composants cl\u00e9s du moteur et aide l\u2019avion \u00e0 faire face \u00e0 des environnements de haute altitude extr\u00eames.<\/p>\n<p>Dans le domaine de l\u2019industrie automobile : apr\u00e8s avoir recouvert les pales du turbocompresseur des moteurs automobiles, une couche protectrice r\u00e9sistante \u00e0 l\u2019usure, \u00e0 la corrosion et \u00e0 la chaleur se forme \u00e0 la surface, ce qui rend les pales durables en cas de fonctionnement \u00e0 grande vitesse et de lavage des gaz d\u2019\u00e9chappement \u00e0 haute temp\u00e9rature, et am\u00e9liore la fiabilit\u00e9 du syst\u00e8me d\u2019alimentation automobile.<\/p>\n<h2><span style=\"font-size: 14pt;\">Contr\u00f4le de la qualit\u00e9<\/span><\/h2>\n<p><span style=\"color: #0000ff;\"><a style=\"color: #0000ff;\" href=\"https:\/\/vimaterial.de\/en\/quality-control\/\">Chaque lot<\/a> <\/span>de produits suit des principes stricts de contr\u00f4le de la qualit\u00e9, tout autour pour s\u2019assurer que chaque lot de mat\u00e9riaux de l\u2019approvisionnement en mati\u00e8res premi\u00e8res, du traitement, des produits finis hors de l\u2019entrep\u00f4t dispose d\u2019instruments avanc\u00e9s, de normes d\u2019inspection strictes, de registres d\u2019inspection parfaits, pour garantir que la qualit\u00e9 du produit peut \u00eatre contr\u00f4l\u00e9e et la tra\u00e7abilit\u00e9 du produit, chaque lot de produits est accompagn\u00e9 de fiches signal\u00e9tiques,  COA, TDS, PSD, XRD rapports, etc., et chaque lot de produits sera fourni avec des \u00e9chantillons au client, nous aidons \u00e9galement les clients \u00e0 demander \u00e0 des organismes d\u2019inspection tiers d\u2019inspecter les produits. Nous fournirons aux clients des \u00e9chantillons de chaque lot de produits, et nous aiderons \u00e9galement les clients \u00e0 demander \u00e0 des organismes d\u2019inspection tiers d\u2019inspecter les produits. <\/p>\n<h2><span style=\"font-size: 14pt;\">Emballage et stockage<\/span><\/h2>\n<p>Les cibles de pulv\u00e9risation en carbure de chrome-aluminium sont emball\u00e9es dans des sacs sous vide doubles, puis emball\u00e9es dans des cartons.<\/p>\n<p>Les cibles de pulv\u00e9risation en carbure de chrome et d\u2019aluminium doivent \u00eatre stock\u00e9es dans un environnement sec, frais et bien ventil\u00e9, scell\u00e9es pour \u00e9viter l\u2019humidit\u00e9 et l\u2019oxydation, prot\u00e9g\u00e9es des collisions m\u00e9caniques et de l\u2019extrusion, et tenues \u00e0 l\u2019\u00e9cart des substances corrosives et des sources d\u2019inflammation.<\/p>\n","protected":false},"excerpt":{"rendered":"<p>La cible de pulv\u00e9risation en carbure de chrome et d\u2019aluminium est une sorte de cible de pulv\u00e9risation en c\u00e9ramique avec une duret\u00e9 \u00e9lev\u00e9e, un point de fusion \u00e9lev\u00e9, une bonne stabilit\u00e9 chimique et une conductivit\u00e9 \u00e9lectrique, etc. Il peut \u00eatre utilis\u00e9 pour la pr\u00e9paration de films minces r\u00e9sistants \u00e0 l\u2019usure, \u00e0 la corrosion et aux hautes temp\u00e9ratures, et a un large \u00e9ventail d\u2019applications dans les domaines de l\u2019\u00e9lectronique, de l\u2019optique et des machines. <\/p>\n","protected":false},"featured_media":1001258,"comment_status":"open","ping_status":"closed","template":"","meta":{"_acf_changed":false},"product_brand":[],"product_cat":[235],"product_tag":[],"class_list":{"0":"post-1011948","1":"product","2":"type-product","3":"status-publish","4":"has-post-thumbnail","6":"product_cat-cibles-de-pulverisation-planaire","8":"first","9":"instock","10":"shipping-taxable","11":"product-type-variable"},"acf":[],"_links":{"self":[{"href":"https:\/\/vimaterial.de\/fr\/wp-json\/wp\/v2\/product\/1011948","targetHints":{"allow":["GET"]}}],"collection":[{"href":"https:\/\/vimaterial.de\/fr\/wp-json\/wp\/v2\/product"}],"about":[{"href":"https:\/\/vimaterial.de\/fr\/wp-json\/wp\/v2\/types\/product"}],"replies":[{"embeddable":true,"href":"https:\/\/vimaterial.de\/fr\/wp-json\/wp\/v2\/comments?post=1011948"}],"wp:featuredmedia":[{"embeddable":true,"href":"https:\/\/vimaterial.de\/fr\/wp-json\/wp\/v2\/media\/1001258"}],"wp:attachment":[{"href":"https:\/\/vimaterial.de\/fr\/wp-json\/wp\/v2\/media?parent=1011948"}],"wp:term":[{"taxonomy":"product_brand","embeddable":true,"href":"https:\/\/vimaterial.de\/fr\/wp-json\/wp\/v2\/product_brand?post=1011948"},{"taxonomy":"product_cat","embeddable":true,"href":"https:\/\/vimaterial.de\/fr\/wp-json\/wp\/v2\/product_cat?post=1011948"},{"taxonomy":"product_tag","embeddable":true,"href":"https:\/\/vimaterial.de\/fr\/wp-json\/wp\/v2\/product_tag?post=1011948"}],"curies":[{"name":"wp","href":"https:\/\/api.w.org\/{rel}","templated":true}]}}