{"id":1011943,"date":"2024-06-17T14:18:56","date_gmt":"2024-06-17T06:18:56","guid":{"rendered":"https:\/\/vimaterial.de\/product\/oxyde-de-calcium-et-de-vanadium-3\/"},"modified":"2024-12-30T15:43:04","modified_gmt":"2024-12-30T07:43:04","slug":"oxyde-de-calcium-et-de-vanadium-3","status":"publish","type":"product","link":"https:\/\/vimaterial.de\/fr\/product\/oxyde-de-calcium-et-de-vanadium-3\/","title":{"rendered":"Oxyde de vanadium et de calcium"},"content":{"rendered":"<p>L\u2019oxyde de vanadium et de calcium est un compos\u00e9 de calcium de formule chimique CaVO\u2083. Il est compos\u00e9 d\u2019ions vanadate et d\u2019ions calcium et est une poudre cristalline incolore ou blanche. VIMATERIAL fournit \u00e9galement d\u2019autres mat\u00e9riaux \u00e0 base de p\u00e9rovskites, tels que le titanate de strontium (SrTiO3), le titanate de baryum (BaTiO3), etc. Si vous avez des besoins, n\u2019h\u00e9sitez pas \u00e0 nous contacter. <\/p>\n<h2><span style=\"font-size: 14pt;\">Propri\u00e9t\u00e9s<\/span><\/h2>\n<p>Formule chimique&nbsp;:CaVO3 Masse molaire&nbsp;:237.96 g\/mol Densit\u00e9&nbsp;:3.87 g\/cm3 Point de fusion&nbsp;:1325\u00b0C Solubilit\u00e9 dans l\u2019eau&nbsp;: 0.0006 g\/100ml.<\/p>\n<h2><span style=\"font-size: 14pt;\">Application de l\u2019oxyde de vanadium et de calcium<\/span><\/h2>\n<p>Dans l\u2019industrie \u00e9lectronique, l\u2019oxyde de vanadium et de calcium est un mat\u00e9riau \u00e9lectronique important qui peut \u00eatre utilis\u00e9 pour fabriquer des appareils \u00e9lectroniques tels que des batteries et des condensateurs. Dans l\u2019industrie m\u00e9tallurgique, l\u2019oxyde de vanadium de calcium est un additif important qui peut \u00eatre utilis\u00e9 pour fabriquer des produits tels que le ferrovanadium et les alliages de vanadium. Il est \u00e9galement largement utilis\u00e9 dans l\u2019industrie de la c\u00e9ramique et peut \u00eatre utilis\u00e9 pour fabriquer des produits tels que la porcelaine et la poterie. Il peut \u00eatre utilis\u00e9 comme additif dans l\u2019industrie du verre pour am\u00e9liorer la duret\u00e9 et la transparence du verre.<\/p>\n<h2><span style=\"font-size: 14pt;\">Contr\u00f4le qualit\u00e9<\/span><\/h2>\n<p>Nos produits mettent en \u0153uvre le syst\u00e8me de gestion de la qualit\u00e9 le plus strict. Il existe des normes d\u2019inspection strictes pour les mat\u00e9riaux entrants, les processus, les inspections finales et les inspections d\u2019usine. Des mesures d\u2019isolement strictes seront adopt\u00e9es pour le traitement non qualifi\u00e9 afin d\u2019\u00e9viter que les produits non qualifi\u00e9s ne passent au processus suivant. Des \u00e9chantillons seront fournis aux clients selon les exigences du client pour la r\u00e9inspection.   <\/p>\n<h2><span style=\"font-size: 14pt;\">Emballage et stockage<\/span><\/h2>\n<p>Emballage sous vide, la quantit\u00e9 d\u2019emballage peut \u00eatre fournie selon les exigences du client et emball\u00e9e s\u00e9par\u00e9ment. L\u2019oxyde de vanadium et de calcium doit \u00eatre stock\u00e9 dans un environnement sec, \u00e9tanche \u00e0 la lumi\u00e8re et sous gaz inerte pour \u00e9viter l\u2019humidit\u00e9 et l\u2019oxydation de l\u2019air.<\/p>\n","protected":false},"excerpt":{"rendered":"<p>L\u2019oxyde de vanadium et de calcium est un compos\u00e9 de calcium de formule chimique CaVO\u2083. Il est compos\u00e9 d\u2019ions vanadate et d\u2019ions calcium et est une poudre cristalline incolore ou blanche. VIMATERIAL fournit \u00e9galement d\u2019autres mat\u00e9riaux \u00e0 base de p\u00e9rovskites, tels que le titanate de strontium (SrTiO3), le titanate de baryum (BaTiO3), etc. Si vous [&hellip;]<\/p>\n","protected":false},"featured_media":1030047,"comment_status":"open","ping_status":"closed","template":"","meta":{"_acf_changed":false},"product_brand":[],"product_cat":[236],"product_tag":[],"class_list":{"0":"post-1011943","1":"product","2":"type-product","3":"status-publish","4":"has-post-thumbnail","6":"product_cat-materiaux-devaporation","8":"first","9":"instock","10":"shipping-taxable","11":"product-type-variable"},"acf":[],"_links":{"self":[{"href":"https:\/\/vimaterial.de\/fr\/wp-json\/wp\/v2\/product\/1011943","targetHints":{"allow":["GET"]}}],"collection":[{"href":"https:\/\/vimaterial.de\/fr\/wp-json\/wp\/v2\/product"}],"about":[{"href":"https:\/\/vimaterial.de\/fr\/wp-json\/wp\/v2\/types\/product"}],"replies":[{"embeddable":true,"href":"https:\/\/vimaterial.de\/fr\/wp-json\/wp\/v2\/comments?post=1011943"}],"wp:featuredmedia":[{"embeddable":true,"href":"https:\/\/vimaterial.de\/fr\/wp-json\/wp\/v2\/media\/1030047"}],"wp:attachment":[{"href":"https:\/\/vimaterial.de\/fr\/wp-json\/wp\/v2\/media?parent=1011943"}],"wp:term":[{"taxonomy":"product_brand","embeddable":true,"href":"https:\/\/vimaterial.de\/fr\/wp-json\/wp\/v2\/product_brand?post=1011943"},{"taxonomy":"product_cat","embeddable":true,"href":"https:\/\/vimaterial.de\/fr\/wp-json\/wp\/v2\/product_cat?post=1011943"},{"taxonomy":"product_tag","embeddable":true,"href":"https:\/\/vimaterial.de\/fr\/wp-json\/wp\/v2\/product_tag?post=1011943"}],"curies":[{"name":"wp","href":"https:\/\/api.w.org\/{rel}","templated":true}]}}