{"id":1011903,"date":"2024-06-17T14:18:56","date_gmt":"2024-06-17T06:18:56","guid":{"rendered":"https:\/\/vimaterial.de\/product\/tungstate-de-calcium\/"},"modified":"2024-12-30T16:15:27","modified_gmt":"2024-12-30T08:15:27","slug":"tungstate-de-calcium","status":"publish","type":"product","link":"https:\/\/vimaterial.de\/fr\/product\/tungstate-de-calcium\/","title":{"rendered":"Calcium Tungstate"},"content":{"rendered":"<p>Le tungstate de calcium, de formule chimique CaWO4, est une poudre blanche. Il existe sous la forme d\u2019une scheelite dans la nature. VIMATERIAL fournit \u00e9galement d\u2019autres mat\u00e9riaux chimiques. Si vous avez des besoins, n\u2019h\u00e9sitez pas \u00e0 nous contacter. <\/p>\n<h2><span style=\"font-size: 14pt;\">Propri\u00e9t\u00e9s<\/span><\/h2>\n<p>Formule chimique&nbsp;:CaWO4 Masse molaire&nbsp;:287.93 g\/mol Densit\u00e9&nbsp;:6.062 g\/cm3 Point de fusion&nbsp;:1580\u00b0C Indice de r\u00e9fraction&nbsp;: 1.93 Structure&nbsp;: Cristal t\u00e9tragonal blanc, structure cristalline t\u00e9tragonale Solubilit\u00e9&nbsp;: L\u00e9g\u00e8rement soluble dans l\u2019eau et la solution de chlorure d\u2019ammonium, insoluble dans l\u2019\u00e9thanol, d\u00e9compos\u00e9 dans l\u2019acide chlorhydrique chaud<\/p>\n<h2><span style=\"font-size: 14pt;\">Application du tungstate de calcium<\/span><\/h2>\n<p>Le tungstate de calcium est une mati\u00e8re premi\u00e8re chimique tr\u00e8s importante, principalement utilis\u00e9e pour produire des produits en tungst\u00e8ne tels que le paratungstate d\u2019ammonium, le trioxyde de tungst\u00e8ne, le fer de tungst\u00e8ne, l\u2019acier alli\u00e9, l\u2019alliage dur, le mat\u00e9riau en tungst\u00e8ne, le fil de tungst\u00e8ne et l\u2019alliage de tungst\u00e8ne. Il est utilis\u00e9 comme mati\u00e8re premi\u00e8re pour les produits chimiques de la s\u00e9rie de tungst\u00e8ne&nbsp;; il est \u00e9galement utilis\u00e9 dans les peintures fluorescentes, les tubes d\u2019\u00e9cran photo pour la photographie, la m\u00e9decine, les photos aux rayons X et les lampes fluorescentes. Il est utilis\u00e9 dans les peintures fluorescentes, les tubes d\u2019\u00e9cran photo pour la photographie, la m\u00e9decine, les photos \u00e0 rayons X et les lampes fluorescentes. Le tungstate de calcium est \u00e9galement utilis\u00e9 pour fabriquer des peintures lumineuses, des lampes fluorescentes, des lampes au n\u00e9on, des \u00e9crans fluorescents \u00e0 rayons X, des m\u00e9dicaments, des compteurs \u00e0 scintillation et des lasers.   <\/p>\n<h2><span style=\"font-size: 14pt;\">Contr\u00f4le qualit\u00e9<\/span><\/h2>\n<p>Nos produits mettent en \u0153uvre le syst\u00e8me de gestion de la qualit\u00e9 le plus strict. Il existe des normes d\u2019inspection strictes pour les mat\u00e9riaux entrants, les processus, les inspections finales et les inspections d\u2019usine. Des mesures d\u2019isolement strictes seront adopt\u00e9es pour le traitement non qualifi\u00e9 afin d\u2019\u00e9viter que les produits non qualifi\u00e9s ne passent au processus suivant. Des \u00e9chantillons seront fournis aux clients selon les exigences du client pour la r\u00e9inspection.   <\/p>\n<h2><span style=\"font-size: 14pt;\">Emballage et stockage<\/span><\/h2>\n<p>Emballage sous vide, la quantit\u00e9 d\u2019emballage peut \u00eatre fournie selon les exigences du client et emball\u00e9e s\u00e9par\u00e9ment. Gardez le r\u00e9cipient de stockage scell\u00e9. Le tungstate de calcium est plac\u00e9 dans un r\u00e9cipient de stockage \u00e9tanche et stock\u00e9 dans un endroit frais et sec.<\/p>\n","protected":false},"excerpt":{"rendered":"<p>Le tungstate de calcium, de formule chimique CaWO4, est une poudre blanche. Il existe sous la forme d\u2019une scheelite dans la nature. VIMATERIAL fournit \u00e9galement d\u2019autres mat\u00e9riaux chimiques. Si vous avez des besoins, n\u2019h\u00e9sitez pas \u00e0 nous contacter. Propri\u00e9t\u00e9s Formule chimique&nbsp;:CaWO4 Masse molaire&nbsp;:287.93 g\/mol Densit\u00e9&nbsp;:6.062 g\/cm3 Point de fusion&nbsp;:1580\u00b0C Indice de r\u00e9fraction&nbsp;: 1.93 Structure&nbsp;: Cristal [&hellip;]<\/p>\n","protected":false},"featured_media":1030052,"comment_status":"open","ping_status":"closed","template":"","meta":{"_acf_changed":false},"product_brand":[],"product_cat":[244],"product_tag":[],"class_list":{"0":"post-1011903","1":"product","2":"type-product","3":"status-publish","4":"has-post-thumbnail","6":"product_cat-autres-materiaux","8":"first","9":"instock","10":"shipping-taxable","11":"purchasable","12":"product-type-variable"},"acf":[],"_links":{"self":[{"href":"https:\/\/vimaterial.de\/fr\/wp-json\/wp\/v2\/product\/1011903","targetHints":{"allow":["GET"]}}],"collection":[{"href":"https:\/\/vimaterial.de\/fr\/wp-json\/wp\/v2\/product"}],"about":[{"href":"https:\/\/vimaterial.de\/fr\/wp-json\/wp\/v2\/types\/product"}],"replies":[{"embeddable":true,"href":"https:\/\/vimaterial.de\/fr\/wp-json\/wp\/v2\/comments?post=1011903"}],"wp:featuredmedia":[{"embeddable":true,"href":"https:\/\/vimaterial.de\/fr\/wp-json\/wp\/v2\/media\/1030052"}],"wp:attachment":[{"href":"https:\/\/vimaterial.de\/fr\/wp-json\/wp\/v2\/media?parent=1011903"}],"wp:term":[{"taxonomy":"product_brand","embeddable":true,"href":"https:\/\/vimaterial.de\/fr\/wp-json\/wp\/v2\/product_brand?post=1011903"},{"taxonomy":"product_cat","embeddable":true,"href":"https:\/\/vimaterial.de\/fr\/wp-json\/wp\/v2\/product_cat?post=1011903"},{"taxonomy":"product_tag","embeddable":true,"href":"https:\/\/vimaterial.de\/fr\/wp-json\/wp\/v2\/product_tag?post=1011903"}],"curies":[{"name":"wp","href":"https:\/\/api.w.org\/{rel}","templated":true}]}}