{"id":1011892,"date":"2024-06-17T14:18:56","date_gmt":"2024-06-17T06:18:56","guid":{"rendered":"https:\/\/vimaterial.de\/product\/scandium-metal-4\/"},"modified":"2024-12-31T10:41:59","modified_gmt":"2024-12-31T02:41:59","slug":"scandium-metal-4","status":"publish","type":"product","link":"https:\/\/vimaterial.de\/fr\/product\/scandium-metal-4\/","title":{"rendered":"Scandium m\u00e9tal"},"content":{"rendered":"<p>Feuille de scandium, le symbole de l\u2019\u00e9l\u00e9ment est Sc, le num\u00e9ro atomique est 21. Situ\u00e9 dans la 4\u00e8me p\u00e9riode, le sous-groupe III.th, masse atomique : 44,96, c\u2019est un m\u00e9tal de transition. VIMATERIAL fournit \u00e9galement d\u2019autres mat\u00e9riaux de terres rares. Si vous avez des besoins, n\u2019h\u00e9sitez pas \u00e0 nous contacter. <\/p>\n<h2><span style=\"font-size: 14pt;\">Propri\u00e9t\u00e9s<\/span><\/h2>\n<p>Formule chimique&nbsp;: Sc Apparence&nbsp;: m\u00e9tal blanc argent\u00e9 doux&nbsp;: 2,985 g \/ cm3 Point de fusion&nbsp;: 1541 \u00b0C Point d\u2019\u00e9bullition&nbsp;: 2836 \u00b0C Structure cristalline&nbsp;: hexagonale serr\u00e9e (inf\u00e9rieure \u00e0 1335 \u00b0C) et cubique centr\u00e9e sur le corps.<\/p>\n<h2><span style=\"font-size: 14pt;\">Applications<\/span><\/h2>\n<p>Mat\u00e9riaux magn\u00e9tiques : En raison de son fort moment magn\u00e9tique, la feuille de scandium est largement utilis\u00e9e dans le domaine des mat\u00e9riaux magn\u00e9tiques, tels que les mat\u00e9riaux d\u2019enregistrement magn\u00e9tique, les mat\u00e9riaux de stockage magn\u00e9tique, etc. Instruments de pr\u00e9cision : En raison de ses propri\u00e9t\u00e9s physiques relativement stables et de sa bonne conductivit\u00e9, il est largement utilis\u00e9 dans la fabrication d\u2019instruments de pr\u00e9cision, tels que les instruments \u00e0 r\u00e9sonance magn\u00e9tique nucl\u00e9aire, les microscopes \u00e9lectroniques, etc. Applications optiques : Il a \u00e9galement des applications importantes dans le domaine de l\u2019optique. Dans la technologie laser, les ions sont utilis\u00e9s comme mat\u00e9riaux laser solides pour produire des lasers dans l\u2019infrarouge moyen. Mat\u00e9riaux des batteries : La feuille de scandium est \u00e9galement largement utilis\u00e9e dans les piles \u00e0 combustible \u00e0 oxyde solide (SOFC). Dans ces piles, la feuille de scandium a une conductivit\u00e9 \u00e9lectrique et une stabilit\u00e9 \u00e9lev\u00e9es, ce qui contribue \u00e0 am\u00e9liorer l\u2019efficacit\u00e9 et les performances des piles \u00e0 combustible.<\/p>\n<h2><span style=\"font-size: 14pt;\">Contr\u00f4le qualit\u00e9<\/span><\/h2>\n<p>Nos produits mettent en \u0153uvre le syst\u00e8me de gestion de la qualit\u00e9 le plus strict. Il existe des normes d\u2019inspection strictes pour les mat\u00e9riaux entrants, les processus, les inspections finales et les inspections d\u2019usine. Des mesures d\u2019isolement strictes seront adopt\u00e9es pour le traitement non qualifi\u00e9 afin d\u2019\u00e9viter que les produits non qualifi\u00e9s ne passent au processus suivant. Des \u00e9chantillons seront fournis aux clients selon les exigences du client pour la r\u00e9inspection.   <\/p>\n<h2><span style=\"font-size: 14pt;\">Emballage et stockage<\/span><\/h2>\n<p>Emballage sous vide int\u00e9rieur, emballage ext\u00e9rieur en carton\/bo\u00eete en bois. \u00c9tant donn\u00e9 que la feuille de scandium est tr\u00e8s active dans ses propri\u00e9t\u00e9s chimiques et se combine facilement avec l\u2019oxyg\u00e8ne, le dioxyde de carbone, l\u2019eau, etc., une attention particuli\u00e8re est n\u00e9cessaire lors du stockage et du traitement. Il est g\u00e9n\u00e9ralement n\u00e9cessaire de le remplir d\u2019argon et de le sceller pour \u00e9viter qu\u2019il ne r\u00e9agisse avec l\u2019oxyg\u00e8ne de l\u2019air. Pendant l\u2019op\u00e9ration, le contact direct avec la peau doit \u00eatre \u00e9vit\u00e9 et un \u00e9quipement de protection appropri\u00e9 doit \u00eatre port\u00e9. De plus, des compos\u00e9s tels que Sc2O3 et ScCI3 sont \u00e9galement toxiques et doivent \u00eatre correctement manipul\u00e9s et stock\u00e9s.<\/p>\n","protected":false},"excerpt":{"rendered":"<p>Feuille de scandium, le symbole de l\u2019\u00e9l\u00e9ment est Sc, le num\u00e9ro atomique est 21. Situ\u00e9 dans la 4\u00e8me p\u00e9riode, le sous-groupe III.th, masse atomique : 44,96, c\u2019est un m\u00e9tal de transition. VIMATERIAL fournit \u00e9galement d\u2019autres mat\u00e9riaux de terres rares. Si vous avez des besoins, n\u2019h\u00e9sitez pas \u00e0 nous contacter. Propri\u00e9t\u00e9s Formule chimique&nbsp;: Sc Apparence&nbsp;: m\u00e9tal [&hellip;]<\/p>\n","protected":false},"featured_media":1000246,"comment_status":"open","ping_status":"closed","template":"","meta":{"_acf_changed":false},"product_brand":[],"product_cat":[245],"product_tag":[],"class_list":{"0":"post-1011892","1":"product","2":"type-product","3":"status-publish","4":"has-post-thumbnail","6":"product_cat-profil-fr","8":"first","9":"instock","10":"shipping-taxable","11":"product-type-variable"},"acf":[],"_links":{"self":[{"href":"https:\/\/vimaterial.de\/fr\/wp-json\/wp\/v2\/product\/1011892","targetHints":{"allow":["GET"]}}],"collection":[{"href":"https:\/\/vimaterial.de\/fr\/wp-json\/wp\/v2\/product"}],"about":[{"href":"https:\/\/vimaterial.de\/fr\/wp-json\/wp\/v2\/types\/product"}],"replies":[{"embeddable":true,"href":"https:\/\/vimaterial.de\/fr\/wp-json\/wp\/v2\/comments?post=1011892"}],"wp:featuredmedia":[{"embeddable":true,"href":"https:\/\/vimaterial.de\/fr\/wp-json\/wp\/v2\/media\/1000246"}],"wp:attachment":[{"href":"https:\/\/vimaterial.de\/fr\/wp-json\/wp\/v2\/media?parent=1011892"}],"wp:term":[{"taxonomy":"product_brand","embeddable":true,"href":"https:\/\/vimaterial.de\/fr\/wp-json\/wp\/v2\/product_brand?post=1011892"},{"taxonomy":"product_cat","embeddable":true,"href":"https:\/\/vimaterial.de\/fr\/wp-json\/wp\/v2\/product_cat?post=1011892"},{"taxonomy":"product_tag","embeddable":true,"href":"https:\/\/vimaterial.de\/fr\/wp-json\/wp\/v2\/product_tag?post=1011892"}],"curies":[{"name":"wp","href":"https:\/\/api.w.org\/{rel}","templated":true}]}}