{"id":1011884,"date":"2024-06-17T14:18:56","date_gmt":"2024-06-17T06:18:56","guid":{"rendered":"https:\/\/vimaterial.de\/product\/zirconate-de-calcium\/"},"modified":"2024-12-30T16:29:52","modified_gmt":"2024-12-30T08:29:52","slug":"zirconate-de-calcium","status":"publish","type":"product","link":"https:\/\/vimaterial.de\/fr\/product\/zirconate-de-calcium\/","title":{"rendered":"Calcium Zirconate"},"content":{"rendered":"<p>Le zirconate de calcium est un compos\u00e9 inorganique important de formule chimique CaZrO3. Il poss\u00e8de une s\u00e9rie d\u2019excellentes propri\u00e9t\u00e9s physiques et chimiques, telles qu\u2019une stabilit\u00e9 \u00e0 haute temp\u00e9rature, une duret\u00e9 \u00e9lev\u00e9e, une forte r\u00e9sistance \u00e0 la corrosion, etc. VIMATERIAL fournit \u00e9galement d\u2019autres mat\u00e9riaux chimiques. Si vous avez des besoins, n\u2019h\u00e9sitez pas \u00e0 nous contacter. <\/p>\n<h2><span style=\"font-size: 14pt;\">Propri\u00e9t\u00e9s<\/span><\/h2>\n<p>Formule chimique&nbsp;:CaZrO3 Masse molaire&nbsp;:179.30 g\/mol Densit\u00e9&nbsp;:5.11 g\/cm3 Point de fusion&nbsp;:2250-2550\u00b0C<\/p>\n<h2><span style=\"font-size: 14pt;\">Caract\u00e9ristiques<\/span><\/h2>\n<p>En tant que nouveau type de mat\u00e9riau structurel et fonctionnel, le zirconate de calcium pr\u00e9sente les caract\u00e9ristiques d\u2019un point de fusion \u00e9lev\u00e9, de propri\u00e9t\u00e9s chimiques stables, d\u2019une r\u00e9sistance m\u00e9canique \u00e9lev\u00e9e, d\u2019un faible coefficient de dilatation thermique, d\u2019une forte r\u00e9sistance \u00e0 l\u2019\u00e9rosion par scories alcalines et de propri\u00e9t\u00e9s \u00e9lectriques uniques. Il a \u00e9t\u00e9 largement \u00e9tudi\u00e9 et appliqu\u00e9 dans les c\u00e9ramiques fonctionnelles et les mat\u00e9riaux r\u00e9fractaires. <\/p>\n<h2><span style=\"font-size: 14pt;\">Application du zirconate de calcium<\/span><\/h2>\n<p>Dans le domaine m\u00e9dical, le zirconate de calcium peut \u00eatre utilis\u00e9 pour fabriquer des mat\u00e9riaux d\u2019obturation dentaire, des adh\u00e9sifs dentaires et des mat\u00e9riaux de r\u00e9paration dentaire en raison de son excellente biocompatibilit\u00e9 et de sa r\u00e9sistance \u00e0 la corrosion. En science des mat\u00e9riaux, le zirconate de calcium est utilis\u00e9 pour fabriquer des c\u00e9ramiques \u00e0 haute temp\u00e9rature, des supports de catalyseurs, des mat\u00e9riaux isolants, etc. en raison de son excellente stabilit\u00e9 \u00e0 haute temp\u00e9rature et de sa stabilit\u00e9 chimique. En outre, le zirconate de calcium joue \u00e9galement un r\u00f4le important dans de nombreux domaines tels que l\u2019industrie \u00e9lectronique, l\u2019industrie de la construction et la protection de l\u2019environnement, ce qui refl\u00e8te son large \u00e9ventail d\u2019utilisations et sa valeur potentielle.<\/p>\n<h2><span style=\"font-size: 14pt;\">Contr\u00f4le qualit\u00e9<\/span><\/h2>\n<p>Nos produits mettent en \u0153uvre le syst\u00e8me de gestion de la qualit\u00e9 le plus strict. Il existe des normes d\u2019inspection strictes pour les mat\u00e9riaux entrants, les processus, les inspections finales et les inspections d\u2019usine. Des mesures d\u2019isolement strictes seront adopt\u00e9es pour le traitement non qualifi\u00e9 afin d\u2019\u00e9viter que les produits non qualifi\u00e9s ne passent au processus suivant. Des \u00e9chantillons seront fournis aux clients selon les exigences du client pour la r\u00e9inspection.   <\/p>\n<h2><span style=\"font-size: 14pt;\">Emballage et stockage<\/span><\/h2>\n<p>Emballage sous vide, la quantit\u00e9 d\u2019emballage peut \u00eatre fournie selon les exigences du client et emball\u00e9e s\u00e9par\u00e9ment. Sceller dans un endroit frais et sec.<\/p>\n","protected":false},"excerpt":{"rendered":"<p>Le zirconate de calcium est un compos\u00e9 inorganique important de formule chimique CaZrO3. Il poss\u00e8de une s\u00e9rie d\u2019excellentes propri\u00e9t\u00e9s physiques et chimiques, telles qu\u2019une stabilit\u00e9 \u00e0 haute temp\u00e9rature, une duret\u00e9 \u00e9lev\u00e9e, une forte r\u00e9sistance \u00e0 la corrosion, etc. VIMATERIAL fournit \u00e9galement d\u2019autres mat\u00e9riaux chimiques. Si vous avez des besoins, n\u2019h\u00e9sitez pas \u00e0 nous contacter. Propri\u00e9t\u00e9s [&hellip;]<\/p>\n","protected":false},"featured_media":1030057,"comment_status":"open","ping_status":"closed","template":"","meta":{"_acf_changed":false},"product_brand":[],"product_cat":[244],"product_tag":[],"class_list":{"0":"post-1011884","1":"product","2":"type-product","3":"status-publish","4":"has-post-thumbnail","6":"product_cat-autres-materiaux","8":"first","9":"instock","10":"shipping-taxable","11":"product-type-variable"},"acf":[],"_links":{"self":[{"href":"https:\/\/vimaterial.de\/fr\/wp-json\/wp\/v2\/product\/1011884","targetHints":{"allow":["GET"]}}],"collection":[{"href":"https:\/\/vimaterial.de\/fr\/wp-json\/wp\/v2\/product"}],"about":[{"href":"https:\/\/vimaterial.de\/fr\/wp-json\/wp\/v2\/types\/product"}],"replies":[{"embeddable":true,"href":"https:\/\/vimaterial.de\/fr\/wp-json\/wp\/v2\/comments?post=1011884"}],"wp:featuredmedia":[{"embeddable":true,"href":"https:\/\/vimaterial.de\/fr\/wp-json\/wp\/v2\/media\/1030057"}],"wp:attachment":[{"href":"https:\/\/vimaterial.de\/fr\/wp-json\/wp\/v2\/media?parent=1011884"}],"wp:term":[{"taxonomy":"product_brand","embeddable":true,"href":"https:\/\/vimaterial.de\/fr\/wp-json\/wp\/v2\/product_brand?post=1011884"},{"taxonomy":"product_cat","embeddable":true,"href":"https:\/\/vimaterial.de\/fr\/wp-json\/wp\/v2\/product_cat?post=1011884"},{"taxonomy":"product_tag","embeddable":true,"href":"https:\/\/vimaterial.de\/fr\/wp-json\/wp\/v2\/product_tag?post=1011884"}],"curies":[{"name":"wp","href":"https:\/\/api.w.org\/{rel}","templated":true}]}}