{"id":1011849,"date":"2024-06-17T14:18:58","date_gmt":"2024-06-17T06:18:58","guid":{"rendered":"https:\/\/vimaterial.de\/product\/scandium-metal-2\/"},"modified":"2024-12-31T10:55:38","modified_gmt":"2024-12-31T02:55:38","slug":"scandium-metal-2","status":"publish","type":"product","link":"https:\/\/vimaterial.de\/fr\/product\/scandium-metal-2\/","title":{"rendered":"Scandium m\u00e9tal"},"content":{"rendered":"<p>Les cibles de pulv\u00e9risation au scandium ont les m\u00eames propri\u00e9t\u00e9s que les mati\u00e8res premi\u00e8res. Ce sont des m\u00e9taux de transition blanc argent\u00e9 et sont g\u00e9n\u00e9ralement class\u00e9s comme des \u00e9l\u00e9ments de terres rares non lanthanides. VIMATERIAL fournit \u00e9galement d\u2019autres cibles de terres rares. Si vous avez des besoins, n\u2019h\u00e9sitez pas \u00e0 nous contacter. <\/p>\n<h2><span style=\"font-size: 14pt;\">Propri\u00e9t\u00e9s<\/span><\/h2>\n<p>Formule chimique&nbsp;: Sc Apparence&nbsp;: m\u00e9tal blanc argent\u00e9 doux&nbsp;: 2,985 g \/ cm3 Point de fusion&nbsp;: 1541 \u00b0C Point d\u2019\u00e9bullition&nbsp;: 2836 \u00b0C Structure cristalline&nbsp;: hexagonale serr\u00e9e (inf\u00e9rieure \u00e0 1335 \u00b0C) et cubique centr\u00e9e sur le corps.<\/p>\n<h2><span style=\"font-size: 14pt;\">Applications<\/span><\/h2>\n<p>Fabrication de circuits int\u00e9gr\u00e9s : Dans la fabrication de circuits int\u00e9gr\u00e9s, des cibles en scandium sont utilis\u00e9es dans le processus de rev\u00eatement par pulv\u00e9risation. Les couches minces de titane pulv\u00e9ris\u00e9es peuvent \u00eatre utilis\u00e9es comme couches barri\u00e8res, couches barri\u00e8res de diffusion, couches d\u2019adh\u00e9rence, \u00e9lectrodes, etc., et sont utilis\u00e9es pour fabriquer des dispositifs MOS, des m\u00e9moires DRAM, des transistors NPN\/PNP, etc. dans des circuits int\u00e9gr\u00e9s. Cellules solaires&nbsp;: Les cibles de scandium sont \u00e9galement largement utilis\u00e9es dans la fabrication de cellules solaires. Par exemple, les cibles en scandium peuvent \u00eatre utilis\u00e9es pour le rev\u00eatement de pulv\u00e9risation cathodique afin de former la couche r\u00e9fl\u00e9chissante des cellules solaires et d\u2019am\u00e9liorer l\u2019efficacit\u00e9 de conversion photo\u00e9lectrique des cellules solaires. \u00c9crans plats&nbsp;: Dans la fabrication d\u2019\u00e9crans plats, les cibles en scandium sont utilis\u00e9es pour le rev\u00eatement de pulv\u00e9risation pour former des condensateurs \u00e0 couche mince, des films conducteurs, des couches protectrices, etc. des \u00e9crans, am\u00e9liorant ainsi les performances et la stabilit\u00e9 des \u00e9crans. D\u00e9coration architecturale : Les cibles de pulv\u00e9risation au scandium sont \u00e9galement largement utilis\u00e9es dans l\u2019industrie de la d\u00e9coration architecturale. Par exemple, gr\u00e2ce \u00e0 la technologie de rev\u00eatement par pulv\u00e9risation, un film de titane peut \u00eatre form\u00e9 \u00e0 la surface du verre, des carreaux, du m\u00e9tal et d\u2019autres mat\u00e9riaux pour am\u00e9liorer l\u2019isolation thermique, l\u2019isolation acoustique, la protection UV et d\u2019autres fonctions des b\u00e2timents. Industrie automobile : Les cibles de pulv\u00e9risation au scandium sont \u00e9galement utilis\u00e9es dans l\u2019industrie automobile. Par exemple, le rev\u00eatement par pulv\u00e9risation sur la vitre de la voiture peut am\u00e9liorer les performances d\u2019isolation thermique de la voiture, r\u00e9duire l\u2019utilisation de la climatisation de la voiture et r\u00e9duire la consommation d\u2019\u00e9nergie. <\/p>\n<h2><span style=\"font-size: 14pt;\">Contr\u00f4le qualit\u00e9<\/span><\/h2>\n<p>Nos produits mettent en \u0153uvre le syst\u00e8me de gestion de la qualit\u00e9 le plus strict. Il existe des normes d\u2019inspection strictes pour les mat\u00e9riaux entrants, les processus, les inspections finales et les inspections d\u2019usine. Des mesures d\u2019isolement strictes seront adopt\u00e9es pour le traitement non qualifi\u00e9 afin d\u2019\u00e9viter que les produits non qualifi\u00e9s ne passent au processus suivant. Des \u00e9chantillons seront fournis aux clients selon les exigences du client pour la r\u00e9inspection.   <\/p>\n<h2><span style=\"font-size: 14pt;\">Emballage et stockage<\/span><\/h2>\n<p>Le mat\u00e9riau souple interne est emball\u00e9 et emball\u00e9 sous vide, et le carton\/bo\u00eete en bois externe est emball\u00e9. Temp\u00e9rature de stockage : Les cibles de pulv\u00e9risation au scandium doivent \u00eatre stock\u00e9es dans un environnement \u00e0 basse temp\u00e9rature pour \u00e9viter l\u2019impact d\u2019une temp\u00e9rature \u00e9lev\u00e9e sur leurs performances. Stocker \u00e0 l\u2019abri de la lumi\u00e8re : \u00c9tant donn\u00e9 que les cibles de pulv\u00e9risation de scandium sont sensibles \u00e0 la lumi\u00e8re, elles doivent \u00eatre stock\u00e9es \u00e0 l\u2019abri de la lumi\u00e8re directe du soleil ou d\u2019une lumi\u00e8re forte pour \u00e9viter l\u2019apparition de r\u00e9actions photochimiques. Environnement sec : L\u2019environnement de stockage doit \u00eatre maintenu sec et \u00e9viter l\u2019humidit\u00e9, car un environnement humide peut rendre la cible de scandium humide et se d\u00e9t\u00e9riorer.Emballage scell\u00e9 : Les cibles de pulv\u00e9risation au scandium doivent \u00eatre emball\u00e9es sous vide dans des sacs sous vide et plac\u00e9es dans des bo\u00eetes de cibles personnalis\u00e9es pour assurer leur \u00e9tanch\u00e9it\u00e9 et emp\u00eacher l\u2019air et l\u2019humidit\u00e9 de p\u00e9n\u00e9trer. Manipulez avec pr\u00e9caution : Lors de la manipulation et du stockage, ils doivent \u00eatre manipul\u00e9s avec soin pour \u00e9viter les collisions et les compressions pour \u00e9viter d\u2019endommager les cibles.<\/p>\n","protected":false},"excerpt":{"rendered":"<p>Les cibles de pulv\u00e9risation au scandium ont les m\u00eames propri\u00e9t\u00e9s que les mati\u00e8res premi\u00e8res. Ce sont des m\u00e9taux de transition blanc argent\u00e9 et sont g\u00e9n\u00e9ralement class\u00e9s comme des \u00e9l\u00e9ments de terres rares non lanthanides. VIMATERIAL fournit \u00e9galement d\u2019autres cibles de terres rares. Si vous avez des besoins, n\u2019h\u00e9sitez pas \u00e0 nous contacter. Propri\u00e9t\u00e9s Formule chimique&nbsp;: [&hellip;]<\/p>\n","protected":false},"featured_media":1000270,"comment_status":"open","ping_status":"closed","template":"","meta":{"_acf_changed":false},"product_brand":[],"product_cat":[235],"product_tag":[],"class_list":{"0":"post-1011849","1":"product","2":"type-product","3":"status-publish","4":"has-post-thumbnail","6":"product_cat-cibles-de-pulverisation-planaire","8":"first","9":"instock","10":"shipping-taxable","11":"product-type-variable"},"acf":[],"_links":{"self":[{"href":"https:\/\/vimaterial.de\/fr\/wp-json\/wp\/v2\/product\/1011849","targetHints":{"allow":["GET"]}}],"collection":[{"href":"https:\/\/vimaterial.de\/fr\/wp-json\/wp\/v2\/product"}],"about":[{"href":"https:\/\/vimaterial.de\/fr\/wp-json\/wp\/v2\/types\/product"}],"replies":[{"embeddable":true,"href":"https:\/\/vimaterial.de\/fr\/wp-json\/wp\/v2\/comments?post=1011849"}],"wp:featuredmedia":[{"embeddable":true,"href":"https:\/\/vimaterial.de\/fr\/wp-json\/wp\/v2\/media\/1000270"}],"wp:attachment":[{"href":"https:\/\/vimaterial.de\/fr\/wp-json\/wp\/v2\/media?parent=1011849"}],"wp:term":[{"taxonomy":"product_brand","embeddable":true,"href":"https:\/\/vimaterial.de\/fr\/wp-json\/wp\/v2\/product_brand?post=1011849"},{"taxonomy":"product_cat","embeddable":true,"href":"https:\/\/vimaterial.de\/fr\/wp-json\/wp\/v2\/product_cat?post=1011849"},{"taxonomy":"product_tag","embeddable":true,"href":"https:\/\/vimaterial.de\/fr\/wp-json\/wp\/v2\/product_tag?post=1011849"}],"curies":[{"name":"wp","href":"https:\/\/api.w.org\/{rel}","templated":true}]}}