{"id":1011822,"date":"2024-06-17T14:18:59","date_gmt":"2024-06-17T06:18:59","guid":{"rendered":"https:\/\/vimaterial.de\/product\/oxyde-de-scandium-3\/"},"modified":"2024-12-31T13:11:46","modified_gmt":"2024-12-31T05:11:46","slug":"oxyde-de-scandium-3","status":"publish","type":"product","link":"https:\/\/vimaterial.de\/fr\/product\/oxyde-de-scandium-3\/","title":{"rendered":"Oxyde de scandium"},"content":{"rendered":"<p>L\u2019oxyde de scandium (Sc2O3) est un oxyde de m\u00e9tal de terre rare important avec une vari\u00e9t\u00e9 d\u2019excellentes propri\u00e9t\u00e9s, telles que de bonnes performances catalytiques et une stabilit\u00e9 \u00e0 haute temp\u00e9rature. VIMATERIAL fournit \u00e9galement d\u2019autres mat\u00e9riaux de terres rares. Si vous avez des besoins, n\u2019h\u00e9sitez pas \u00e0 nous contacter.<\/p>\n<h2><span style=\"font-size: 14pt;\">Propri\u00e9t\u00e9s<\/span><\/h2>\n<p>Formule chimique&nbsp;:Sc2O3 Masse molaire&nbsp;: 137.910 g \/ mol<\/p>\n<p>Apparence&nbsp;: Poudre blanche<\/p>\n<p>Densit\u00e9 : 3,86 g\/cm3 Point de fusion : 2 485 \u00b0C (4 505 \u00b0F ; 2 758 K) Solubilit\u00e9 dans l\u2019eau : insoluble dans l\u2019eau Solubilit\u00e9 : soluble dans les acides chauds (r\u00e9agit)<\/p>\n<h2><span style=\"font-size: 14pt;\">Applications<\/span><\/h2>\n<p>Dans le domaine de l\u2019\u00e9lectronique : L\u2019oxyde de scandium (Sc2O3) peut \u00eatre utilis\u00e9 comme additif pour am\u00e9liorer significativement les performances des transistors et des circuits int\u00e9gr\u00e9s. Dans le m\u00eame temps, il peut \u00e9galement \u00eatre utilis\u00e9 comme mat\u00e9riau \u00e0 couche mince de scandium m\u00e9tallique pour la fabrication de m\u00e9moires magn\u00e9tiques. Dans le domaine de l\u2019optique : L\u2019oxyde de scandium (Sc2O3) est un mat\u00e9riau cl\u00e9 pour la pr\u00e9paration du verre optique \u00e0 haute r\u00e9fraction et \u00e0 faible diffusion. Il peut \u00eatre combin\u00e9 avec des \u00e9l\u00e9ments de terres rares pour cr\u00e9er des dispositifs optiques tels que des lasers. Dans le domaine de la c\u00e9ramique : L\u2019oxyde de scandium (Sc2O3) peut \u00eatre utilis\u00e9 comme mat\u00e9riau absorbant les infrarouges dans les panneaux solaires et les verres anti-UV. Il peut \u00e9galement \u00eatre utilis\u00e9 pour pr\u00e9parer des c\u00e9ramiques \u00e0 haute temp\u00e9rature telles que les c\u00e9ramiques d\u2019aluminium de zirconium et d\u2019yttrium pour fabriquer des pi\u00e8ces structurelles \u00e0 haute temp\u00e9rature dans l\u2019aviation, l\u2019a\u00e9rospatiale et d\u2019autres domaines. Dans le domaine des catalyseurs : L\u2019oxyde de scandium (Sc2O3) est largement utilis\u00e9 comme catalyseur dans les domaines de l\u2019industrie p\u00e9trochimique, des fibres chimiques et de la biochimie. Dans le domaine m\u00e9dical : L\u2019oxyde de scandium (Sc2O3) joue \u00e9galement un r\u00f4le important dans le domaine m\u00e9dical, comme agent de contraste, modificateur ou biomarqueur. <\/p>\n<h2><span style=\"font-size: 14pt;\">Contr\u00f4le qualit\u00e9<\/span><\/h2>\n<p>Nos produits mettent en \u0153uvre le syst\u00e8me de gestion de la qualit\u00e9 le plus strict. Il existe des normes d\u2019inspection strictes pour les mat\u00e9riaux entrants, les processus, les inspections finales et les inspections d\u2019usine. Des mesures d\u2019isolement strictes seront adopt\u00e9es pour le traitement non qualifi\u00e9 afin d\u2019\u00e9viter que les produits non qualifi\u00e9s ne passent au processus suivant. Des \u00e9chantillons seront fournis aux clients selon les exigences du client pour la r\u00e9inspection.   <\/p>\n<h2><span style=\"font-size: 14pt;\">Emballage et stockage<\/span><\/h2>\n<p>Emballage sous vide int\u00e9rieur, emballage ext\u00e9rieur en carton\/bo\u00eete en bois. Il est recommand\u00e9 de le stocker dans un environnement sec, frais, bien ventil\u00e9 et \u00e0 l\u2019abri des mati\u00e8res inflammables et organiques. Lors de la manipulation de l\u2019oxyde de scandium, des \u00e9quipements de protection tels que des gants de protection, des masques et des lunettes de protection sont n\u00e9cessaires pour \u00e9viter l\u2019inhalation et le contact avec la peau. Si vous inhalez de la poussi\u00e8re d\u2019oxyde de scandium, vous devez vous rendre imm\u00e9diatement \u00e0 l\u2019h\u00f4pital pour un traitement.<\/p>\n","protected":false},"excerpt":{"rendered":"<p>L\u2019oxyde de scandium (Sc2O3) est un oxyde de m\u00e9tal de terre rare important avec une vari\u00e9t\u00e9 d\u2019excellentes propri\u00e9t\u00e9s, telles que de bonnes performances catalytiques et une stabilit\u00e9 \u00e0 haute temp\u00e9rature. VIMATERIAL fournit \u00e9galement d\u2019autres mat\u00e9riaux de terres rares. Si vous avez des besoins, n\u2019h\u00e9sitez pas \u00e0 nous contacter. Propri\u00e9t\u00e9s Formule chimique&nbsp;:Sc2O3 Masse molaire&nbsp;: 137.910 g [&hellip;]<\/p>\n","protected":false},"featured_media":1000287,"comment_status":"open","ping_status":"closed","template":"","meta":{"_acf_changed":false},"product_brand":[],"product_cat":[236],"product_tag":[],"class_list":{"0":"post-1011822","1":"product","2":"type-product","3":"status-publish","4":"has-post-thumbnail","6":"product_cat-materiaux-devaporation","8":"first","9":"instock","10":"shipping-taxable","11":"product-type-variable"},"acf":[],"_links":{"self":[{"href":"https:\/\/vimaterial.de\/fr\/wp-json\/wp\/v2\/product\/1011822","targetHints":{"allow":["GET"]}}],"collection":[{"href":"https:\/\/vimaterial.de\/fr\/wp-json\/wp\/v2\/product"}],"about":[{"href":"https:\/\/vimaterial.de\/fr\/wp-json\/wp\/v2\/types\/product"}],"replies":[{"embeddable":true,"href":"https:\/\/vimaterial.de\/fr\/wp-json\/wp\/v2\/comments?post=1011822"}],"wp:featuredmedia":[{"embeddable":true,"href":"https:\/\/vimaterial.de\/fr\/wp-json\/wp\/v2\/media\/1000287"}],"wp:attachment":[{"href":"https:\/\/vimaterial.de\/fr\/wp-json\/wp\/v2\/media?parent=1011822"}],"wp:term":[{"taxonomy":"product_brand","embeddable":true,"href":"https:\/\/vimaterial.de\/fr\/wp-json\/wp\/v2\/product_brand?post=1011822"},{"taxonomy":"product_cat","embeddable":true,"href":"https:\/\/vimaterial.de\/fr\/wp-json\/wp\/v2\/product_cat?post=1011822"},{"taxonomy":"product_tag","embeddable":true,"href":"https:\/\/vimaterial.de\/fr\/wp-json\/wp\/v2\/product_tag?post=1011822"}],"curies":[{"name":"wp","href":"https:\/\/api.w.org\/{rel}","templated":true}]}}