{"id":1011820,"date":"2024-06-17T14:18:58","date_gmt":"2024-06-17T06:18:58","guid":{"rendered":"https:\/\/vimaterial.de\/product\/hydrate-de-nitrate-de-scandium\/"},"modified":"2024-12-31T11:25:52","modified_gmt":"2024-12-31T03:25:52","slug":"hydrate-de-nitrate-de-scandium","status":"publish","type":"product","link":"https:\/\/vimaterial.de\/fr\/product\/hydrate-de-nitrate-de-scandium\/","title":{"rendered":"Scandium Nitrate Hydrate"},"content":{"rendered":"<p>Le nitrate de scandium est un compos\u00e9 inorganique. Il s\u2019agit d\u2019un cristal incolore ou d\u2019une poudre solide soluble dans l\u2019eau. VIMATERIAL fournit \u00e9galement d\u2019autres mat\u00e9riaux de terres rares. Si vous avez des besoins, n\u2019h\u00e9sitez pas \u00e0 nous contacter. <\/p>\n<h2><span style=\"font-size: 14pt;\">Propri\u00e9t\u00e9s<\/span><\/h2>\n<p>Formule chimique&nbsp;:Sc(NO3)3\u00b76H2O Masse molaire&nbsp;: 338,96 g\/mol Apparence&nbsp;: Cristaux en bloc blancs ou incolores Solubilit\u00e9&nbsp;: Soluble dans l\u2019eau et l\u2019\u00e9thanol, le nitrate de scandium d\u00e9liquescent est un acide fort irritant et corrosif. Il se d\u00e9compose \u00e0 haute temp\u00e9rature, lib\u00e9rant des oxydes toxiques d\u2019oxyg\u00e8ne et d\u2019oxyde nitrique. Il r\u00e9agit avec de nombreux m\u00e9taux pour former les nitrates correspondants.<\/p>\n<h2><span style=\"font-size: 14pt;\">Applications<\/span><\/h2>\n<p>Le nitrate de scandium peut \u00eatre utilis\u00e9 comme catalyseur, en particulier dans la synth\u00e8se organique. Il est \u00e9galement utilis\u00e9 dans le processus de fabrication du verre, de la c\u00e9ramique et des appareils de dosage. Le nitrate de scandium peut \u00eatre utilis\u00e9 pour pr\u00e9parer d\u2019autres compos\u00e9s de scandium.<\/p>\n<h2><span style=\"font-size: 14pt;\">Contr\u00f4le qualit\u00e9<\/span><\/h2>\n<p>Nos produits mettent en \u0153uvre le syst\u00e8me de gestion de la qualit\u00e9 le plus strict. Il existe des normes d\u2019inspection strictes pour les mat\u00e9riaux entrants, les processus, les inspections finales et les inspections d\u2019usine. Des mesures d\u2019isolement strictes seront adopt\u00e9es pour le traitement non qualifi\u00e9 afin d\u2019\u00e9viter que les produits non qualifi\u00e9s ne passent au processus suivant. Des \u00e9chantillons seront fournis aux clients selon les exigences du client pour la r\u00e9inspection.   <\/p>\n<h2><span style=\"font-size: 14pt;\">Emballage et stockage<\/span><\/h2>\n<p>Emballage sous vide int\u00e9rieur, emballage ext\u00e9rieur en carton\/bo\u00eete en bois. Le nitrate de scandium est un acide fort qui est irritant et corrosif. Portez toujours des gants de protection, des lunettes de protection et des v\u00eatements de protection lorsque vous l\u2019utilisez pour \u00e9viter tout contact avec les yeux et la peau. Lors de la manipulation ou de l\u2019\u00e9limination du nitrate de scandium, cela doit \u00eatre fait dans un environnement bien ventil\u00e9 pour \u00e9viter d\u2019inhaler sa vapeur ou sa poussi\u00e8re. Le nitrate de scandium doit \u00eatre tenu \u00e0 l\u2019\u00e9cart des mat\u00e9riaux inflammables et stock\u00e9 correctement pour \u00e9viter tout risque d\u2019incendie et d\u2019explosion. Lors de l\u2019\u00e9limination des d\u00e9chets, les r\u00e9glementations environnementales locales doivent \u00eatre respect\u00e9es et les d\u00e9chets doivent \u00eatre \u00e9limin\u00e9s correctement pour \u00e9viter la pollution de l\u2019environnement.<\/p>\n","protected":false},"excerpt":{"rendered":"<p>Le nitrate de scandium est un compos\u00e9 inorganique. Il s\u2019agit d\u2019un cristal incolore ou d\u2019une poudre solide soluble dans l\u2019eau. VIMATERIAL fournit \u00e9galement d\u2019autres mat\u00e9riaux de terres rares. Si vous avez des besoins, n\u2019h\u00e9sitez pas \u00e0 nous contacter. Propri\u00e9t\u00e9s Formule chimique&nbsp;:Sc(NO3)3\u00b76H2O Masse molaire&nbsp;: 338,96 g\/mol Apparence&nbsp;: Cristaux en bloc blancs ou incolores Solubilit\u00e9&nbsp;: Soluble dans [&hellip;]<\/p>\n","protected":false},"featured_media":1000280,"comment_status":"open","ping_status":"closed","template":"","meta":{"_acf_changed":false},"product_brand":[],"product_cat":[244,241],"product_tag":[],"class_list":{"0":"post-1011820","1":"product","2":"type-product","3":"status-publish","4":"has-post-thumbnail","6":"product_cat-autres-materiaux","7":"product_cat-materiaux-a-base-de-terres-rares","9":"first","10":"instock","11":"shipping-taxable","12":"product-type-variable"},"acf":[],"_links":{"self":[{"href":"https:\/\/vimaterial.de\/fr\/wp-json\/wp\/v2\/product\/1011820","targetHints":{"allow":["GET"]}}],"collection":[{"href":"https:\/\/vimaterial.de\/fr\/wp-json\/wp\/v2\/product"}],"about":[{"href":"https:\/\/vimaterial.de\/fr\/wp-json\/wp\/v2\/types\/product"}],"replies":[{"embeddable":true,"href":"https:\/\/vimaterial.de\/fr\/wp-json\/wp\/v2\/comments?post=1011820"}],"wp:featuredmedia":[{"embeddable":true,"href":"https:\/\/vimaterial.de\/fr\/wp-json\/wp\/v2\/media\/1000280"}],"wp:attachment":[{"href":"https:\/\/vimaterial.de\/fr\/wp-json\/wp\/v2\/media?parent=1011820"}],"wp:term":[{"taxonomy":"product_brand","embeddable":true,"href":"https:\/\/vimaterial.de\/fr\/wp-json\/wp\/v2\/product_brand?post=1011820"},{"taxonomy":"product_cat","embeddable":true,"href":"https:\/\/vimaterial.de\/fr\/wp-json\/wp\/v2\/product_cat?post=1011820"},{"taxonomy":"product_tag","embeddable":true,"href":"https:\/\/vimaterial.de\/fr\/wp-json\/wp\/v2\/product_tag?post=1011820"}],"curies":[{"name":"wp","href":"https:\/\/api.w.org\/{rel}","templated":true}]}}