{"id":1011774,"date":"2024-06-17T14:19:01","date_gmt":"2024-06-17T06:19:01","guid":{"rendered":"https:\/\/vimaterial.de\/product\/sulfure-de-scandium\/"},"modified":"2025-01-02T10:13:09","modified_gmt":"2025-01-02T02:13:09","slug":"sulfure-de-scandium","status":"publish","type":"product","link":"https:\/\/vimaterial.de\/fr\/product\/sulfure-de-scandium\/","title":{"rendered":"Sulfure de scandium"},"content":{"rendered":"<p>Le sulfure de scandium est un compos\u00e9 chimique de scandium et de soufre de formule chimique Sc2S3. Il s\u2019agit d\u2019un solide jaune. Le grand nombre d\u2019utilisateurs font confiance aux produits VIMATERIAL pour leur excellente qualit\u00e9, leur vari\u00e9t\u00e9 compl\u00e8te et leur service attentionn\u00e9. Les produits sont vendus dans le monde entier et ont une bonne r\u00e9putation. Notre entreprise est bas\u00e9e sur l\u2019int\u00e9grit\u00e9 et la qualit\u00e9 avant tout. Nous accueillons chaleureusement les clients pour une consultation. <\/p>\n<h2><span style=\"font-size: 14pt;\">Propri\u00e9t\u00e9s<\/span><\/h2>\n<p>Formule chimique : Sc2S3 Masse molaire : 186,11 g\/mol Apparence : cristaux jaunes Densit\u00e9 : 2,91 g\/cm3, solide Point de fusion : 1 775 \u00b0C (3 227 \u00b0F ; 2 048 K)<\/p>\n<p>Structure cristalline : orthorhombique<\/p>\n<h2><span style=\"font-size: 14pt;\">Applications<\/span><\/h2>\n<p>Catalyseur : Le sulfure de scandium peut \u00eatre utilis\u00e9 comme catalyseur, en particulier dans certaines r\u00e9actions chimiques, pour am\u00e9liorer l\u2019efficacit\u00e9 et la s\u00e9lectivit\u00e9 de la r\u00e9action.Mat\u00e9riaux \u00e9lectroniques : En raison de ses propri\u00e9t\u00e9s physiques et chimiques uniques, le sulfure de scandium est \u00e9galement largement utilis\u00e9 dans le domaine des mat\u00e9riaux \u00e9lectroniques, comme dans la fabrication de dispositifs semi-conducteurs et de composants \u00e9lectroniques. Mat\u00e9riaux optiques : Le sulfure de scandium peut \u00e9galement \u00eatre utilis\u00e9 dans la pr\u00e9paration de mat\u00e9riaux optiques, tels que la fabrication de verre optique et de fibre optique, et est favoris\u00e9 pour ses bonnes propri\u00e9t\u00e9s optiques.<\/p>\n<h2><span style=\"font-size: 14pt;\">Contr\u00f4le qualit\u00e9<\/span><\/h2>\n<p>Nos produits mettent en \u0153uvre le syst\u00e8me de gestion de la qualit\u00e9 le plus strict. Il existe des normes d\u2019inspection strictes pour les mat\u00e9riaux entrants, les processus, les inspections finales et les inspections d\u2019usine. Des mesures d\u2019isolement strictes seront adopt\u00e9es pour le traitement non qualifi\u00e9 afin d\u2019\u00e9viter que les produits non qualifi\u00e9s ne passent au processus suivant. Des \u00e9chantillons seront fournis aux clients selon les exigences du client pour la r\u00e9inspection.   <\/p>\n<h2><span style=\"font-size: 14pt;\">Emballage et stockage<\/span><\/h2>\n<p>Le sulfure de scandium est g\u00e9n\u00e9ralement emball\u00e9 dans des sacs en papier d\u2019aluminium, des bouteilles fluor\u00e9es, des f\u00fbts en fer galvanis\u00e9 ou des f\u00fbts en plastique. Pendant le stockage et le transport, il doit \u00eatre \u00e9vit\u00e9 du contact avec l\u2019air pour \u00e9viter l\u2019oxydation. De plus, il doit \u00eatre stock\u00e9 dans un endroit sec, frais et bien ventil\u00e9, \u00e0 l\u2019abri du feu et des sources de chaleur.<\/p>\n","protected":false},"excerpt":{"rendered":"<p>Le sulfure de scandium est un compos\u00e9 chimique de scandium et de soufre de formule chimique Sc2S3. Il s\u2019agit d\u2019un solide jaune. Le grand nombre d\u2019utilisateurs font confiance aux produits VIMATERIAL pour leur excellente qualit\u00e9, leur vari\u00e9t\u00e9 compl\u00e8te et leur service attentionn\u00e9. Les produits sont vendus dans le monde entier et ont une bonne r\u00e9putation. [&hellip;]<\/p>\n","protected":false},"featured_media":1000314,"comment_status":"open","ping_status":"closed","template":"","meta":{"_acf_changed":false},"product_brand":[],"product_cat":[241,238],"product_tag":[],"class_list":{"0":"post-1011774","1":"product","2":"type-product","3":"status-publish","4":"has-post-thumbnail","6":"product_cat-materiaux-a-base-de-terres-rares","7":"product_cat-materiaux-de-chalcogenure","9":"first","10":"instock","11":"shipping-taxable","12":"product-type-variable"},"acf":[],"_links":{"self":[{"href":"https:\/\/vimaterial.de\/fr\/wp-json\/wp\/v2\/product\/1011774","targetHints":{"allow":["GET"]}}],"collection":[{"href":"https:\/\/vimaterial.de\/fr\/wp-json\/wp\/v2\/product"}],"about":[{"href":"https:\/\/vimaterial.de\/fr\/wp-json\/wp\/v2\/types\/product"}],"replies":[{"embeddable":true,"href":"https:\/\/vimaterial.de\/fr\/wp-json\/wp\/v2\/comments?post=1011774"}],"wp:featuredmedia":[{"embeddable":true,"href":"https:\/\/vimaterial.de\/fr\/wp-json\/wp\/v2\/media\/1000314"}],"wp:attachment":[{"href":"https:\/\/vimaterial.de\/fr\/wp-json\/wp\/v2\/media?parent=1011774"}],"wp:term":[{"taxonomy":"product_brand","embeddable":true,"href":"https:\/\/vimaterial.de\/fr\/wp-json\/wp\/v2\/product_brand?post=1011774"},{"taxonomy":"product_cat","embeddable":true,"href":"https:\/\/vimaterial.de\/fr\/wp-json\/wp\/v2\/product_cat?post=1011774"},{"taxonomy":"product_tag","embeddable":true,"href":"https:\/\/vimaterial.de\/fr\/wp-json\/wp\/v2\/product_tag?post=1011774"}],"curies":[{"name":"wp","href":"https:\/\/api.w.org\/{rel}","templated":true}]}}